{"id":8826,"date":"2020-03-18T11:12:44","date_gmt":"2020-03-18T09:12:44","guid":{"rendered":"https:\/\/www.factorenergia.com\/es\/?page_id=8826"},"modified":"2026-04-30T11:02:13","modified_gmt":"2026-04-30T09:02:13","slug":"homepage2","status":"publish","type":"page","link":"https:\/\/www.factorenergia.com\/es\/","title":{"rendered":"homepage2"},"content":{"rendered":"<p>M\u00e1s que una empresa de electricidad: Somos la primera energ\u00e9tica espa\u00f1ola que ha acreditado su compromiso con la sostenibilidad, el medioambiente y el ahorro energ\u00e9tico con el <strong>cumplimiento de los ODS.<\/strong><\/p>\n","protected":false},"excerpt":{"rendered":"<p>M\u00e1s que una empresa de electricidad: Somos la primera energ\u00e9tica espa\u00f1ola que ha acreditado su compromiso con la sostenibilidad, el medioambiente y el ahorro energ\u00e9tico con el cumplimiento de los ODS.<\/p>\n","protected":false},"author":5,"featured_media":0,"parent":0,"menu_order":0,"comment_status":"closed","ping_status":"closed","template":"templates\/home.php","meta":{"inline_featured_image":false,"footnotes":""},"categories":[6],"tags":[],"acf":[],"yoast_head":"<!-- This site is optimized with the Yoast SEO plugin v22.2 - https:\/\/yoast.com\/wordpress\/plugins\/seo\/ -->\n<title>Tu compa\u00f1\u00eda de Luz, Gas y Energ\u00eda Solar | FactorEnergia<\/title>\n<meta name=\"description\" content=\"Somos la comercializadora el\u00e9ctrica para ahorrar en tu factura de luz, gas y energ\u00eda solar en casa, empresa o negocio.\" \/>\n<meta name=\"robots\" content=\"index, follow, max-snippet:-1, max-image-preview:large, max-video-preview:-1\" \/>\n<link rel=\"canonical\" href=\"https:\/\/www.factorenergia.com\/es\/\" \/>\n<meta name=\"twitter:card\" content=\"summary_large_image\" \/>\n<meta name=\"twitter:title\" content=\"factorenergia\" \/>\n<meta name=\"twitter:description\" content=\"Factor Energ\u00eda\" \/>\n<meta name=\"twitter:image\" content=\"https:\/\/www.factorenergia.com\/wp-content\/uploads\/2018\/08\/logo.png\" \/>\n<meta name=\"twitter:site\" content=\"@factorenergia\" \/>\n<meta name=\"twitter:label1\" content=\"Tiempo de lectura\" \/>\n\t<meta name=\"twitter:data1\" content=\"1 minuto\" \/>\n<script type=\"application\/ld+json\" class=\"yoast-schema-graph\">{\"@context\":\"https:\/\/schema.org\",\"@graph\":[{\"@type\":\"WebPage\",\"@id\":\"https:\/\/www.factorenergia.com\/es\/\",\"url\":\"https:\/\/www.factorenergia.com\/es\/\",\"name\":\"Tu compa\u00f1\u00eda de Luz, Gas y Energ\u00eda Solar | FactorEnergia\",\"isPartOf\":{\"@id\":\"https:\/\/www.factorenergia.com\/es\/#website\"},\"datePublished\":\"2020-03-18T09:12:44+00:00\",\"dateModified\":\"2026-04-30T09:02:13+00:00\",\"description\":\"Somos la comercializadora el\u00e9ctrica para ahorrar en tu factura de luz, gas y energ\u00eda solar en casa, empresa o negocio.\",\"breadcrumb\":{\"@id\":\"https:\/\/www.factorenergia.com\/es\/#breadcrumb\"},\"inLanguage\":\"es\",\"potentialAction\":[{\"@type\":\"ReadAction\",\"target\":[\"https:\/\/www.factorenergia.com\/es\/\"]}]},{\"@type\":\"BreadcrumbList\",\"@id\":\"https:\/\/www.factorenergia.com\/es\/#breadcrumb\",\"itemListElement\":[{\"@type\":\"ListItem\",\"position\":1,\"name\":\"Portada\",\"item\":\"https:\/\/www.factorenergia.com\/es\/\"},{\"@type\":\"ListItem\",\"position\":2,\"name\":\"homepage2\"}]},{\"@type\":\"WebSite\",\"@id\":\"https:\/\/www.factorenergia.com\/es\/#website\",\"url\":\"https:\/\/www.factorenergia.com\/es\/\",\"name\":\"factorenergia\",\"description\":\"Factor Energ\u00eda\",\"potentialAction\":[{\"@type\":\"SearchAction\",\"target\":{\"@type\":\"EntryPoint\",\"urlTemplate\":\"https:\/\/www.factorenergia.com\/es\/?s={search_term_string}\"},\"query-input\":\"required name=search_term_string\"}],\"inLanguage\":\"es\"}]}<\/script>\n<!-- \/ Yoast SEO plugin. -->","yoast_head_json":{"title":"Tu compa\u00f1\u00eda de Luz, Gas y Energ\u00eda Solar | FactorEnergia","description":"Somos la comercializadora el\u00e9ctrica para ahorrar en tu factura de luz, gas y energ\u00eda solar en casa, empresa o negocio.","robots":{"index":"index","follow":"follow","max-snippet":"max-snippet:-1","max-image-preview":"max-image-preview:large","max-video-preview":"max-video-preview:-1"},"canonical":"https:\/\/www.factorenergia.com\/es\/","twitter_card":"summary_large_image","twitter_title":"factorenergia","twitter_description":"Factor Energ\u00eda","twitter_image":"https:\/\/www.factorenergia.com\/wp-content\/uploads\/2018\/08\/logo.png","twitter_site":"@factorenergia","twitter_misc":{"Tiempo de lectura":"1 minuto"},"schema":{"@context":"https:\/\/schema.org","@graph":[{"@type":"WebPage","@id":"https:\/\/www.factorenergia.com\/es\/","url":"https:\/\/www.factorenergia.com\/es\/","name":"Tu compa\u00f1\u00eda de Luz, Gas y Energ\u00eda Solar | FactorEnergia","isPartOf":{"@id":"https:\/\/www.factorenergia.com\/es\/#website"},"datePublished":"2020-03-18T09:12:44+00:00","dateModified":"2026-04-30T09:02:13+00:00","description":"Somos la comercializadora el\u00e9ctrica para ahorrar en tu factura de luz, gas y energ\u00eda solar en casa, empresa o negocio.","breadcrumb":{"@id":"https:\/\/www.factorenergia.com\/es\/#breadcrumb"},"inLanguage":"es","potentialAction":[{"@type":"ReadAction","target":["https:\/\/www.factorenergia.com\/es\/"]}]},{"@type":"BreadcrumbList","@id":"https:\/\/www.factorenergia.com\/es\/#breadcrumb","itemListElement":[{"@type":"ListItem","position":1,"name":"Portada","item":"https:\/\/www.factorenergia.com\/es\/"},{"@type":"ListItem","position":2,"name":"homepage2"}]},{"@type":"WebSite","@id":"https:\/\/www.factorenergia.com\/es\/#website","url":"https:\/\/www.factorenergia.com\/es\/","name":"factorenergia","description":"Factor Energ\u00eda","potentialAction":[{"@type":"SearchAction","target":{"@type":"EntryPoint","urlTemplate":"https:\/\/www.factorenergia.com\/es\/?s={search_term_string}"},"query-input":"required name=search_term_string"}],"inLanguage":"es"}]}},"_links":{"self":[{"href":"https:\/\/www.factorenergia.com\/es\/wp-json\/wp\/v2\/pages\/8826"}],"collection":[{"href":"https:\/\/www.factorenergia.com\/es\/wp-json\/wp\/v2\/pages"}],"about":[{"href":"https:\/\/www.factorenergia.com\/es\/wp-json\/wp\/v2\/types\/page"}],"author":[{"embeddable":true,"href":"https:\/\/www.factorenergia.com\/es\/wp-json\/wp\/v2\/users\/5"}],"replies":[{"embeddable":true,"href":"https:\/\/www.factorenergia.com\/es\/wp-json\/wp\/v2\/comments?post=8826"}],"version-history":[{"count":299,"href":"https:\/\/www.factorenergia.com\/es\/wp-json\/wp\/v2\/pages\/8826\/revisions"}],"predecessor-version":[{"id":31652,"href":"https:\/\/www.factorenergia.com\/es\/wp-json\/wp\/v2\/pages\/8826\/revisions\/31652"}],"wp:attachment":[{"href":"https:\/\/www.factorenergia.com\/es\/wp-json\/wp\/v2\/media?parent=8826"}],"wp:term":[{"taxonomy":"category","embeddable":true,"href":"https:\/\/www.factorenergia.com\/es\/wp-json\/wp\/v2\/categories?post=8826"},{"taxonomy":"post_tag","embeddable":true,"href":"https:\/\/www.factorenergia.com\/es\/wp-json\/wp\/v2\/tags?post=8826"}],"curies":[{"name":"wp","href":"https:\/\/api.w.org\/{rel}","templated":true}]}}