{"id":77,"date":"2015-09-02T10:13:01","date_gmt":"2015-09-02T10:13:01","guid":{"rendered":"http:\/\/newfactorenergia.wearebab.com\/?page_id=77"},"modified":"2023-01-09T18:47:06","modified_gmt":"2023-01-09T16:47:06","slug":"sistemas-energeticos","status":"publish","type":"page","link":"https:\/\/www.factorenergia.com\/es\/empresas\/sistemas-energeticos\/","title":{"rendered":"Sistemas energ\u00e9ticos"},"content":{"rendered":"<p>\u00bfSabes que <strong>factorenergia<\/strong> pone a tu disposici\u00f3n herramientas de control de gasto para que mejores la eficiencia energ\u00e9tica de tu empresa?<\/p>\n<ul>\n<li>Con programas inform\u00e1ticos que recogen la informaci\u00f3n de los modernos equipos de medida. Desde el consumo de activa cuarto-horario, al consumo de reactiva, potencias&#8230;<\/li>\n<li>Con el an\u00e1lisis de forma segmentada junto a la informaci\u00f3n de la actividad de la empresa, como laboralidad, turnos de trabajo, unidades homog\u00e9neas de producci\u00f3n, superficie y volumen&#8230;<\/li>\n<\/ul>\n<p>Un control del gasto energ\u00e9tico para empresas que nos permite implementar pol\u00edticas de ahorro y eficiencia energ\u00e9tica, identificando consumos innecesarios, e implementando nuevos h\u00e1bitos de consumo en la empresa.<\/p>\n<p>Para que empresas como la tuya optimice el gasto energ\u00e9tico y el medioambiental (en Tm de CO2). Estas son las ventajas de la energ\u00eda positiva. Desc\u00fabrelas todas.<\/p>\n","protected":false},"excerpt":{"rendered":"<p>\u00bfSabes que factorenergia pone a tu disposici\u00f3n herramientas de control de gasto para que mejores la eficiencia energ\u00e9tica de tu empresa? Con programas inform\u00e1ticos que recogen la informaci\u00f3n de los modernos equipos de medida. Desde el consumo de activa cuarto-horario, al consumo de reactiva, potencias&#8230; Con el an\u00e1lisis de forma segmentada junto a la informaci\u00f3n [&hellip;]<\/p>\n","protected":false},"author":5,"featured_media":0,"parent":27,"menu_order":0,"comment_status":"closed","ping_status":"closed","template":"templates\/simple-page-with-sidebar.php","meta":{"inline_featured_image":false,"footnotes":""},"categories":[1],"tags":[],"acf":[],"yoast_head":"<!-- This site is optimized with the Yoast SEO plugin v22.2 - https:\/\/yoast.com\/wordpress\/plugins\/seo\/ -->\n<title>Sistemas Energ\u00e9ticos para Ahorrar en Empresa - factorenerg\u00eda<\/title>\n<meta name=\"description\" content=\"Un sistema de ahorro energ\u00e9tico es muy importante en la vida de la empresa, factorenerg\u00eda ayuda a las empresas con medidas de ahorro energ\u00e9tico\" \/>\n<meta name=\"robots\" content=\"index, follow, max-snippet:-1, max-image-preview:large, max-video-preview:-1\" \/>\n<link rel=\"canonical\" href=\"https:\/\/www.factorenergia.com\/es\/empresas\/sistemas-energeticos\/\" \/>\n<meta name=\"twitter:card\" content=\"summary_large_image\" \/>\n<meta name=\"twitter:title\" content=\"Sistemas Energ\u00e9ticos para Ahorrar en Empresa - factorenerg\u00eda\" \/>\n<meta name=\"twitter:description\" content=\"Un sistema de ahorro energ\u00e9tico es muy importante en la vida de la empresa, factorenerg\u00eda ayuda a las empresas con medidas de ahorro energ\u00e9tico\" \/>\n<meta name=\"twitter:site\" content=\"@factorenergia\" \/>\n<meta name=\"twitter:label1\" content=\"Tiempo de lectura\" \/>\n\t<meta name=\"twitter:data1\" content=\"1 minuto\" \/>\n<script type=\"application\/ld+json\" class=\"yoast-schema-graph\">{\"@context\":\"https:\/\/schema.org\",\"@graph\":[{\"@type\":\"WebPage\",\"@id\":\"https:\/\/www.factorenergia.com\/es\/empresas\/sistemas-energeticos\/\",\"url\":\"https:\/\/www.factorenergia.com\/es\/empresas\/sistemas-energeticos\/\",\"name\":\"Sistemas Energ\u00e9ticos para Ahorrar en Empresa - factorenerg\u00eda\",\"isPartOf\":{\"@id\":\"https:\/\/www.factorenergia.com\/es\/#website\"},\"datePublished\":\"2015-09-02T10:13:01+00:00\",\"dateModified\":\"2023-01-09T16:47:06+00:00\",\"description\":\"Un sistema de ahorro energ\u00e9tico es muy importante en la vida de la empresa, factorenerg\u00eda ayuda a las empresas con medidas de ahorro energ\u00e9tico\",\"breadcrumb\":{\"@id\":\"https:\/\/www.factorenergia.com\/es\/empresas\/sistemas-energeticos\/#breadcrumb\"},\"inLanguage\":\"es\",\"potentialAction\":[{\"@type\":\"ReadAction\",\"target\":[\"https:\/\/www.factorenergia.com\/es\/empresas\/sistemas-energeticos\/\"]}]},{\"@type\":\"BreadcrumbList\",\"@id\":\"https:\/\/www.factorenergia.com\/es\/empresas\/sistemas-energeticos\/#breadcrumb\",\"itemListElement\":[{\"@type\":\"ListItem\",\"position\":1,\"name\":\"Portada\",\"item\":\"https:\/\/www.factorenergia.com\/es\/\"},{\"@type\":\"ListItem\",\"position\":2,\"name\":\"Empresas\",\"item\":\"https:\/\/www.factorenergia.com\/es\/empresas\/\"},{\"@type\":\"ListItem\",\"position\":3,\"name\":\"Sistemas energ\u00e9ticos\"}]},{\"@type\":\"WebSite\",\"@id\":\"https:\/\/www.factorenergia.com\/es\/#website\",\"url\":\"https:\/\/www.factorenergia.com\/es\/\",\"name\":\"factorenergia\",\"description\":\"Factor Energ\u00eda\",\"potentialAction\":[{\"@type\":\"SearchAction\",\"target\":{\"@type\":\"EntryPoint\",\"urlTemplate\":\"https:\/\/www.factorenergia.com\/es\/?s={search_term_string}\"},\"query-input\":\"required name=search_term_string\"}],\"inLanguage\":\"es\"}]}<\/script>\n<!-- \/ Yoast SEO plugin. -->","yoast_head_json":{"title":"Sistemas Energ\u00e9ticos para Ahorrar en Empresa - factorenerg\u00eda","description":"Un sistema de ahorro energ\u00e9tico es muy importante en la vida de la empresa, factorenerg\u00eda ayuda a las empresas con medidas de ahorro energ\u00e9tico","robots":{"index":"index","follow":"follow","max-snippet":"max-snippet:-1","max-image-preview":"max-image-preview:large","max-video-preview":"max-video-preview:-1"},"canonical":"https:\/\/www.factorenergia.com\/es\/empresas\/sistemas-energeticos\/","twitter_card":"summary_large_image","twitter_title":"Sistemas Energ\u00e9ticos para Ahorrar en Empresa - factorenerg\u00eda","twitter_description":"Un sistema de ahorro energ\u00e9tico es muy importante en la vida de la empresa, factorenerg\u00eda ayuda a las empresas con medidas de ahorro energ\u00e9tico","twitter_site":"@factorenergia","twitter_misc":{"Tiempo de lectura":"1 minuto"},"schema":{"@context":"https:\/\/schema.org","@graph":[{"@type":"WebPage","@id":"https:\/\/www.factorenergia.com\/es\/empresas\/sistemas-energeticos\/","url":"https:\/\/www.factorenergia.com\/es\/empresas\/sistemas-energeticos\/","name":"Sistemas Energ\u00e9ticos para Ahorrar en Empresa - factorenerg\u00eda","isPartOf":{"@id":"https:\/\/www.factorenergia.com\/es\/#website"},"datePublished":"2015-09-02T10:13:01+00:00","dateModified":"2023-01-09T16:47:06+00:00","description":"Un sistema de ahorro energ\u00e9tico es muy importante en la vida de la empresa, factorenerg\u00eda ayuda a las empresas con medidas de ahorro energ\u00e9tico","breadcrumb":{"@id":"https:\/\/www.factorenergia.com\/es\/empresas\/sistemas-energeticos\/#breadcrumb"},"inLanguage":"es","potentialAction":[{"@type":"ReadAction","target":["https:\/\/www.factorenergia.com\/es\/empresas\/sistemas-energeticos\/"]}]},{"@type":"BreadcrumbList","@id":"https:\/\/www.factorenergia.com\/es\/empresas\/sistemas-energeticos\/#breadcrumb","itemListElement":[{"@type":"ListItem","position":1,"name":"Portada","item":"https:\/\/www.factorenergia.com\/es\/"},{"@type":"ListItem","position":2,"name":"Empresas","item":"https:\/\/www.factorenergia.com\/es\/empresas\/"},{"@type":"ListItem","position":3,"name":"Sistemas energ\u00e9ticos"}]},{"@type":"WebSite","@id":"https:\/\/www.factorenergia.com\/es\/#website","url":"https:\/\/www.factorenergia.com\/es\/","name":"factorenergia","description":"Factor Energ\u00eda","potentialAction":[{"@type":"SearchAction","target":{"@type":"EntryPoint","urlTemplate":"https:\/\/www.factorenergia.com\/es\/?s={search_term_string}"},"query-input":"required name=search_term_string"}],"inLanguage":"es"}]}},"_links":{"self":[{"href":"https:\/\/www.factorenergia.com\/es\/wp-json\/wp\/v2\/pages\/77"}],"collection":[{"href":"https:\/\/www.factorenergia.com\/es\/wp-json\/wp\/v2\/pages"}],"about":[{"href":"https:\/\/www.factorenergia.com\/es\/wp-json\/wp\/v2\/types\/page"}],"author":[{"embeddable":true,"href":"https:\/\/www.factorenergia.com\/es\/wp-json\/wp\/v2\/users\/5"}],"replies":[{"embeddable":true,"href":"https:\/\/www.factorenergia.com\/es\/wp-json\/wp\/v2\/comments?post=77"}],"version-history":[{"count":12,"href":"https:\/\/www.factorenergia.com\/es\/wp-json\/wp\/v2\/pages\/77\/revisions"}],"predecessor-version":[{"id":16916,"href":"https:\/\/www.factorenergia.com\/es\/wp-json\/wp\/v2\/pages\/77\/revisions\/16916"}],"up":[{"embeddable":true,"href":"https:\/\/www.factorenergia.com\/es\/wp-json\/wp\/v2\/pages\/27"}],"wp:attachment":[{"href":"https:\/\/www.factorenergia.com\/es\/wp-json\/wp\/v2\/media?parent=77"}],"wp:term":[{"taxonomy":"category","embeddable":true,"href":"https:\/\/www.factorenergia.com\/es\/wp-json\/wp\/v2\/categories?post=77"},{"taxonomy":"post_tag","embeddable":true,"href":"https:\/\/www.factorenergia.com\/es\/wp-json\/wp\/v2\/tags?post=77"}],"curies":[{"name":"wp","href":"https:\/\/api.w.org\/{rel}","templated":true}]}}