{"id":7376,"date":"2018-11-07T18:49:49","date_gmt":"2018-11-07T16:49:49","guid":{"rendered":"https:\/\/www.factorenergia.com\/es\/?page_id=7376"},"modified":"2025-08-07T11:49:31","modified_gmt":"2025-08-07T09:49:31","slug":"autoconsumo-electrico","status":"publish","type":"page","link":"https:\/\/www.factorenergia.com\/es\/blog\/autoconsumo-electrico\/","title":{"rendered":"Autoconsumo"},"content":{"rendered":"","protected":false},"excerpt":{"rendered":"","protected":false},"author":12,"featured_media":0,"parent":1520,"menu_order":0,"comment_status":"closed","ping_status":"closed","template":"templates\/blog.php","meta":{"inline_featured_image":false,"footnotes":""},"categories":[6],"tags":[],"acf":[],"yoast_head":"<!-- This site is optimized with the Yoast SEO plugin v22.2 - https:\/\/yoast.com\/wordpress\/plugins\/seo\/ -->\n<title>Autoconsumo el\u00e9ctrico con placas solares | FactorEnerg\u00eda<\/title>\n<meta name=\"description\" content=\"En FactorEnerg\u00eda queremos que alcances la autosuficiencia energ\u00e9tica con el autoconsumo el\u00e9ctrico con placas solares. Resolvemos tus dudas.\" \/>\n<meta name=\"robots\" content=\"index, follow, max-snippet:-1, max-image-preview:large, max-video-preview:-1\" \/>\n<link rel=\"canonical\" href=\"https:\/\/www.factorenergia.com\/es\/blog\/autoconsumo-electrico\/\" \/>\n<meta name=\"twitter:card\" content=\"summary_large_image\" \/>\n<meta name=\"twitter:title\" content=\"Autoconsumo el\u00e9ctrico con placas solares | FactorEnerg\u00eda\" \/>\n<meta name=\"twitter:description\" content=\"En FactorEnerg\u00eda queremos que alcances la autosuficiencia energ\u00e9tica con el autoconsumo el\u00e9ctrico con placas solares. Resolvemos tus dudas.\" \/>\n<meta name=\"twitter:site\" content=\"@factorenergia\" \/>\n<script type=\"application\/ld+json\" class=\"yoast-schema-graph\">{\"@context\":\"https:\/\/schema.org\",\"@graph\":[{\"@type\":\"WebPage\",\"@id\":\"https:\/\/www.factorenergia.com\/es\/blog\/autoconsumo-electrico\/\",\"url\":\"https:\/\/www.factorenergia.com\/es\/blog\/autoconsumo-electrico\/\",\"name\":\"Autoconsumo el\u00e9ctrico con placas solares | FactorEnerg\u00eda\",\"isPartOf\":{\"@id\":\"https:\/\/www.factorenergia.com\/es\/#website\"},\"datePublished\":\"2018-11-07T16:49:49+00:00\",\"dateModified\":\"2025-08-07T09:49:31+00:00\",\"description\":\"En FactorEnerg\u00eda queremos que alcances la autosuficiencia energ\u00e9tica con el autoconsumo el\u00e9ctrico con placas solares. Resolvemos tus dudas.\",\"breadcrumb\":{\"@id\":\"https:\/\/www.factorenergia.com\/es\/blog\/autoconsumo-electrico\/#breadcrumb\"},\"inLanguage\":\"es\",\"potentialAction\":[{\"@type\":\"ReadAction\",\"target\":[\"https:\/\/www.factorenergia.com\/es\/blog\/autoconsumo-electrico\/\"]}]},{\"@type\":\"BreadcrumbList\",\"@id\":\"https:\/\/www.factorenergia.com\/es\/blog\/autoconsumo-electrico\/#breadcrumb\",\"itemListElement\":[{\"@type\":\"ListItem\",\"position\":1,\"name\":\"Portada\",\"item\":\"https:\/\/www.factorenergia.com\/es\/\"},{\"@type\":\"ListItem\",\"position\":2,\"name\":\"Blog\",\"item\":\"https:\/\/www.factorenergia.com\/es\/blog\/\"},{\"@type\":\"ListItem\",\"position\":3,\"name\":\"Autoconsumo\"}]},{\"@type\":\"WebSite\",\"@id\":\"https:\/\/www.factorenergia.com\/es\/#website\",\"url\":\"https:\/\/www.factorenergia.com\/es\/\",\"name\":\"factorenergia\",\"description\":\"Factor Energ\u00eda\",\"potentialAction\":[{\"@type\":\"SearchAction\",\"target\":{\"@type\":\"EntryPoint\",\"urlTemplate\":\"https:\/\/www.factorenergia.com\/es\/?s={search_term_string}\"},\"query-input\":\"required name=search_term_string\"}],\"inLanguage\":\"es\"}]}<\/script>\n<!-- \/ Yoast SEO plugin. -->","yoast_head_json":{"title":"Autoconsumo el\u00e9ctrico con placas solares | FactorEnerg\u00eda","description":"En FactorEnerg\u00eda queremos que alcances la autosuficiencia energ\u00e9tica con el autoconsumo el\u00e9ctrico con placas solares. Resolvemos tus dudas.","robots":{"index":"index","follow":"follow","max-snippet":"max-snippet:-1","max-image-preview":"max-image-preview:large","max-video-preview":"max-video-preview:-1"},"canonical":"https:\/\/www.factorenergia.com\/es\/blog\/autoconsumo-electrico\/","twitter_card":"summary_large_image","twitter_title":"Autoconsumo el\u00e9ctrico con placas solares | FactorEnerg\u00eda","twitter_description":"En FactorEnerg\u00eda queremos que alcances la autosuficiencia energ\u00e9tica con el autoconsumo el\u00e9ctrico con placas solares. Resolvemos tus dudas.","twitter_site":"@factorenergia","schema":{"@context":"https:\/\/schema.org","@graph":[{"@type":"WebPage","@id":"https:\/\/www.factorenergia.com\/es\/blog\/autoconsumo-electrico\/","url":"https:\/\/www.factorenergia.com\/es\/blog\/autoconsumo-electrico\/","name":"Autoconsumo el\u00e9ctrico con placas solares | FactorEnerg\u00eda","isPartOf":{"@id":"https:\/\/www.factorenergia.com\/es\/#website"},"datePublished":"2018-11-07T16:49:49+00:00","dateModified":"2025-08-07T09:49:31+00:00","description":"En FactorEnerg\u00eda queremos que alcances la autosuficiencia energ\u00e9tica con el autoconsumo el\u00e9ctrico con placas solares. Resolvemos tus dudas.","breadcrumb":{"@id":"https:\/\/www.factorenergia.com\/es\/blog\/autoconsumo-electrico\/#breadcrumb"},"inLanguage":"es","potentialAction":[{"@type":"ReadAction","target":["https:\/\/www.factorenergia.com\/es\/blog\/autoconsumo-electrico\/"]}]},{"@type":"BreadcrumbList","@id":"https:\/\/www.factorenergia.com\/es\/blog\/autoconsumo-electrico\/#breadcrumb","itemListElement":[{"@type":"ListItem","position":1,"name":"Portada","item":"https:\/\/www.factorenergia.com\/es\/"},{"@type":"ListItem","position":2,"name":"Blog","item":"https:\/\/www.factorenergia.com\/es\/blog\/"},{"@type":"ListItem","position":3,"name":"Autoconsumo"}]},{"@type":"WebSite","@id":"https:\/\/www.factorenergia.com\/es\/#website","url":"https:\/\/www.factorenergia.com\/es\/","name":"factorenergia","description":"Factor Energ\u00eda","potentialAction":[{"@type":"SearchAction","target":{"@type":"EntryPoint","urlTemplate":"https:\/\/www.factorenergia.com\/es\/?s={search_term_string}"},"query-input":"required name=search_term_string"}],"inLanguage":"es"}]}},"_links":{"self":[{"href":"https:\/\/www.factorenergia.com\/es\/wp-json\/wp\/v2\/pages\/7376"}],"collection":[{"href":"https:\/\/www.factorenergia.com\/es\/wp-json\/wp\/v2\/pages"}],"about":[{"href":"https:\/\/www.factorenergia.com\/es\/wp-json\/wp\/v2\/types\/page"}],"author":[{"embeddable":true,"href":"https:\/\/www.factorenergia.com\/es\/wp-json\/wp\/v2\/users\/12"}],"replies":[{"embeddable":true,"href":"https:\/\/www.factorenergia.com\/es\/wp-json\/wp\/v2\/comments?post=7376"}],"version-history":[{"count":5,"href":"https:\/\/www.factorenergia.com\/es\/wp-json\/wp\/v2\/pages\/7376\/revisions"}],"predecessor-version":[{"id":24369,"href":"https:\/\/www.factorenergia.com\/es\/wp-json\/wp\/v2\/pages\/7376\/revisions\/24369"}],"up":[{"embeddable":true,"href":"https:\/\/www.factorenergia.com\/es\/wp-json\/wp\/v2\/pages\/1520"}],"wp:attachment":[{"href":"https:\/\/www.factorenergia.com\/es\/wp-json\/wp\/v2\/media?parent=7376"}],"wp:term":[{"taxonomy":"category","embeddable":true,"href":"https:\/\/www.factorenergia.com\/es\/wp-json\/wp\/v2\/categories?post=7376"},{"taxonomy":"post_tag","embeddable":true,"href":"https:\/\/www.factorenergia.com\/es\/wp-json\/wp\/v2\/tags?post=7376"}],"curies":[{"name":"wp","href":"https:\/\/api.w.org\/{rel}","templated":true}]}}