{"id":70,"date":"2015-09-02T10:11:02","date_gmt":"2015-09-02T10:11:02","guid":{"rendered":"http:\/\/newfactorenergia.wearebab.com\/?page_id=70"},"modified":"2024-03-06T14:03:20","modified_gmt":"2024-03-06T12:03:20","slug":"conocenos","status":"publish","type":"page","link":"https:\/\/www.factorenergia.com\/es\/empresas\/conocenos\/","title":{"rendered":"Con\u00f3cenos"},"content":{"rendered":"<p>Somos la primera energ\u00e9tica espa\u00f1ola que ha acreditado su compromiso con la sostenibilidad, el medioambiente y el ahorro energ\u00e9tico con el cumplimiento de los ODS.<\/p>\n","protected":false},"excerpt":{"rendered":"<p>Somos la primera energ\u00e9tica espa\u00f1ola que ha acreditado su compromiso con la sostenibilidad, el medioambiente y el ahorro energ\u00e9tico con el cumplimiento de los ODS.<\/p>\n","protected":false},"author":5,"featured_media":0,"parent":27,"menu_order":0,"comment_status":"closed","ping_status":"closed","template":"templates\/conocenos.php","meta":{"inline_featured_image":false,"footnotes":""},"categories":[8],"tags":[],"acf":[],"yoast_head":"<!-- This site is optimized with the Yoast SEO plugin v22.2 - https:\/\/yoast.com\/wordpress\/plugins\/seo\/ -->\n<title>Conoce las Tarifas El\u00e9ctricas para Empresas | factorenerg\u00eda<\/title>\n<meta name=\"description\" content=\"factorenerg\u00eda es la empresa comercializadora el\u00e9ctrica que permite a las empresas ahorrar con tarifas el\u00e9ctricas a medida, ahorro energ\u00e9tico.\" \/>\n<meta name=\"robots\" content=\"noindex, follow\" \/>\n<meta name=\"twitter:card\" content=\"summary_large_image\" \/>\n<meta name=\"twitter:title\" content=\"Conoce las Tarifas El\u00e9ctricas para Empresas | factorenerg\u00eda\" \/>\n<meta name=\"twitter:description\" content=\"factorenerg\u00eda es la empresa comercializadora el\u00e9ctrica que permite a las empresas ahorrar con tarifas el\u00e9ctricas a medida, ahorro energ\u00e9tico.\" \/>\n<meta name=\"twitter:site\" content=\"@factorenergia\" \/>\n<meta name=\"twitter:label1\" content=\"Tiempo de lectura\" \/>\n\t<meta name=\"twitter:data1\" content=\"1 minuto\" \/>\n<script type=\"application\/ld+json\" class=\"yoast-schema-graph\">{\"@context\":\"https:\/\/schema.org\",\"@graph\":[{\"@type\":\"WebPage\",\"@id\":\"https:\/\/www.factorenergia.com\/es\/empresas\/conocenos\/\",\"url\":\"https:\/\/www.factorenergia.com\/es\/empresas\/conocenos\/\",\"name\":\"Conoce las Tarifas El\u00e9ctricas para Empresas | factorenerg\u00eda\",\"isPartOf\":{\"@id\":\"https:\/\/www.factorenergia.com\/es\/#website\"},\"datePublished\":\"2015-09-02T10:11:02+00:00\",\"dateModified\":\"2024-03-06T12:03:20+00:00\",\"description\":\"factorenerg\u00eda es la empresa comercializadora el\u00e9ctrica que permite a las empresas ahorrar con tarifas el\u00e9ctricas a medida, ahorro energ\u00e9tico.\",\"breadcrumb\":{\"@id\":\"https:\/\/www.factorenergia.com\/es\/empresas\/conocenos\/#breadcrumb\"},\"inLanguage\":\"es\",\"potentialAction\":[{\"@type\":\"ReadAction\",\"target\":[\"https:\/\/www.factorenergia.com\/es\/empresas\/conocenos\/\"]}]},{\"@type\":\"BreadcrumbList\",\"@id\":\"https:\/\/www.factorenergia.com\/es\/empresas\/conocenos\/#breadcrumb\",\"itemListElement\":[{\"@type\":\"ListItem\",\"position\":1,\"name\":\"Portada\",\"item\":\"https:\/\/www.factorenergia.com\/es\/\"},{\"@type\":\"ListItem\",\"position\":2,\"name\":\"Empresas\",\"item\":\"https:\/\/www.factorenergia.com\/es\/empresas\/\"},{\"@type\":\"ListItem\",\"position\":3,\"name\":\"Con\u00f3cenos\"}]},{\"@type\":\"WebSite\",\"@id\":\"https:\/\/www.factorenergia.com\/es\/#website\",\"url\":\"https:\/\/www.factorenergia.com\/es\/\",\"name\":\"factorenergia\",\"description\":\"Factor Energ\u00eda\",\"potentialAction\":[{\"@type\":\"SearchAction\",\"target\":{\"@type\":\"EntryPoint\",\"urlTemplate\":\"https:\/\/www.factorenergia.com\/es\/?s={search_term_string}\"},\"query-input\":\"required name=search_term_string\"}],\"inLanguage\":\"es\"}]}<\/script>\n<!-- \/ Yoast SEO plugin. -->","yoast_head_json":{"title":"Conoce las Tarifas El\u00e9ctricas para Empresas | factorenerg\u00eda","description":"factorenerg\u00eda es la empresa comercializadora el\u00e9ctrica que permite a las empresas ahorrar con tarifas el\u00e9ctricas a medida, ahorro energ\u00e9tico.","robots":{"index":"noindex","follow":"follow"},"twitter_card":"summary_large_image","twitter_title":"Conoce las Tarifas El\u00e9ctricas para Empresas | factorenerg\u00eda","twitter_description":"factorenerg\u00eda es la empresa comercializadora el\u00e9ctrica que permite a las empresas ahorrar con tarifas el\u00e9ctricas a medida, ahorro energ\u00e9tico.","twitter_site":"@factorenergia","twitter_misc":{"Tiempo de lectura":"1 minuto"},"schema":{"@context":"https:\/\/schema.org","@graph":[{"@type":"WebPage","@id":"https:\/\/www.factorenergia.com\/es\/empresas\/conocenos\/","url":"https:\/\/www.factorenergia.com\/es\/empresas\/conocenos\/","name":"Conoce las Tarifas El\u00e9ctricas para Empresas | factorenerg\u00eda","isPartOf":{"@id":"https:\/\/www.factorenergia.com\/es\/#website"},"datePublished":"2015-09-02T10:11:02+00:00","dateModified":"2024-03-06T12:03:20+00:00","description":"factorenerg\u00eda es la empresa comercializadora el\u00e9ctrica que permite a las empresas ahorrar con tarifas el\u00e9ctricas a medida, ahorro energ\u00e9tico.","breadcrumb":{"@id":"https:\/\/www.factorenergia.com\/es\/empresas\/conocenos\/#breadcrumb"},"inLanguage":"es","potentialAction":[{"@type":"ReadAction","target":["https:\/\/www.factorenergia.com\/es\/empresas\/conocenos\/"]}]},{"@type":"BreadcrumbList","@id":"https:\/\/www.factorenergia.com\/es\/empresas\/conocenos\/#breadcrumb","itemListElement":[{"@type":"ListItem","position":1,"name":"Portada","item":"https:\/\/www.factorenergia.com\/es\/"},{"@type":"ListItem","position":2,"name":"Empresas","item":"https:\/\/www.factorenergia.com\/es\/empresas\/"},{"@type":"ListItem","position":3,"name":"Con\u00f3cenos"}]},{"@type":"WebSite","@id":"https:\/\/www.factorenergia.com\/es\/#website","url":"https:\/\/www.factorenergia.com\/es\/","name":"factorenergia","description":"Factor Energ\u00eda","potentialAction":[{"@type":"SearchAction","target":{"@type":"EntryPoint","urlTemplate":"https:\/\/www.factorenergia.com\/es\/?s={search_term_string}"},"query-input":"required name=search_term_string"}],"inLanguage":"es"}]}},"_links":{"self":[{"href":"https:\/\/www.factorenergia.com\/es\/wp-json\/wp\/v2\/pages\/70"}],"collection":[{"href":"https:\/\/www.factorenergia.com\/es\/wp-json\/wp\/v2\/pages"}],"about":[{"href":"https:\/\/www.factorenergia.com\/es\/wp-json\/wp\/v2\/types\/page"}],"author":[{"embeddable":true,"href":"https:\/\/www.factorenergia.com\/es\/wp-json\/wp\/v2\/users\/5"}],"replies":[{"embeddable":true,"href":"https:\/\/www.factorenergia.com\/es\/wp-json\/wp\/v2\/comments?post=70"}],"version-history":[{"count":7,"href":"https:\/\/www.factorenergia.com\/es\/wp-json\/wp\/v2\/pages\/70\/revisions"}],"predecessor-version":[{"id":16501,"href":"https:\/\/www.factorenergia.com\/es\/wp-json\/wp\/v2\/pages\/70\/revisions\/16501"}],"up":[{"embeddable":true,"href":"https:\/\/www.factorenergia.com\/es\/wp-json\/wp\/v2\/pages\/27"}],"wp:attachment":[{"href":"https:\/\/www.factorenergia.com\/es\/wp-json\/wp\/v2\/media?parent=70"}],"wp:term":[{"taxonomy":"category","embeddable":true,"href":"https:\/\/www.factorenergia.com\/es\/wp-json\/wp\/v2\/categories?post=70"},{"taxonomy":"post_tag","embeddable":true,"href":"https:\/\/www.factorenergia.com\/es\/wp-json\/wp\/v2\/tags?post=70"}],"curies":[{"name":"wp","href":"https:\/\/api.w.org\/{rel}","templated":true}]}}