{"id":62,"date":"2015-09-02T10:08:22","date_gmt":"2015-09-02T10:08:22","guid":{"rendered":"http:\/\/newfactorenergia.wearebab.com\/?page_id=62"},"modified":"2022-11-10T17:32:56","modified_gmt":"2022-11-10T15:32:56","slug":"ahorra-energia","status":"publish","type":"page","link":"https:\/\/www.factorenergia.com\/es\/negocios\/ahorra-energia\/","title":{"rendered":"Ahorra Energ\u00eda"},"content":{"rendered":"<p>En <strong>factorenergia<\/strong> estamos del lado de los peque\u00f1os comercios y negocios. Porque pensamos en positivo, te aseguramos un servicio impecable mientras te ayudamos a ahorrar con nuestra tarifa el\u00e9ctrica barata.<\/p>\n<p>\u00bfQuieres saber c\u00f3mo?<\/p>\n","protected":false},"excerpt":{"rendered":"<p>En factorenergia estamos del lado de los peque\u00f1os comercios y negocios. Porque pensamos en positivo, te aseguramos un servicio impecable mientras te ayudamos a ahorrar con nuestra tarifa el\u00e9ctrica barata. \u00bfQuieres saber c\u00f3mo?<\/p>\n","protected":false},"author":5,"featured_media":0,"parent":10685,"menu_order":0,"comment_status":"closed","ping_status":"closed","template":"templates\/ahorra-energia.php","meta":{"inline_featured_image":false,"footnotes":""},"categories":[7],"tags":[],"acf":[],"yoast_head":"<!-- This site is optimized with the Yoast SEO plugin v22.2 - https:\/\/yoast.com\/wordpress\/plugins\/seo\/ -->\n<title>Ahorro Energ\u00e9tico para tu Negocio - factorenerg\u00eda<\/title>\n<meta name=\"description\" content=\"Ahorrar electricidad en tu establecimiento con la tarifa de luz para negocios de factorenerg\u00eda es inmediato, mejorando tu eficiencia energ\u00e9tica.\" \/>\n<meta name=\"robots\" content=\"index, follow, max-snippet:-1, max-image-preview:large, max-video-preview:-1\" \/>\n<link rel=\"canonical\" href=\"https:\/\/www.factorenergia.com\/es\/negocios\/ahorra-energia\/\" \/>\n<meta name=\"twitter:card\" content=\"summary_large_image\" \/>\n<meta name=\"twitter:title\" content=\"Ahorro Energ\u00e9tico para tu Negocio - factorenerg\u00eda\" \/>\n<meta name=\"twitter:description\" content=\"Ahorrar electricidad en tu establecimiento con la tarifa de luz para negocios de factorenerg\u00eda es inmediato, mejorando tu eficiencia energ\u00e9tica.\" \/>\n<meta name=\"twitter:site\" content=\"@factorenergia\" \/>\n<script type=\"application\/ld+json\" class=\"yoast-schema-graph\">{\"@context\":\"https:\/\/schema.org\",\"@graph\":[{\"@type\":\"WebPage\",\"@id\":\"https:\/\/www.factorenergia.com\/es\/negocios\/ahorra-energia\/\",\"url\":\"https:\/\/www.factorenergia.com\/es\/negocios\/ahorra-energia\/\",\"name\":\"Ahorro Energ\u00e9tico para tu Negocio - factorenerg\u00eda\",\"isPartOf\":{\"@id\":\"https:\/\/www.factorenergia.com\/es\/#website\"},\"datePublished\":\"2015-09-02T10:08:22+00:00\",\"dateModified\":\"2022-11-10T15:32:56+00:00\",\"description\":\"Ahorrar electricidad en tu establecimiento con la tarifa de luz para negocios de factorenerg\u00eda es inmediato, mejorando tu eficiencia energ\u00e9tica.\",\"breadcrumb\":{\"@id\":\"https:\/\/www.factorenergia.com\/es\/negocios\/ahorra-energia\/#breadcrumb\"},\"inLanguage\":\"es\",\"potentialAction\":[{\"@type\":\"ReadAction\",\"target\":[\"https:\/\/www.factorenergia.com\/es\/negocios\/ahorra-energia\/\"]}]},{\"@type\":\"BreadcrumbList\",\"@id\":\"https:\/\/www.factorenergia.com\/es\/negocios\/ahorra-energia\/#breadcrumb\",\"itemListElement\":[{\"@type\":\"ListItem\",\"position\":1,\"name\":\"Portada\",\"item\":\"https:\/\/www.factorenergia.com\/es\/\"},{\"@type\":\"ListItem\",\"position\":2,\"name\":\"Negocios\",\"item\":\"https:\/\/www.factorenergia.com\/es\/negocios\/\"},{\"@type\":\"ListItem\",\"position\":3,\"name\":\"Ahorra Energ\u00eda\"}]},{\"@type\":\"WebSite\",\"@id\":\"https:\/\/www.factorenergia.com\/es\/#website\",\"url\":\"https:\/\/www.factorenergia.com\/es\/\",\"name\":\"factorenergia\",\"description\":\"Factor Energ\u00eda\",\"potentialAction\":[{\"@type\":\"SearchAction\",\"target\":{\"@type\":\"EntryPoint\",\"urlTemplate\":\"https:\/\/www.factorenergia.com\/es\/?s={search_term_string}\"},\"query-input\":\"required name=search_term_string\"}],\"inLanguage\":\"es\"}]}<\/script>\n<!-- \/ Yoast SEO plugin. -->","yoast_head_json":{"title":"Ahorro Energ\u00e9tico para tu Negocio - factorenerg\u00eda","description":"Ahorrar electricidad en tu establecimiento con la tarifa de luz para negocios de factorenerg\u00eda es inmediato, mejorando tu eficiencia energ\u00e9tica.","robots":{"index":"index","follow":"follow","max-snippet":"max-snippet:-1","max-image-preview":"max-image-preview:large","max-video-preview":"max-video-preview:-1"},"canonical":"https:\/\/www.factorenergia.com\/es\/negocios\/ahorra-energia\/","twitter_card":"summary_large_image","twitter_title":"Ahorro Energ\u00e9tico para tu Negocio - factorenerg\u00eda","twitter_description":"Ahorrar electricidad en tu establecimiento con la tarifa de luz para negocios de factorenerg\u00eda es inmediato, mejorando tu eficiencia energ\u00e9tica.","twitter_site":"@factorenergia","schema":{"@context":"https:\/\/schema.org","@graph":[{"@type":"WebPage","@id":"https:\/\/www.factorenergia.com\/es\/negocios\/ahorra-energia\/","url":"https:\/\/www.factorenergia.com\/es\/negocios\/ahorra-energia\/","name":"Ahorro Energ\u00e9tico para tu Negocio - factorenerg\u00eda","isPartOf":{"@id":"https:\/\/www.factorenergia.com\/es\/#website"},"datePublished":"2015-09-02T10:08:22+00:00","dateModified":"2022-11-10T15:32:56+00:00","description":"Ahorrar electricidad en tu establecimiento con la tarifa de luz para negocios de factorenerg\u00eda es inmediato, mejorando tu eficiencia energ\u00e9tica.","breadcrumb":{"@id":"https:\/\/www.factorenergia.com\/es\/negocios\/ahorra-energia\/#breadcrumb"},"inLanguage":"es","potentialAction":[{"@type":"ReadAction","target":["https:\/\/www.factorenergia.com\/es\/negocios\/ahorra-energia\/"]}]},{"@type":"BreadcrumbList","@id":"https:\/\/www.factorenergia.com\/es\/negocios\/ahorra-energia\/#breadcrumb","itemListElement":[{"@type":"ListItem","position":1,"name":"Portada","item":"https:\/\/www.factorenergia.com\/es\/"},{"@type":"ListItem","position":2,"name":"Negocios","item":"https:\/\/www.factorenergia.com\/es\/negocios\/"},{"@type":"ListItem","position":3,"name":"Ahorra Energ\u00eda"}]},{"@type":"WebSite","@id":"https:\/\/www.factorenergia.com\/es\/#website","url":"https:\/\/www.factorenergia.com\/es\/","name":"factorenergia","description":"Factor Energ\u00eda","potentialAction":[{"@type":"SearchAction","target":{"@type":"EntryPoint","urlTemplate":"https:\/\/www.factorenergia.com\/es\/?s={search_term_string}"},"query-input":"required name=search_term_string"}],"inLanguage":"es"}]}},"_links":{"self":[{"href":"https:\/\/www.factorenergia.com\/es\/wp-json\/wp\/v2\/pages\/62"}],"collection":[{"href":"https:\/\/www.factorenergia.com\/es\/wp-json\/wp\/v2\/pages"}],"about":[{"href":"https:\/\/www.factorenergia.com\/es\/wp-json\/wp\/v2\/types\/page"}],"author":[{"embeddable":true,"href":"https:\/\/www.factorenergia.com\/es\/wp-json\/wp\/v2\/users\/5"}],"replies":[{"embeddable":true,"href":"https:\/\/www.factorenergia.com\/es\/wp-json\/wp\/v2\/comments?post=62"}],"version-history":[{"count":8,"href":"https:\/\/www.factorenergia.com\/es\/wp-json\/wp\/v2\/pages\/62\/revisions"}],"predecessor-version":[{"id":16293,"href":"https:\/\/www.factorenergia.com\/es\/wp-json\/wp\/v2\/pages\/62\/revisions\/16293"}],"up":[{"embeddable":true,"href":"https:\/\/www.factorenergia.com\/es\/wp-json\/wp\/v2\/pages\/10685"}],"wp:attachment":[{"href":"https:\/\/www.factorenergia.com\/es\/wp-json\/wp\/v2\/media?parent=62"}],"wp:term":[{"taxonomy":"category","embeddable":true,"href":"https:\/\/www.factorenergia.com\/es\/wp-json\/wp\/v2\/categories?post=62"},{"taxonomy":"post_tag","embeddable":true,"href":"https:\/\/www.factorenergia.com\/es\/wp-json\/wp\/v2\/tags?post=62"}],"curies":[{"name":"wp","href":"https:\/\/api.w.org\/{rel}","templated":true}]}}