{"id":5805,"date":"2018-03-21T19:04:04","date_gmt":"2018-03-21T17:04:04","guid":{"rendered":"https:\/\/www.factorenergia.com\/es\/?page_id=5805"},"modified":"2024-03-06T13:42:18","modified_gmt":"2024-03-06T11:42:18","slug":"energia-positiva-caja-ingenieros","status":"publish","type":"page","link":"https:\/\/www.factorenergia.com\/es\/energia-positiva-caja-ingenieros\/","title":{"rendered":"Energ\u00eda positiva Factor Energ\u00eda y Caja de Ingenieros"},"content":{"rendered":"","protected":false},"excerpt":{"rendered":"","protected":false},"author":5,"featured_media":0,"parent":0,"menu_order":0,"comment_status":"closed","ping_status":"closed","template":"page-energia-positiva-caja-ingenieros.php","meta":{"inline_featured_image":false,"footnotes":""},"categories":[],"tags":[],"acf":[],"yoast_head":"<!-- This site is optimized with the Yoast SEO plugin v22.2 - https:\/\/yoast.com\/wordpress\/plugins\/seo\/ -->\n<title>Energ\u00eda positiva Factor Energ\u00eda y Caja de Ingenieros | Factor Energ\u00eda<\/title>\n<meta name=\"robots\" content=\"noindex, follow\" \/>\n<meta name=\"twitter:card\" content=\"summary_large_image\" \/>\n<meta name=\"twitter:title\" content=\"Energ\u00eda positiva Factor Energ\u00eda y Caja de Ingenieros | Factor Energ\u00eda\" \/>\n<meta name=\"twitter:site\" content=\"@factorenergia\" \/>\n<script type=\"application\/ld+json\" class=\"yoast-schema-graph\">{\"@context\":\"https:\/\/schema.org\",\"@graph\":[{\"@type\":\"WebPage\",\"@id\":\"https:\/\/www.factorenergia.com\/es\/energia-positiva-caja-ingenieros\/\",\"url\":\"https:\/\/www.factorenergia.com\/es\/energia-positiva-caja-ingenieros\/\",\"name\":\"Energ\u00eda positiva Factor Energ\u00eda y Caja de Ingenieros | Factor Energ\u00eda\",\"isPartOf\":{\"@id\":\"https:\/\/www.factorenergia.com\/es\/#website\"},\"datePublished\":\"2018-03-21T17:04:04+00:00\",\"dateModified\":\"2024-03-06T11:42:18+00:00\",\"breadcrumb\":{\"@id\":\"https:\/\/www.factorenergia.com\/es\/energia-positiva-caja-ingenieros\/#breadcrumb\"},\"inLanguage\":\"es\",\"potentialAction\":[{\"@type\":\"ReadAction\",\"target\":[\"https:\/\/www.factorenergia.com\/es\/energia-positiva-caja-ingenieros\/\"]}]},{\"@type\":\"BreadcrumbList\",\"@id\":\"https:\/\/www.factorenergia.com\/es\/energia-positiva-caja-ingenieros\/#breadcrumb\",\"itemListElement\":[{\"@type\":\"ListItem\",\"position\":1,\"name\":\"Portada\",\"item\":\"https:\/\/www.factorenergia.com\/es\/\"},{\"@type\":\"ListItem\",\"position\":2,\"name\":\"Energ\u00eda positiva Factor Energ\u00eda y Caja de Ingenieros\"}]},{\"@type\":\"WebSite\",\"@id\":\"https:\/\/www.factorenergia.com\/es\/#website\",\"url\":\"https:\/\/www.factorenergia.com\/es\/\",\"name\":\"factorenergia\",\"description\":\"Factor Energ\u00eda\",\"potentialAction\":[{\"@type\":\"SearchAction\",\"target\":{\"@type\":\"EntryPoint\",\"urlTemplate\":\"https:\/\/www.factorenergia.com\/es\/?s={search_term_string}\"},\"query-input\":\"required name=search_term_string\"}],\"inLanguage\":\"es\"}]}<\/script>\n<!-- \/ Yoast SEO plugin. -->","yoast_head_json":{"title":"Energ\u00eda positiva Factor Energ\u00eda y Caja de Ingenieros | Factor Energ\u00eda","robots":{"index":"noindex","follow":"follow"},"twitter_card":"summary_large_image","twitter_title":"Energ\u00eda positiva Factor Energ\u00eda y Caja de Ingenieros | Factor Energ\u00eda","twitter_site":"@factorenergia","schema":{"@context":"https:\/\/schema.org","@graph":[{"@type":"WebPage","@id":"https:\/\/www.factorenergia.com\/es\/energia-positiva-caja-ingenieros\/","url":"https:\/\/www.factorenergia.com\/es\/energia-positiva-caja-ingenieros\/","name":"Energ\u00eda positiva Factor Energ\u00eda y Caja de Ingenieros | Factor Energ\u00eda","isPartOf":{"@id":"https:\/\/www.factorenergia.com\/es\/#website"},"datePublished":"2018-03-21T17:04:04+00:00","dateModified":"2024-03-06T11:42:18+00:00","breadcrumb":{"@id":"https:\/\/www.factorenergia.com\/es\/energia-positiva-caja-ingenieros\/#breadcrumb"},"inLanguage":"es","potentialAction":[{"@type":"ReadAction","target":["https:\/\/www.factorenergia.com\/es\/energia-positiva-caja-ingenieros\/"]}]},{"@type":"BreadcrumbList","@id":"https:\/\/www.factorenergia.com\/es\/energia-positiva-caja-ingenieros\/#breadcrumb","itemListElement":[{"@type":"ListItem","position":1,"name":"Portada","item":"https:\/\/www.factorenergia.com\/es\/"},{"@type":"ListItem","position":2,"name":"Energ\u00eda positiva Factor Energ\u00eda y Caja de Ingenieros"}]},{"@type":"WebSite","@id":"https:\/\/www.factorenergia.com\/es\/#website","url":"https:\/\/www.factorenergia.com\/es\/","name":"factorenergia","description":"Factor Energ\u00eda","potentialAction":[{"@type":"SearchAction","target":{"@type":"EntryPoint","urlTemplate":"https:\/\/www.factorenergia.com\/es\/?s={search_term_string}"},"query-input":"required name=search_term_string"}],"inLanguage":"es"}]}},"_links":{"self":[{"href":"https:\/\/www.factorenergia.com\/es\/wp-json\/wp\/v2\/pages\/5805"}],"collection":[{"href":"https:\/\/www.factorenergia.com\/es\/wp-json\/wp\/v2\/pages"}],"about":[{"href":"https:\/\/www.factorenergia.com\/es\/wp-json\/wp\/v2\/types\/page"}],"author":[{"embeddable":true,"href":"https:\/\/www.factorenergia.com\/es\/wp-json\/wp\/v2\/users\/5"}],"replies":[{"embeddable":true,"href":"https:\/\/www.factorenergia.com\/es\/wp-json\/wp\/v2\/comments?post=5805"}],"version-history":[{"count":6,"href":"https:\/\/www.factorenergia.com\/es\/wp-json\/wp\/v2\/pages\/5805\/revisions"}],"predecessor-version":[{"id":5888,"href":"https:\/\/www.factorenergia.com\/es\/wp-json\/wp\/v2\/pages\/5805\/revisions\/5888"}],"wp:attachment":[{"href":"https:\/\/www.factorenergia.com\/es\/wp-json\/wp\/v2\/media?parent=5805"}],"wp:term":[{"taxonomy":"category","embeddable":true,"href":"https:\/\/www.factorenergia.com\/es\/wp-json\/wp\/v2\/categories?post=5805"},{"taxonomy":"post_tag","embeddable":true,"href":"https:\/\/www.factorenergia.com\/es\/wp-json\/wp\/v2\/tags?post=5805"}],"curies":[{"name":"wp","href":"https:\/\/api.w.org\/{rel}","templated":true}]}}