{"id":4764,"date":"2017-11-07T17:10:16","date_gmt":"2017-11-07T15:10:16","guid":{"rendered":"https:\/\/www.factorenergia.com\/es\/?page_id=4764"},"modified":"2025-02-03T16:56:46","modified_gmt":"2025-02-03T14:56:46","slug":"tarifa-oferta-del-mes","status":"publish","type":"page","link":"https:\/\/www.factorenergia.com\/es\/gas\/tarifa-oferta-del-mes\/","title":{"rendered":"Tarifa Oferta del mes de Gas"},"content":{"rendered":"<p><span>Elige esta tarifa si <strong>eres un cazador de ofertas<\/strong>. Nuestros expertos analizan peri\u00f3dicamente la situaci\u00f3n y los precios para elaborar tarifas en oferta. En cuanto venza, se te aplicar\u00e1 la siguiente promoci\u00f3n. <\/span><\/p>\n","protected":false},"excerpt":{"rendered":"<p>Elige esta tarifa si eres un cazador de ofertas. Nuestros expertos analizan peri\u00f3dicamente la situaci\u00f3n y los precios para elaborar tarifas en oferta. En cuanto venza, se te aplicar\u00e1 la siguiente promoci\u00f3n.<\/p>\n","protected":false},"author":12,"featured_media":0,"parent":4616,"menu_order":0,"comment_status":"closed","ping_status":"closed","template":"templates\/tarifas.php","meta":{"inline_featured_image":false,"footnotes":""},"categories":[],"tags":[],"acf":[],"yoast_head":"<!-- This site is optimized with the Yoast SEO plugin v22.2 - https:\/\/yoast.com\/wordpress\/plugins\/seo\/ -->\n<title>Tarifa Oferta de Gas: El mejor precio de gas natural | factorenergia<\/title>\n<meta name=\"description\" content=\"Con la Tarifa de gas natural Oferta del mes, te aplicamos la mejor oferta en tarifa de gas que disponemos, cuando venza te propondremos otra oferta!\" \/>\n<meta name=\"robots\" content=\"index, follow, max-snippet:-1, max-image-preview:large, max-video-preview:-1\" \/>\n<link rel=\"canonical\" href=\"https:\/\/www.factorenergia.com\/es\/gas\/tarifa-oferta-del-mes\/\" \/>\n<meta name=\"twitter:card\" content=\"summary_large_image\" \/>\n<meta name=\"twitter:title\" content=\"Tarifa Oferta de Gas: El mejor precio de gas natural | factorenergia\" \/>\n<meta name=\"twitter:description\" content=\"Con la Tarifa de gas natural Oferta del mes, te aplicamos la mejor oferta en tarifa de gas que disponemos, cuando venza te propondremos otra oferta!\" \/>\n<meta name=\"twitter:site\" content=\"@factorenergia\" \/>\n<meta name=\"twitter:label1\" content=\"Tiempo de lectura\" \/>\n\t<meta name=\"twitter:data1\" content=\"1 minuto\" \/>\n<script type=\"application\/ld+json\" class=\"yoast-schema-graph\">{\"@context\":\"https:\/\/schema.org\",\"@graph\":[{\"@type\":\"WebPage\",\"@id\":\"https:\/\/www.factorenergia.com\/es\/gas\/tarifa-oferta-del-mes\/\",\"url\":\"https:\/\/www.factorenergia.com\/es\/gas\/tarifa-oferta-del-mes\/\",\"name\":\"Tarifa Oferta de Gas: El mejor precio de gas natural | factorenergia\",\"isPartOf\":{\"@id\":\"https:\/\/www.factorenergia.com\/es\/#website\"},\"datePublished\":\"2017-11-07T15:10:16+00:00\",\"dateModified\":\"2025-02-03T14:56:46+00:00\",\"description\":\"Con la Tarifa de gas natural Oferta del mes, te aplicamos la mejor oferta en tarifa de gas que disponemos, cuando venza te propondremos otra oferta!\",\"breadcrumb\":{\"@id\":\"https:\/\/www.factorenergia.com\/es\/gas\/tarifa-oferta-del-mes\/#breadcrumb\"},\"inLanguage\":\"es\",\"potentialAction\":[{\"@type\":\"ReadAction\",\"target\":[\"https:\/\/www.factorenergia.com\/es\/gas\/tarifa-oferta-del-mes\/\"]}]},{\"@type\":\"BreadcrumbList\",\"@id\":\"https:\/\/www.factorenergia.com\/es\/gas\/tarifa-oferta-del-mes\/#breadcrumb\",\"itemListElement\":[{\"@type\":\"ListItem\",\"position\":1,\"name\":\"Portada\",\"item\":\"https:\/\/www.factorenergia.com\/es\/\"},{\"@type\":\"ListItem\",\"position\":2,\"name\":\"Tarifas Gas\",\"item\":\"https:\/\/www.factorenergia.com\/es\/gas\/\"},{\"@type\":\"ListItem\",\"position\":3,\"name\":\"Tarifa Oferta del mes de Gas\"}]},{\"@type\":\"WebSite\",\"@id\":\"https:\/\/www.factorenergia.com\/es\/#website\",\"url\":\"https:\/\/www.factorenergia.com\/es\/\",\"name\":\"factorenergia\",\"description\":\"Factor Energ\u00eda\",\"potentialAction\":[{\"@type\":\"SearchAction\",\"target\":{\"@type\":\"EntryPoint\",\"urlTemplate\":\"https:\/\/www.factorenergia.com\/es\/?s={search_term_string}\"},\"query-input\":\"required name=search_term_string\"}],\"inLanguage\":\"es\"}]}<\/script>\n<!-- \/ Yoast SEO plugin. -->","yoast_head_json":{"title":"Tarifa Oferta de Gas: El mejor precio de gas natural | factorenergia","description":"Con la Tarifa de gas natural Oferta del mes, te aplicamos la mejor oferta en tarifa de gas que disponemos, cuando venza te propondremos otra oferta!","robots":{"index":"index","follow":"follow","max-snippet":"max-snippet:-1","max-image-preview":"max-image-preview:large","max-video-preview":"max-video-preview:-1"},"canonical":"https:\/\/www.factorenergia.com\/es\/gas\/tarifa-oferta-del-mes\/","twitter_card":"summary_large_image","twitter_title":"Tarifa Oferta de Gas: El mejor precio de gas natural | factorenergia","twitter_description":"Con la Tarifa de gas natural Oferta del mes, te aplicamos la mejor oferta en tarifa de gas que disponemos, cuando venza te propondremos otra oferta!","twitter_site":"@factorenergia","twitter_misc":{"Tiempo de lectura":"1 minuto"},"schema":{"@context":"https:\/\/schema.org","@graph":[{"@type":"WebPage","@id":"https:\/\/www.factorenergia.com\/es\/gas\/tarifa-oferta-del-mes\/","url":"https:\/\/www.factorenergia.com\/es\/gas\/tarifa-oferta-del-mes\/","name":"Tarifa Oferta de Gas: El mejor precio de gas natural | factorenergia","isPartOf":{"@id":"https:\/\/www.factorenergia.com\/es\/#website"},"datePublished":"2017-11-07T15:10:16+00:00","dateModified":"2025-02-03T14:56:46+00:00","description":"Con la Tarifa de gas natural Oferta del mes, te aplicamos la mejor oferta en tarifa de gas que disponemos, cuando venza te propondremos otra oferta!","breadcrumb":{"@id":"https:\/\/www.factorenergia.com\/es\/gas\/tarifa-oferta-del-mes\/#breadcrumb"},"inLanguage":"es","potentialAction":[{"@type":"ReadAction","target":["https:\/\/www.factorenergia.com\/es\/gas\/tarifa-oferta-del-mes\/"]}]},{"@type":"BreadcrumbList","@id":"https:\/\/www.factorenergia.com\/es\/gas\/tarifa-oferta-del-mes\/#breadcrumb","itemListElement":[{"@type":"ListItem","position":1,"name":"Portada","item":"https:\/\/www.factorenergia.com\/es\/"},{"@type":"ListItem","position":2,"name":"Tarifas Gas","item":"https:\/\/www.factorenergia.com\/es\/gas\/"},{"@type":"ListItem","position":3,"name":"Tarifa Oferta del mes de Gas"}]},{"@type":"WebSite","@id":"https:\/\/www.factorenergia.com\/es\/#website","url":"https:\/\/www.factorenergia.com\/es\/","name":"factorenergia","description":"Factor Energ\u00eda","potentialAction":[{"@type":"SearchAction","target":{"@type":"EntryPoint","urlTemplate":"https:\/\/www.factorenergia.com\/es\/?s={search_term_string}"},"query-input":"required name=search_term_string"}],"inLanguage":"es"}]}},"_links":{"self":[{"href":"https:\/\/www.factorenergia.com\/es\/wp-json\/wp\/v2\/pages\/4764"}],"collection":[{"href":"https:\/\/www.factorenergia.com\/es\/wp-json\/wp\/v2\/pages"}],"about":[{"href":"https:\/\/www.factorenergia.com\/es\/wp-json\/wp\/v2\/types\/page"}],"author":[{"embeddable":true,"href":"https:\/\/www.factorenergia.com\/es\/wp-json\/wp\/v2\/users\/12"}],"replies":[{"embeddable":true,"href":"https:\/\/www.factorenergia.com\/es\/wp-json\/wp\/v2\/comments?post=4764"}],"version-history":[{"count":85,"href":"https:\/\/www.factorenergia.com\/es\/wp-json\/wp\/v2\/pages\/4764\/revisions"}],"predecessor-version":[{"id":27501,"href":"https:\/\/www.factorenergia.com\/es\/wp-json\/wp\/v2\/pages\/4764\/revisions\/27501"}],"up":[{"embeddable":true,"href":"https:\/\/www.factorenergia.com\/es\/wp-json\/wp\/v2\/pages\/4616"}],"wp:attachment":[{"href":"https:\/\/www.factorenergia.com\/es\/wp-json\/wp\/v2\/media?parent=4764"}],"wp:term":[{"taxonomy":"category","embeddable":true,"href":"https:\/\/www.factorenergia.com\/es\/wp-json\/wp\/v2\/categories?post=4764"},{"taxonomy":"post_tag","embeddable":true,"href":"https:\/\/www.factorenergia.com\/es\/wp-json\/wp\/v2\/tags?post=4764"}],"curies":[{"name":"wp","href":"https:\/\/api.w.org\/{rel}","templated":true}]}}