{"id":4748,"date":"2017-11-03T12:03:51","date_gmt":"2017-11-03T10:03:51","guid":{"rendered":"https:\/\/www.factorenergia.com\/es\/?page_id=4748"},"modified":"2024-02-16T14:26:50","modified_gmt":"2024-02-16T12:26:50","slug":"tarifa-mini","status":"publish","type":"page","link":"https:\/\/www.factorenergia.com\/es\/gas\/tarifa-mini\/","title":{"rendered":"Tarifa Mini de Gas para segundas viviendas"},"content":{"rendered":"<p>Elige la tarifa mini si tienes un piso o una casa en la que no vivas, pero a la que vas de vez en cuando. Con esta tarifa, <strong>pagar\u00e1s menos de t\u00e9rmino fijo<\/strong>, porque entendemos que tu consumo es aislado.<\/p>\n","protected":false},"excerpt":{"rendered":"<p>Elige la tarifa mini si tienes un piso o una casa en la que no vivas, pero a la que vas de vez en cuando. Con esta tarifa, pagar\u00e1s menos de t\u00e9rmino fijo, porque entendemos que tu consumo es aislado.<\/p>\n","protected":false},"author":12,"featured_media":0,"parent":4616,"menu_order":0,"comment_status":"closed","ping_status":"closed","template":"templates\/tarifas.php","meta":{"inline_featured_image":false,"footnotes":""},"categories":[6],"tags":[],"acf":[],"yoast_head":"<!-- This site is optimized with the Yoast SEO plugin v22.2 - https:\/\/yoast.com\/wordpress\/plugins\/seo\/ -->\n<title>Tarifa Mini de Gas para tu segunda vivienda: Tu cuota m\u00ednima de gas<\/title>\n<meta name=\"description\" content=\"Esta tarifa de gas es ideal para segundas residencias. Tendr\u00e1s el t\u00e9rmino fijo de gas m\u00e1s econ\u00f3mico, una tarifa de gas justa para consumos reducidos.\" \/>\n<meta name=\"robots\" content=\"index, follow, max-snippet:-1, max-image-preview:large, max-video-preview:-1\" \/>\n<link rel=\"canonical\" href=\"https:\/\/www.factorenergia.com\/es\/gas\/tarifa-mini\/\" \/>\n<meta name=\"twitter:card\" content=\"summary_large_image\" \/>\n<meta name=\"twitter:title\" content=\"Tarifa Mini de Gas para tu segunda vivienda: Tu cuota m\u00ednima de gas\" \/>\n<meta name=\"twitter:description\" content=\"Esta tarifa de gas es ideal para segundas residencias. Tendr\u00e1s el t\u00e9rmino fijo de gas m\u00e1s econ\u00f3mico, una tarifa de gas justa para consumos reducidos.\" \/>\n<meta name=\"twitter:site\" content=\"@factorenergia\" \/>\n<meta name=\"twitter:label1\" content=\"Tiempo de lectura\" \/>\n\t<meta name=\"twitter:data1\" content=\"1 minuto\" \/>\n<script type=\"application\/ld+json\" class=\"yoast-schema-graph\">{\"@context\":\"https:\/\/schema.org\",\"@graph\":[{\"@type\":\"WebPage\",\"@id\":\"https:\/\/www.factorenergia.com\/es\/gas\/tarifa-mini\/\",\"url\":\"https:\/\/www.factorenergia.com\/es\/gas\/tarifa-mini\/\",\"name\":\"Tarifa Mini de Gas para tu segunda vivienda: Tu cuota m\u00ednima de gas\",\"isPartOf\":{\"@id\":\"https:\/\/www.factorenergia.com\/es\/#website\"},\"datePublished\":\"2017-11-03T10:03:51+00:00\",\"dateModified\":\"2024-02-16T12:26:50+00:00\",\"description\":\"Esta tarifa de gas es ideal para segundas residencias. Tendr\u00e1s el t\u00e9rmino fijo de gas m\u00e1s econ\u00f3mico, una tarifa de gas justa para consumos reducidos.\",\"breadcrumb\":{\"@id\":\"https:\/\/www.factorenergia.com\/es\/gas\/tarifa-mini\/#breadcrumb\"},\"inLanguage\":\"es\",\"potentialAction\":[{\"@type\":\"ReadAction\",\"target\":[\"https:\/\/www.factorenergia.com\/es\/gas\/tarifa-mini\/\"]}]},{\"@type\":\"BreadcrumbList\",\"@id\":\"https:\/\/www.factorenergia.com\/es\/gas\/tarifa-mini\/#breadcrumb\",\"itemListElement\":[{\"@type\":\"ListItem\",\"position\":1,\"name\":\"Portada\",\"item\":\"https:\/\/www.factorenergia.com\/es\/\"},{\"@type\":\"ListItem\",\"position\":2,\"name\":\"Tarifas Gas\",\"item\":\"https:\/\/www.factorenergia.com\/es\/gas\/\"},{\"@type\":\"ListItem\",\"position\":3,\"name\":\"Tarifa Mini de Gas para segundas viviendas\"}]},{\"@type\":\"WebSite\",\"@id\":\"https:\/\/www.factorenergia.com\/es\/#website\",\"url\":\"https:\/\/www.factorenergia.com\/es\/\",\"name\":\"factorenergia\",\"description\":\"Factor Energ\u00eda\",\"potentialAction\":[{\"@type\":\"SearchAction\",\"target\":{\"@type\":\"EntryPoint\",\"urlTemplate\":\"https:\/\/www.factorenergia.com\/es\/?s={search_term_string}\"},\"query-input\":\"required name=search_term_string\"}],\"inLanguage\":\"es\"}]}<\/script>\n<!-- \/ Yoast SEO plugin. -->","yoast_head_json":{"title":"Tarifa Mini de Gas para tu segunda vivienda: Tu cuota m\u00ednima de gas","description":"Esta tarifa de gas es ideal para segundas residencias. Tendr\u00e1s el t\u00e9rmino fijo de gas m\u00e1s econ\u00f3mico, una tarifa de gas justa para consumos reducidos.","robots":{"index":"index","follow":"follow","max-snippet":"max-snippet:-1","max-image-preview":"max-image-preview:large","max-video-preview":"max-video-preview:-1"},"canonical":"https:\/\/www.factorenergia.com\/es\/gas\/tarifa-mini\/","twitter_card":"summary_large_image","twitter_title":"Tarifa Mini de Gas para tu segunda vivienda: Tu cuota m\u00ednima de gas","twitter_description":"Esta tarifa de gas es ideal para segundas residencias. Tendr\u00e1s el t\u00e9rmino fijo de gas m\u00e1s econ\u00f3mico, una tarifa de gas justa para consumos reducidos.","twitter_site":"@factorenergia","twitter_misc":{"Tiempo de lectura":"1 minuto"},"schema":{"@context":"https:\/\/schema.org","@graph":[{"@type":"WebPage","@id":"https:\/\/www.factorenergia.com\/es\/gas\/tarifa-mini\/","url":"https:\/\/www.factorenergia.com\/es\/gas\/tarifa-mini\/","name":"Tarifa Mini de Gas para tu segunda vivienda: Tu cuota m\u00ednima de gas","isPartOf":{"@id":"https:\/\/www.factorenergia.com\/es\/#website"},"datePublished":"2017-11-03T10:03:51+00:00","dateModified":"2024-02-16T12:26:50+00:00","description":"Esta tarifa de gas es ideal para segundas residencias. Tendr\u00e1s el t\u00e9rmino fijo de gas m\u00e1s econ\u00f3mico, una tarifa de gas justa para consumos reducidos.","breadcrumb":{"@id":"https:\/\/www.factorenergia.com\/es\/gas\/tarifa-mini\/#breadcrumb"},"inLanguage":"es","potentialAction":[{"@type":"ReadAction","target":["https:\/\/www.factorenergia.com\/es\/gas\/tarifa-mini\/"]}]},{"@type":"BreadcrumbList","@id":"https:\/\/www.factorenergia.com\/es\/gas\/tarifa-mini\/#breadcrumb","itemListElement":[{"@type":"ListItem","position":1,"name":"Portada","item":"https:\/\/www.factorenergia.com\/es\/"},{"@type":"ListItem","position":2,"name":"Tarifas Gas","item":"https:\/\/www.factorenergia.com\/es\/gas\/"},{"@type":"ListItem","position":3,"name":"Tarifa Mini de Gas para segundas viviendas"}]},{"@type":"WebSite","@id":"https:\/\/www.factorenergia.com\/es\/#website","url":"https:\/\/www.factorenergia.com\/es\/","name":"factorenergia","description":"Factor Energ\u00eda","potentialAction":[{"@type":"SearchAction","target":{"@type":"EntryPoint","urlTemplate":"https:\/\/www.factorenergia.com\/es\/?s={search_term_string}"},"query-input":"required name=search_term_string"}],"inLanguage":"es"}]}},"_links":{"self":[{"href":"https:\/\/www.factorenergia.com\/es\/wp-json\/wp\/v2\/pages\/4748"}],"collection":[{"href":"https:\/\/www.factorenergia.com\/es\/wp-json\/wp\/v2\/pages"}],"about":[{"href":"https:\/\/www.factorenergia.com\/es\/wp-json\/wp\/v2\/types\/page"}],"author":[{"embeddable":true,"href":"https:\/\/www.factorenergia.com\/es\/wp-json\/wp\/v2\/users\/12"}],"replies":[{"embeddable":true,"href":"https:\/\/www.factorenergia.com\/es\/wp-json\/wp\/v2\/comments?post=4748"}],"version-history":[{"count":91,"href":"https:\/\/www.factorenergia.com\/es\/wp-json\/wp\/v2\/pages\/4748\/revisions"}],"predecessor-version":[{"id":24550,"href":"https:\/\/www.factorenergia.com\/es\/wp-json\/wp\/v2\/pages\/4748\/revisions\/24550"}],"up":[{"embeddable":true,"href":"https:\/\/www.factorenergia.com\/es\/wp-json\/wp\/v2\/pages\/4616"}],"wp:attachment":[{"href":"https:\/\/www.factorenergia.com\/es\/wp-json\/wp\/v2\/media?parent=4748"}],"wp:term":[{"taxonomy":"category","embeddable":true,"href":"https:\/\/www.factorenergia.com\/es\/wp-json\/wp\/v2\/categories?post=4748"},{"taxonomy":"post_tag","embeddable":true,"href":"https:\/\/www.factorenergia.com\/es\/wp-json\/wp\/v2\/tags?post=4748"}],"curies":[{"name":"wp","href":"https:\/\/api.w.org\/{rel}","templated":true}]}}