{"id":4472,"date":"2017-09-05T12:18:03","date_gmt":"2017-09-05T10:18:03","guid":{"rendered":"https:\/\/www.factorenergia.com\/es\/?page_id=4472"},"modified":"2024-11-27T13:31:23","modified_gmt":"2024-11-27T11:31:23","slug":"caes","status":"publish","type":"page","link":"https:\/\/www.factorenergia.com\/es\/placas-solares\/caes\/","title":{"rendered":"Certificados de Ahorro Energ\u00e9tico (CAEs)"},"content":{"rendered":"<p><span>Los Certificados de Ahorro Energ\u00e9tico (CAEs) acreditan el ahorro conseguido a trav\u00e9s de las medidas de eficiencia energ\u00e9tica que implementas en tu negocio. Tambi\u00e9n son un incentivo para la transici\u00f3n hacia un modelo energ\u00e9tico m\u00e1s eficiente y responsable.<\/span><\/p>\n","protected":false},"excerpt":{"rendered":"<p>Los Certificados de Ahorro Energ\u00e9tico (CAEs) acreditan el ahorro conseguido a trav\u00e9s de las medidas de eficiencia energ\u00e9tica que implementas en tu negocio. Tambi\u00e9n son un incentivo para la transici\u00f3n hacia un modelo energ\u00e9tico m\u00e1s eficiente y responsable.<\/p>\n","protected":false},"author":12,"featured_media":0,"parent":24396,"menu_order":0,"comment_status":"closed","ping_status":"closed","template":"templates\/caes.php","meta":{"inline_featured_image":false,"footnotes":""},"categories":[],"tags":[],"acf":[],"yoast_head":"<!-- This site is optimized with the Yoast SEO plugin v22.2 - https:\/\/yoast.com\/wordpress\/plugins\/seo\/ -->\n<title>Certificados de Ahorro Energ\u00e9tico (CAEs)<\/title>\n<meta name=\"description\" content=\"Los Certificados de Ahorro Energ\u00e9tico (CAEs) acreditan el ahorro conseguido a trav\u00e9s de las medidas de eficiencia energ\u00e9tica que implementas en tu negocio.\" \/>\n<meta name=\"robots\" content=\"index, follow, max-snippet:-1, max-image-preview:large, max-video-preview:-1\" \/>\n<link rel=\"canonical\" href=\"https:\/\/www.factorenergia.com\/es\/placas-solares\/caes\/\" \/>\n<meta name=\"twitter:card\" content=\"summary_large_image\" \/>\n<meta name=\"twitter:title\" content=\"Certificados de Ahorro Energ\u00e9tico (CAEs)\" \/>\n<meta name=\"twitter:description\" content=\"Los Certificados de Ahorro Energ\u00e9tico (CAEs) acreditan el ahorro conseguido a trav\u00e9s de las medidas de eficiencia energ\u00e9tica que implementas en tu negocio.\" \/>\n<meta name=\"twitter:site\" content=\"@factorenergia\" \/>\n<meta name=\"twitter:label1\" content=\"Tiempo de lectura\" \/>\n\t<meta name=\"twitter:data1\" content=\"1 minuto\" \/>\n<script type=\"application\/ld+json\" class=\"yoast-schema-graph\">{\"@context\":\"https:\/\/schema.org\",\"@graph\":[{\"@type\":\"WebPage\",\"@id\":\"https:\/\/www.factorenergia.com\/es\/placas-solares\/caes\/\",\"url\":\"https:\/\/www.factorenergia.com\/es\/placas-solares\/caes\/\",\"name\":\"Certificados de Ahorro Energ\u00e9tico (CAEs)\",\"isPartOf\":{\"@id\":\"https:\/\/www.factorenergia.com\/es\/#website\"},\"datePublished\":\"2017-09-05T10:18:03+00:00\",\"dateModified\":\"2024-11-27T11:31:23+00:00\",\"description\":\"Los Certificados de Ahorro Energ\u00e9tico (CAEs) acreditan el ahorro conseguido a trav\u00e9s de las medidas de eficiencia energ\u00e9tica que implementas en tu negocio.\",\"breadcrumb\":{\"@id\":\"https:\/\/www.factorenergia.com\/es\/placas-solares\/caes\/#breadcrumb\"},\"inLanguage\":\"es\",\"potentialAction\":[{\"@type\":\"ReadAction\",\"target\":[\"https:\/\/www.factorenergia.com\/es\/placas-solares\/caes\/\"]}]},{\"@type\":\"BreadcrumbList\",\"@id\":\"https:\/\/www.factorenergia.com\/es\/placas-solares\/caes\/#breadcrumb\",\"itemListElement\":[{\"@type\":\"ListItem\",\"position\":1,\"name\":\"Portada\",\"item\":\"https:\/\/www.factorenergia.com\/es\/\"},{\"@type\":\"ListItem\",\"position\":2,\"name\":\"Distribuidora Placas Solares\",\"item\":\"https:\/\/www.factorenergia.com\/es\/placas-solares\/\"},{\"@type\":\"ListItem\",\"position\":3,\"name\":\"Certificados de Ahorro Energ\u00e9tico (CAEs)\"}]},{\"@type\":\"WebSite\",\"@id\":\"https:\/\/www.factorenergia.com\/es\/#website\",\"url\":\"https:\/\/www.factorenergia.com\/es\/\",\"name\":\"factorenergia\",\"description\":\"Factor Energ\u00eda\",\"potentialAction\":[{\"@type\":\"SearchAction\",\"target\":{\"@type\":\"EntryPoint\",\"urlTemplate\":\"https:\/\/www.factorenergia.com\/es\/?s={search_term_string}\"},\"query-input\":\"required name=search_term_string\"}],\"inLanguage\":\"es\"}]}<\/script>\n<!-- \/ Yoast SEO plugin. -->","yoast_head_json":{"title":"Certificados de Ahorro Energ\u00e9tico (CAEs)","description":"Los Certificados de Ahorro Energ\u00e9tico (CAEs) acreditan el ahorro conseguido a trav\u00e9s de las medidas de eficiencia energ\u00e9tica que implementas en tu negocio.","robots":{"index":"index","follow":"follow","max-snippet":"max-snippet:-1","max-image-preview":"max-image-preview:large","max-video-preview":"max-video-preview:-1"},"canonical":"https:\/\/www.factorenergia.com\/es\/placas-solares\/caes\/","twitter_card":"summary_large_image","twitter_title":"Certificados de Ahorro Energ\u00e9tico (CAEs)","twitter_description":"Los Certificados de Ahorro Energ\u00e9tico (CAEs) acreditan el ahorro conseguido a trav\u00e9s de las medidas de eficiencia energ\u00e9tica que implementas en tu negocio.","twitter_site":"@factorenergia","twitter_misc":{"Tiempo de lectura":"1 minuto"},"schema":{"@context":"https:\/\/schema.org","@graph":[{"@type":"WebPage","@id":"https:\/\/www.factorenergia.com\/es\/placas-solares\/caes\/","url":"https:\/\/www.factorenergia.com\/es\/placas-solares\/caes\/","name":"Certificados de Ahorro Energ\u00e9tico (CAEs)","isPartOf":{"@id":"https:\/\/www.factorenergia.com\/es\/#website"},"datePublished":"2017-09-05T10:18:03+00:00","dateModified":"2024-11-27T11:31:23+00:00","description":"Los Certificados de Ahorro Energ\u00e9tico (CAEs) acreditan el ahorro conseguido a trav\u00e9s de las medidas de eficiencia energ\u00e9tica que implementas en tu negocio.","breadcrumb":{"@id":"https:\/\/www.factorenergia.com\/es\/placas-solares\/caes\/#breadcrumb"},"inLanguage":"es","potentialAction":[{"@type":"ReadAction","target":["https:\/\/www.factorenergia.com\/es\/placas-solares\/caes\/"]}]},{"@type":"BreadcrumbList","@id":"https:\/\/www.factorenergia.com\/es\/placas-solares\/caes\/#breadcrumb","itemListElement":[{"@type":"ListItem","position":1,"name":"Portada","item":"https:\/\/www.factorenergia.com\/es\/"},{"@type":"ListItem","position":2,"name":"Distribuidora Placas Solares","item":"https:\/\/www.factorenergia.com\/es\/placas-solares\/"},{"@type":"ListItem","position":3,"name":"Certificados de Ahorro Energ\u00e9tico (CAEs)"}]},{"@type":"WebSite","@id":"https:\/\/www.factorenergia.com\/es\/#website","url":"https:\/\/www.factorenergia.com\/es\/","name":"factorenergia","description":"Factor Energ\u00eda","potentialAction":[{"@type":"SearchAction","target":{"@type":"EntryPoint","urlTemplate":"https:\/\/www.factorenergia.com\/es\/?s={search_term_string}"},"query-input":"required name=search_term_string"}],"inLanguage":"es"}]}},"_links":{"self":[{"href":"https:\/\/www.factorenergia.com\/es\/wp-json\/wp\/v2\/pages\/4472"}],"collection":[{"href":"https:\/\/www.factorenergia.com\/es\/wp-json\/wp\/v2\/pages"}],"about":[{"href":"https:\/\/www.factorenergia.com\/es\/wp-json\/wp\/v2\/types\/page"}],"author":[{"embeddable":true,"href":"https:\/\/www.factorenergia.com\/es\/wp-json\/wp\/v2\/users\/12"}],"replies":[{"embeddable":true,"href":"https:\/\/www.factorenergia.com\/es\/wp-json\/wp\/v2\/comments?post=4472"}],"version-history":[{"count":23,"href":"https:\/\/www.factorenergia.com\/es\/wp-json\/wp\/v2\/pages\/4472\/revisions"}],"predecessor-version":[{"id":27134,"href":"https:\/\/www.factorenergia.com\/es\/wp-json\/wp\/v2\/pages\/4472\/revisions\/27134"}],"up":[{"embeddable":true,"href":"https:\/\/www.factorenergia.com\/es\/wp-json\/wp\/v2\/pages\/24396"}],"wp:attachment":[{"href":"https:\/\/www.factorenergia.com\/es\/wp-json\/wp\/v2\/media?parent=4472"}],"wp:term":[{"taxonomy":"category","embeddable":true,"href":"https:\/\/www.factorenergia.com\/es\/wp-json\/wp\/v2\/categories?post=4472"},{"taxonomy":"post_tag","embeddable":true,"href":"https:\/\/www.factorenergia.com\/es\/wp-json\/wp\/v2\/tags?post=4472"}],"curies":[{"name":"wp","href":"https:\/\/api.w.org\/{rel}","templated":true}]}}