{"id":37,"date":"2015-09-02T09:52:55","date_gmt":"2015-09-02T09:52:55","guid":{"rendered":"http:\/\/newfactorenergia.wearebab.com\/?page_id=37"},"modified":"2025-08-26T15:20:48","modified_gmt":"2025-08-26T13:20:48","slug":"ventajas","status":"publish","type":"page","link":"https:\/\/www.factorenergia.com\/es\/ventajas\/","title":{"rendered":"Con\u00f3cenos"},"content":{"rendered":"<p>Somos la primera energ\u00e9tica espa\u00f1ola que ha acreditado su compromiso con la sostenibilidad, el medioambiente y el ahorro energ\u00e9tico con el cumplimiento de los ODS.<\/p>\n","protected":false},"excerpt":{"rendered":"<p>Somos la primera energ\u00e9tica espa\u00f1ola que ha acreditado su compromiso con la sostenibilidad, el medioambiente y el ahorro energ\u00e9tico con el cumplimiento de los ODS.<\/p>\n","protected":false},"author":5,"featured_media":0,"parent":0,"menu_order":0,"comment_status":"closed","ping_status":"closed","template":"templates\/conocenos.php","meta":{"inline_featured_image":false,"footnotes":""},"categories":[6],"tags":[],"acf":[],"yoast_head":"<!-- This site is optimized with the Yoast SEO plugin v22.2 - https:\/\/yoast.com\/wordpress\/plugins\/seo\/ -->\n<title>Ventajas de Cambiar de Empresa de Luz | factorenerg\u00eda<\/title>\n<meta name=\"description\" content=\"Conoce las ventajas de cambiar de empresa de luz y compa\u00f1\u00eda el\u00e9ctrica y pasar a ser parte de Factorenergia. Descubre el manifiesto de factorenerg\u00eda.\" \/>\n<meta name=\"robots\" content=\"noindex, follow\" \/>\n<meta name=\"twitter:card\" content=\"summary_large_image\" \/>\n<meta name=\"twitter:title\" content=\"Ventajas de Cambiar de Empresa de Luz | factorenerg\u00eda\" \/>\n<meta name=\"twitter:description\" content=\"Conoce las ventajas de cambiar de empresa de luz y compa\u00f1\u00eda el\u00e9ctrica y pasar a ser parte de Factorenergia. Descubre el manifiesto de factorenerg\u00eda.\" \/>\n<meta name=\"twitter:site\" content=\"@factorenergia\" \/>\n<meta name=\"twitter:label1\" content=\"Tiempo de lectura\" \/>\n\t<meta name=\"twitter:data1\" content=\"1 minuto\" \/>\n<script type=\"application\/ld+json\" class=\"yoast-schema-graph\">{\"@context\":\"https:\/\/schema.org\",\"@graph\":[{\"@type\":\"WebPage\",\"@id\":\"https:\/\/www.factorenergia.com\/es\/ventajas\/\",\"url\":\"https:\/\/www.factorenergia.com\/es\/ventajas\/\",\"name\":\"Ventajas de Cambiar de Empresa de Luz | factorenerg\u00eda\",\"isPartOf\":{\"@id\":\"https:\/\/www.factorenergia.com\/es\/#website\"},\"datePublished\":\"2015-09-02T09:52:55+00:00\",\"dateModified\":\"2025-08-26T13:20:48+00:00\",\"description\":\"Conoce las ventajas de cambiar de empresa de luz y compa\u00f1\u00eda el\u00e9ctrica y pasar a ser parte de Factorenergia. Descubre el manifiesto de factorenerg\u00eda.\",\"breadcrumb\":{\"@id\":\"https:\/\/www.factorenergia.com\/es\/ventajas\/#breadcrumb\"},\"inLanguage\":\"es\",\"potentialAction\":[{\"@type\":\"ReadAction\",\"target\":[\"https:\/\/www.factorenergia.com\/es\/ventajas\/\"]}]},{\"@type\":\"BreadcrumbList\",\"@id\":\"https:\/\/www.factorenergia.com\/es\/ventajas\/#breadcrumb\",\"itemListElement\":[{\"@type\":\"ListItem\",\"position\":1,\"name\":\"Portada\",\"item\":\"https:\/\/www.factorenergia.com\/es\/\"},{\"@type\":\"ListItem\",\"position\":2,\"name\":\"Con\u00f3cenos\"}]},{\"@type\":\"WebSite\",\"@id\":\"https:\/\/www.factorenergia.com\/es\/#website\",\"url\":\"https:\/\/www.factorenergia.com\/es\/\",\"name\":\"factorenergia\",\"description\":\"Factor Energ\u00eda\",\"potentialAction\":[{\"@type\":\"SearchAction\",\"target\":{\"@type\":\"EntryPoint\",\"urlTemplate\":\"https:\/\/www.factorenergia.com\/es\/?s={search_term_string}\"},\"query-input\":\"required name=search_term_string\"}],\"inLanguage\":\"es\"}]}<\/script>\n<!-- \/ Yoast SEO plugin. -->","yoast_head_json":{"title":"Ventajas de Cambiar de Empresa de Luz | factorenerg\u00eda","description":"Conoce las ventajas de cambiar de empresa de luz y compa\u00f1\u00eda el\u00e9ctrica y pasar a ser parte de Factorenergia. Descubre el manifiesto de factorenerg\u00eda.","robots":{"index":"noindex","follow":"follow"},"twitter_card":"summary_large_image","twitter_title":"Ventajas de Cambiar de Empresa de Luz | factorenerg\u00eda","twitter_description":"Conoce las ventajas de cambiar de empresa de luz y compa\u00f1\u00eda el\u00e9ctrica y pasar a ser parte de Factorenergia. Descubre el manifiesto de factorenerg\u00eda.","twitter_site":"@factorenergia","twitter_misc":{"Tiempo de lectura":"1 minuto"},"schema":{"@context":"https:\/\/schema.org","@graph":[{"@type":"WebPage","@id":"https:\/\/www.factorenergia.com\/es\/ventajas\/","url":"https:\/\/www.factorenergia.com\/es\/ventajas\/","name":"Ventajas de Cambiar de Empresa de Luz | factorenerg\u00eda","isPartOf":{"@id":"https:\/\/www.factorenergia.com\/es\/#website"},"datePublished":"2015-09-02T09:52:55+00:00","dateModified":"2025-08-26T13:20:48+00:00","description":"Conoce las ventajas de cambiar de empresa de luz y compa\u00f1\u00eda el\u00e9ctrica y pasar a ser parte de Factorenergia. Descubre el manifiesto de factorenerg\u00eda.","breadcrumb":{"@id":"https:\/\/www.factorenergia.com\/es\/ventajas\/#breadcrumb"},"inLanguage":"es","potentialAction":[{"@type":"ReadAction","target":["https:\/\/www.factorenergia.com\/es\/ventajas\/"]}]},{"@type":"BreadcrumbList","@id":"https:\/\/www.factorenergia.com\/es\/ventajas\/#breadcrumb","itemListElement":[{"@type":"ListItem","position":1,"name":"Portada","item":"https:\/\/www.factorenergia.com\/es\/"},{"@type":"ListItem","position":2,"name":"Con\u00f3cenos"}]},{"@type":"WebSite","@id":"https:\/\/www.factorenergia.com\/es\/#website","url":"https:\/\/www.factorenergia.com\/es\/","name":"factorenergia","description":"Factor Energ\u00eda","potentialAction":[{"@type":"SearchAction","target":{"@type":"EntryPoint","urlTemplate":"https:\/\/www.factorenergia.com\/es\/?s={search_term_string}"},"query-input":"required name=search_term_string"}],"inLanguage":"es"}]}},"_links":{"self":[{"href":"https:\/\/www.factorenergia.com\/es\/wp-json\/wp\/v2\/pages\/37"}],"collection":[{"href":"https:\/\/www.factorenergia.com\/es\/wp-json\/wp\/v2\/pages"}],"about":[{"href":"https:\/\/www.factorenergia.com\/es\/wp-json\/wp\/v2\/types\/page"}],"author":[{"embeddable":true,"href":"https:\/\/www.factorenergia.com\/es\/wp-json\/wp\/v2\/users\/5"}],"replies":[{"embeddable":true,"href":"https:\/\/www.factorenergia.com\/es\/wp-json\/wp\/v2\/comments?post=37"}],"version-history":[{"count":14,"href":"https:\/\/www.factorenergia.com\/es\/wp-json\/wp\/v2\/pages\/37\/revisions"}],"predecessor-version":[{"id":30016,"href":"https:\/\/www.factorenergia.com\/es\/wp-json\/wp\/v2\/pages\/37\/revisions\/30016"}],"wp:attachment":[{"href":"https:\/\/www.factorenergia.com\/es\/wp-json\/wp\/v2\/media?parent=37"}],"wp:term":[{"taxonomy":"category","embeddable":true,"href":"https:\/\/www.factorenergia.com\/es\/wp-json\/wp\/v2\/categories?post=37"},{"taxonomy":"post_tag","embeddable":true,"href":"https:\/\/www.factorenergia.com\/es\/wp-json\/wp\/v2\/tags?post=37"}],"curies":[{"name":"wp","href":"https:\/\/api.w.org\/{rel}","templated":true}]}}