{"id":30696,"date":"2025-11-27T11:31:44","date_gmt":"2025-11-27T09:31:44","guid":{"rendered":"https:\/\/www.factorenergia.com\/es\/?page_id=30696"},"modified":"2025-11-28T11:37:45","modified_gmt":"2025-11-28T09:37:45","slug":"bateria-solar-hosteleria","status":"publish","type":"page","link":"https:\/\/www.factorenergia.com\/es\/placas-solares\/bateria-solar-hosteleria\/","title":{"rendered":"Luz bateria hosteler\u00eda"},"content":{"rendered":"<p>Nuestra bater\u00eda inteligente es la soluci\u00f3n definitiva para conseguir el <b>ahorro e independencia energ\u00e9tica <\/b>que tu restaurante necesita. \u00a1Siempre con luz!<\/p>\n","protected":false},"excerpt":{"rendered":"<p>Nuestra bater\u00eda inteligente es la soluci\u00f3n definitiva para conseguir el ahorro e independencia energ\u00e9tica que tu restaurante necesita. \u00a1Siempre con luz!<\/p>\n","protected":false},"author":29,"featured_media":0,"parent":24396,"menu_order":0,"comment_status":"closed","ping_status":"closed","template":"templates\/bateria-virtual-placas-hosteleria.php","meta":{"inline_featured_image":false,"footnotes":""},"categories":[],"tags":[],"acf":[],"yoast_head":"<!-- This site is optimized with the Yoast SEO plugin v22.2 - https:\/\/yoast.com\/wordpress\/plugins\/seo\/ -->\n<title>Luz bateria hosteler\u00eda | Factor Energ\u00eda<\/title>\n<meta name=\"robots\" content=\"index, follow, max-snippet:-1, max-image-preview:large, max-video-preview:-1\" \/>\n<link rel=\"canonical\" href=\"https:\/\/www.factorenergia.com\/es\/placas-solares\/bateria-solar-hosteleria\/\" \/>\n<meta name=\"twitter:card\" content=\"summary_large_image\" \/>\n<meta name=\"twitter:title\" content=\"Luz bateria hosteler\u00eda | Factor Energ\u00eda\" \/>\n<meta name=\"twitter:site\" content=\"@factorenergia\" \/>\n<meta name=\"twitter:label1\" content=\"Tiempo de lectura\" \/>\n\t<meta name=\"twitter:data1\" content=\"1 minuto\" \/>\n<script type=\"application\/ld+json\" class=\"yoast-schema-graph\">{\"@context\":\"https:\/\/schema.org\",\"@graph\":[{\"@type\":\"WebPage\",\"@id\":\"https:\/\/www.factorenergia.com\/es\/placas-solares\/bateria-solar-hosteleria\/\",\"url\":\"https:\/\/www.factorenergia.com\/es\/placas-solares\/bateria-solar-hosteleria\/\",\"name\":\"Luz bateria hosteler\u00eda | Factor Energ\u00eda\",\"isPartOf\":{\"@id\":\"https:\/\/www.factorenergia.com\/es\/#website\"},\"datePublished\":\"2025-11-27T09:31:44+00:00\",\"dateModified\":\"2025-11-28T09:37:45+00:00\",\"breadcrumb\":{\"@id\":\"https:\/\/www.factorenergia.com\/es\/placas-solares\/bateria-solar-hosteleria\/#breadcrumb\"},\"inLanguage\":\"es\",\"potentialAction\":[{\"@type\":\"ReadAction\",\"target\":[\"https:\/\/www.factorenergia.com\/es\/placas-solares\/bateria-solar-hosteleria\/\"]}]},{\"@type\":\"BreadcrumbList\",\"@id\":\"https:\/\/www.factorenergia.com\/es\/placas-solares\/bateria-solar-hosteleria\/#breadcrumb\",\"itemListElement\":[{\"@type\":\"ListItem\",\"position\":1,\"name\":\"Portada\",\"item\":\"https:\/\/www.factorenergia.com\/es\/\"},{\"@type\":\"ListItem\",\"position\":2,\"name\":\"Distribuidora Placas Solares\",\"item\":\"https:\/\/www.factorenergia.com\/es\/placas-solares\/\"},{\"@type\":\"ListItem\",\"position\":3,\"name\":\"Luz bateria hosteler\u00eda\"}]},{\"@type\":\"WebSite\",\"@id\":\"https:\/\/www.factorenergia.com\/es\/#website\",\"url\":\"https:\/\/www.factorenergia.com\/es\/\",\"name\":\"factorenergia\",\"description\":\"Factor Energ\u00eda\",\"potentialAction\":[{\"@type\":\"SearchAction\",\"target\":{\"@type\":\"EntryPoint\",\"urlTemplate\":\"https:\/\/www.factorenergia.com\/es\/?s={search_term_string}\"},\"query-input\":\"required name=search_term_string\"}],\"inLanguage\":\"es\"}]}<\/script>\n<!-- \/ Yoast SEO plugin. -->","yoast_head_json":{"title":"Luz bateria hosteler\u00eda | Factor Energ\u00eda","robots":{"index":"index","follow":"follow","max-snippet":"max-snippet:-1","max-image-preview":"max-image-preview:large","max-video-preview":"max-video-preview:-1"},"canonical":"https:\/\/www.factorenergia.com\/es\/placas-solares\/bateria-solar-hosteleria\/","twitter_card":"summary_large_image","twitter_title":"Luz bateria hosteler\u00eda | Factor Energ\u00eda","twitter_site":"@factorenergia","twitter_misc":{"Tiempo de lectura":"1 minuto"},"schema":{"@context":"https:\/\/schema.org","@graph":[{"@type":"WebPage","@id":"https:\/\/www.factorenergia.com\/es\/placas-solares\/bateria-solar-hosteleria\/","url":"https:\/\/www.factorenergia.com\/es\/placas-solares\/bateria-solar-hosteleria\/","name":"Luz bateria hosteler\u00eda | Factor Energ\u00eda","isPartOf":{"@id":"https:\/\/www.factorenergia.com\/es\/#website"},"datePublished":"2025-11-27T09:31:44+00:00","dateModified":"2025-11-28T09:37:45+00:00","breadcrumb":{"@id":"https:\/\/www.factorenergia.com\/es\/placas-solares\/bateria-solar-hosteleria\/#breadcrumb"},"inLanguage":"es","potentialAction":[{"@type":"ReadAction","target":["https:\/\/www.factorenergia.com\/es\/placas-solares\/bateria-solar-hosteleria\/"]}]},{"@type":"BreadcrumbList","@id":"https:\/\/www.factorenergia.com\/es\/placas-solares\/bateria-solar-hosteleria\/#breadcrumb","itemListElement":[{"@type":"ListItem","position":1,"name":"Portada","item":"https:\/\/www.factorenergia.com\/es\/"},{"@type":"ListItem","position":2,"name":"Distribuidora Placas Solares","item":"https:\/\/www.factorenergia.com\/es\/placas-solares\/"},{"@type":"ListItem","position":3,"name":"Luz bateria hosteler\u00eda"}]},{"@type":"WebSite","@id":"https:\/\/www.factorenergia.com\/es\/#website","url":"https:\/\/www.factorenergia.com\/es\/","name":"factorenergia","description":"Factor Energ\u00eda","potentialAction":[{"@type":"SearchAction","target":{"@type":"EntryPoint","urlTemplate":"https:\/\/www.factorenergia.com\/es\/?s={search_term_string}"},"query-input":"required name=search_term_string"}],"inLanguage":"es"}]}},"_links":{"self":[{"href":"https:\/\/www.factorenergia.com\/es\/wp-json\/wp\/v2\/pages\/30696"}],"collection":[{"href":"https:\/\/www.factorenergia.com\/es\/wp-json\/wp\/v2\/pages"}],"about":[{"href":"https:\/\/www.factorenergia.com\/es\/wp-json\/wp\/v2\/types\/page"}],"author":[{"embeddable":true,"href":"https:\/\/www.factorenergia.com\/es\/wp-json\/wp\/v2\/users\/29"}],"replies":[{"embeddable":true,"href":"https:\/\/www.factorenergia.com\/es\/wp-json\/wp\/v2\/comments?post=30696"}],"version-history":[{"count":14,"href":"https:\/\/www.factorenergia.com\/es\/wp-json\/wp\/v2\/pages\/30696\/revisions"}],"predecessor-version":[{"id":30781,"href":"https:\/\/www.factorenergia.com\/es\/wp-json\/wp\/v2\/pages\/30696\/revisions\/30781"}],"up":[{"embeddable":true,"href":"https:\/\/www.factorenergia.com\/es\/wp-json\/wp\/v2\/pages\/24396"}],"wp:attachment":[{"href":"https:\/\/www.factorenergia.com\/es\/wp-json\/wp\/v2\/media?parent=30696"}],"wp:term":[{"taxonomy":"category","embeddable":true,"href":"https:\/\/www.factorenergia.com\/es\/wp-json\/wp\/v2\/categories?post=30696"},{"taxonomy":"post_tag","embeddable":true,"href":"https:\/\/www.factorenergia.com\/es\/wp-json\/wp\/v2\/tags?post=30696"}],"curies":[{"name":"wp","href":"https:\/\/api.w.org\/{rel}","templated":true}]}}