{"id":28624,"date":"2025-07-21T11:59:33","date_gmt":"2025-07-21T09:59:33","guid":{"rendered":"https:\/\/www.factorenergia.com\/es\/?page_id=28624"},"modified":"2025-07-21T18:06:11","modified_gmt":"2025-07-21T16:06:11","slug":"comparador-tarifa-luz","status":"publish","type":"page","link":"https:\/\/www.factorenergia.com\/es\/comparador-tarifa-luz\/","title":{"rendered":"Comparador Tarifa Luz"},"content":{"rendered":"","protected":false},"excerpt":{"rendered":"","protected":false},"author":29,"featured_media":0,"parent":0,"menu_order":0,"comment_status":"closed","ping_status":"closed","template":"templates\/comparador-tarifa.php","meta":{"inline_featured_image":false,"footnotes":""},"categories":[],"tags":[],"acf":[],"yoast_head":"<!-- This site is optimized with the Yoast SEO plugin v22.2 - https:\/\/yoast.com\/wordpress\/plugins\/seo\/ -->\n<title>Comparador de tarifas de luz: Calcula tu factura y ahorra | Factorenergia<\/title>\n<meta name=\"description\" content=\"Usa nuestro comparador de tarifas de luz y descubre cu\u00e1nto puedes ahorrar. Compara tarifas y factura de luz con otras compa\u00f1\u00edas. \u00a1Haz la prueba gratis!\" \/>\n<meta name=\"robots\" content=\"index, follow, max-snippet:-1, max-image-preview:large, max-video-preview:-1\" \/>\n<link rel=\"canonical\" href=\"https:\/\/www.factorenergia.com\/es\/comparador-tarifa-luz\/\" \/>\n<meta name=\"twitter:card\" content=\"summary_large_image\" \/>\n<meta name=\"twitter:title\" content=\"Comparador de tarifas de luz: Calcula tu factura y ahorra | Factorenergia\" \/>\n<meta name=\"twitter:description\" content=\"Usa nuestro comparador de tarifas de luz y descubre cu\u00e1nto puedes ahorrar. Compara tarifas y factura de luz con otras compa\u00f1\u00edas. \u00a1Haz la prueba gratis!\" \/>\n<meta name=\"twitter:site\" content=\"@factorenergia\" \/>\n<script type=\"application\/ld+json\" class=\"yoast-schema-graph\">{\"@context\":\"https:\/\/schema.org\",\"@graph\":[{\"@type\":\"WebPage\",\"@id\":\"https:\/\/www.factorenergia.com\/es\/comparador-tarifa-luz\/\",\"url\":\"https:\/\/www.factorenergia.com\/es\/comparador-tarifa-luz\/\",\"name\":\"Comparador de tarifas de luz: Calcula tu factura y ahorra | Factorenergia\",\"isPartOf\":{\"@id\":\"https:\/\/www.factorenergia.com\/es\/#website\"},\"datePublished\":\"2025-07-21T09:59:33+00:00\",\"dateModified\":\"2025-07-21T16:06:11+00:00\",\"description\":\"Usa nuestro comparador de tarifas de luz y descubre cu\u00e1nto puedes ahorrar. Compara tarifas y factura de luz con otras compa\u00f1\u00edas. \u00a1Haz la prueba gratis!\",\"breadcrumb\":{\"@id\":\"https:\/\/www.factorenergia.com\/es\/comparador-tarifa-luz\/#breadcrumb\"},\"inLanguage\":\"es\",\"potentialAction\":[{\"@type\":\"ReadAction\",\"target\":[\"https:\/\/www.factorenergia.com\/es\/comparador-tarifa-luz\/\"]}]},{\"@type\":\"BreadcrumbList\",\"@id\":\"https:\/\/www.factorenergia.com\/es\/comparador-tarifa-luz\/#breadcrumb\",\"itemListElement\":[{\"@type\":\"ListItem\",\"position\":1,\"name\":\"Portada\",\"item\":\"https:\/\/www.factorenergia.com\/es\/\"},{\"@type\":\"ListItem\",\"position\":2,\"name\":\"Comparador Tarifa Luz\"}]},{\"@type\":\"WebSite\",\"@id\":\"https:\/\/www.factorenergia.com\/es\/#website\",\"url\":\"https:\/\/www.factorenergia.com\/es\/\",\"name\":\"factorenergia\",\"description\":\"Factor Energ\u00eda\",\"potentialAction\":[{\"@type\":\"SearchAction\",\"target\":{\"@type\":\"EntryPoint\",\"urlTemplate\":\"https:\/\/www.factorenergia.com\/es\/?s={search_term_string}\"},\"query-input\":\"required name=search_term_string\"}],\"inLanguage\":\"es\"}]}<\/script>\n<!-- \/ Yoast SEO plugin. -->","yoast_head_json":{"title":"Comparador de tarifas de luz: Calcula tu factura y ahorra | Factorenergia","description":"Usa nuestro comparador de tarifas de luz y descubre cu\u00e1nto puedes ahorrar. Compara tarifas y factura de luz con otras compa\u00f1\u00edas. \u00a1Haz la prueba gratis!","robots":{"index":"index","follow":"follow","max-snippet":"max-snippet:-1","max-image-preview":"max-image-preview:large","max-video-preview":"max-video-preview:-1"},"canonical":"https:\/\/www.factorenergia.com\/es\/comparador-tarifa-luz\/","twitter_card":"summary_large_image","twitter_title":"Comparador de tarifas de luz: Calcula tu factura y ahorra | Factorenergia","twitter_description":"Usa nuestro comparador de tarifas de luz y descubre cu\u00e1nto puedes ahorrar. Compara tarifas y factura de luz con otras compa\u00f1\u00edas. \u00a1Haz la prueba gratis!","twitter_site":"@factorenergia","schema":{"@context":"https:\/\/schema.org","@graph":[{"@type":"WebPage","@id":"https:\/\/www.factorenergia.com\/es\/comparador-tarifa-luz\/","url":"https:\/\/www.factorenergia.com\/es\/comparador-tarifa-luz\/","name":"Comparador de tarifas de luz: Calcula tu factura y ahorra | Factorenergia","isPartOf":{"@id":"https:\/\/www.factorenergia.com\/es\/#website"},"datePublished":"2025-07-21T09:59:33+00:00","dateModified":"2025-07-21T16:06:11+00:00","description":"Usa nuestro comparador de tarifas de luz y descubre cu\u00e1nto puedes ahorrar. Compara tarifas y factura de luz con otras compa\u00f1\u00edas. \u00a1Haz la prueba gratis!","breadcrumb":{"@id":"https:\/\/www.factorenergia.com\/es\/comparador-tarifa-luz\/#breadcrumb"},"inLanguage":"es","potentialAction":[{"@type":"ReadAction","target":["https:\/\/www.factorenergia.com\/es\/comparador-tarifa-luz\/"]}]},{"@type":"BreadcrumbList","@id":"https:\/\/www.factorenergia.com\/es\/comparador-tarifa-luz\/#breadcrumb","itemListElement":[{"@type":"ListItem","position":1,"name":"Portada","item":"https:\/\/www.factorenergia.com\/es\/"},{"@type":"ListItem","position":2,"name":"Comparador Tarifa Luz"}]},{"@type":"WebSite","@id":"https:\/\/www.factorenergia.com\/es\/#website","url":"https:\/\/www.factorenergia.com\/es\/","name":"factorenergia","description":"Factor Energ\u00eda","potentialAction":[{"@type":"SearchAction","target":{"@type":"EntryPoint","urlTemplate":"https:\/\/www.factorenergia.com\/es\/?s={search_term_string}"},"query-input":"required name=search_term_string"}],"inLanguage":"es"}]}},"_links":{"self":[{"href":"https:\/\/www.factorenergia.com\/es\/wp-json\/wp\/v2\/pages\/28624"}],"collection":[{"href":"https:\/\/www.factorenergia.com\/es\/wp-json\/wp\/v2\/pages"}],"about":[{"href":"https:\/\/www.factorenergia.com\/es\/wp-json\/wp\/v2\/types\/page"}],"author":[{"embeddable":true,"href":"https:\/\/www.factorenergia.com\/es\/wp-json\/wp\/v2\/users\/29"}],"replies":[{"embeddable":true,"href":"https:\/\/www.factorenergia.com\/es\/wp-json\/wp\/v2\/comments?post=28624"}],"version-history":[{"count":4,"href":"https:\/\/www.factorenergia.com\/es\/wp-json\/wp\/v2\/pages\/28624\/revisions"}],"predecessor-version":[{"id":28651,"href":"https:\/\/www.factorenergia.com\/es\/wp-json\/wp\/v2\/pages\/28624\/revisions\/28651"}],"wp:attachment":[{"href":"https:\/\/www.factorenergia.com\/es\/wp-json\/wp\/v2\/media?parent=28624"}],"wp:term":[{"taxonomy":"category","embeddable":true,"href":"https:\/\/www.factorenergia.com\/es\/wp-json\/wp\/v2\/categories?post=28624"},{"taxonomy":"post_tag","embeddable":true,"href":"https:\/\/www.factorenergia.com\/es\/wp-json\/wp\/v2\/tags?post=28624"}],"curies":[{"name":"wp","href":"https:\/\/api.w.org\/{rel}","templated":true}]}}