{"id":280,"date":"2015-09-02T19:23:46","date_gmt":"2015-09-02T19:23:46","guid":{"rendered":"http:\/\/newfactorenergia.wearebab.com\/?page_id=280"},"modified":"2025-11-04T11:14:04","modified_gmt":"2025-11-04T09:14:04","slug":"enlaces","status":"publish","type":"page","link":"https:\/\/www.factorenergia.com\/es\/enlaces\/","title":{"rendered":"Enlaces"},"content":{"rendered":"<div class=\"enlaces-interes\">\n<div class=\"enlace\">\n<div class=\"enlace-img\" style=\"background-color: #f8d82f;\"><a href=\"https:\/\/www.mincotur.gob.es\/es-ES\/Paginas\/index.aspx\"><img loading=\"lazy\" decoding=\"async\" src=\"\/wp-content\/uploads\/2022\/07\/image-20.png\" alt=\"\" width=\"260\" height=\"172\" class=\"alignnone size-full wp-image-13745\" \/><\/a><\/div>\n<div class=\"enlace-title\">\n<p class=\"center\">Ministerio de Industria, Turismo y Comercio<\/p>\n<\/div>\n<\/div>\n<div class=\"enlace\">\n<div class=\"enlace-img\" style=\"background-color: #e5f0f5;\"><a href=\"https:\/\/www.ree.es\/es\"><img loading=\"lazy\" decoding=\"async\" src=\"\/wp-content\/uploads\/2022\/07\/Mask-Group.png\" alt=\"\" width=\"301\" height=\"207\" class=\"alignnone wp-image-13747 size-full\" \/><\/a><\/div>\n<div class=\"enlace-title\">\n<p class=\"center\">RED EL\u00c9CTRICA DE ESPA\u00d1A (operador del sistema el\u00e9ctrico estatal)<\/p>\n<\/div>\n<\/div>\n<div class=\"enlace\">\n<div class=\"enlace-img\" style=\"background-color: #f0f4eb;\"><a href=\"https:\/\/www.omie.es\/\"><img loading=\"lazy\" decoding=\"async\" src=\"\/wp-content\/uploads\/2022\/07\/Mask-Group-1.png\" alt=\"\" width=\"301\" height=\"207\" class=\"alignnone wp-image-13749 size-full\" \/><\/a><\/div>\n<div class=\"enlace-title\">\n<p class=\"center\">Operador del Mercado Ib\u00e9rico de Electricidad<\/p>\n<\/div>\n<\/div>\n<div class=\"enlace\">\n<div class=\"enlace-img\"><a href=\"https:\/\/www.cnmc.es\/\"><img loading=\"lazy\" decoding=\"async\" src=\"\/wp-content\/uploads\/2022\/07\/image-23.png\" alt=\"\" width=\"210\" height=\"91\" class=\"alignnone wp-image-13762 size-full\" \/><\/a><\/div>\n<div class=\"enlace-title\">\n<p class=\"center\">Comisi\u00f3n Nacional de los Mercados y la Competencia<\/p>\n<\/div>\n<\/div>\n<div class=\"enlace\">\n<div class=\"enlace-img\"><a href=\"https:\/\/ec.europa.eu\/consumers\/odr\/main\/?event=main.home2.show\"><img loading=\"lazy\" decoding=\"async\" src=\"\/wp-content\/uploads\/2022\/07\/Mask-Group-2.png\" alt=\"\" width=\"301\" height=\"207\" class=\"alignnone wp-image-13764 size-full\" \/><\/a><\/div>\n<div class=\"enlace-title\">\n<p class=\"center\">Plataforma Europea de Resoluci\u00f3n de litigios en l\u00ednea<\/p>\n<\/div>\n<\/div>\n<div class=\"enlace\">\n<div class=\"enlace-img\" style=\"background-color: #fa8500;\"><a href=\"https:\/\/www.consumo.gob.es\/es\/consumo\/sistemaArbitral\/organos\"><img loading=\"lazy\" decoding=\"async\" src=\"\/wp-content\/uploads\/2022\/07\/image-25.png\" alt=\"\" width=\"132\" height=\"134\" class=\"alignnone wp-image-13767 size-full\" \/><\/a><\/div>\n<div class=\"enlace-title\">\n<p class=\"center\">Sistema Arbitral de Consumo de la Junta Nacional de Consumo<\/p>\n<\/div>\n<\/div>\n<\/div>\n","protected":false},"excerpt":{"rendered":"<p>Ministerio de Industria, Turismo y Comercio RED EL\u00c9CTRICA DE ESPA\u00d1A (operador del sistema el\u00e9ctrico estatal) Operador del Mercado Ib\u00e9rico de Electricidad Comisi\u00f3n Nacional de los Mercados y la Competencia Plataforma Europea de Resoluci\u00f3n de litigios en l\u00ednea Sistema Arbitral de Consumo de la Junta Nacional de Consumo<\/p>\n","protected":false},"author":5,"featured_media":0,"parent":0,"menu_order":0,"comment_status":"closed","ping_status":"closed","template":"templates\/simple-page.php","meta":{"inline_featured_image":false,"footnotes":""},"categories":[8,6,7],"tags":[],"acf":[],"yoast_head":"<!-- This site is optimized with the Yoast SEO plugin v22.2 - https:\/\/yoast.com\/wordpress\/plugins\/seo\/ -->\n<title>Enlaces energ\u00e9ticos | factorenergia<\/title>\n<meta name=\"description\" content=\"Aqu\u00ed puedes encontrar enlaces de inter\u00e9s de entidades relacionadas con las energ\u00edas: electricidad, gas y sostenibilidad energ\u00e9tica.\" \/>\n<meta name=\"robots\" content=\"noindex, follow\" \/>\n<meta name=\"twitter:card\" content=\"summary_large_image\" \/>\n<meta name=\"twitter:title\" content=\"Enlaces energ\u00e9ticos | factorenergia\" \/>\n<meta name=\"twitter:description\" content=\"Aqu\u00ed puedes encontrar enlaces de inter\u00e9s de entidades relacionadas con las energ\u00edas: electricidad, gas y sostenibilidad energ\u00e9tica.\" \/>\n<meta name=\"twitter:site\" content=\"@factorenergia\" \/>\n<meta name=\"twitter:label1\" content=\"Tiempo de lectura\" \/>\n\t<meta name=\"twitter:data1\" content=\"2 minutos\" \/>\n<script type=\"application\/ld+json\" class=\"yoast-schema-graph\">{\"@context\":\"https:\/\/schema.org\",\"@graph\":[{\"@type\":\"WebPage\",\"@id\":\"https:\/\/www.factorenergia.com\/es\/enlaces\/\",\"url\":\"https:\/\/www.factorenergia.com\/es\/enlaces\/\",\"name\":\"Enlaces energ\u00e9ticos | factorenergia\",\"isPartOf\":{\"@id\":\"https:\/\/www.factorenergia.com\/es\/#website\"},\"datePublished\":\"2015-09-02T19:23:46+00:00\",\"dateModified\":\"2025-11-04T09:14:04+00:00\",\"description\":\"Aqu\u00ed puedes encontrar enlaces de inter\u00e9s de entidades relacionadas con las energ\u00edas: electricidad, gas y sostenibilidad energ\u00e9tica.\",\"breadcrumb\":{\"@id\":\"https:\/\/www.factorenergia.com\/es\/enlaces\/#breadcrumb\"},\"inLanguage\":\"es\",\"potentialAction\":[{\"@type\":\"ReadAction\",\"target\":[\"https:\/\/www.factorenergia.com\/es\/enlaces\/\"]}]},{\"@type\":\"BreadcrumbList\",\"@id\":\"https:\/\/www.factorenergia.com\/es\/enlaces\/#breadcrumb\",\"itemListElement\":[{\"@type\":\"ListItem\",\"position\":1,\"name\":\"Portada\",\"item\":\"https:\/\/www.factorenergia.com\/es\/\"},{\"@type\":\"ListItem\",\"position\":2,\"name\":\"Enlaces\"}]},{\"@type\":\"WebSite\",\"@id\":\"https:\/\/www.factorenergia.com\/es\/#website\",\"url\":\"https:\/\/www.factorenergia.com\/es\/\",\"name\":\"factorenergia\",\"description\":\"Factor Energ\u00eda\",\"potentialAction\":[{\"@type\":\"SearchAction\",\"target\":{\"@type\":\"EntryPoint\",\"urlTemplate\":\"https:\/\/www.factorenergia.com\/es\/?s={search_term_string}\"},\"query-input\":\"required name=search_term_string\"}],\"inLanguage\":\"es\"}]}<\/script>\n<!-- \/ Yoast SEO plugin. -->","yoast_head_json":{"title":"Enlaces energ\u00e9ticos | factorenergia","description":"Aqu\u00ed puedes encontrar enlaces de inter\u00e9s de entidades relacionadas con las energ\u00edas: electricidad, gas y sostenibilidad energ\u00e9tica.","robots":{"index":"noindex","follow":"follow"},"twitter_card":"summary_large_image","twitter_title":"Enlaces energ\u00e9ticos | factorenergia","twitter_description":"Aqu\u00ed puedes encontrar enlaces de inter\u00e9s de entidades relacionadas con las energ\u00edas: electricidad, gas y sostenibilidad energ\u00e9tica.","twitter_site":"@factorenergia","twitter_misc":{"Tiempo de lectura":"2 minutos"},"schema":{"@context":"https:\/\/schema.org","@graph":[{"@type":"WebPage","@id":"https:\/\/www.factorenergia.com\/es\/enlaces\/","url":"https:\/\/www.factorenergia.com\/es\/enlaces\/","name":"Enlaces energ\u00e9ticos | factorenergia","isPartOf":{"@id":"https:\/\/www.factorenergia.com\/es\/#website"},"datePublished":"2015-09-02T19:23:46+00:00","dateModified":"2025-11-04T09:14:04+00:00","description":"Aqu\u00ed puedes encontrar enlaces de inter\u00e9s de entidades relacionadas con las energ\u00edas: electricidad, gas y sostenibilidad energ\u00e9tica.","breadcrumb":{"@id":"https:\/\/www.factorenergia.com\/es\/enlaces\/#breadcrumb"},"inLanguage":"es","potentialAction":[{"@type":"ReadAction","target":["https:\/\/www.factorenergia.com\/es\/enlaces\/"]}]},{"@type":"BreadcrumbList","@id":"https:\/\/www.factorenergia.com\/es\/enlaces\/#breadcrumb","itemListElement":[{"@type":"ListItem","position":1,"name":"Portada","item":"https:\/\/www.factorenergia.com\/es\/"},{"@type":"ListItem","position":2,"name":"Enlaces"}]},{"@type":"WebSite","@id":"https:\/\/www.factorenergia.com\/es\/#website","url":"https:\/\/www.factorenergia.com\/es\/","name":"factorenergia","description":"Factor Energ\u00eda","potentialAction":[{"@type":"SearchAction","target":{"@type":"EntryPoint","urlTemplate":"https:\/\/www.factorenergia.com\/es\/?s={search_term_string}"},"query-input":"required name=search_term_string"}],"inLanguage":"es"}]}},"_links":{"self":[{"href":"https:\/\/www.factorenergia.com\/es\/wp-json\/wp\/v2\/pages\/280"}],"collection":[{"href":"https:\/\/www.factorenergia.com\/es\/wp-json\/wp\/v2\/pages"}],"about":[{"href":"https:\/\/www.factorenergia.com\/es\/wp-json\/wp\/v2\/types\/page"}],"author":[{"embeddable":true,"href":"https:\/\/www.factorenergia.com\/es\/wp-json\/wp\/v2\/users\/5"}],"replies":[{"embeddable":true,"href":"https:\/\/www.factorenergia.com\/es\/wp-json\/wp\/v2\/comments?post=280"}],"version-history":[{"count":34,"href":"https:\/\/www.factorenergia.com\/es\/wp-json\/wp\/v2\/pages\/280\/revisions"}],"predecessor-version":[{"id":30476,"href":"https:\/\/www.factorenergia.com\/es\/wp-json\/wp\/v2\/pages\/280\/revisions\/30476"}],"wp:attachment":[{"href":"https:\/\/www.factorenergia.com\/es\/wp-json\/wp\/v2\/media?parent=280"}],"wp:term":[{"taxonomy":"category","embeddable":true,"href":"https:\/\/www.factorenergia.com\/es\/wp-json\/wp\/v2\/categories?post=280"},{"taxonomy":"post_tag","embeddable":true,"href":"https:\/\/www.factorenergia.com\/es\/wp-json\/wp\/v2\/tags?post=280"}],"curies":[{"name":"wp","href":"https:\/\/api.w.org\/{rel}","templated":true}]}}