{"id":27995,"date":"2025-05-22T11:56:30","date_gmt":"2025-05-22T09:56:30","guid":{"rendered":"https:\/\/www.factorenergia.com\/es\/?page_id=27995"},"modified":"2025-05-22T11:59:25","modified_gmt":"2025-05-22T09:59:25","slug":"servicios-a-cogeneradores","status":"publish","type":"page","link":"https:\/\/www.factorenergia.com\/es\/hogares\/servicios-a-cogeneradores\/","title":{"rendered":"Servicios a cogeneradores"},"content":{"rendered":"<p><strong>Factorenergia<\/strong> tambi\u00e9n representa a instalaciones de cogeneraci\u00f3n a trav\u00e9s de su filial, <a>Agente del Mercado El\u00e9ctrico, S.A.<\/a> (\u201c<strong>AME<\/strong>\u201d), una empresa comercializadora propia con m\u00e1s de 12 a\u00f1os de experiencia.<\/p>\n<p>Nuestros servicios a cogeneradores pasan por <strong>el suministro, la representaci\u00f3n y el asesoramiento<\/strong> a instalaciones industriales y grandes consumidores, con productos innovadores en la compra de energ\u00eda y la representaci\u00f3n en el mercado.<\/p>\n<p>Para alcanzar las m\u00e1ximas prestaciones econ\u00f3micas de la instalaci\u00f3n es imprescindible una adecuada gesti\u00f3n de la venta de la energ\u00eda el\u00e9ctrica generada por la planta (minimizando el coste del desv\u00edo, anticip\u00e1ndose a las tendencias del mercado para adoptar la modalidad de venta adecuada en cada momento, etc.) junto con la operativa de la instalaci\u00f3n que se adecue a las circunstancias presentes en cada instante (procesos, legislaci\u00f3n vigente, etc.).<\/p>\n<p>AME ofrece un <strong>servicio de representaci\u00f3n y de consultor\u00eda<\/strong> para asesorar al cogenerador en t\u00e9rminos generales, con una visi\u00f3n global de los mercados energ\u00e9ticos y de la legislaci\u00f3n aplicable.<\/p>\n","protected":false},"excerpt":{"rendered":"<p>Factorenergia tambi\u00e9n representa a instalaciones de cogeneraci\u00f3n a trav\u00e9s de su filial, Agente del Mercado El\u00e9ctrico, S.A. (\u201cAME\u201d), una empresa comercializadora propia con m\u00e1s de 12 a\u00f1os de experiencia. Nuestros servicios a cogeneradores pasan por el suministro, la representaci\u00f3n y el asesoramiento a instalaciones industriales y grandes consumidores, con productos innovadores en la compra de [&hellip;]<\/p>\n","protected":false},"author":24,"featured_media":0,"parent":12,"menu_order":0,"comment_status":"closed","ping_status":"closed","template":"templates\/simple-page-with-sidebar.php","meta":{"inline_featured_image":false,"footnotes":""},"categories":[6],"tags":[],"acf":[],"yoast_head":"<!-- This site is optimized with the Yoast SEO plugin v22.2 - https:\/\/yoast.com\/wordpress\/plugins\/seo\/ -->\n<title>Cogeneradores de Energ\u00eda | Negocios - factorenergia<\/title>\n<meta name=\"description\" content=\"Apoyamos a clientes que producen energ\u00eda a partir de cogeneradores de energ\u00eda con AME, comercializadora propia con m\u00e1s de 12 a\u00f1os de experiencia\" \/>\n<meta name=\"robots\" content=\"noindex, follow\" \/>\n<meta name=\"twitter:card\" content=\"summary_large_image\" \/>\n<meta name=\"twitter:title\" content=\"Cogeneradores de Energ\u00eda | Negocios - factorenergia\" \/>\n<meta name=\"twitter:description\" content=\"Apoyamos a clientes que producen energ\u00eda a partir de cogeneradores de energ\u00eda con AME, comercializadora propia con m\u00e1s de 12 a\u00f1os de experiencia\" \/>\n<meta name=\"twitter:site\" content=\"@factorenergia\" \/>\n<meta name=\"twitter:label1\" content=\"Tiempo de lectura\" \/>\n\t<meta name=\"twitter:data1\" content=\"1 minuto\" \/>\n<script type=\"application\/ld+json\" class=\"yoast-schema-graph\">{\"@context\":\"https:\/\/schema.org\",\"@graph\":[{\"@type\":\"WebPage\",\"@id\":\"https:\/\/www.factorenergia.com\/es\/hogares\/servicios-a-cogeneradores\/\",\"url\":\"https:\/\/www.factorenergia.com\/es\/hogares\/servicios-a-cogeneradores\/\",\"name\":\"Cogeneradores de Energ\u00eda | Negocios - factorenergia\",\"isPartOf\":{\"@id\":\"https:\/\/www.factorenergia.com\/es\/#website\"},\"datePublished\":\"2025-05-22T09:56:30+00:00\",\"dateModified\":\"2025-05-22T09:59:25+00:00\",\"description\":\"Apoyamos a clientes que producen energ\u00eda a partir de cogeneradores de energ\u00eda con AME, comercializadora propia con m\u00e1s de 12 a\u00f1os de experiencia\",\"breadcrumb\":{\"@id\":\"https:\/\/www.factorenergia.com\/es\/hogares\/servicios-a-cogeneradores\/#breadcrumb\"},\"inLanguage\":\"es\",\"potentialAction\":[{\"@type\":\"ReadAction\",\"target\":[\"https:\/\/www.factorenergia.com\/es\/hogares\/servicios-a-cogeneradores\/\"]}]},{\"@type\":\"BreadcrumbList\",\"@id\":\"https:\/\/www.factorenergia.com\/es\/hogares\/servicios-a-cogeneradores\/#breadcrumb\",\"itemListElement\":[{\"@type\":\"ListItem\",\"position\":1,\"name\":\"Portada\",\"item\":\"https:\/\/www.factorenergia.com\/es\/\"},{\"@type\":\"ListItem\",\"position\":2,\"name\":\"Hogares\",\"item\":\"https:\/\/www.factorenergia.com\/es\/hogares\/\"},{\"@type\":\"ListItem\",\"position\":3,\"name\":\"Servicios a cogeneradores\"}]},{\"@type\":\"WebSite\",\"@id\":\"https:\/\/www.factorenergia.com\/es\/#website\",\"url\":\"https:\/\/www.factorenergia.com\/es\/\",\"name\":\"factorenergia\",\"description\":\"Factor Energ\u00eda\",\"potentialAction\":[{\"@type\":\"SearchAction\",\"target\":{\"@type\":\"EntryPoint\",\"urlTemplate\":\"https:\/\/www.factorenergia.com\/es\/?s={search_term_string}\"},\"query-input\":\"required name=search_term_string\"}],\"inLanguage\":\"es\"}]}<\/script>\n<!-- \/ Yoast SEO plugin. -->","yoast_head_json":{"title":"Cogeneradores de Energ\u00eda | Negocios - factorenergia","description":"Apoyamos a clientes que producen energ\u00eda a partir de cogeneradores de energ\u00eda con AME, comercializadora propia con m\u00e1s de 12 a\u00f1os de experiencia","robots":{"index":"noindex","follow":"follow"},"twitter_card":"summary_large_image","twitter_title":"Cogeneradores de Energ\u00eda | Negocios - factorenergia","twitter_description":"Apoyamos a clientes que producen energ\u00eda a partir de cogeneradores de energ\u00eda con AME, comercializadora propia con m\u00e1s de 12 a\u00f1os de experiencia","twitter_site":"@factorenergia","twitter_misc":{"Tiempo de lectura":"1 minuto"},"schema":{"@context":"https:\/\/schema.org","@graph":[{"@type":"WebPage","@id":"https:\/\/www.factorenergia.com\/es\/hogares\/servicios-a-cogeneradores\/","url":"https:\/\/www.factorenergia.com\/es\/hogares\/servicios-a-cogeneradores\/","name":"Cogeneradores de Energ\u00eda | Negocios - factorenergia","isPartOf":{"@id":"https:\/\/www.factorenergia.com\/es\/#website"},"datePublished":"2025-05-22T09:56:30+00:00","dateModified":"2025-05-22T09:59:25+00:00","description":"Apoyamos a clientes que producen energ\u00eda a partir de cogeneradores de energ\u00eda con AME, comercializadora propia con m\u00e1s de 12 a\u00f1os de experiencia","breadcrumb":{"@id":"https:\/\/www.factorenergia.com\/es\/hogares\/servicios-a-cogeneradores\/#breadcrumb"},"inLanguage":"es","potentialAction":[{"@type":"ReadAction","target":["https:\/\/www.factorenergia.com\/es\/hogares\/servicios-a-cogeneradores\/"]}]},{"@type":"BreadcrumbList","@id":"https:\/\/www.factorenergia.com\/es\/hogares\/servicios-a-cogeneradores\/#breadcrumb","itemListElement":[{"@type":"ListItem","position":1,"name":"Portada","item":"https:\/\/www.factorenergia.com\/es\/"},{"@type":"ListItem","position":2,"name":"Hogares","item":"https:\/\/www.factorenergia.com\/es\/hogares\/"},{"@type":"ListItem","position":3,"name":"Servicios a cogeneradores"}]},{"@type":"WebSite","@id":"https:\/\/www.factorenergia.com\/es\/#website","url":"https:\/\/www.factorenergia.com\/es\/","name":"factorenergia","description":"Factor Energ\u00eda","potentialAction":[{"@type":"SearchAction","target":{"@type":"EntryPoint","urlTemplate":"https:\/\/www.factorenergia.com\/es\/?s={search_term_string}"},"query-input":"required name=search_term_string"}],"inLanguage":"es"}]}},"_links":{"self":[{"href":"https:\/\/www.factorenergia.com\/es\/wp-json\/wp\/v2\/pages\/27995"}],"collection":[{"href":"https:\/\/www.factorenergia.com\/es\/wp-json\/wp\/v2\/pages"}],"about":[{"href":"https:\/\/www.factorenergia.com\/es\/wp-json\/wp\/v2\/types\/page"}],"author":[{"embeddable":true,"href":"https:\/\/www.factorenergia.com\/es\/wp-json\/wp\/v2\/users\/24"}],"replies":[{"embeddable":true,"href":"https:\/\/www.factorenergia.com\/es\/wp-json\/wp\/v2\/comments?post=27995"}],"version-history":[{"count":2,"href":"https:\/\/www.factorenergia.com\/es\/wp-json\/wp\/v2\/pages\/27995\/revisions"}],"predecessor-version":[{"id":27999,"href":"https:\/\/www.factorenergia.com\/es\/wp-json\/wp\/v2\/pages\/27995\/revisions\/27999"}],"up":[{"embeddable":true,"href":"https:\/\/www.factorenergia.com\/es\/wp-json\/wp\/v2\/pages\/12"}],"wp:attachment":[{"href":"https:\/\/www.factorenergia.com\/es\/wp-json\/wp\/v2\/media?parent=27995"}],"wp:term":[{"taxonomy":"category","embeddable":true,"href":"https:\/\/www.factorenergia.com\/es\/wp-json\/wp\/v2\/categories?post=27995"},{"taxonomy":"post_tag","embeddable":true,"href":"https:\/\/www.factorenergia.com\/es\/wp-json\/wp\/v2\/tags?post=27995"}],"curies":[{"name":"wp","href":"https:\/\/api.w.org\/{rel}","templated":true}]}}