{"id":27736,"date":"2025-03-25T17:53:56","date_gmt":"2025-03-25T15:53:56","guid":{"rendered":"https:\/\/www.factorenergia.com\/es\/?page_id=27736"},"modified":"2025-04-03T11:57:21","modified_gmt":"2025-04-03T09:57:21","slug":"servicio-mantenimiento-gas","status":"publish","type":"page","link":"https:\/\/www.factorenergia.com\/es\/gas\/servicio-mantenimiento-gas\/","title":{"rendered":"Servicio de mantenimiento de gas"},"content":{"rendered":"<p>Con nuestro servicio de mantenimiento de gas, nos aseguramos que tus sistemas de gas est\u00e9n en perfectas condiciones para garantizar tu seguridad y tranquilidad. Nuestro equipo de expertos se encargar\u00e1 de realizar revisiones anuales, limpieza y ajustes necesarios para prevenir cualquier tipo de accidente. Elige el servicio que m\u00e1s se ajuste a tus necesidades y aseg\u00farate de que tu hogar estar\u00e1 protegido en todo momento.<\/p>\n","protected":false},"excerpt":{"rendered":"<p>Con nuestro servicio de mantenimiento de gas, nos aseguramos que tus sistemas de gas est\u00e9n en perfectas condiciones para garantizar tu seguridad y tranquilidad. Nuestro equipo de expertos se encargar\u00e1 de realizar revisiones anuales, limpieza y ajustes necesarios para prevenir cualquier tipo de accidente. Elige el servicio que m\u00e1s se ajuste a tus necesidades y [&hellip;]<\/p>\n","protected":false},"author":5,"featured_media":0,"parent":4616,"menu_order":0,"comment_status":"closed","ping_status":"closed","template":"templates\/mantenimiento-gas.php","meta":{"inline_featured_image":false,"footnotes":""},"categories":[],"tags":[],"acf":[],"yoast_head":"<!-- This site is optimized with the Yoast SEO plugin v22.2 - https:\/\/yoast.com\/wordpress\/plugins\/seo\/ -->\n<title>Servicio de mantenimiento de gas | Factor Energ\u00eda<\/title>\n<meta name=\"robots\" content=\"index, follow, max-snippet:-1, max-image-preview:large, max-video-preview:-1\" \/>\n<link rel=\"canonical\" href=\"https:\/\/www.factorenergia.com\/es\/gas\/servicio-mantenimiento-gas\/\" \/>\n<meta name=\"twitter:card\" content=\"summary_large_image\" \/>\n<meta name=\"twitter:title\" content=\"Servicio de mantenimiento de gas | Factor Energ\u00eda\" \/>\n<meta name=\"twitter:site\" content=\"@factorenergia\" \/>\n<meta name=\"twitter:label1\" content=\"Tiempo de lectura\" \/>\n\t<meta name=\"twitter:data1\" content=\"1 minuto\" \/>\n<script type=\"application\/ld+json\" class=\"yoast-schema-graph\">{\"@context\":\"https:\/\/schema.org\",\"@graph\":[{\"@type\":\"WebPage\",\"@id\":\"https:\/\/www.factorenergia.com\/es\/gas\/servicio-mantenimiento-gas\/\",\"url\":\"https:\/\/www.factorenergia.com\/es\/gas\/servicio-mantenimiento-gas\/\",\"name\":\"Servicio de mantenimiento de gas | Factor Energ\u00eda\",\"isPartOf\":{\"@id\":\"https:\/\/www.factorenergia.com\/es\/#website\"},\"datePublished\":\"2025-03-25T15:53:56+00:00\",\"dateModified\":\"2025-04-03T09:57:21+00:00\",\"breadcrumb\":{\"@id\":\"https:\/\/www.factorenergia.com\/es\/gas\/servicio-mantenimiento-gas\/#breadcrumb\"},\"inLanguage\":\"es\",\"potentialAction\":[{\"@type\":\"ReadAction\",\"target\":[\"https:\/\/www.factorenergia.com\/es\/gas\/servicio-mantenimiento-gas\/\"]}]},{\"@type\":\"BreadcrumbList\",\"@id\":\"https:\/\/www.factorenergia.com\/es\/gas\/servicio-mantenimiento-gas\/#breadcrumb\",\"itemListElement\":[{\"@type\":\"ListItem\",\"position\":1,\"name\":\"Portada\",\"item\":\"https:\/\/www.factorenergia.com\/es\/\"},{\"@type\":\"ListItem\",\"position\":2,\"name\":\"Tarifas Gas\",\"item\":\"https:\/\/www.factorenergia.com\/es\/gas\/\"},{\"@type\":\"ListItem\",\"position\":3,\"name\":\"Servicio de mantenimiento de gas\"}]},{\"@type\":\"WebSite\",\"@id\":\"https:\/\/www.factorenergia.com\/es\/#website\",\"url\":\"https:\/\/www.factorenergia.com\/es\/\",\"name\":\"factorenergia\",\"description\":\"Factor Energ\u00eda\",\"potentialAction\":[{\"@type\":\"SearchAction\",\"target\":{\"@type\":\"EntryPoint\",\"urlTemplate\":\"https:\/\/www.factorenergia.com\/es\/?s={search_term_string}\"},\"query-input\":\"required name=search_term_string\"}],\"inLanguage\":\"es\"}]}<\/script>\n<!-- \/ Yoast SEO plugin. -->","yoast_head_json":{"title":"Servicio de mantenimiento de gas | Factor Energ\u00eda","robots":{"index":"index","follow":"follow","max-snippet":"max-snippet:-1","max-image-preview":"max-image-preview:large","max-video-preview":"max-video-preview:-1"},"canonical":"https:\/\/www.factorenergia.com\/es\/gas\/servicio-mantenimiento-gas\/","twitter_card":"summary_large_image","twitter_title":"Servicio de mantenimiento de gas | Factor Energ\u00eda","twitter_site":"@factorenergia","twitter_misc":{"Tiempo de lectura":"1 minuto"},"schema":{"@context":"https:\/\/schema.org","@graph":[{"@type":"WebPage","@id":"https:\/\/www.factorenergia.com\/es\/gas\/servicio-mantenimiento-gas\/","url":"https:\/\/www.factorenergia.com\/es\/gas\/servicio-mantenimiento-gas\/","name":"Servicio de mantenimiento de gas | Factor Energ\u00eda","isPartOf":{"@id":"https:\/\/www.factorenergia.com\/es\/#website"},"datePublished":"2025-03-25T15:53:56+00:00","dateModified":"2025-04-03T09:57:21+00:00","breadcrumb":{"@id":"https:\/\/www.factorenergia.com\/es\/gas\/servicio-mantenimiento-gas\/#breadcrumb"},"inLanguage":"es","potentialAction":[{"@type":"ReadAction","target":["https:\/\/www.factorenergia.com\/es\/gas\/servicio-mantenimiento-gas\/"]}]},{"@type":"BreadcrumbList","@id":"https:\/\/www.factorenergia.com\/es\/gas\/servicio-mantenimiento-gas\/#breadcrumb","itemListElement":[{"@type":"ListItem","position":1,"name":"Portada","item":"https:\/\/www.factorenergia.com\/es\/"},{"@type":"ListItem","position":2,"name":"Tarifas Gas","item":"https:\/\/www.factorenergia.com\/es\/gas\/"},{"@type":"ListItem","position":3,"name":"Servicio de mantenimiento de gas"}]},{"@type":"WebSite","@id":"https:\/\/www.factorenergia.com\/es\/#website","url":"https:\/\/www.factorenergia.com\/es\/","name":"factorenergia","description":"Factor Energ\u00eda","potentialAction":[{"@type":"SearchAction","target":{"@type":"EntryPoint","urlTemplate":"https:\/\/www.factorenergia.com\/es\/?s={search_term_string}"},"query-input":"required name=search_term_string"}],"inLanguage":"es"}]}},"_links":{"self":[{"href":"https:\/\/www.factorenergia.com\/es\/wp-json\/wp\/v2\/pages\/27736"}],"collection":[{"href":"https:\/\/www.factorenergia.com\/es\/wp-json\/wp\/v2\/pages"}],"about":[{"href":"https:\/\/www.factorenergia.com\/es\/wp-json\/wp\/v2\/types\/page"}],"author":[{"embeddable":true,"href":"https:\/\/www.factorenergia.com\/es\/wp-json\/wp\/v2\/users\/5"}],"replies":[{"embeddable":true,"href":"https:\/\/www.factorenergia.com\/es\/wp-json\/wp\/v2\/comments?post=27736"}],"version-history":[{"count":12,"href":"https:\/\/www.factorenergia.com\/es\/wp-json\/wp\/v2\/pages\/27736\/revisions"}],"predecessor-version":[{"id":27855,"href":"https:\/\/www.factorenergia.com\/es\/wp-json\/wp\/v2\/pages\/27736\/revisions\/27855"}],"up":[{"embeddable":true,"href":"https:\/\/www.factorenergia.com\/es\/wp-json\/wp\/v2\/pages\/4616"}],"wp:attachment":[{"href":"https:\/\/www.factorenergia.com\/es\/wp-json\/wp\/v2\/media?parent=27736"}],"wp:term":[{"taxonomy":"category","embeddable":true,"href":"https:\/\/www.factorenergia.com\/es\/wp-json\/wp\/v2\/categories?post=27736"},{"taxonomy":"post_tag","embeddable":true,"href":"https:\/\/www.factorenergia.com\/es\/wp-json\/wp\/v2\/tags?post=27736"}],"curies":[{"name":"wp","href":"https:\/\/api.w.org\/{rel}","templated":true}]}}