{"id":27114,"date":"2024-11-27T11:00:46","date_gmt":"2024-11-27T09:00:46","guid":{"rendered":"https:\/\/www.factorenergia.com\/es\/?page_id=27114"},"modified":"2024-11-28T14:13:21","modified_gmt":"2024-11-28T12:13:21","slug":"simulador-factura-gas","status":"publish","type":"page","link":"https:\/\/www.factorenergia.com\/es\/gas\/simulador-factura-gas\/","title":{"rendered":"Simulador de factura de gas"},"content":{"rendered":"","protected":false},"excerpt":{"rendered":"","protected":false},"author":22,"featured_media":0,"parent":4616,"menu_order":0,"comment_status":"closed","ping_status":"closed","template":"templates\/comparador.php","meta":{"inline_featured_image":false,"footnotes":""},"categories":[6],"tags":[],"acf":[],"yoast_head":"<!-- This site is optimized with the Yoast SEO plugin v22.2 - https:\/\/yoast.com\/wordpress\/plugins\/seo\/ -->\n<title>Simulador de Factura de Gas | FactorEnergia<\/title>\n<meta name=\"description\" content=\"\u00bfTe preocupa no saber cu\u00e1nto gastar\u00e1s en gas este mes? Con nuestro simulador de factura de gas natural, puedes prever el importe de tu factura con precisi\u00f3n\" \/>\n<meta name=\"robots\" content=\"index, follow, max-snippet:-1, max-image-preview:large, max-video-preview:-1\" \/>\n<link rel=\"canonical\" href=\"https:\/\/www.factorenergia.com\/es\/gas\/simulador-factura-gas\/\" \/>\n<meta name=\"twitter:card\" content=\"summary_large_image\" \/>\n<meta name=\"twitter:title\" content=\"Simulador de Factura de Gas | FactorEnergia\" \/>\n<meta name=\"twitter:description\" content=\"\u00bfTe preocupa no saber cu\u00e1nto gastar\u00e1s en gas este mes? Con nuestro simulador de factura de gas natural, puedes prever el importe de tu factura con precisi\u00f3n\" \/>\n<meta name=\"twitter:site\" content=\"@factorenergia\" \/>\n<script type=\"application\/ld+json\" class=\"yoast-schema-graph\">{\"@context\":\"https:\/\/schema.org\",\"@graph\":[{\"@type\":\"WebPage\",\"@id\":\"https:\/\/www.factorenergia.com\/es\/gas\/simulador-factura-gas\/\",\"url\":\"https:\/\/www.factorenergia.com\/es\/gas\/simulador-factura-gas\/\",\"name\":\"Simulador de Factura de Gas | FactorEnergia\",\"isPartOf\":{\"@id\":\"https:\/\/www.factorenergia.com\/es\/#website\"},\"datePublished\":\"2024-11-27T09:00:46+00:00\",\"dateModified\":\"2024-11-28T12:13:21+00:00\",\"description\":\"\u00bfTe preocupa no saber cu\u00e1nto gastar\u00e1s en gas este mes? Con nuestro simulador de factura de gas natural, puedes prever el importe de tu factura con precisi\u00f3n\",\"breadcrumb\":{\"@id\":\"https:\/\/www.factorenergia.com\/es\/gas\/simulador-factura-gas\/#breadcrumb\"},\"inLanguage\":\"es\",\"potentialAction\":[{\"@type\":\"ReadAction\",\"target\":[\"https:\/\/www.factorenergia.com\/es\/gas\/simulador-factura-gas\/\"]}]},{\"@type\":\"BreadcrumbList\",\"@id\":\"https:\/\/www.factorenergia.com\/es\/gas\/simulador-factura-gas\/#breadcrumb\",\"itemListElement\":[{\"@type\":\"ListItem\",\"position\":1,\"name\":\"Portada\",\"item\":\"https:\/\/www.factorenergia.com\/es\/\"},{\"@type\":\"ListItem\",\"position\":2,\"name\":\"Tarifas Gas\",\"item\":\"https:\/\/www.factorenergia.com\/es\/gas\/\"},{\"@type\":\"ListItem\",\"position\":3,\"name\":\"Simulador de factura de gas\"}]},{\"@type\":\"WebSite\",\"@id\":\"https:\/\/www.factorenergia.com\/es\/#website\",\"url\":\"https:\/\/www.factorenergia.com\/es\/\",\"name\":\"factorenergia\",\"description\":\"Factor Energ\u00eda\",\"potentialAction\":[{\"@type\":\"SearchAction\",\"target\":{\"@type\":\"EntryPoint\",\"urlTemplate\":\"https:\/\/www.factorenergia.com\/es\/?s={search_term_string}\"},\"query-input\":\"required name=search_term_string\"}],\"inLanguage\":\"es\"}]}<\/script>\n<!-- \/ Yoast SEO plugin. -->","yoast_head_json":{"title":"Simulador de Factura de Gas | FactorEnergia","description":"\u00bfTe preocupa no saber cu\u00e1nto gastar\u00e1s en gas este mes? Con nuestro simulador de factura de gas natural, puedes prever el importe de tu factura con precisi\u00f3n","robots":{"index":"index","follow":"follow","max-snippet":"max-snippet:-1","max-image-preview":"max-image-preview:large","max-video-preview":"max-video-preview:-1"},"canonical":"https:\/\/www.factorenergia.com\/es\/gas\/simulador-factura-gas\/","twitter_card":"summary_large_image","twitter_title":"Simulador de Factura de Gas | FactorEnergia","twitter_description":"\u00bfTe preocupa no saber cu\u00e1nto gastar\u00e1s en gas este mes? Con nuestro simulador de factura de gas natural, puedes prever el importe de tu factura con precisi\u00f3n","twitter_site":"@factorenergia","schema":{"@context":"https:\/\/schema.org","@graph":[{"@type":"WebPage","@id":"https:\/\/www.factorenergia.com\/es\/gas\/simulador-factura-gas\/","url":"https:\/\/www.factorenergia.com\/es\/gas\/simulador-factura-gas\/","name":"Simulador de Factura de Gas | FactorEnergia","isPartOf":{"@id":"https:\/\/www.factorenergia.com\/es\/#website"},"datePublished":"2024-11-27T09:00:46+00:00","dateModified":"2024-11-28T12:13:21+00:00","description":"\u00bfTe preocupa no saber cu\u00e1nto gastar\u00e1s en gas este mes? Con nuestro simulador de factura de gas natural, puedes prever el importe de tu factura con precisi\u00f3n","breadcrumb":{"@id":"https:\/\/www.factorenergia.com\/es\/gas\/simulador-factura-gas\/#breadcrumb"},"inLanguage":"es","potentialAction":[{"@type":"ReadAction","target":["https:\/\/www.factorenergia.com\/es\/gas\/simulador-factura-gas\/"]}]},{"@type":"BreadcrumbList","@id":"https:\/\/www.factorenergia.com\/es\/gas\/simulador-factura-gas\/#breadcrumb","itemListElement":[{"@type":"ListItem","position":1,"name":"Portada","item":"https:\/\/www.factorenergia.com\/es\/"},{"@type":"ListItem","position":2,"name":"Tarifas Gas","item":"https:\/\/www.factorenergia.com\/es\/gas\/"},{"@type":"ListItem","position":3,"name":"Simulador de factura de gas"}]},{"@type":"WebSite","@id":"https:\/\/www.factorenergia.com\/es\/#website","url":"https:\/\/www.factorenergia.com\/es\/","name":"factorenergia","description":"Factor Energ\u00eda","potentialAction":[{"@type":"SearchAction","target":{"@type":"EntryPoint","urlTemplate":"https:\/\/www.factorenergia.com\/es\/?s={search_term_string}"},"query-input":"required name=search_term_string"}],"inLanguage":"es"}]}},"_links":{"self":[{"href":"https:\/\/www.factorenergia.com\/es\/wp-json\/wp\/v2\/pages\/27114"}],"collection":[{"href":"https:\/\/www.factorenergia.com\/es\/wp-json\/wp\/v2\/pages"}],"about":[{"href":"https:\/\/www.factorenergia.com\/es\/wp-json\/wp\/v2\/types\/page"}],"author":[{"embeddable":true,"href":"https:\/\/www.factorenergia.com\/es\/wp-json\/wp\/v2\/users\/22"}],"replies":[{"embeddable":true,"href":"https:\/\/www.factorenergia.com\/es\/wp-json\/wp\/v2\/comments?post=27114"}],"version-history":[{"count":7,"href":"https:\/\/www.factorenergia.com\/es\/wp-json\/wp\/v2\/pages\/27114\/revisions"}],"predecessor-version":[{"id":27222,"href":"https:\/\/www.factorenergia.com\/es\/wp-json\/wp\/v2\/pages\/27114\/revisions\/27222"}],"up":[{"embeddable":true,"href":"https:\/\/www.factorenergia.com\/es\/wp-json\/wp\/v2\/pages\/4616"}],"wp:attachment":[{"href":"https:\/\/www.factorenergia.com\/es\/wp-json\/wp\/v2\/media?parent=27114"}],"wp:term":[{"taxonomy":"category","embeddable":true,"href":"https:\/\/www.factorenergia.com\/es\/wp-json\/wp\/v2\/categories?post=27114"},{"taxonomy":"post_tag","embeddable":true,"href":"https:\/\/www.factorenergia.com\/es\/wp-json\/wp\/v2\/tags?post=27114"}],"curies":[{"name":"wp","href":"https:\/\/api.w.org\/{rel}","templated":true}]}}