{"id":271,"date":"2015-09-02T18:19:18","date_gmt":"2015-09-02T18:19:18","guid":{"rendered":"http:\/\/newfactorenergia.wearebab.com\/?page_id=271"},"modified":"2025-10-07T13:55:44","modified_gmt":"2025-10-07T11:55:44","slug":"politica-de-cookies","status":"publish","type":"page","link":"https:\/\/www.factorenergia.com\/es\/politica-de-cookies\/","title":{"rendered":"Pol\u00edtica de cookies"},"content":{"rendered":"<p>Una <i>cookie<\/i> es un peque\u00f1o archivo de texto que se almacena en su navegador cuando visita casi cualquier p\u00e1gina web. Su utilidad es que la web sea capaz de recordar su visita cuando vuelva a navegar por esa p\u00e1gina. Las <i>cookies<\/i> almacenan y recuperan informaci\u00f3n sobre la navegaci\u00f3n de car\u00e1cter t\u00e9cnico, preferencias personales, estad\u00edsticas de uso, enlaces a redes sociales, acceso a cuentas de usuario, etc.<\/p>\n<p>El objetivo de la <i>cookie<\/i> es adaptar el contenido de la web a su perfil y necesidades, para mejorar y optimizar su experiencia. Las <i>cookies<\/i> no son elementos nocivos, se asocian \u00fanicamente a un usuario an\u00f3nimo y su ordenador\/dispositivo y no proporcionan referencias que permitan conocer datos personales.<\/p>\n<p>En todo momento podr\u00e1 acceder a la configuraci\u00f3n de su navegador para modificar y\/o bloquear la instalaci\u00f3n de las <i>cookies<\/i> enviadas por la web. Sin embargo, la calidad del funcionamiento de los servicios puede verse afectada.<\/p>\n<p>&nbsp;<\/p>\n<h2><strong>Tipos de cookies y su utilidad:<\/strong><\/h2>\n<p>Desde un punto de vista t\u00e9cnico, las <i>cookies<\/i> permiten que los sitios web funcionen de forma m\u00e1s \u00e1gil y adaptada a las preferencias de los usuarios, por ejemplo almacenando el idioma, la moneda del pa\u00eds o detectando el dispositivo de acceso. Tambi\u00e9n establecen niveles de protecci\u00f3n y seguridad que impiden o dificultan ciberataques contra el sitio web o sus usuarios.<\/p>\n<p>Las <em>cookies de an\u00e1lisis <\/em>permiten realizar la medici\u00f3n y an\u00e1lisis estad\u00edstico de la utilizaci\u00f3n que hacen los usuarios del servicio ofertado. Para ello se analiza su navegaci\u00f3n en la p\u00e1gina web con el fin de mejorar la calidad y experiencia de la visita.<\/p>\n<p>Las <em>cookies publicitarias <\/em>permiten la gesti\u00f3n de los espacios publicitarios de la p\u00e1gina web, con el fin de optimizar la publicidad mostrada a los usuarios.<\/p>\n<p>Las <i>cookies<\/i> pueden ser de sesi\u00f3n (dise\u00f1adas para recabar y almacenar datos mientras el usuario accede a una p\u00e1gina web) o persistentes (los datos siguen almacenados en el terminal y pueden ser accedidos y tratados durante un periodo definido por el responsable de la <i>cookie<\/i>)<\/p>\n<p><b>\u00a0<\/b><\/p>\n<h2><strong>Cookies utilizadas en este sitio web<\/strong><\/h2>\n<div style=\"display: none !Important;\">\n<p>Siguiendo las directrices de la Agencia Espa\u00f1ola de Protecci\u00f3n de Datos a continuaci\u00f3n se detalla el uso de <i>cookies<\/i> que hace esta web con el fin de informarle con la m\u00e1xima exactitud posible.<em>Cookies propias:<\/em>\u00a0aqu\u00e9llas que se env\u00edan al equipo terminal del usuario desde un equipo o dominio gestionado por el propio editor.<\/p>\n<table class=\"cookies_table\" border=\"0\" cellpadding=\"0\" cellspacing=\"0\" width=\"800\">\n<tbody>\n<tr>\n<td valign=\"top\" width=\"149\"><strong>Tipo de cookie<\/strong><\/td>\n<td valign=\"top\" width=\"152\"><strong>Finalidad de la Cookie<\/strong><\/td>\n<td valign=\"top\" width=\"192\"><strong>Descripci\u00f3n<\/strong><\/td>\n<\/tr>\n<tr>\n<td valign=\"top\" width=\"149\">Preferencias<\/td>\n<td valign=\"top\" width=\"152\">Aceptaci\u00f3n de la pol\u00edtica de cookies del sitio<strong><br \/>\n<\/strong><\/td>\n<td valign=\"top\" width=\"192\">Permite reconocer al usuario pera almacenar y recordar sus preferencias sobre cookies.<strong><br \/>\n<\/strong><\/td>\n<\/tr>\n<\/tbody>\n<\/table>\n<p>&nbsp;<\/p>\n<p><em>Cookies de terceros:<\/em> aqu\u00e9llas que se env\u00edan al equipo terminal del usuario desde un equipo o dominio que no es gestionado por el editor, sino por otra entidad que trata los datos obtenidos trav\u00e9s de las <i>cookies<\/i>.<\/p>\n<table class=\"cookies_table\" border=\"0\" cellpadding=\"0\" cellspacing=\"0\" width=\"\">\n<tbody>\n<tr>\n<td valign=\"top\"><strong>Nombre de la cookie<\/strong><\/td>\n<td valign=\"top\"><strong>Nombre del proveedor<\/strong><\/td>\n<td valign=\"top\"><strong>Finalidad de la Cookie<\/strong><\/td>\n<td valign=\"top\"><strong>Descripci\u00f3n<\/strong><\/td>\n<\/tr>\n<tr>\n<td valign=\"top\">__atuvs<\/td>\n<td valign=\"top\">AddThis<\/td>\n<td valign=\"top\">Funcional<\/td>\n<td valign=\"top\">Almacenar las acciones realizadas en el sitio web.<\/td>\n<\/tr>\n<tr>\n<td valign=\"top\">_ga<\/td>\n<td valign=\"top\">Google Analytics<\/td>\n<td valign=\"top\">Estad\u00edstica<\/td>\n<td valign=\"top\">Para almacenar y contar p\u00e1ginas vistas.<\/td>\n<\/tr>\n<tr>\n<td valign=\"top\">_gid<\/td>\n<td valign=\"top\">Google Analytics<\/td>\n<td valign=\"top\">Estad\u00edstica<\/td>\n<td valign=\"top\">Para almacenar y contar p\u00e1ginas vistas.<\/td>\n<\/tr>\n<tr>\n<td valign=\"top\">_hjSessionUser_*<\/td>\n<td valign=\"top\">Hotjar<\/td>\n<td valign=\"top\">Estad\u00edstica<\/td>\n<td valign=\"top\">Para almacenar una identificaci\u00f3n de usuario \u00fanica.<\/td>\n<\/tr>\n<tr>\n<td valign=\"top\">cookielawinfo-checkbox-*<\/td>\n<td valign=\"top\"><\/td>\n<td valign=\"top\">Desconocida<\/td>\n<td valign=\"top\">Desconocido<\/td>\n<\/tr>\n<tr>\n<td valign=\"top\">__atuvc<\/td>\n<td valign=\"top\">AddThis<\/td>\n<td valign=\"top\">Funcional<\/td>\n<td valign=\"top\">Para almacenar las acciones realizadas en el sitio web.<\/td>\n<\/tr>\n<tr>\n<td valign=\"top\">_fbp<\/td>\n<td valign=\"top\">Facebook<\/td>\n<td valign=\"top\">Marketing\/Rastreo<\/td>\n<td valign=\"top\">Para almacenar y rastrear visitas a trav\u00e9s de sitios web.<\/td>\n<\/tr>\n<tr>\n<td valign=\"top\">_ga_*<\/td>\n<td valign=\"top\">Google Analytics<\/td>\n<td valign=\"top\">Estad\u00edstica<\/td>\n<td valign=\"top\">Para almacenar y contar p\u00e1ginas vistas.<\/td>\n<\/tr>\n<tr>\n<td valign=\"top\">_gcl_au<\/td>\n<td valign=\"top\">Google Adsense<\/td>\n<td valign=\"top\">Marketing\/Rastreo<\/td>\n<td valign=\"top\">Para almacenar y realizar un seguimiento de las conversiones.<\/td>\n<\/tr>\n<tr>\n<td valign=\"top\">_hjAbsoluteSessionInProgress<\/td>\n<td valign=\"top\">Hotjar<\/td>\n<td valign=\"top\">Estad\u00edstica<\/td>\n<td valign=\"top\">Para almacenar visitas \u00fanicas.<\/td>\n<\/tr>\n<tr>\n<td valign=\"top\">_hjFirstSeen<\/td>\n<td valign=\"top\">Hotjar<\/td>\n<td valign=\"top\">Estad\u00edstica<\/td>\n<td valign=\"top\">Para almacenar la primera visita al sitio.<\/td>\n<\/tr>\n<tr>\n<td valign=\"top\">_hjIncludedInSessionSample<\/td>\n<td valign=\"top\">Hotjar<\/td>\n<td valign=\"top\">Estad\u00edstica<\/td>\n<td valign=\"top\">Funcionalidad desconocida<\/td>\n<\/tr>\n<tr>\n<td valign=\"top\">_hjSession_*<\/td>\n<td valign=\"top\">Hotjar<\/td>\n<td valign=\"top\">Funcional<\/td>\n<td valign=\"top\">Para proporcionar funciones a trav\u00e9s de las p\u00e1ginas.<\/td>\n<\/tr>\n<tr>\n<td valign=\"top\">_icl_current_language<\/td>\n<td valign=\"top\">WPML<\/td>\n<td valign=\"top\">Funcionalidad<\/td>\n<td valign=\"top\">Para almacenar la configuraci\u00f3n de idioma.<\/td>\n<\/tr>\n<tr>\n<td valign=\"top\">intercom-id-tmnif2gr<\/td>\n<td valign=\"top\">Intercom Messenger<\/td>\n<td valign=\"top\">Funcional<\/td>\n<td valign=\"top\">Funcionalidad desconocida<\/td>\n<\/tr>\n<tr>\n<td valign=\"top\">intercom-session-tmnif2gr<\/td>\n<td valign=\"top\">Intercom Messenger<\/td>\n<td valign=\"top\">Funcional<\/td>\n<td valign=\"top\">Funcionalidad desconocida<\/td>\n<\/tr>\n<\/tbody>\n<\/table>\n<p>&nbsp;<\/p>\n<\/div>\n<div class=\"cky-audit-table-element\"><\/div>\n<h2><\/h2>\n<h2><\/h2>\n<p>&nbsp;<\/p>\n<h2><strong>Configurar las preferencias de cookies<\/strong><\/h2>\n<p>Puedes consultar y configurar las cookies desde el <a class=\"cky-banner-element\">Panel de configuraci\u00f3n<\/a><\/p>\n<h2><strong>Desactivaci\u00f3n o eliminaci\u00f3n de cookies<\/strong><\/h2>\n<p>En cualquier momento podr\u00e1 ejercer su derecho de desactivaci\u00f3n o eliminaci\u00f3n de cookies de este sitio web. Estas acciones se realizan de forma diferente en funci\u00f3n del navegador que est\u00e9 usando.<\/p>\n<p>Chrome:\u00a0<a href=\"http:\/\/support.google.com\/chrome\/bin\/answer.py?hl=es&amp;answer=95647\" target=\"_blank\" rel=\"noopener\"><b>http:\/\/support.google.com\/chrome\/bin\/answer.py?hl=es&amp;answer=95647<\/b><\/a><br \/>\nExplorer: <a href=\"http:\/\/windows.microsoft.com\/es-es\/windows7\/how-to-manage-cookies-in-internet-explorer-9\" target=\"_blank\" rel=\"noopener\"><b>http:\/\/windows.microsoft.com\/es-es\/windows7\/how-to-manage-cookies-in-internet-explorer-9<\/b><\/a><br \/>\nFirefox:\u00a0<a href=\"http:\/\/support.mozilla.org\/es\/kb\/habilitar-y-deshabilitar-cookies-que-los-sitios-we\" target=\"_blank\" rel=\"noopener\"><b>http:\/\/support.mozilla.org\/es\/kb\/habilitar-y-deshabilitar-cookies-que-los-sitios-we<\/b><\/a><br \/>\nSafari: <a href=\"http:\/\/support.apple.com\/kb\/ph5042\" target=\"_blank\" rel=\"noopener\"><b>http:\/\/support.apple.com\/kb\/ph5042<\/b><\/a><\/p>\n<h2><strong>Notas adicionales<\/strong><\/h2>\n<ul>\n<li>Ni esta web ni sus representantes legales se hacen responsables ni del contenido ni de la veracidad de las pol\u00edticas de privacidad que puedan tener los terceros mencionados en esta pol\u00edtica de <i>cookies<\/i>.<\/li>\n<li>Los navegadores web son las herramientas encargadas de almacenar las <i>cookies<\/i> y desde este lugar debe efectuar su derecho a eliminaci\u00f3n o desactivaci\u00f3n de las mismas. Ni esta web ni sus representantes legales pueden garantizar la correcta o incorrecta manipulaci\u00f3n de las <i>cookies<\/i> por parte de los mencionados navegadores.<\/li>\n<li>En algunos casos es necesario instalar <i>cookies<\/i> para que el navegador no olvide su decisi\u00f3n de no aceptaci\u00f3n de las mismas<\/li>\n<\/ul>\n<p><span>El usuario puede consultar las pol\u00edticas de protecci\u00f3n de datos y de cookies de dichos terceros, as\u00ed como en su caso informaci\u00f3n sobre las transferencias a terceros pa\u00edses que puedan llevar a cabo los terceros, a trav\u00e9s de los enlaces a sus p\u00e1ginas web detalladas a continuaci\u00f3n.\u00a0<\/span><\/p>\n<p><span><strong>Google<\/strong><\/span><\/p>\n<p><a aria-label=\"V\u00ednculo Responsabilidad de datos empresariales\" id=\"menur9fi\" href=\"https:\/\/business.safety.google\/privacy\/\" rel=\"noreferrer noopener\" target=\"_blank\" class=\"fui-Link ___1q1shib f2hkw1w f3rmtva f1ewtqcl fyind8e f1k6fduh f1w7gpdv fk6fouc fjoy568 figsok6 f1s184ao f1mk8lai fnbmjn9 f1o700av f13mvf36 f1cmlufx f9n3di6 f1ids18y f1tx3yz7 f1deo86v f1eh06m1 f1iescvh fhgqx19 f1olyrje f1p93eir f1nev41a f1h8hb77 f1lqvz6u f10aw75t fsle3fq f17ae5zn\" title=\"https:\/\/business.safety.google\/privacy\/\">Responsabilidad de datos empresariales<\/a><\/p>\n<p>&nbsp;<\/p>\n","protected":false},"excerpt":{"rendered":"<p>Una cookie es un peque\u00f1o archivo de texto que se almacena en su navegador cuando visita casi cualquier p\u00e1gina web. Su utilidad es que la web sea capaz de recordar su visita cuando vuelva a navegar por esa p\u00e1gina. Las cookies almacenan y recuperan informaci\u00f3n sobre la navegaci\u00f3n de car\u00e1cter t\u00e9cnico, preferencias personales, estad\u00edsticas de [&hellip;]<\/p>\n","protected":false},"author":5,"featured_media":0,"parent":0,"menu_order":0,"comment_status":"closed","ping_status":"closed","template":"templates\/simple-page.php","meta":{"inline_featured_image":false,"footnotes":""},"categories":[6],"tags":[],"acf":[],"yoast_head":"<!-- This site is optimized with the Yoast SEO plugin v22.2 - https:\/\/yoast.com\/wordpress\/plugins\/seo\/ -->\n<title>Pol\u00edtica de cookies | Factor Energ\u00eda<\/title>\n<meta name=\"robots\" content=\"noindex, follow\" \/>\n<meta name=\"twitter:card\" content=\"summary_large_image\" \/>\n<meta name=\"twitter:title\" content=\"Pol\u00edtica de cookies | Factor Energ\u00eda\" \/>\n<meta name=\"twitter:site\" content=\"@factorenergia\" \/>\n<meta name=\"twitter:label1\" content=\"Tiempo de lectura\" \/>\n\t<meta name=\"twitter:data1\" content=\"4 minutos\" \/>\n<script type=\"application\/ld+json\" class=\"yoast-schema-graph\">{\"@context\":\"https:\/\/schema.org\",\"@graph\":[{\"@type\":\"WebPage\",\"@id\":\"https:\/\/www.factorenergia.com\/es\/politica-de-cookies\/\",\"url\":\"https:\/\/www.factorenergia.com\/es\/politica-de-cookies\/\",\"name\":\"Pol\u00edtica de cookies | Factor Energ\u00eda\",\"isPartOf\":{\"@id\":\"https:\/\/www.factorenergia.com\/es\/#website\"},\"datePublished\":\"2015-09-02T18:19:18+00:00\",\"dateModified\":\"2025-10-07T11:55:44+00:00\",\"breadcrumb\":{\"@id\":\"https:\/\/www.factorenergia.com\/es\/politica-de-cookies\/#breadcrumb\"},\"inLanguage\":\"es\",\"potentialAction\":[{\"@type\":\"ReadAction\",\"target\":[\"https:\/\/www.factorenergia.com\/es\/politica-de-cookies\/\"]}]},{\"@type\":\"BreadcrumbList\",\"@id\":\"https:\/\/www.factorenergia.com\/es\/politica-de-cookies\/#breadcrumb\",\"itemListElement\":[{\"@type\":\"ListItem\",\"position\":1,\"name\":\"Portada\",\"item\":\"https:\/\/www.factorenergia.com\/es\/\"},{\"@type\":\"ListItem\",\"position\":2,\"name\":\"Pol\u00edtica de cookies\"}]},{\"@type\":\"WebSite\",\"@id\":\"https:\/\/www.factorenergia.com\/es\/#website\",\"url\":\"https:\/\/www.factorenergia.com\/es\/\",\"name\":\"factorenergia\",\"description\":\"Factor Energ\u00eda\",\"potentialAction\":[{\"@type\":\"SearchAction\",\"target\":{\"@type\":\"EntryPoint\",\"urlTemplate\":\"https:\/\/www.factorenergia.com\/es\/?s={search_term_string}\"},\"query-input\":\"required name=search_term_string\"}],\"inLanguage\":\"es\"}]}<\/script>\n<!-- \/ Yoast SEO plugin. -->","yoast_head_json":{"title":"Pol\u00edtica de cookies | Factor Energ\u00eda","robots":{"index":"noindex","follow":"follow"},"twitter_card":"summary_large_image","twitter_title":"Pol\u00edtica de cookies | Factor Energ\u00eda","twitter_site":"@factorenergia","twitter_misc":{"Tiempo de lectura":"4 minutos"},"schema":{"@context":"https:\/\/schema.org","@graph":[{"@type":"WebPage","@id":"https:\/\/www.factorenergia.com\/es\/politica-de-cookies\/","url":"https:\/\/www.factorenergia.com\/es\/politica-de-cookies\/","name":"Pol\u00edtica de cookies | Factor Energ\u00eda","isPartOf":{"@id":"https:\/\/www.factorenergia.com\/es\/#website"},"datePublished":"2015-09-02T18:19:18+00:00","dateModified":"2025-10-07T11:55:44+00:00","breadcrumb":{"@id":"https:\/\/www.factorenergia.com\/es\/politica-de-cookies\/#breadcrumb"},"inLanguage":"es","potentialAction":[{"@type":"ReadAction","target":["https:\/\/www.factorenergia.com\/es\/politica-de-cookies\/"]}]},{"@type":"BreadcrumbList","@id":"https:\/\/www.factorenergia.com\/es\/politica-de-cookies\/#breadcrumb","itemListElement":[{"@type":"ListItem","position":1,"name":"Portada","item":"https:\/\/www.factorenergia.com\/es\/"},{"@type":"ListItem","position":2,"name":"Pol\u00edtica de cookies"}]},{"@type":"WebSite","@id":"https:\/\/www.factorenergia.com\/es\/#website","url":"https:\/\/www.factorenergia.com\/es\/","name":"factorenergia","description":"Factor Energ\u00eda","potentialAction":[{"@type":"SearchAction","target":{"@type":"EntryPoint","urlTemplate":"https:\/\/www.factorenergia.com\/es\/?s={search_term_string}"},"query-input":"required name=search_term_string"}],"inLanguage":"es"}]}},"_links":{"self":[{"href":"https:\/\/www.factorenergia.com\/es\/wp-json\/wp\/v2\/pages\/271"}],"collection":[{"href":"https:\/\/www.factorenergia.com\/es\/wp-json\/wp\/v2\/pages"}],"about":[{"href":"https:\/\/www.factorenergia.com\/es\/wp-json\/wp\/v2\/types\/page"}],"author":[{"embeddable":true,"href":"https:\/\/www.factorenergia.com\/es\/wp-json\/wp\/v2\/users\/5"}],"replies":[{"embeddable":true,"href":"https:\/\/www.factorenergia.com\/es\/wp-json\/wp\/v2\/comments?post=271"}],"version-history":[{"count":15,"href":"https:\/\/www.factorenergia.com\/es\/wp-json\/wp\/v2\/pages\/271\/revisions"}],"predecessor-version":[{"id":30220,"href":"https:\/\/www.factorenergia.com\/es\/wp-json\/wp\/v2\/pages\/271\/revisions\/30220"}],"wp:attachment":[{"href":"https:\/\/www.factorenergia.com\/es\/wp-json\/wp\/v2\/media?parent=271"}],"wp:term":[{"taxonomy":"category","embeddable":true,"href":"https:\/\/www.factorenergia.com\/es\/wp-json\/wp\/v2\/categories?post=271"},{"taxonomy":"post_tag","embeddable":true,"href":"https:\/\/www.factorenergia.com\/es\/wp-json\/wp\/v2\/tags?post=271"}],"curies":[{"name":"wp","href":"https:\/\/api.w.org\/{rel}","templated":true}]}}