{"id":27083,"date":"2024-11-27T10:23:45","date_gmt":"2024-11-27T08:23:45","guid":{"rendered":"https:\/\/www.factorenergia.com\/es\/?page_id=27083"},"modified":"2024-11-28T14:12:11","modified_gmt":"2024-11-28T12:12:11","slug":"simulador-factura-luz","status":"publish","type":"page","link":"https:\/\/www.factorenergia.com\/es\/luz\/simulador-factura-luz\/","title":{"rendered":"Simulador de factura de luz"},"content":{"rendered":"","protected":false},"excerpt":{"rendered":"","protected":false},"author":22,"featured_media":0,"parent":26351,"menu_order":0,"comment_status":"closed","ping_status":"closed","template":"templates\/comparador.php","meta":{"inline_featured_image":false,"footnotes":""},"categories":[6],"tags":[],"acf":[],"yoast_head":"<!-- This site is optimized with the Yoast SEO plugin v22.2 - https:\/\/yoast.com\/wordpress\/plugins\/seo\/ -->\n<title>Simulador de Factura de Luz | FactorEnergia<\/title>\n<meta name=\"description\" content=\"\u00bfQuieres saber cu\u00e1nto vas a pagar en tu pr\u00f3xima factura de luz? Con nuestro simulador de factura de luz, podr\u00e1s calcular el precio de la luz exacto seg\u00fan tu consumo y tarifa.\" \/>\n<meta name=\"robots\" content=\"index, follow, max-snippet:-1, max-image-preview:large, max-video-preview:-1\" \/>\n<link rel=\"canonical\" href=\"https:\/\/www.factorenergia.com\/es\/luz\/simulador-factura-luz\/\" \/>\n<meta name=\"twitter:card\" content=\"summary_large_image\" \/>\n<meta name=\"twitter:title\" content=\"Simulador de Factura de Luz | FactorEnergia\" \/>\n<meta name=\"twitter:description\" content=\"\u00bfQuieres saber cu\u00e1nto vas a pagar en tu pr\u00f3xima factura de luz? Con nuestro simulador de factura de luz, podr\u00e1s calcular el precio de la luz exacto seg\u00fan tu consumo y tarifa.\" \/>\n<meta name=\"twitter:site\" content=\"@factorenergia\" \/>\n<script type=\"application\/ld+json\" class=\"yoast-schema-graph\">{\"@context\":\"https:\/\/schema.org\",\"@graph\":[{\"@type\":\"WebPage\",\"@id\":\"https:\/\/www.factorenergia.com\/es\/luz\/simulador-factura-luz\/\",\"url\":\"https:\/\/www.factorenergia.com\/es\/luz\/simulador-factura-luz\/\",\"name\":\"Simulador de Factura de Luz | FactorEnergia\",\"isPartOf\":{\"@id\":\"https:\/\/www.factorenergia.com\/es\/#website\"},\"datePublished\":\"2024-11-27T08:23:45+00:00\",\"dateModified\":\"2024-11-28T12:12:11+00:00\",\"description\":\"\u00bfQuieres saber cu\u00e1nto vas a pagar en tu pr\u00f3xima factura de luz? Con nuestro simulador de factura de luz, podr\u00e1s calcular el precio de la luz exacto seg\u00fan tu consumo y tarifa.\",\"breadcrumb\":{\"@id\":\"https:\/\/www.factorenergia.com\/es\/luz\/simulador-factura-luz\/#breadcrumb\"},\"inLanguage\":\"es\",\"potentialAction\":[{\"@type\":\"ReadAction\",\"target\":[\"https:\/\/www.factorenergia.com\/es\/luz\/simulador-factura-luz\/\"]}]},{\"@type\":\"BreadcrumbList\",\"@id\":\"https:\/\/www.factorenergia.com\/es\/luz\/simulador-factura-luz\/#breadcrumb\",\"itemListElement\":[{\"@type\":\"ListItem\",\"position\":1,\"name\":\"Portada\",\"item\":\"https:\/\/www.factorenergia.com\/es\/\"},{\"@type\":\"ListItem\",\"position\":2,\"name\":\"Tarifas Luz\",\"item\":\"https:\/\/www.factorenergia.com\/es\/luz\/\"},{\"@type\":\"ListItem\",\"position\":3,\"name\":\"Simulador de factura de luz\"}]},{\"@type\":\"WebSite\",\"@id\":\"https:\/\/www.factorenergia.com\/es\/#website\",\"url\":\"https:\/\/www.factorenergia.com\/es\/\",\"name\":\"factorenergia\",\"description\":\"Factor Energ\u00eda\",\"potentialAction\":[{\"@type\":\"SearchAction\",\"target\":{\"@type\":\"EntryPoint\",\"urlTemplate\":\"https:\/\/www.factorenergia.com\/es\/?s={search_term_string}\"},\"query-input\":\"required name=search_term_string\"}],\"inLanguage\":\"es\"}]}<\/script>\n<!-- \/ Yoast SEO plugin. -->","yoast_head_json":{"title":"Simulador de Factura de Luz | FactorEnergia","description":"\u00bfQuieres saber cu\u00e1nto vas a pagar en tu pr\u00f3xima factura de luz? Con nuestro simulador de factura de luz, podr\u00e1s calcular el precio de la luz exacto seg\u00fan tu consumo y tarifa.","robots":{"index":"index","follow":"follow","max-snippet":"max-snippet:-1","max-image-preview":"max-image-preview:large","max-video-preview":"max-video-preview:-1"},"canonical":"https:\/\/www.factorenergia.com\/es\/luz\/simulador-factura-luz\/","twitter_card":"summary_large_image","twitter_title":"Simulador de Factura de Luz | FactorEnergia","twitter_description":"\u00bfQuieres saber cu\u00e1nto vas a pagar en tu pr\u00f3xima factura de luz? Con nuestro simulador de factura de luz, podr\u00e1s calcular el precio de la luz exacto seg\u00fan tu consumo y tarifa.","twitter_site":"@factorenergia","schema":{"@context":"https:\/\/schema.org","@graph":[{"@type":"WebPage","@id":"https:\/\/www.factorenergia.com\/es\/luz\/simulador-factura-luz\/","url":"https:\/\/www.factorenergia.com\/es\/luz\/simulador-factura-luz\/","name":"Simulador de Factura de Luz | FactorEnergia","isPartOf":{"@id":"https:\/\/www.factorenergia.com\/es\/#website"},"datePublished":"2024-11-27T08:23:45+00:00","dateModified":"2024-11-28T12:12:11+00:00","description":"\u00bfQuieres saber cu\u00e1nto vas a pagar en tu pr\u00f3xima factura de luz? Con nuestro simulador de factura de luz, podr\u00e1s calcular el precio de la luz exacto seg\u00fan tu consumo y tarifa.","breadcrumb":{"@id":"https:\/\/www.factorenergia.com\/es\/luz\/simulador-factura-luz\/#breadcrumb"},"inLanguage":"es","potentialAction":[{"@type":"ReadAction","target":["https:\/\/www.factorenergia.com\/es\/luz\/simulador-factura-luz\/"]}]},{"@type":"BreadcrumbList","@id":"https:\/\/www.factorenergia.com\/es\/luz\/simulador-factura-luz\/#breadcrumb","itemListElement":[{"@type":"ListItem","position":1,"name":"Portada","item":"https:\/\/www.factorenergia.com\/es\/"},{"@type":"ListItem","position":2,"name":"Tarifas Luz","item":"https:\/\/www.factorenergia.com\/es\/luz\/"},{"@type":"ListItem","position":3,"name":"Simulador de factura de luz"}]},{"@type":"WebSite","@id":"https:\/\/www.factorenergia.com\/es\/#website","url":"https:\/\/www.factorenergia.com\/es\/","name":"factorenergia","description":"Factor Energ\u00eda","potentialAction":[{"@type":"SearchAction","target":{"@type":"EntryPoint","urlTemplate":"https:\/\/www.factorenergia.com\/es\/?s={search_term_string}"},"query-input":"required name=search_term_string"}],"inLanguage":"es"}]}},"_links":{"self":[{"href":"https:\/\/www.factorenergia.com\/es\/wp-json\/wp\/v2\/pages\/27083"}],"collection":[{"href":"https:\/\/www.factorenergia.com\/es\/wp-json\/wp\/v2\/pages"}],"about":[{"href":"https:\/\/www.factorenergia.com\/es\/wp-json\/wp\/v2\/types\/page"}],"author":[{"embeddable":true,"href":"https:\/\/www.factorenergia.com\/es\/wp-json\/wp\/v2\/users\/22"}],"replies":[{"embeddable":true,"href":"https:\/\/www.factorenergia.com\/es\/wp-json\/wp\/v2\/comments?post=27083"}],"version-history":[{"count":10,"href":"https:\/\/www.factorenergia.com\/es\/wp-json\/wp\/v2\/pages\/27083\/revisions"}],"predecessor-version":[{"id":27220,"href":"https:\/\/www.factorenergia.com\/es\/wp-json\/wp\/v2\/pages\/27083\/revisions\/27220"}],"up":[{"embeddable":true,"href":"https:\/\/www.factorenergia.com\/es\/wp-json\/wp\/v2\/pages\/26351"}],"wp:attachment":[{"href":"https:\/\/www.factorenergia.com\/es\/wp-json\/wp\/v2\/media?parent=27083"}],"wp:term":[{"taxonomy":"category","embeddable":true,"href":"https:\/\/www.factorenergia.com\/es\/wp-json\/wp\/v2\/categories?post=27083"},{"taxonomy":"post_tag","embeddable":true,"href":"https:\/\/www.factorenergia.com\/es\/wp-json\/wp\/v2\/tags?post=27083"}],"curies":[{"name":"wp","href":"https:\/\/api.w.org\/{rel}","templated":true}]}}