{"id":26613,"date":"2024-10-22T10:54:49","date_gmt":"2024-10-22T08:54:49","guid":{"rendered":"https:\/\/www.factorenergia.com\/es\/?page_id=26613"},"modified":"2024-10-24T10:58:37","modified_gmt":"2024-10-24T08:58:37","slug":"cambiar-compania-de-gas","status":"publish","type":"page","link":"https:\/\/www.factorenergia.com\/es\/gas\/cambiar-compania-de-gas\/","title":{"rendered":"Cambiar compa\u00f1ia de gas"},"content":{"rendered":"<p>En FactorEnergia te ponemos f\u00e1cil el cambio de compa\u00f1\u00eda de gas, en 3 simples pasos. Descubre c\u00f3mo puedes mejorar tu <a href=\"https:\/\/www.factorenergia.com\/es\/gas\/\">tarifa de gas<\/a>, con una atenci\u00f3n excepcional y una gesti\u00f3n eficiente de tu consumo.<\/p>\n","protected":false},"excerpt":{"rendered":"<p>En FactorEnergia te ponemos f\u00e1cil el cambio de compa\u00f1\u00eda de gas, en 3 simples pasos. Descubre c\u00f3mo puedes mejorar tu tarifa de gas, con una atenci\u00f3n excepcional y una gesti\u00f3n eficiente de tu consumo.<\/p>\n","protected":false},"author":22,"featured_media":0,"parent":4616,"menu_order":0,"comment_status":"closed","ping_status":"closed","template":"templates\/contenido-vario.php","meta":{"inline_featured_image":false,"footnotes":""},"categories":[6],"tags":[],"acf":[],"yoast_head":"<!-- This site is optimized with the Yoast SEO plugin v22.2 - https:\/\/yoast.com\/wordpress\/plugins\/seo\/ -->\n<title>Cambiar de Compa\u00f1\u00eda de Gas<\/title>\n<meta name=\"description\" content=\"En FactorEnergia te facilitamos el proceso para cambiar de compa\u00f1\u00eda de gas sin complicaciones, de forma r\u00e1pida y sencilla.\" \/>\n<meta name=\"robots\" content=\"index, follow, max-snippet:-1, max-image-preview:large, max-video-preview:-1\" \/>\n<link rel=\"canonical\" href=\"https:\/\/www.factorenergia.com\/es\/gas\/cambiar-compania-de-gas\/\" \/>\n<meta name=\"twitter:card\" content=\"summary_large_image\" \/>\n<meta name=\"twitter:title\" content=\"Cambiar de Compa\u00f1\u00eda de Gas\" \/>\n<meta name=\"twitter:description\" content=\"En FactorEnergia te facilitamos el proceso para cambiar de compa\u00f1\u00eda de gas sin complicaciones, de forma r\u00e1pida y sencilla.\" \/>\n<meta name=\"twitter:site\" content=\"@factorenergia\" \/>\n<meta name=\"twitter:label1\" content=\"Tiempo de lectura\" \/>\n\t<meta name=\"twitter:data1\" content=\"1 minuto\" \/>\n<script type=\"application\/ld+json\" class=\"yoast-schema-graph\">{\"@context\":\"https:\/\/schema.org\",\"@graph\":[{\"@type\":\"WebPage\",\"@id\":\"https:\/\/www.factorenergia.com\/es\/gas\/cambiar-compania-de-gas\/\",\"url\":\"https:\/\/www.factorenergia.com\/es\/gas\/cambiar-compania-de-gas\/\",\"name\":\"Cambiar de Compa\u00f1\u00eda de Gas\",\"isPartOf\":{\"@id\":\"https:\/\/www.factorenergia.com\/es\/#website\"},\"datePublished\":\"2024-10-22T08:54:49+00:00\",\"dateModified\":\"2024-10-24T08:58:37+00:00\",\"description\":\"En FactorEnergia te facilitamos el proceso para cambiar de compa\u00f1\u00eda de gas sin complicaciones, de forma r\u00e1pida y sencilla.\",\"breadcrumb\":{\"@id\":\"https:\/\/www.factorenergia.com\/es\/gas\/cambiar-compania-de-gas\/#breadcrumb\"},\"inLanguage\":\"es\",\"potentialAction\":[{\"@type\":\"ReadAction\",\"target\":[\"https:\/\/www.factorenergia.com\/es\/gas\/cambiar-compania-de-gas\/\"]}]},{\"@type\":\"BreadcrumbList\",\"@id\":\"https:\/\/www.factorenergia.com\/es\/gas\/cambiar-compania-de-gas\/#breadcrumb\",\"itemListElement\":[{\"@type\":\"ListItem\",\"position\":1,\"name\":\"Portada\",\"item\":\"https:\/\/www.factorenergia.com\/es\/\"},{\"@type\":\"ListItem\",\"position\":2,\"name\":\"Tarifas Gas\",\"item\":\"https:\/\/www.factorenergia.com\/es\/gas\/\"},{\"@type\":\"ListItem\",\"position\":3,\"name\":\"Cambiar compa\u00f1ia de gas\"}]},{\"@type\":\"WebSite\",\"@id\":\"https:\/\/www.factorenergia.com\/es\/#website\",\"url\":\"https:\/\/www.factorenergia.com\/es\/\",\"name\":\"factorenergia\",\"description\":\"Factor Energ\u00eda\",\"potentialAction\":[{\"@type\":\"SearchAction\",\"target\":{\"@type\":\"EntryPoint\",\"urlTemplate\":\"https:\/\/www.factorenergia.com\/es\/?s={search_term_string}\"},\"query-input\":\"required name=search_term_string\"}],\"inLanguage\":\"es\"}]}<\/script>\n<!-- \/ Yoast SEO plugin. -->","yoast_head_json":{"title":"Cambiar de Compa\u00f1\u00eda de Gas","description":"En FactorEnergia te facilitamos el proceso para cambiar de compa\u00f1\u00eda de gas sin complicaciones, de forma r\u00e1pida y sencilla.","robots":{"index":"index","follow":"follow","max-snippet":"max-snippet:-1","max-image-preview":"max-image-preview:large","max-video-preview":"max-video-preview:-1"},"canonical":"https:\/\/www.factorenergia.com\/es\/gas\/cambiar-compania-de-gas\/","twitter_card":"summary_large_image","twitter_title":"Cambiar de Compa\u00f1\u00eda de Gas","twitter_description":"En FactorEnergia te facilitamos el proceso para cambiar de compa\u00f1\u00eda de gas sin complicaciones, de forma r\u00e1pida y sencilla.","twitter_site":"@factorenergia","twitter_misc":{"Tiempo de lectura":"1 minuto"},"schema":{"@context":"https:\/\/schema.org","@graph":[{"@type":"WebPage","@id":"https:\/\/www.factorenergia.com\/es\/gas\/cambiar-compania-de-gas\/","url":"https:\/\/www.factorenergia.com\/es\/gas\/cambiar-compania-de-gas\/","name":"Cambiar de Compa\u00f1\u00eda de Gas","isPartOf":{"@id":"https:\/\/www.factorenergia.com\/es\/#website"},"datePublished":"2024-10-22T08:54:49+00:00","dateModified":"2024-10-24T08:58:37+00:00","description":"En FactorEnergia te facilitamos el proceso para cambiar de compa\u00f1\u00eda de gas sin complicaciones, de forma r\u00e1pida y sencilla.","breadcrumb":{"@id":"https:\/\/www.factorenergia.com\/es\/gas\/cambiar-compania-de-gas\/#breadcrumb"},"inLanguage":"es","potentialAction":[{"@type":"ReadAction","target":["https:\/\/www.factorenergia.com\/es\/gas\/cambiar-compania-de-gas\/"]}]},{"@type":"BreadcrumbList","@id":"https:\/\/www.factorenergia.com\/es\/gas\/cambiar-compania-de-gas\/#breadcrumb","itemListElement":[{"@type":"ListItem","position":1,"name":"Portada","item":"https:\/\/www.factorenergia.com\/es\/"},{"@type":"ListItem","position":2,"name":"Tarifas Gas","item":"https:\/\/www.factorenergia.com\/es\/gas\/"},{"@type":"ListItem","position":3,"name":"Cambiar compa\u00f1ia de gas"}]},{"@type":"WebSite","@id":"https:\/\/www.factorenergia.com\/es\/#website","url":"https:\/\/www.factorenergia.com\/es\/","name":"factorenergia","description":"Factor Energ\u00eda","potentialAction":[{"@type":"SearchAction","target":{"@type":"EntryPoint","urlTemplate":"https:\/\/www.factorenergia.com\/es\/?s={search_term_string}"},"query-input":"required name=search_term_string"}],"inLanguage":"es"}]}},"_links":{"self":[{"href":"https:\/\/www.factorenergia.com\/es\/wp-json\/wp\/v2\/pages\/26613"}],"collection":[{"href":"https:\/\/www.factorenergia.com\/es\/wp-json\/wp\/v2\/pages"}],"about":[{"href":"https:\/\/www.factorenergia.com\/es\/wp-json\/wp\/v2\/types\/page"}],"author":[{"embeddable":true,"href":"https:\/\/www.factorenergia.com\/es\/wp-json\/wp\/v2\/users\/22"}],"replies":[{"embeddable":true,"href":"https:\/\/www.factorenergia.com\/es\/wp-json\/wp\/v2\/comments?post=26613"}],"version-history":[{"count":10,"href":"https:\/\/www.factorenergia.com\/es\/wp-json\/wp\/v2\/pages\/26613\/revisions"}],"predecessor-version":[{"id":26649,"href":"https:\/\/www.factorenergia.com\/es\/wp-json\/wp\/v2\/pages\/26613\/revisions\/26649"}],"up":[{"embeddable":true,"href":"https:\/\/www.factorenergia.com\/es\/wp-json\/wp\/v2\/pages\/4616"}],"wp:attachment":[{"href":"https:\/\/www.factorenergia.com\/es\/wp-json\/wp\/v2\/media?parent=26613"}],"wp:term":[{"taxonomy":"category","embeddable":true,"href":"https:\/\/www.factorenergia.com\/es\/wp-json\/wp\/v2\/categories?post=26613"},{"taxonomy":"post_tag","embeddable":true,"href":"https:\/\/www.factorenergia.com\/es\/wp-json\/wp\/v2\/tags?post=26613"}],"curies":[{"name":"wp","href":"https:\/\/api.w.org\/{rel}","templated":true}]}}