{"id":266,"date":"2015-05-22T17:45:21","date_gmt":"2015-05-22T15:45:21","guid":{"rendered":"http:\/\/newfactorenergia.wearebab.com\/?page_id=266"},"modified":"2024-03-06T14:32:07","modified_gmt":"2024-03-06T12:32:07","slug":"aviso-legal","status":"publish","type":"page","link":"https:\/\/www.factorenergia.com\/es\/aviso-legal\/","title":{"rendered":"Aviso legal"},"content":{"rendered":"<h2>1. Informaci\u00f3n General<\/h2>\n<p>En virtud del presente Aviso, FACTOR ENERGIA, SA (en adelante \u00abFactorenergia\u00bb), informa a los Usuarios del sitio web www.factorenergia.com, (en adelante, el \u00abSitio Web\u00bb) accesible a trav\u00e9s de las direcciones URL www.factorenergia.es, www.factorenergia.com, www.factorenergia.cat, de las condiciones generales de acceso y uso de este Sitio Web (en adelante, \u00abCondiciones Generales\u00bb). Este sitio web es titularidad de Factorenergia, con domicilio social en Avda. Diagonal 575 (Edificio la Illa) M\u00f3dulo II Planta 2, Barcelona (08029), con CIF: A-61.893.871, e inscrita en el Registro Mercantil de Barcelona, Hoja B194687, Folio 183, Tomo 51580 en la secci\u00f3n 2a del Registro Administrativo de Distribuidores, Comercializadores y Consumidores Cualificados con el n\u00famero de identificaci\u00f3n R2-109. Usted puede contactar con Factorenergia en los tel\u00e9fonos gratuitos de atenci\u00f3n al cliente 900 649 028 \/ contrataci\u00f3n 900 850 000 o en la direcci\u00f3n de correo electr\u00f3nico factor@factorenergia.com. La informaci\u00f3n ofrecida en el Sitio Web no constituye un asesoramiento i no ha de ser tomada como base para ninguna decisi\u00f3n de inversi\u00f3n. A excepci\u00f3n de que no se indique lo contrario, este Sitio Web est\u00e1 dirigido \u00fanicamente a las persona que accedan a \u00e9l desde Espa\u00f1a. Factorenergia no garantiza que los productos y servicios a los cuales se hace referencia en este Sitio Web est\u00e1n disponibles o sean adecuados para su uso en otro lugares. Los que desean acceder a este Sitio Web desde otros lugares son responsables del cumplimiento de la normativa local, siempre en la medida que \u00e9sta sea aplicable. Factorenergia se reserve el derecho a modificar, en cualquier momento y sin necesidad de previo aviso, la presentaci\u00f3n y configuraci\u00f3n de este Sitio Web, sus servicios, as\u00ed como las presentes Condiciones Generales. En consecuencia, recomendamos al Usuario que le con atenci\u00f3n las Condiciones Generales cada vez que se proponga acceder a este Sitio Web. La utilizaci\u00f3n de este\u00a0 Sitio Web implica la plena aceptaci\u00f3n de las disposiciones incluidas en este Aviso en la versi\u00f3n publicada por Factorenergia en el momento en que el Usuario acceda al Sitio Web.<\/p>\n<h2>2. Condiciones de acceso\u00a0y utilizaci\u00f3n del\u00a0Sitio Web<\/h2>\n<p>El acceso al Sitio Web no exige el previo registro del Usuario; no obstante el registro ser\u00e1 necesario para poder acceder al \u00c1rea de clientes y proceder a consultas y descargas. El uso de la clave de acceso es personal e intransferible, no estando permitida, en ning\u00fan caso, la cesi\u00f3n a terceros; por tanto el Usuario es el \u00fanico responsable del uso y custodia de su clave de acceso, dejando indemne a\u00a0Factorenergia por cualquier uso indebido que terceros puedan realizar de ella. En caso de robo o p\u00e9rdida de la clave de acceso el Usuario informar\u00e1 de forma inmediata a Factorenergia a fin de que proceda a su cancelaci\u00f3n y a la asignaci\u00f3n de una nueva.<br \/>\nEn el caso de Usuarios que accedan al \u00c1rea de clientes en nombre de sociedades, garantizan que intervienen en nombre y representaci\u00f3n de la sociedad por cuya cuenta acceden, entendiendo\u00a0Factorenergia que est\u00e1n plenamente facultados para realizar dicho acceso y sin asumir responsabilidad alguna por accesos indebidos de Usuarios no autorizados.<br \/>\nEl Usuario garantiza la veracidad de la informaci\u00f3n facilitada, garantizando la autenticidad de todos los datos que comunique como consecuencia del registro en el Sitio Web o la cumplimentaci\u00f3n de formularios interactivos que aparezcan el mismo.<br \/>\nEl Usuario ser\u00e1 responsable de mantener toda la informaci\u00f3n plenamente actualizada, de forma que responda en cada momento a su situaci\u00f3n real. El Usuario ser\u00e1 el \u00fanico responsable de las manifestaciones falsas o inexactas que realice y de los perjuicios causados a\u00a0Factorenergia o a terceros por la informaci\u00f3n que facilite a trav\u00e9s del Sitio Web.<br \/>\nEl Usuario se compromete a hacer un uso diligente del Sitio Web y de los servicios accesibles desde el mismo, con total sujeci\u00f3n a la Ley, a las buenas costumbres, a las presentes Condiciones Generales y, en su caso, condiciones de uso particulares a que puedan sujetarse determinados servicios, as\u00ed como a manteniendo el debido respeto a los dem\u00e1s usuarios.<br \/>\nEl Usuario renuncia a utilizar cualquiera de los materiales e informaciones contenidos en este Sitio Web con fines il\u00edcitos o diferentes a los establecidos en las presentes Condiciones Generales, o en las condiciones propias de los servicios que en su caso se habiliten, que resulten contrarios a los derechos e intereses de\u00a0Factorenergia y\/o terceros, y deber\u00e1 responder frente a los mismos en caso de contravenir o incumplir dichas obligaciones y\/o actuar de cualquier modo (incluida la introducci\u00f3n o difusi\u00f3n de \u201cvirus inform\u00e1ticos\u201d), que da\u00f1e, inutilice, sobrecargue, deteriore o impida la normal utilizaci\u00f3n de los materiales e informaciones contenidos en el Sitio Web, los sistemas de informaci\u00f3n o los documentos, archivos y toda clase de contenidos almacenados en cualquier equipo inform\u00e1tico de\u00a0Factorenergia\u00a0o de cualquier Usuario del Sitio Web.<\/p>\n<h2>3. Propiedad intelectual\u00a0e industrial<\/h2>\n<p>Quedan reservados todos los derechos de explotaci\u00f3n relativos al Sitio Web. Este Sitio Web se encuentra protegido por la legislaci\u00f3n sobre propiedad intelectual e industrial. Todos los contenidos que se muestran en el Sitio Web y, en especial, art\u00edculos, dise\u00f1os, textos, gr\u00e1ficos, fotograf\u00edas, logos, iconos, c\u00f3digo en lenguaje [PHP, PERL, HTML, JAVA, JAVA Script o Active X], nombres comerciales, marcas, dibujos industriales o cualquier otro signo susceptible de utilizaci\u00f3n industrial y comercial est\u00e1n sujetos a derechos de propiedad intelectual e industrial de AME y\/o de terceros titulares de los mismos que han autorizado debidamente su inclusi\u00f3n en el Sitio Web.<br \/>\nLos Usuarios que acceden al Sitio Web pueden visualizar la informaci\u00f3n contenida en el mismo y efectuar descargas o reproducciones privadas a su sistema inform\u00e1tico, siempre que los elementos reproducidos no sean cedidos posteriormente a terceros o se instalen en un servidor conectado a Internet o a una red local.<br \/>\nQueda prohibida la distribuci\u00f3n, modificaci\u00f3n, transformaci\u00f3n, cesi\u00f3n, puesta a disposici\u00f3n del p\u00fablico, y cualquier otra actividad que no haya sido expresamente autorizada por el titular de los derechos de explotaci\u00f3n. El uso no autorizado de los materiales e informaci\u00f3n contenidos en el Sitio Web puede suponer la violaci\u00f3n de la legislaci\u00f3n sobre propiedad intelectual o industrial y de otras normativas aplicables. El Usuario del Sitio Web se abstendr\u00e1, en todo caso, de suprimir, alterar, eludir o manipular cualquier dispositivo de protecci\u00f3n o sistemas de seguridad que puedan estar instalados en el mismo.<\/p>\n<h2>4. Exclusi\u00f3n de garant\u00edas\u00a0y responsabilidad<\/h2>\n<p>Factorenergia no se responsabiliza por los da\u00f1os y perjuicios de toda naturaleza que puedan deberse a la falta de exactitud, exhaustividad, actualidad, as\u00ed como a errores u omisiones de los que pudieran adolecer las informaciones y servicios contenidos en el Sitio Web u otros contenidos a los que se pueda acceder a trav\u00e9s del mismo, ni asume ning\u00fan deber o compromiso de verificar ni de vigilar sus contenidos e informaciones.<br \/>\nAsimismo,\u00a0Factorenergia no garantiza la disponibilidad, continuidad ni la infalibilidad del funcionamiento del Sitio Web y en, consecuencia, excluye, en la m\u00e1xima medida permitida por la legislaci\u00f3n vigente, cualquier responsabilidad por los da\u00f1os y perjuicios de toda naturaleza que puedan deberse a la falta de disponibilidad o de continuidad del funcionamiento del Sitio Web y de los servicios habilitados en el mismo.<br \/>\nFactorenergia\u00a0declina toda responsabilidad por los da\u00f1os inform\u00e1ticos o de otro tipo que pudiera ocasionar al Usuario visitante en el acceso a los contenidos de este Sitio Web. Por ello,\u00a0Factorenergia no garantiza la ausencia de virus u otros elementos lesivos que pudieran causar da\u00f1os o alteraciones en el sistema inform\u00e1tico, en los documentos electr\u00f3nicos o en los ficheros del Usuario o de terceros.<br \/>\nFactorenergia excluye cualquier responsabilidad por los da\u00f1os y perjuicios de toda naturaleza que pudieran deberse a la utilizaci\u00f3n il\u00edcita de los servicios y de los contenidos por parte de los Usuarios o que puedan deberse a la falta de veracidad, vigencia, exhaustividad y\/o autenticidad de la informaci\u00f3n proporcionada por los Usuarios y, en particular, aunque no de forma exclusiva, por los da\u00f1os y perjuicios de toda naturaleza que puedan deberse a la suplantaci\u00f3n de la personalidad de un tercero efectuada por un Usuario en cualquier clase de comunicaci\u00f3n realizada a trav\u00e9s del Sitio Web.<\/p>\n<h2>5. Enlaces<\/h2>\n<p>Aquellas personas que se propongan establecer un hiperenlace entre su p\u00e1gina web y este Sitio Web deber\u00e1n cumplir las condiciones siguientes:<br \/>\n\u2022 El hiperenlace \u00fanicamente permitir\u00e1 el acceso a la home-page (p\u00e1gina de inicio) de este Sitio Web, pero no podr\u00e1 reproducirla en modo alguno.<br \/>\n\u2022 No se crear\u00e1 un navegador ni un marco de navegaci\u00f3n sobre las p\u00e1ginas web de este Sitio Web.<br \/>\n\u2022 No se realizar\u00e1n manifestaciones o indicaciones falsas, inexactas o incorrectas sobre este Sitio Web, y, en particular, no se declarar\u00e1 ni dar\u00e1 a entender que\u00a0Factorenergia ha autorizado el hiperenlace o que ha supervisado, validado o asumido de cualquier forma los contenidos o servicios ofrecidos o puestos a disposici\u00f3n en la p\u00e1gina web en la que se establece el hiperenlace.<br \/>\n\u2022 Excepci\u00f3n hecha de aquellos signos que formen parte del mismo hiperenlace, la p\u00e1gina web en la que se establezca el hiperenlace no contendr\u00e1 ninguna marca, nombre comercial, r\u00f3tulo de establecimiento, denominaci\u00f3n, logotipo, eslogan u otros signos distintivos pertenecientes a Factorenergia.<br \/>\n\u2022 La p\u00e1gina web en la que se establezca el hiperenlace no contendr\u00e1 informaciones o contenidos il\u00edcitos, contrarios a la moral y buenas costumbres generalmente aceptadas y al orden p\u00fablico, as\u00ed como tampoco contendr\u00e1 contenidos contrarios a cualesquiera derechos de terceros.<br \/>\n\u2022 El establecimiento del hiperenlace no implica en ning\u00fan caso la existencia de relaciones entre\u00a0Factorenergia \u00a0y el propietario de la p\u00e1gina web en la que se establezca, ni la aceptaci\u00f3n y aprobaci\u00f3n por parte de Factorenergia.<br \/>\nFactorenergia pone, a su vez, a disposici\u00f3n de los Usuarios hiperenlaces con el fin de facilitar el acceso a la informaci\u00f3n, servicios y dem\u00e1s contenidos disponibles en Internet. Los hiperenlaces habilitados en este Sitio Web pueden conducir al Usuario a otras p\u00e1ginas web gestionadas por terceros, sobre los que\u00a0Factorenergia no ejerce ning\u00fan tipo de control.<br \/>\nFactorenergia no asume ning\u00fan deber de vigilar ni de verificar las informaciones o contenidos de otras p\u00e1ginas web a las que sea posible acceder mediante los hiperenlaces existentes en el Sitio Web. Asume exclusivamente el deber de suprimir del Sitio Web, con la mayor brevedad posible, las informaciones, contenidos o servicios que no se correspondan con la realidad, atenten contra cualquier normativa aplicable o puedan inducir a error o causar da\u00f1o al Usuario<\/p>\n<h2>6. Legislaci\u00f3n aplicable<\/h2>\n<p>Este Sitio Web se rige por la Ley espa\u00f1ola.<\/p>\n","protected":false},"excerpt":{"rendered":"<p>1. Informaci\u00f3n General En virtud del presente Aviso, FACTOR ENERGIA, SA (en adelante \u00abFactorenergia\u00bb), informa a los Usuarios del sitio web www.factorenergia.com, (en adelante, el \u00abSitio Web\u00bb) accesible a trav\u00e9s de las direcciones URL www.factorenergia.es, www.factorenergia.com, www.factorenergia.cat, de las condiciones generales de acceso y uso de este Sitio Web (en adelante, \u00abCondiciones Generales\u00bb). Este sitio [&hellip;]<\/p>\n","protected":false},"author":5,"featured_media":0,"parent":0,"menu_order":0,"comment_status":"closed","ping_status":"closed","template":"templates\/simple-page.php","meta":{"inline_featured_image":false,"footnotes":""},"categories":[6],"tags":[],"acf":[],"yoast_head":"<!-- This site is optimized with the Yoast SEO plugin v22.2 - https:\/\/yoast.com\/wordpress\/plugins\/seo\/ -->\n<title>Aviso legal | Factor Energ\u00eda<\/title>\n<meta name=\"description\" content=\"Aqu\u00ed puedes encontrar el aviso legal y las condiciones legales ligadas al uso de la web de factorenergia.\" \/>\n<meta name=\"robots\" content=\"noindex, follow\" \/>\n<meta name=\"twitter:card\" content=\"summary_large_image\" \/>\n<meta name=\"twitter:title\" content=\"Aviso legal | Factor Energ\u00eda\" \/>\n<meta name=\"twitter:description\" content=\"Aqu\u00ed puedes encontrar el aviso legal y las condiciones legales ligadas al uso de la web de factorenergia.\" \/>\n<meta name=\"twitter:site\" content=\"@factorenergia\" \/>\n<meta name=\"twitter:label1\" content=\"Tiempo de lectura\" \/>\n\t<meta name=\"twitter:data1\" content=\"8 minutos\" \/>\n<script type=\"application\/ld+json\" class=\"yoast-schema-graph\">{\"@context\":\"https:\/\/schema.org\",\"@graph\":[{\"@type\":\"WebPage\",\"@id\":\"https:\/\/www.factorenergia.com\/es\/aviso-legal\/\",\"url\":\"https:\/\/www.factorenergia.com\/es\/aviso-legal\/\",\"name\":\"Aviso legal | Factor Energ\u00eda\",\"isPartOf\":{\"@id\":\"https:\/\/www.factorenergia.com\/es\/#website\"},\"datePublished\":\"2015-05-22T15:45:21+00:00\",\"dateModified\":\"2024-03-06T12:32:07+00:00\",\"description\":\"Aqu\u00ed puedes encontrar el aviso legal y las condiciones legales ligadas al uso de la web de factorenergia.\",\"breadcrumb\":{\"@id\":\"https:\/\/www.factorenergia.com\/es\/aviso-legal\/#breadcrumb\"},\"inLanguage\":\"es\",\"potentialAction\":[{\"@type\":\"ReadAction\",\"target\":[\"https:\/\/www.factorenergia.com\/es\/aviso-legal\/\"]}]},{\"@type\":\"BreadcrumbList\",\"@id\":\"https:\/\/www.factorenergia.com\/es\/aviso-legal\/#breadcrumb\",\"itemListElement\":[{\"@type\":\"ListItem\",\"position\":1,\"name\":\"Portada\",\"item\":\"https:\/\/www.factorenergia.com\/es\/\"},{\"@type\":\"ListItem\",\"position\":2,\"name\":\"Aviso legal\"}]},{\"@type\":\"WebSite\",\"@id\":\"https:\/\/www.factorenergia.com\/es\/#website\",\"url\":\"https:\/\/www.factorenergia.com\/es\/\",\"name\":\"factorenergia\",\"description\":\"Factor Energ\u00eda\",\"potentialAction\":[{\"@type\":\"SearchAction\",\"target\":{\"@type\":\"EntryPoint\",\"urlTemplate\":\"https:\/\/www.factorenergia.com\/es\/?s={search_term_string}\"},\"query-input\":\"required name=search_term_string\"}],\"inLanguage\":\"es\"}]}<\/script>\n<!-- \/ Yoast SEO plugin. -->","yoast_head_json":{"title":"Aviso legal | Factor Energ\u00eda","description":"Aqu\u00ed puedes encontrar el aviso legal y las condiciones legales ligadas al uso de la web de factorenergia.","robots":{"index":"noindex","follow":"follow"},"twitter_card":"summary_large_image","twitter_title":"Aviso legal | Factor Energ\u00eda","twitter_description":"Aqu\u00ed puedes encontrar el aviso legal y las condiciones legales ligadas al uso de la web de factorenergia.","twitter_site":"@factorenergia","twitter_misc":{"Tiempo de lectura":"8 minutos"},"schema":{"@context":"https:\/\/schema.org","@graph":[{"@type":"WebPage","@id":"https:\/\/www.factorenergia.com\/es\/aviso-legal\/","url":"https:\/\/www.factorenergia.com\/es\/aviso-legal\/","name":"Aviso legal | Factor Energ\u00eda","isPartOf":{"@id":"https:\/\/www.factorenergia.com\/es\/#website"},"datePublished":"2015-05-22T15:45:21+00:00","dateModified":"2024-03-06T12:32:07+00:00","description":"Aqu\u00ed puedes encontrar el aviso legal y las condiciones legales ligadas al uso de la web de factorenergia.","breadcrumb":{"@id":"https:\/\/www.factorenergia.com\/es\/aviso-legal\/#breadcrumb"},"inLanguage":"es","potentialAction":[{"@type":"ReadAction","target":["https:\/\/www.factorenergia.com\/es\/aviso-legal\/"]}]},{"@type":"BreadcrumbList","@id":"https:\/\/www.factorenergia.com\/es\/aviso-legal\/#breadcrumb","itemListElement":[{"@type":"ListItem","position":1,"name":"Portada","item":"https:\/\/www.factorenergia.com\/es\/"},{"@type":"ListItem","position":2,"name":"Aviso legal"}]},{"@type":"WebSite","@id":"https:\/\/www.factorenergia.com\/es\/#website","url":"https:\/\/www.factorenergia.com\/es\/","name":"factorenergia","description":"Factor Energ\u00eda","potentialAction":[{"@type":"SearchAction","target":{"@type":"EntryPoint","urlTemplate":"https:\/\/www.factorenergia.com\/es\/?s={search_term_string}"},"query-input":"required name=search_term_string"}],"inLanguage":"es"}]}},"_links":{"self":[{"href":"https:\/\/www.factorenergia.com\/es\/wp-json\/wp\/v2\/pages\/266"}],"collection":[{"href":"https:\/\/www.factorenergia.com\/es\/wp-json\/wp\/v2\/pages"}],"about":[{"href":"https:\/\/www.factorenergia.com\/es\/wp-json\/wp\/v2\/types\/page"}],"author":[{"embeddable":true,"href":"https:\/\/www.factorenergia.com\/es\/wp-json\/wp\/v2\/users\/5"}],"replies":[{"embeddable":true,"href":"https:\/\/www.factorenergia.com\/es\/wp-json\/wp\/v2\/comments?post=266"}],"version-history":[{"count":15,"href":"https:\/\/www.factorenergia.com\/es\/wp-json\/wp\/v2\/pages\/266\/revisions"}],"predecessor-version":[{"id":24307,"href":"https:\/\/www.factorenergia.com\/es\/wp-json\/wp\/v2\/pages\/266\/revisions\/24307"}],"wp:attachment":[{"href":"https:\/\/www.factorenergia.com\/es\/wp-json\/wp\/v2\/media?parent=266"}],"wp:term":[{"taxonomy":"category","embeddable":true,"href":"https:\/\/www.factorenergia.com\/es\/wp-json\/wp\/v2\/categories?post=266"},{"taxonomy":"post_tag","embeddable":true,"href":"https:\/\/www.factorenergia.com\/es\/wp-json\/wp\/v2\/tags?post=266"}],"curies":[{"name":"wp","href":"https:\/\/api.w.org\/{rel}","templated":true}]}}