{"id":26351,"date":"2024-10-16T13:09:25","date_gmt":"2024-10-16T11:09:25","guid":{"rendered":"https:\/\/www.factorenergia.com\/es\/?page_id=26351"},"modified":"2025-06-01T06:24:46","modified_gmt":"2025-06-01T04:24:46","slug":"luz","status":"publish","type":"page","link":"https:\/\/www.factorenergia.com\/es\/luz\/","title":{"rendered":"Tarifas Luz"},"content":{"rendered":"<p>Descubre nuestras tarifas de electricidad dise\u00f1adas para hogares, con las mejores ofertas el\u00e9ctricas del mercado.<\/p>\n<p>&nbsp;<\/p>\n<p><b>Tarifas de energ\u00eda que se adaptan a ti:<\/b><\/p>\n","protected":false},"excerpt":{"rendered":"<p>Descubre nuestras tarifas de electricidad dise\u00f1adas para hogares, con las mejores ofertas el\u00e9ctricas del mercado. &nbsp; Tarifas de energ\u00eda que se adaptan a ti:<\/p>\n","protected":false},"author":5,"featured_media":0,"parent":0,"menu_order":0,"comment_status":"closed","ping_status":"closed","template":"templates\/contenido-vario.php","meta":{"inline_featured_image":false,"footnotes":""},"categories":[6],"tags":[],"acf":[],"yoast_head":"<!-- This site is optimized with the Yoast SEO plugin v22.2 - https:\/\/yoast.com\/wordpress\/plugins\/seo\/ -->\n<title>Tarifas de Luz: Ofertas de electricidad al mejor precio<\/title>\n<meta name=\"description\" content=\"Descubre nuestras tarifas de electricidad dise\u00f1adas para hogares, con las mejores ofertas de electricidad del mercado.\" \/>\n<meta name=\"robots\" content=\"index, follow, max-snippet:-1, max-image-preview:large, max-video-preview:-1\" \/>\n<link rel=\"canonical\" href=\"https:\/\/www.factorenergia.com\/es\/luz\/\" \/>\n<meta name=\"twitter:card\" content=\"summary_large_image\" \/>\n<meta name=\"twitter:title\" content=\"Tarifas de Luz: Ofertas de electricidad al mejor precio\" \/>\n<meta name=\"twitter:description\" content=\"Descubre nuestras tarifas de electricidad dise\u00f1adas para hogares, con las mejores ofertas de electricidad del mercado.\" \/>\n<meta name=\"twitter:site\" content=\"@factorenergia\" \/>\n<meta name=\"twitter:label1\" content=\"Tiempo de lectura\" \/>\n\t<meta name=\"twitter:data1\" content=\"1 minuto\" \/>\n<script type=\"application\/ld+json\" class=\"yoast-schema-graph\">{\"@context\":\"https:\/\/schema.org\",\"@graph\":[{\"@type\":\"WebPage\",\"@id\":\"https:\/\/www.factorenergia.com\/es\/luz\/\",\"url\":\"https:\/\/www.factorenergia.com\/es\/luz\/\",\"name\":\"Tarifas de Luz: Ofertas de electricidad al mejor precio\",\"isPartOf\":{\"@id\":\"https:\/\/www.factorenergia.com\/es\/#website\"},\"datePublished\":\"2024-10-16T11:09:25+00:00\",\"dateModified\":\"2025-06-01T04:24:46+00:00\",\"description\":\"Descubre nuestras tarifas de electricidad dise\u00f1adas para hogares, con las mejores ofertas de electricidad del mercado.\",\"breadcrumb\":{\"@id\":\"https:\/\/www.factorenergia.com\/es\/luz\/#breadcrumb\"},\"inLanguage\":\"es\",\"potentialAction\":[{\"@type\":\"ReadAction\",\"target\":[\"https:\/\/www.factorenergia.com\/es\/luz\/\"]}]},{\"@type\":\"BreadcrumbList\",\"@id\":\"https:\/\/www.factorenergia.com\/es\/luz\/#breadcrumb\",\"itemListElement\":[{\"@type\":\"ListItem\",\"position\":1,\"name\":\"Portada\",\"item\":\"https:\/\/www.factorenergia.com\/es\/\"},{\"@type\":\"ListItem\",\"position\":2,\"name\":\"Tarifas Luz\"}]},{\"@type\":\"WebSite\",\"@id\":\"https:\/\/www.factorenergia.com\/es\/#website\",\"url\":\"https:\/\/www.factorenergia.com\/es\/\",\"name\":\"factorenergia\",\"description\":\"Factor Energ\u00eda\",\"potentialAction\":[{\"@type\":\"SearchAction\",\"target\":{\"@type\":\"EntryPoint\",\"urlTemplate\":\"https:\/\/www.factorenergia.com\/es\/?s={search_term_string}\"},\"query-input\":\"required name=search_term_string\"}],\"inLanguage\":\"es\"}]}<\/script>\n<!-- \/ Yoast SEO plugin. -->","yoast_head_json":{"title":"Tarifas de Luz: Ofertas de electricidad al mejor precio","description":"Descubre nuestras tarifas de electricidad dise\u00f1adas para hogares, con las mejores ofertas de electricidad del mercado.","robots":{"index":"index","follow":"follow","max-snippet":"max-snippet:-1","max-image-preview":"max-image-preview:large","max-video-preview":"max-video-preview:-1"},"canonical":"https:\/\/www.factorenergia.com\/es\/luz\/","twitter_card":"summary_large_image","twitter_title":"Tarifas de Luz: Ofertas de electricidad al mejor precio","twitter_description":"Descubre nuestras tarifas de electricidad dise\u00f1adas para hogares, con las mejores ofertas de electricidad del mercado.","twitter_site":"@factorenergia","twitter_misc":{"Tiempo de lectura":"1 minuto"},"schema":{"@context":"https:\/\/schema.org","@graph":[{"@type":"WebPage","@id":"https:\/\/www.factorenergia.com\/es\/luz\/","url":"https:\/\/www.factorenergia.com\/es\/luz\/","name":"Tarifas de Luz: Ofertas de electricidad al mejor precio","isPartOf":{"@id":"https:\/\/www.factorenergia.com\/es\/#website"},"datePublished":"2024-10-16T11:09:25+00:00","dateModified":"2025-06-01T04:24:46+00:00","description":"Descubre nuestras tarifas de electricidad dise\u00f1adas para hogares, con las mejores ofertas de electricidad del mercado.","breadcrumb":{"@id":"https:\/\/www.factorenergia.com\/es\/luz\/#breadcrumb"},"inLanguage":"es","potentialAction":[{"@type":"ReadAction","target":["https:\/\/www.factorenergia.com\/es\/luz\/"]}]},{"@type":"BreadcrumbList","@id":"https:\/\/www.factorenergia.com\/es\/luz\/#breadcrumb","itemListElement":[{"@type":"ListItem","position":1,"name":"Portada","item":"https:\/\/www.factorenergia.com\/es\/"},{"@type":"ListItem","position":2,"name":"Tarifas Luz"}]},{"@type":"WebSite","@id":"https:\/\/www.factorenergia.com\/es\/#website","url":"https:\/\/www.factorenergia.com\/es\/","name":"factorenergia","description":"Factor Energ\u00eda","potentialAction":[{"@type":"SearchAction","target":{"@type":"EntryPoint","urlTemplate":"https:\/\/www.factorenergia.com\/es\/?s={search_term_string}"},"query-input":"required name=search_term_string"}],"inLanguage":"es"}]}},"_links":{"self":[{"href":"https:\/\/www.factorenergia.com\/es\/wp-json\/wp\/v2\/pages\/26351"}],"collection":[{"href":"https:\/\/www.factorenergia.com\/es\/wp-json\/wp\/v2\/pages"}],"about":[{"href":"https:\/\/www.factorenergia.com\/es\/wp-json\/wp\/v2\/types\/page"}],"author":[{"embeddable":true,"href":"https:\/\/www.factorenergia.com\/es\/wp-json\/wp\/v2\/users\/5"}],"replies":[{"embeddable":true,"href":"https:\/\/www.factorenergia.com\/es\/wp-json\/wp\/v2\/comments?post=26351"}],"version-history":[{"count":40,"href":"https:\/\/www.factorenergia.com\/es\/wp-json\/wp\/v2\/pages\/26351\/revisions"}],"predecessor-version":[{"id":28030,"href":"https:\/\/www.factorenergia.com\/es\/wp-json\/wp\/v2\/pages\/26351\/revisions\/28030"}],"wp:attachment":[{"href":"https:\/\/www.factorenergia.com\/es\/wp-json\/wp\/v2\/media?parent=26351"}],"wp:term":[{"taxonomy":"category","embeddable":true,"href":"https:\/\/www.factorenergia.com\/es\/wp-json\/wp\/v2\/categories?post=26351"},{"taxonomy":"post_tag","embeddable":true,"href":"https:\/\/www.factorenergia.com\/es\/wp-json\/wp\/v2\/tags?post=26351"}],"curies":[{"name":"wp","href":"https:\/\/api.w.org\/{rel}","templated":true}]}}