{"id":224,"date":"2015-09-02T17:12:45","date_gmt":"2015-09-02T17:12:45","guid":{"rendered":"http:\/\/newfactorenergia.wearebab.com\/?page_id=224"},"modified":"2023-01-09T18:45:25","modified_gmt":"2023-01-09T16:45:25","slug":"productores-de-renovables","status":"publish","type":"page","link":"https:\/\/www.factorenergia.com\/es\/empresas\/productores-de-renovables\/","title":{"rendered":"Productores de renovables"},"content":{"rendered":"<p>Porque <strong>creemos en una energ\u00eda sostenible<\/strong>, en factorenergia llevamos m\u00e1s de 10 a\u00f1os al lado de los productores renovables. Desde instalaciones minihidr\u00e1ulicas, a parques e\u00f3licos, centrales de biomasa, instalaciones fotovoltaicas y solares termoel\u00e9ctricas.<\/p>\n<p>Por eso <strong>te ayudamos a vender la energ\u00eda producida<\/strong> en el mercado el\u00e9ctrico, seg\u00fan el marco legal actual: Ley 24\/2013, Real Decreto 413\/2014 y autoconsumo.<\/p>\n","protected":false},"excerpt":{"rendered":"<p>Porque creemos en una energ\u00eda sostenible, en factorenergia llevamos m\u00e1s de 10 a\u00f1os al lado de los productores renovables. Desde instalaciones minihidr\u00e1ulicas, a parques e\u00f3licos, centrales de biomasa, instalaciones fotovoltaicas y solares termoel\u00e9ctricas. Por eso te ayudamos a vender la energ\u00eda producida en el mercado el\u00e9ctrico, seg\u00fan el marco legal actual: Ley 24\/2013, Real Decreto [&hellip;]<\/p>\n","protected":false},"author":5,"featured_media":0,"parent":27,"menu_order":0,"comment_status":"closed","ping_status":"closed","template":"templates\/simple-page-with-sidebar.php","meta":{"inline_featured_image":false,"footnotes":""},"categories":[8],"tags":[],"acf":[],"yoast_head":"<!-- This site is optimized with the Yoast SEO plugin v22.2 - https:\/\/yoast.com\/wordpress\/plugins\/seo\/ -->\n<title>Productores de energ\u00edas renovables | Empresas - factorenerg\u00eda<\/title>\n<meta name=\"description\" content=\"Defendemos la sostenibilidad energ\u00e9tica y estamos al lado de los productores de renovables como representantes en la venta de la electricidad.\" \/>\n<meta name=\"robots\" content=\"index, follow, max-snippet:-1, max-image-preview:large, max-video-preview:-1\" \/>\n<link rel=\"canonical\" href=\"https:\/\/www.factorenergia.com\/es\/empresas\/productores-de-renovables\/\" \/>\n<meta name=\"twitter:card\" content=\"summary_large_image\" \/>\n<meta name=\"twitter:title\" content=\"Productores de energ\u00edas renovables | Empresas - factorenerg\u00eda\" \/>\n<meta name=\"twitter:description\" content=\"Defendemos la sostenibilidad energ\u00e9tica y estamos al lado de los productores de renovables como representantes en la venta de la electricidad.\" \/>\n<meta name=\"twitter:site\" content=\"@factorenergia\" \/>\n<meta name=\"twitter:label1\" content=\"Tiempo de lectura\" \/>\n\t<meta name=\"twitter:data1\" content=\"1 minuto\" \/>\n<script type=\"application\/ld+json\" class=\"yoast-schema-graph\">{\"@context\":\"https:\/\/schema.org\",\"@graph\":[{\"@type\":\"WebPage\",\"@id\":\"https:\/\/www.factorenergia.com\/es\/empresas\/productores-de-renovables\/\",\"url\":\"https:\/\/www.factorenergia.com\/es\/empresas\/productores-de-renovables\/\",\"name\":\"Productores de energ\u00edas renovables | Empresas - factorenerg\u00eda\",\"isPartOf\":{\"@id\":\"https:\/\/www.factorenergia.com\/es\/#website\"},\"datePublished\":\"2015-09-02T17:12:45+00:00\",\"dateModified\":\"2023-01-09T16:45:25+00:00\",\"description\":\"Defendemos la sostenibilidad energ\u00e9tica y estamos al lado de los productores de renovables como representantes en la venta de la electricidad.\",\"breadcrumb\":{\"@id\":\"https:\/\/www.factorenergia.com\/es\/empresas\/productores-de-renovables\/#breadcrumb\"},\"inLanguage\":\"es\",\"potentialAction\":[{\"@type\":\"ReadAction\",\"target\":[\"https:\/\/www.factorenergia.com\/es\/empresas\/productores-de-renovables\/\"]}]},{\"@type\":\"BreadcrumbList\",\"@id\":\"https:\/\/www.factorenergia.com\/es\/empresas\/productores-de-renovables\/#breadcrumb\",\"itemListElement\":[{\"@type\":\"ListItem\",\"position\":1,\"name\":\"Portada\",\"item\":\"https:\/\/www.factorenergia.com\/es\/\"},{\"@type\":\"ListItem\",\"position\":2,\"name\":\"Empresas\",\"item\":\"https:\/\/www.factorenergia.com\/es\/empresas\/\"},{\"@type\":\"ListItem\",\"position\":3,\"name\":\"Productores de renovables\"}]},{\"@type\":\"WebSite\",\"@id\":\"https:\/\/www.factorenergia.com\/es\/#website\",\"url\":\"https:\/\/www.factorenergia.com\/es\/\",\"name\":\"factorenergia\",\"description\":\"Factor Energ\u00eda\",\"potentialAction\":[{\"@type\":\"SearchAction\",\"target\":{\"@type\":\"EntryPoint\",\"urlTemplate\":\"https:\/\/www.factorenergia.com\/es\/?s={search_term_string}\"},\"query-input\":\"required name=search_term_string\"}],\"inLanguage\":\"es\"}]}<\/script>\n<!-- \/ Yoast SEO plugin. -->","yoast_head_json":{"title":"Productores de energ\u00edas renovables | Empresas - factorenerg\u00eda","description":"Defendemos la sostenibilidad energ\u00e9tica y estamos al lado de los productores de renovables como representantes en la venta de la electricidad.","robots":{"index":"index","follow":"follow","max-snippet":"max-snippet:-1","max-image-preview":"max-image-preview:large","max-video-preview":"max-video-preview:-1"},"canonical":"https:\/\/www.factorenergia.com\/es\/empresas\/productores-de-renovables\/","twitter_card":"summary_large_image","twitter_title":"Productores de energ\u00edas renovables | Empresas - factorenerg\u00eda","twitter_description":"Defendemos la sostenibilidad energ\u00e9tica y estamos al lado de los productores de renovables como representantes en la venta de la electricidad.","twitter_site":"@factorenergia","twitter_misc":{"Tiempo de lectura":"1 minuto"},"schema":{"@context":"https:\/\/schema.org","@graph":[{"@type":"WebPage","@id":"https:\/\/www.factorenergia.com\/es\/empresas\/productores-de-renovables\/","url":"https:\/\/www.factorenergia.com\/es\/empresas\/productores-de-renovables\/","name":"Productores de energ\u00edas renovables | Empresas - factorenerg\u00eda","isPartOf":{"@id":"https:\/\/www.factorenergia.com\/es\/#website"},"datePublished":"2015-09-02T17:12:45+00:00","dateModified":"2023-01-09T16:45:25+00:00","description":"Defendemos la sostenibilidad energ\u00e9tica y estamos al lado de los productores de renovables como representantes en la venta de la electricidad.","breadcrumb":{"@id":"https:\/\/www.factorenergia.com\/es\/empresas\/productores-de-renovables\/#breadcrumb"},"inLanguage":"es","potentialAction":[{"@type":"ReadAction","target":["https:\/\/www.factorenergia.com\/es\/empresas\/productores-de-renovables\/"]}]},{"@type":"BreadcrumbList","@id":"https:\/\/www.factorenergia.com\/es\/empresas\/productores-de-renovables\/#breadcrumb","itemListElement":[{"@type":"ListItem","position":1,"name":"Portada","item":"https:\/\/www.factorenergia.com\/es\/"},{"@type":"ListItem","position":2,"name":"Empresas","item":"https:\/\/www.factorenergia.com\/es\/empresas\/"},{"@type":"ListItem","position":3,"name":"Productores de renovables"}]},{"@type":"WebSite","@id":"https:\/\/www.factorenergia.com\/es\/#website","url":"https:\/\/www.factorenergia.com\/es\/","name":"factorenergia","description":"Factor Energ\u00eda","potentialAction":[{"@type":"SearchAction","target":{"@type":"EntryPoint","urlTemplate":"https:\/\/www.factorenergia.com\/es\/?s={search_term_string}"},"query-input":"required name=search_term_string"}],"inLanguage":"es"}]}},"_links":{"self":[{"href":"https:\/\/www.factorenergia.com\/es\/wp-json\/wp\/v2\/pages\/224"}],"collection":[{"href":"https:\/\/www.factorenergia.com\/es\/wp-json\/wp\/v2\/pages"}],"about":[{"href":"https:\/\/www.factorenergia.com\/es\/wp-json\/wp\/v2\/types\/page"}],"author":[{"embeddable":true,"href":"https:\/\/www.factorenergia.com\/es\/wp-json\/wp\/v2\/users\/5"}],"replies":[{"embeddable":true,"href":"https:\/\/www.factorenergia.com\/es\/wp-json\/wp\/v2\/comments?post=224"}],"version-history":[{"count":13,"href":"https:\/\/www.factorenergia.com\/es\/wp-json\/wp\/v2\/pages\/224\/revisions"}],"predecessor-version":[{"id":16912,"href":"https:\/\/www.factorenergia.com\/es\/wp-json\/wp\/v2\/pages\/224\/revisions\/16912"}],"up":[{"embeddable":true,"href":"https:\/\/www.factorenergia.com\/es\/wp-json\/wp\/v2\/pages\/27"}],"wp:attachment":[{"href":"https:\/\/www.factorenergia.com\/es\/wp-json\/wp\/v2\/media?parent=224"}],"wp:term":[{"taxonomy":"category","embeddable":true,"href":"https:\/\/www.factorenergia.com\/es\/wp-json\/wp\/v2\/categories?post=224"},{"taxonomy":"post_tag","embeddable":true,"href":"https:\/\/www.factorenergia.com\/es\/wp-json\/wp\/v2\/tags?post=224"}],"curies":[{"name":"wp","href":"https:\/\/api.w.org\/{rel}","templated":true}]}}