{"id":20540,"date":"2023-03-29T18:11:02","date_gmt":"2023-03-29T16:11:02","guid":{"rendered":"https:\/\/www.factorenergia.com\/es\/?page_id=20540"},"modified":"2024-02-29T12:15:03","modified_gmt":"2024-02-29T10:15:03","slug":"lighting-on-my-own","status":"publish","type":"page","link":"https:\/\/www.factorenergia.com\/es\/placas-solares\/lighting-on-my-own\/","title":{"rendered":"Placas Solares Lighting"},"content":{"rendered":"","protected":false},"excerpt":{"rendered":"","protected":false},"author":5,"featured_media":0,"parent":24396,"menu_order":0,"comment_status":"closed","ping_status":"closed","template":"templates\/placas-solares-lighting.php","meta":{"inline_featured_image":false,"footnotes":""},"categories":[6],"tags":[],"acf":[],"yoast_head":"<!-- This site is optimized with the Yoast SEO plugin v22.2 - https:\/\/yoast.com\/wordpress\/plugins\/seo\/ -->\n<title>Instalaci\u00f3n de Placas Solares con Bater\u00eda Virtual | factorenergia<\/title>\n<meta name=\"description\" content=\"Con la instalaci\u00f3n de Placas Solares y la Bater\u00eda Virtual conseguir\u00e1s reducir tu factura el\u00e9ctrica. S\u00famate al ahorro. \u00a1Todo son ventajas!\" \/>\n<meta name=\"robots\" content=\"noindex, follow\" \/>\n<meta name=\"twitter:card\" content=\"summary_large_image\" \/>\n<meta name=\"twitter:title\" content=\"Instalaci\u00f3n de Placas Solares con Bater\u00eda Virtual | factorenergia\" \/>\n<meta name=\"twitter:description\" content=\"Con la instalaci\u00f3n de Placas Solares y la Bater\u00eda Virtual conseguir\u00e1s reducir tu factura el\u00e9ctrica. S\u00famate al ahorro. \u00a1Todo son ventajas!\" \/>\n<meta name=\"twitter:site\" content=\"@factorenergia\" \/>\n<script type=\"application\/ld+json\" class=\"yoast-schema-graph\">{\"@context\":\"https:\/\/schema.org\",\"@graph\":[{\"@type\":\"WebPage\",\"@id\":\"https:\/\/www.factorenergia.com\/es\/placas-solares\/lighting-on-my-own\/\",\"url\":\"https:\/\/www.factorenergia.com\/es\/placas-solares\/lighting-on-my-own\/\",\"name\":\"Instalaci\u00f3n de Placas Solares con Bater\u00eda Virtual | factorenergia\",\"isPartOf\":{\"@id\":\"https:\/\/www.factorenergia.com\/es\/#website\"},\"datePublished\":\"2023-03-29T16:11:02+00:00\",\"dateModified\":\"2024-02-29T10:15:03+00:00\",\"description\":\"Con la instalaci\u00f3n de Placas Solares y la Bater\u00eda Virtual conseguir\u00e1s reducir tu factura el\u00e9ctrica. S\u00famate al ahorro. \u00a1Todo son ventajas!\",\"breadcrumb\":{\"@id\":\"https:\/\/www.factorenergia.com\/es\/placas-solares\/lighting-on-my-own\/#breadcrumb\"},\"inLanguage\":\"es\",\"potentialAction\":[{\"@type\":\"ReadAction\",\"target\":[\"https:\/\/www.factorenergia.com\/es\/placas-solares\/lighting-on-my-own\/\"]}]},{\"@type\":\"BreadcrumbList\",\"@id\":\"https:\/\/www.factorenergia.com\/es\/placas-solares\/lighting-on-my-own\/#breadcrumb\",\"itemListElement\":[{\"@type\":\"ListItem\",\"position\":1,\"name\":\"Portada\",\"item\":\"https:\/\/www.factorenergia.com\/es\/\"},{\"@type\":\"ListItem\",\"position\":2,\"name\":\"Distribuidora Placas Solares\",\"item\":\"https:\/\/www.factorenergia.com\/es\/placas-solares\/\"},{\"@type\":\"ListItem\",\"position\":3,\"name\":\"Placas Solares Lighting\"}]},{\"@type\":\"WebSite\",\"@id\":\"https:\/\/www.factorenergia.com\/es\/#website\",\"url\":\"https:\/\/www.factorenergia.com\/es\/\",\"name\":\"factorenergia\",\"description\":\"Factor Energ\u00eda\",\"potentialAction\":[{\"@type\":\"SearchAction\",\"target\":{\"@type\":\"EntryPoint\",\"urlTemplate\":\"https:\/\/www.factorenergia.com\/es\/?s={search_term_string}\"},\"query-input\":\"required name=search_term_string\"}],\"inLanguage\":\"es\"}]}<\/script>\n<!-- \/ Yoast SEO plugin. -->","yoast_head_json":{"title":"Instalaci\u00f3n de Placas Solares con Bater\u00eda Virtual | factorenergia","description":"Con la instalaci\u00f3n de Placas Solares y la Bater\u00eda Virtual conseguir\u00e1s reducir tu factura el\u00e9ctrica. S\u00famate al ahorro. \u00a1Todo son ventajas!","robots":{"index":"noindex","follow":"follow"},"twitter_card":"summary_large_image","twitter_title":"Instalaci\u00f3n de Placas Solares con Bater\u00eda Virtual | factorenergia","twitter_description":"Con la instalaci\u00f3n de Placas Solares y la Bater\u00eda Virtual conseguir\u00e1s reducir tu factura el\u00e9ctrica. S\u00famate al ahorro. \u00a1Todo son ventajas!","twitter_site":"@factorenergia","schema":{"@context":"https:\/\/schema.org","@graph":[{"@type":"WebPage","@id":"https:\/\/www.factorenergia.com\/es\/placas-solares\/lighting-on-my-own\/","url":"https:\/\/www.factorenergia.com\/es\/placas-solares\/lighting-on-my-own\/","name":"Instalaci\u00f3n de Placas Solares con Bater\u00eda Virtual | factorenergia","isPartOf":{"@id":"https:\/\/www.factorenergia.com\/es\/#website"},"datePublished":"2023-03-29T16:11:02+00:00","dateModified":"2024-02-29T10:15:03+00:00","description":"Con la instalaci\u00f3n de Placas Solares y la Bater\u00eda Virtual conseguir\u00e1s reducir tu factura el\u00e9ctrica. S\u00famate al ahorro. \u00a1Todo son ventajas!","breadcrumb":{"@id":"https:\/\/www.factorenergia.com\/es\/placas-solares\/lighting-on-my-own\/#breadcrumb"},"inLanguage":"es","potentialAction":[{"@type":"ReadAction","target":["https:\/\/www.factorenergia.com\/es\/placas-solares\/lighting-on-my-own\/"]}]},{"@type":"BreadcrumbList","@id":"https:\/\/www.factorenergia.com\/es\/placas-solares\/lighting-on-my-own\/#breadcrumb","itemListElement":[{"@type":"ListItem","position":1,"name":"Portada","item":"https:\/\/www.factorenergia.com\/es\/"},{"@type":"ListItem","position":2,"name":"Distribuidora Placas Solares","item":"https:\/\/www.factorenergia.com\/es\/placas-solares\/"},{"@type":"ListItem","position":3,"name":"Placas Solares Lighting"}]},{"@type":"WebSite","@id":"https:\/\/www.factorenergia.com\/es\/#website","url":"https:\/\/www.factorenergia.com\/es\/","name":"factorenergia","description":"Factor Energ\u00eda","potentialAction":[{"@type":"SearchAction","target":{"@type":"EntryPoint","urlTemplate":"https:\/\/www.factorenergia.com\/es\/?s={search_term_string}"},"query-input":"required name=search_term_string"}],"inLanguage":"es"}]}},"_links":{"self":[{"href":"https:\/\/www.factorenergia.com\/es\/wp-json\/wp\/v2\/pages\/20540"}],"collection":[{"href":"https:\/\/www.factorenergia.com\/es\/wp-json\/wp\/v2\/pages"}],"about":[{"href":"https:\/\/www.factorenergia.com\/es\/wp-json\/wp\/v2\/types\/page"}],"author":[{"embeddable":true,"href":"https:\/\/www.factorenergia.com\/es\/wp-json\/wp\/v2\/users\/5"}],"replies":[{"embeddable":true,"href":"https:\/\/www.factorenergia.com\/es\/wp-json\/wp\/v2\/comments?post=20540"}],"version-history":[{"count":9,"href":"https:\/\/www.factorenergia.com\/es\/wp-json\/wp\/v2\/pages\/20540\/revisions"}],"predecessor-version":[{"id":24636,"href":"https:\/\/www.factorenergia.com\/es\/wp-json\/wp\/v2\/pages\/20540\/revisions\/24636"}],"up":[{"embeddable":true,"href":"https:\/\/www.factorenergia.com\/es\/wp-json\/wp\/v2\/pages\/24396"}],"wp:attachment":[{"href":"https:\/\/www.factorenergia.com\/es\/wp-json\/wp\/v2\/media?parent=20540"}],"wp:term":[{"taxonomy":"category","embeddable":true,"href":"https:\/\/www.factorenergia.com\/es\/wp-json\/wp\/v2\/categories?post=20540"},{"taxonomy":"post_tag","embeddable":true,"href":"https:\/\/www.factorenergia.com\/es\/wp-json\/wp\/v2\/tags?post=20540"}],"curies":[{"name":"wp","href":"https:\/\/api.w.org\/{rel}","templated":true}]}}