{"id":19702,"date":"2023-03-06T13:04:57","date_gmt":"2023-03-06T11:04:57","guid":{"rendered":"https:\/\/www.factorenergia.com\/es\/?page_id=19702"},"modified":"2024-04-09T10:56:47","modified_gmt":"2024-04-09T08:56:47","slug":"bateria-virtual","status":"publish","type":"page","link":"https:\/\/www.factorenergia.com\/es\/placas-solares\/bateria-virtual\/","title":{"rendered":"Bater\u00eda Virtual para autoconsumo"},"content":{"rendered":"<p><span>Ahora es posible acumular en tu <strong>Bater\u00eda Virtual<\/strong> el importe en \u20ac de tus excedentes de placas solares no compensados y <strong>aplicarlos en las facturas <\/strong>de todos tus suministros de luz.<br \/>\n\u00a1Tengan o no tengan autoconsumo!<\/span><\/p>\n","protected":false},"excerpt":{"rendered":"<p>Ahora es posible acumular en tu Bater\u00eda Virtual el importe en \u20ac de tus excedentes de placas solares no compensados y aplicarlos en las facturas de todos tus suministros de luz. \u00a1Tengan o no tengan autoconsumo!<\/p>\n","protected":false},"author":5,"featured_media":0,"parent":24396,"menu_order":0,"comment_status":"closed","ping_status":"closed","template":"templates\/bateria-virtual-placas-solares-new.php","meta":{"inline_featured_image":false,"footnotes":""},"categories":[],"tags":[],"acf":[],"yoast_head":"<!-- This site is optimized with the Yoast SEO plugin v22.2 - https:\/\/yoast.com\/wordpress\/plugins\/seo\/ -->\n<title>Bater\u00eda Virtual para autoconsumo | Factor Energ\u00eda<\/title>\n<meta name=\"description\" content=\"Acumula en tu Bater\u00eda Virtual el importe en \u20ac de tus excedentes de placas solares no compensados y aplicarlos en las facturas de todos tus suministros de luz.\" \/>\n<meta name=\"robots\" content=\"index, follow, max-snippet:-1, max-image-preview:large, max-video-preview:-1\" \/>\n<link rel=\"canonical\" href=\"https:\/\/www.factorenergia.com\/es\/placas-solares\/bateria-virtual\/\" \/>\n<meta name=\"twitter:card\" content=\"summary_large_image\" \/>\n<meta name=\"twitter:title\" content=\"Bater\u00eda Virtual para autoconsumo | Factor Energ\u00eda\" \/>\n<meta name=\"twitter:description\" content=\"Acumula en tu Bater\u00eda Virtual el importe en \u20ac de tus excedentes de placas solares no compensados y aplicarlos en las facturas de todos tus suministros de luz.\" \/>\n<meta name=\"twitter:site\" content=\"@factorenergia\" \/>\n<meta name=\"twitter:label1\" content=\"Tiempo de lectura\" \/>\n\t<meta name=\"twitter:data1\" content=\"1 minuto\" \/>\n<script type=\"application\/ld+json\" class=\"yoast-schema-graph\">{\"@context\":\"https:\/\/schema.org\",\"@graph\":[{\"@type\":\"WebPage\",\"@id\":\"https:\/\/www.factorenergia.com\/es\/placas-solares\/bateria-virtual\/\",\"url\":\"https:\/\/www.factorenergia.com\/es\/placas-solares\/bateria-virtual\/\",\"name\":\"Bater\u00eda Virtual para autoconsumo | Factor Energ\u00eda\",\"isPartOf\":{\"@id\":\"https:\/\/www.factorenergia.com\/es\/#website\"},\"datePublished\":\"2023-03-06T11:04:57+00:00\",\"dateModified\":\"2024-04-09T08:56:47+00:00\",\"description\":\"Acumula en tu Bater\u00eda Virtual el importe en \u20ac de tus excedentes de placas solares no compensados y aplicarlos en las facturas de todos tus suministros de luz.\",\"breadcrumb\":{\"@id\":\"https:\/\/www.factorenergia.com\/es\/placas-solares\/bateria-virtual\/#breadcrumb\"},\"inLanguage\":\"es\",\"potentialAction\":[{\"@type\":\"ReadAction\",\"target\":[\"https:\/\/www.factorenergia.com\/es\/placas-solares\/bateria-virtual\/\"]}]},{\"@type\":\"BreadcrumbList\",\"@id\":\"https:\/\/www.factorenergia.com\/es\/placas-solares\/bateria-virtual\/#breadcrumb\",\"itemListElement\":[{\"@type\":\"ListItem\",\"position\":1,\"name\":\"Portada\",\"item\":\"https:\/\/www.factorenergia.com\/es\/\"},{\"@type\":\"ListItem\",\"position\":2,\"name\":\"Distribuidora Placas Solares\",\"item\":\"https:\/\/www.factorenergia.com\/es\/placas-solares\/\"},{\"@type\":\"ListItem\",\"position\":3,\"name\":\"Bater\u00eda Virtual para autoconsumo\"}]},{\"@type\":\"WebSite\",\"@id\":\"https:\/\/www.factorenergia.com\/es\/#website\",\"url\":\"https:\/\/www.factorenergia.com\/es\/\",\"name\":\"factorenergia\",\"description\":\"Factor Energ\u00eda\",\"potentialAction\":[{\"@type\":\"SearchAction\",\"target\":{\"@type\":\"EntryPoint\",\"urlTemplate\":\"https:\/\/www.factorenergia.com\/es\/?s={search_term_string}\"},\"query-input\":\"required name=search_term_string\"}],\"inLanguage\":\"es\"}]}<\/script>\n<!-- \/ Yoast SEO plugin. -->","yoast_head_json":{"title":"Bater\u00eda Virtual para autoconsumo | Factor Energ\u00eda","description":"Acumula en tu Bater\u00eda Virtual el importe en \u20ac de tus excedentes de placas solares no compensados y aplicarlos en las facturas de todos tus suministros de luz.","robots":{"index":"index","follow":"follow","max-snippet":"max-snippet:-1","max-image-preview":"max-image-preview:large","max-video-preview":"max-video-preview:-1"},"canonical":"https:\/\/www.factorenergia.com\/es\/placas-solares\/bateria-virtual\/","twitter_card":"summary_large_image","twitter_title":"Bater\u00eda Virtual para autoconsumo | Factor Energ\u00eda","twitter_description":"Acumula en tu Bater\u00eda Virtual el importe en \u20ac de tus excedentes de placas solares no compensados y aplicarlos en las facturas de todos tus suministros de luz.","twitter_site":"@factorenergia","twitter_misc":{"Tiempo de lectura":"1 minuto"},"schema":{"@context":"https:\/\/schema.org","@graph":[{"@type":"WebPage","@id":"https:\/\/www.factorenergia.com\/es\/placas-solares\/bateria-virtual\/","url":"https:\/\/www.factorenergia.com\/es\/placas-solares\/bateria-virtual\/","name":"Bater\u00eda Virtual para autoconsumo | Factor Energ\u00eda","isPartOf":{"@id":"https:\/\/www.factorenergia.com\/es\/#website"},"datePublished":"2023-03-06T11:04:57+00:00","dateModified":"2024-04-09T08:56:47+00:00","description":"Acumula en tu Bater\u00eda Virtual el importe en \u20ac de tus excedentes de placas solares no compensados y aplicarlos en las facturas de todos tus suministros de luz.","breadcrumb":{"@id":"https:\/\/www.factorenergia.com\/es\/placas-solares\/bateria-virtual\/#breadcrumb"},"inLanguage":"es","potentialAction":[{"@type":"ReadAction","target":["https:\/\/www.factorenergia.com\/es\/placas-solares\/bateria-virtual\/"]}]},{"@type":"BreadcrumbList","@id":"https:\/\/www.factorenergia.com\/es\/placas-solares\/bateria-virtual\/#breadcrumb","itemListElement":[{"@type":"ListItem","position":1,"name":"Portada","item":"https:\/\/www.factorenergia.com\/es\/"},{"@type":"ListItem","position":2,"name":"Distribuidora Placas Solares","item":"https:\/\/www.factorenergia.com\/es\/placas-solares\/"},{"@type":"ListItem","position":3,"name":"Bater\u00eda Virtual para autoconsumo"}]},{"@type":"WebSite","@id":"https:\/\/www.factorenergia.com\/es\/#website","url":"https:\/\/www.factorenergia.com\/es\/","name":"factorenergia","description":"Factor Energ\u00eda","potentialAction":[{"@type":"SearchAction","target":{"@type":"EntryPoint","urlTemplate":"https:\/\/www.factorenergia.com\/es\/?s={search_term_string}"},"query-input":"required name=search_term_string"}],"inLanguage":"es"}]}},"_links":{"self":[{"href":"https:\/\/www.factorenergia.com\/es\/wp-json\/wp\/v2\/pages\/19702"}],"collection":[{"href":"https:\/\/www.factorenergia.com\/es\/wp-json\/wp\/v2\/pages"}],"about":[{"href":"https:\/\/www.factorenergia.com\/es\/wp-json\/wp\/v2\/types\/page"}],"author":[{"embeddable":true,"href":"https:\/\/www.factorenergia.com\/es\/wp-json\/wp\/v2\/users\/5"}],"replies":[{"embeddable":true,"href":"https:\/\/www.factorenergia.com\/es\/wp-json\/wp\/v2\/comments?post=19702"}],"version-history":[{"count":24,"href":"https:\/\/www.factorenergia.com\/es\/wp-json\/wp\/v2\/pages\/19702\/revisions"}],"predecessor-version":[{"id":25240,"href":"https:\/\/www.factorenergia.com\/es\/wp-json\/wp\/v2\/pages\/19702\/revisions\/25240"}],"up":[{"embeddable":true,"href":"https:\/\/www.factorenergia.com\/es\/wp-json\/wp\/v2\/pages\/24396"}],"wp:attachment":[{"href":"https:\/\/www.factorenergia.com\/es\/wp-json\/wp\/v2\/media?parent=19702"}],"wp:term":[{"taxonomy":"category","embeddable":true,"href":"https:\/\/www.factorenergia.com\/es\/wp-json\/wp\/v2\/categories?post=19702"},{"taxonomy":"post_tag","embeddable":true,"href":"https:\/\/www.factorenergia.com\/es\/wp-json\/wp\/v2\/tags?post=19702"}],"curies":[{"name":"wp","href":"https:\/\/api.w.org\/{rel}","templated":true}]}}