{"id":18113,"date":"2023-02-07T17:45:33","date_gmt":"2023-02-07T15:45:33","guid":{"rendered":"https:\/\/www.factorenergia.com\/es\/?page_id=18113"},"modified":"2024-04-09T10:44:33","modified_gmt":"2024-04-09T08:44:33","slug":"permisos","status":"publish","type":"page","link":"https:\/\/www.factorenergia.com\/es\/placas-solares\/permisos\/","title":{"rendered":"Permisos necesarios para instalar placas solares"},"content":{"rendered":"","protected":false},"excerpt":{"rendered":"","protected":false},"author":5,"featured_media":0,"parent":24396,"menu_order":0,"comment_status":"closed","ping_status":"closed","template":"templates\/permisos-placas-solares.php","meta":{"inline_featured_image":false,"footnotes":""},"categories":[],"tags":[],"acf":[],"yoast_head":"<!-- This site is optimized with the Yoast SEO plugin v22.2 - https:\/\/yoast.com\/wordpress\/plugins\/seo\/ -->\n<title>Permisos necesarios para instalar placas solares | Factor Energ\u00eda<\/title>\n<meta name=\"description\" content=\"Solicitaremos todos los permisos para que te sea m\u00e1s f\u00e1cil empezar a generar energ\u00eda con placas solares, realizando por ti todas las gestiones de legalizaci\u00f3n.\" \/>\n<meta name=\"robots\" content=\"index, follow, max-snippet:-1, max-image-preview:large, max-video-preview:-1\" \/>\n<link rel=\"canonical\" href=\"https:\/\/www.factorenergia.com\/es\/placas-solares\/permisos\/\" \/>\n<meta name=\"twitter:card\" content=\"summary_large_image\" \/>\n<meta name=\"twitter:title\" content=\"Permisos necesarios para instalar placas solares | Factor Energ\u00eda\" \/>\n<meta name=\"twitter:description\" content=\"Solicitaremos todos los permisos para que te sea m\u00e1s f\u00e1cil empezar a generar energ\u00eda con placas solares, realizando por ti todas las gestiones de legalizaci\u00f3n.\" \/>\n<meta name=\"twitter:site\" content=\"@factorenergia\" \/>\n<script type=\"application\/ld+json\" class=\"yoast-schema-graph\">{\"@context\":\"https:\/\/schema.org\",\"@graph\":[{\"@type\":\"WebPage\",\"@id\":\"https:\/\/www.factorenergia.com\/es\/placas-solares\/permisos\/\",\"url\":\"https:\/\/www.factorenergia.com\/es\/placas-solares\/permisos\/\",\"name\":\"Permisos necesarios para instalar placas solares | Factor Energ\u00eda\",\"isPartOf\":{\"@id\":\"https:\/\/www.factorenergia.com\/es\/#website\"},\"datePublished\":\"2023-02-07T15:45:33+00:00\",\"dateModified\":\"2024-04-09T08:44:33+00:00\",\"description\":\"Solicitaremos todos los permisos para que te sea m\u00e1s f\u00e1cil empezar a generar energ\u00eda con placas solares, realizando por ti todas las gestiones de legalizaci\u00f3n.\",\"breadcrumb\":{\"@id\":\"https:\/\/www.factorenergia.com\/es\/placas-solares\/permisos\/#breadcrumb\"},\"inLanguage\":\"es\",\"potentialAction\":[{\"@type\":\"ReadAction\",\"target\":[\"https:\/\/www.factorenergia.com\/es\/placas-solares\/permisos\/\"]}]},{\"@type\":\"BreadcrumbList\",\"@id\":\"https:\/\/www.factorenergia.com\/es\/placas-solares\/permisos\/#breadcrumb\",\"itemListElement\":[{\"@type\":\"ListItem\",\"position\":1,\"name\":\"Portada\",\"item\":\"https:\/\/www.factorenergia.com\/es\/\"},{\"@type\":\"ListItem\",\"position\":2,\"name\":\"Distribuidora Placas Solares\",\"item\":\"https:\/\/www.factorenergia.com\/es\/placas-solares\/\"},{\"@type\":\"ListItem\",\"position\":3,\"name\":\"Permisos necesarios para instalar placas solares\"}]},{\"@type\":\"WebSite\",\"@id\":\"https:\/\/www.factorenergia.com\/es\/#website\",\"url\":\"https:\/\/www.factorenergia.com\/es\/\",\"name\":\"factorenergia\",\"description\":\"Factor Energ\u00eda\",\"potentialAction\":[{\"@type\":\"SearchAction\",\"target\":{\"@type\":\"EntryPoint\",\"urlTemplate\":\"https:\/\/www.factorenergia.com\/es\/?s={search_term_string}\"},\"query-input\":\"required name=search_term_string\"}],\"inLanguage\":\"es\"}]}<\/script>\n<!-- \/ Yoast SEO plugin. -->","yoast_head_json":{"title":"Permisos necesarios para instalar placas solares | Factor Energ\u00eda","description":"Solicitaremos todos los permisos para que te sea m\u00e1s f\u00e1cil empezar a generar energ\u00eda con placas solares, realizando por ti todas las gestiones de legalizaci\u00f3n.","robots":{"index":"index","follow":"follow","max-snippet":"max-snippet:-1","max-image-preview":"max-image-preview:large","max-video-preview":"max-video-preview:-1"},"canonical":"https:\/\/www.factorenergia.com\/es\/placas-solares\/permisos\/","twitter_card":"summary_large_image","twitter_title":"Permisos necesarios para instalar placas solares | Factor Energ\u00eda","twitter_description":"Solicitaremos todos los permisos para que te sea m\u00e1s f\u00e1cil empezar a generar energ\u00eda con placas solares, realizando por ti todas las gestiones de legalizaci\u00f3n.","twitter_site":"@factorenergia","schema":{"@context":"https:\/\/schema.org","@graph":[{"@type":"WebPage","@id":"https:\/\/www.factorenergia.com\/es\/placas-solares\/permisos\/","url":"https:\/\/www.factorenergia.com\/es\/placas-solares\/permisos\/","name":"Permisos necesarios para instalar placas solares | Factor Energ\u00eda","isPartOf":{"@id":"https:\/\/www.factorenergia.com\/es\/#website"},"datePublished":"2023-02-07T15:45:33+00:00","dateModified":"2024-04-09T08:44:33+00:00","description":"Solicitaremos todos los permisos para que te sea m\u00e1s f\u00e1cil empezar a generar energ\u00eda con placas solares, realizando por ti todas las gestiones de legalizaci\u00f3n.","breadcrumb":{"@id":"https:\/\/www.factorenergia.com\/es\/placas-solares\/permisos\/#breadcrumb"},"inLanguage":"es","potentialAction":[{"@type":"ReadAction","target":["https:\/\/www.factorenergia.com\/es\/placas-solares\/permisos\/"]}]},{"@type":"BreadcrumbList","@id":"https:\/\/www.factorenergia.com\/es\/placas-solares\/permisos\/#breadcrumb","itemListElement":[{"@type":"ListItem","position":1,"name":"Portada","item":"https:\/\/www.factorenergia.com\/es\/"},{"@type":"ListItem","position":2,"name":"Distribuidora Placas Solares","item":"https:\/\/www.factorenergia.com\/es\/placas-solares\/"},{"@type":"ListItem","position":3,"name":"Permisos necesarios para instalar placas solares"}]},{"@type":"WebSite","@id":"https:\/\/www.factorenergia.com\/es\/#website","url":"https:\/\/www.factorenergia.com\/es\/","name":"factorenergia","description":"Factor Energ\u00eda","potentialAction":[{"@type":"SearchAction","target":{"@type":"EntryPoint","urlTemplate":"https:\/\/www.factorenergia.com\/es\/?s={search_term_string}"},"query-input":"required name=search_term_string"}],"inLanguage":"es"}]}},"_links":{"self":[{"href":"https:\/\/www.factorenergia.com\/es\/wp-json\/wp\/v2\/pages\/18113"}],"collection":[{"href":"https:\/\/www.factorenergia.com\/es\/wp-json\/wp\/v2\/pages"}],"about":[{"href":"https:\/\/www.factorenergia.com\/es\/wp-json\/wp\/v2\/types\/page"}],"author":[{"embeddable":true,"href":"https:\/\/www.factorenergia.com\/es\/wp-json\/wp\/v2\/users\/5"}],"replies":[{"embeddable":true,"href":"https:\/\/www.factorenergia.com\/es\/wp-json\/wp\/v2\/comments?post=18113"}],"version-history":[{"count":17,"href":"https:\/\/www.factorenergia.com\/es\/wp-json\/wp\/v2\/pages\/18113\/revisions"}],"predecessor-version":[{"id":25238,"href":"https:\/\/www.factorenergia.com\/es\/wp-json\/wp\/v2\/pages\/18113\/revisions\/25238"}],"up":[{"embeddable":true,"href":"https:\/\/www.factorenergia.com\/es\/wp-json\/wp\/v2\/pages\/24396"}],"wp:attachment":[{"href":"https:\/\/www.factorenergia.com\/es\/wp-json\/wp\/v2\/media?parent=18113"}],"wp:term":[{"taxonomy":"category","embeddable":true,"href":"https:\/\/www.factorenergia.com\/es\/wp-json\/wp\/v2\/categories?post=18113"},{"taxonomy":"post_tag","embeddable":true,"href":"https:\/\/www.factorenergia.com\/es\/wp-json\/wp\/v2\/tags?post=18113"}],"curies":[{"name":"wp","href":"https:\/\/api.w.org\/{rel}","templated":true}]}}