{"id":17986,"date":"2023-02-07T13:15:55","date_gmt":"2023-02-07T11:15:55","guid":{"rendered":"https:\/\/www.factorenergia.com\/es\/?page_id=17986"},"modified":"2024-02-13T16:23:39","modified_gmt":"2024-02-13T14:23:39","slug":"opiniones","status":"publish","type":"page","link":"https:\/\/www.factorenergia.com\/es\/placas-solares\/opiniones\/","title":{"rendered":"Placas Solares Opiniones"},"content":{"rendered":"","protected":false},"excerpt":{"rendered":"","protected":false},"author":5,"featured_media":0,"parent":24396,"menu_order":0,"comment_status":"closed","ping_status":"closed","template":"templates\/opiniones-placas-solares.php","meta":{"inline_featured_image":false,"footnotes":""},"categories":[],"tags":[],"acf":[],"yoast_head":"<!-- This site is optimized with the Yoast SEO plugin v22.2 - https:\/\/yoast.com\/wordpress\/plugins\/seo\/ -->\n<title>Placas Solares Opiniones | Factor Energ\u00eda<\/title>\n<meta name=\"description\" content=\"Las opiniones de nuestros clientes son la mejor presentaci\u00f3n de nuestro trabajo realizado en placas solares. Gracias a ellas podr\u00e1s ver su satisfacci\u00f3n\" \/>\n<meta name=\"robots\" content=\"index, follow, max-snippet:-1, max-image-preview:large, max-video-preview:-1\" \/>\n<link rel=\"canonical\" href=\"https:\/\/www.factorenergia.com\/es\/placas-solares\/opiniones\/\" \/>\n<meta name=\"twitter:card\" content=\"summary_large_image\" \/>\n<meta name=\"twitter:title\" content=\"Placas Solares Opiniones | Factor Energ\u00eda\" \/>\n<meta name=\"twitter:description\" content=\"Las opiniones de nuestros clientes son la mejor presentaci\u00f3n de nuestro trabajo realizado en placas solares. Gracias a ellas podr\u00e1s ver su satisfacci\u00f3n\" \/>\n<meta name=\"twitter:site\" content=\"@factorenergia\" \/>\n<script type=\"application\/ld+json\" class=\"yoast-schema-graph\">{\"@context\":\"https:\/\/schema.org\",\"@graph\":[{\"@type\":\"WebPage\",\"@id\":\"https:\/\/www.factorenergia.com\/es\/placas-solares\/opiniones\/\",\"url\":\"https:\/\/www.factorenergia.com\/es\/placas-solares\/opiniones\/\",\"name\":\"Placas Solares Opiniones | Factor Energ\u00eda\",\"isPartOf\":{\"@id\":\"https:\/\/www.factorenergia.com\/es\/#website\"},\"datePublished\":\"2023-02-07T11:15:55+00:00\",\"dateModified\":\"2024-02-13T14:23:39+00:00\",\"description\":\"Las opiniones de nuestros clientes son la mejor presentaci\u00f3n de nuestro trabajo realizado en placas solares. Gracias a ellas podr\u00e1s ver su satisfacci\u00f3n\",\"breadcrumb\":{\"@id\":\"https:\/\/www.factorenergia.com\/es\/placas-solares\/opiniones\/#breadcrumb\"},\"inLanguage\":\"es\",\"potentialAction\":[{\"@type\":\"ReadAction\",\"target\":[\"https:\/\/www.factorenergia.com\/es\/placas-solares\/opiniones\/\"]}]},{\"@type\":\"BreadcrumbList\",\"@id\":\"https:\/\/www.factorenergia.com\/es\/placas-solares\/opiniones\/#breadcrumb\",\"itemListElement\":[{\"@type\":\"ListItem\",\"position\":1,\"name\":\"Portada\",\"item\":\"https:\/\/www.factorenergia.com\/es\/\"},{\"@type\":\"ListItem\",\"position\":2,\"name\":\"Distribuidora Placas Solares\",\"item\":\"https:\/\/www.factorenergia.com\/es\/placas-solares\/\"},{\"@type\":\"ListItem\",\"position\":3,\"name\":\"Placas Solares Opiniones\"}]},{\"@type\":\"WebSite\",\"@id\":\"https:\/\/www.factorenergia.com\/es\/#website\",\"url\":\"https:\/\/www.factorenergia.com\/es\/\",\"name\":\"factorenergia\",\"description\":\"Factor Energ\u00eda\",\"potentialAction\":[{\"@type\":\"SearchAction\",\"target\":{\"@type\":\"EntryPoint\",\"urlTemplate\":\"https:\/\/www.factorenergia.com\/es\/?s={search_term_string}\"},\"query-input\":\"required name=search_term_string\"}],\"inLanguage\":\"es\"}]}<\/script>\n<!-- \/ Yoast SEO plugin. -->","yoast_head_json":{"title":"Placas Solares Opiniones | Factor Energ\u00eda","description":"Las opiniones de nuestros clientes son la mejor presentaci\u00f3n de nuestro trabajo realizado en placas solares. Gracias a ellas podr\u00e1s ver su satisfacci\u00f3n","robots":{"index":"index","follow":"follow","max-snippet":"max-snippet:-1","max-image-preview":"max-image-preview:large","max-video-preview":"max-video-preview:-1"},"canonical":"https:\/\/www.factorenergia.com\/es\/placas-solares\/opiniones\/","twitter_card":"summary_large_image","twitter_title":"Placas Solares Opiniones | Factor Energ\u00eda","twitter_description":"Las opiniones de nuestros clientes son la mejor presentaci\u00f3n de nuestro trabajo realizado en placas solares. Gracias a ellas podr\u00e1s ver su satisfacci\u00f3n","twitter_site":"@factorenergia","schema":{"@context":"https:\/\/schema.org","@graph":[{"@type":"WebPage","@id":"https:\/\/www.factorenergia.com\/es\/placas-solares\/opiniones\/","url":"https:\/\/www.factorenergia.com\/es\/placas-solares\/opiniones\/","name":"Placas Solares Opiniones | Factor Energ\u00eda","isPartOf":{"@id":"https:\/\/www.factorenergia.com\/es\/#website"},"datePublished":"2023-02-07T11:15:55+00:00","dateModified":"2024-02-13T14:23:39+00:00","description":"Las opiniones de nuestros clientes son la mejor presentaci\u00f3n de nuestro trabajo realizado en placas solares. Gracias a ellas podr\u00e1s ver su satisfacci\u00f3n","breadcrumb":{"@id":"https:\/\/www.factorenergia.com\/es\/placas-solares\/opiniones\/#breadcrumb"},"inLanguage":"es","potentialAction":[{"@type":"ReadAction","target":["https:\/\/www.factorenergia.com\/es\/placas-solares\/opiniones\/"]}]},{"@type":"BreadcrumbList","@id":"https:\/\/www.factorenergia.com\/es\/placas-solares\/opiniones\/#breadcrumb","itemListElement":[{"@type":"ListItem","position":1,"name":"Portada","item":"https:\/\/www.factorenergia.com\/es\/"},{"@type":"ListItem","position":2,"name":"Distribuidora Placas Solares","item":"https:\/\/www.factorenergia.com\/es\/placas-solares\/"},{"@type":"ListItem","position":3,"name":"Placas Solares Opiniones"}]},{"@type":"WebSite","@id":"https:\/\/www.factorenergia.com\/es\/#website","url":"https:\/\/www.factorenergia.com\/es\/","name":"factorenergia","description":"Factor Energ\u00eda","potentialAction":[{"@type":"SearchAction","target":{"@type":"EntryPoint","urlTemplate":"https:\/\/www.factorenergia.com\/es\/?s={search_term_string}"},"query-input":"required name=search_term_string"}],"inLanguage":"es"}]}},"_links":{"self":[{"href":"https:\/\/www.factorenergia.com\/es\/wp-json\/wp\/v2\/pages\/17986"}],"collection":[{"href":"https:\/\/www.factorenergia.com\/es\/wp-json\/wp\/v2\/pages"}],"about":[{"href":"https:\/\/www.factorenergia.com\/es\/wp-json\/wp\/v2\/types\/page"}],"author":[{"embeddable":true,"href":"https:\/\/www.factorenergia.com\/es\/wp-json\/wp\/v2\/users\/5"}],"replies":[{"embeddable":true,"href":"https:\/\/www.factorenergia.com\/es\/wp-json\/wp\/v2\/comments?post=17986"}],"version-history":[{"count":9,"href":"https:\/\/www.factorenergia.com\/es\/wp-json\/wp\/v2\/pages\/17986\/revisions"}],"predecessor-version":[{"id":19274,"href":"https:\/\/www.factorenergia.com\/es\/wp-json\/wp\/v2\/pages\/17986\/revisions\/19274"}],"up":[{"embeddable":true,"href":"https:\/\/www.factorenergia.com\/es\/wp-json\/wp\/v2\/pages\/24396"}],"wp:attachment":[{"href":"https:\/\/www.factorenergia.com\/es\/wp-json\/wp\/v2\/media?parent=17986"}],"wp:term":[{"taxonomy":"category","embeddable":true,"href":"https:\/\/www.factorenergia.com\/es\/wp-json\/wp\/v2\/categories?post=17986"},{"taxonomy":"post_tag","embeddable":true,"href":"https:\/\/www.factorenergia.com\/es\/wp-json\/wp\/v2\/tags?post=17986"}],"curies":[{"name":"wp","href":"https:\/\/api.w.org\/{rel}","templated":true}]}}