{"id":17883,"date":"2023-02-06T18:27:20","date_gmt":"2023-02-06T16:27:20","guid":{"rendered":"https:\/\/www.factorenergia.com\/es\/?page_id=17883"},"modified":"2024-04-09T12:02:31","modified_gmt":"2024-04-09T10:02:31","slug":"calcula","status":"publish","type":"page","link":"https:\/\/www.factorenergia.com\/es\/placas-solares\/calcula\/","title":{"rendered":"C\u00e1lculo de placas solares"},"content":{"rendered":"","protected":false},"excerpt":{"rendered":"","protected":false},"author":5,"featured_media":0,"parent":24396,"menu_order":0,"comment_status":"closed","ping_status":"closed","template":"templates\/calcula-placas-solares.php","meta":{"inline_featured_image":false,"footnotes":""},"categories":[],"tags":[],"acf":[],"yoast_head":"<!-- This site is optimized with the Yoast SEO plugin v22.2 - https:\/\/yoast.com\/wordpress\/plugins\/seo\/ -->\n<title>C\u00e1lculo de placas solares para casa | Factorenergia<\/title>\n<meta name=\"description\" content=\"Realiza el c\u00e1lculo de la cantidad de placas solares que necesitas para tus instalaci\u00f3n fotovoltaica y el ahorro que obtendr\u00e1s.\" \/>\n<meta name=\"robots\" content=\"index, follow, max-snippet:-1, max-image-preview:large, max-video-preview:-1\" \/>\n<link rel=\"canonical\" href=\"https:\/\/www.factorenergia.com\/es\/placas-solares\/calcula\/\" \/>\n<meta name=\"twitter:card\" content=\"summary_large_image\" \/>\n<meta name=\"twitter:title\" content=\"C\u00e1lculo de placas solares para casa | Factorenergia\" \/>\n<meta name=\"twitter:description\" content=\"Realiza el c\u00e1lculo de la cantidad de placas solares que necesitas para tus instalaci\u00f3n fotovoltaica y el ahorro que obtendr\u00e1s.\" \/>\n<meta name=\"twitter:site\" content=\"@factorenergia\" \/>\n<script type=\"application\/ld+json\" class=\"yoast-schema-graph\">{\"@context\":\"https:\/\/schema.org\",\"@graph\":[{\"@type\":\"WebPage\",\"@id\":\"https:\/\/www.factorenergia.com\/es\/placas-solares\/calcula\/\",\"url\":\"https:\/\/www.factorenergia.com\/es\/placas-solares\/calcula\/\",\"name\":\"C\u00e1lculo de placas solares para casa | Factorenergia\",\"isPartOf\":{\"@id\":\"https:\/\/www.factorenergia.com\/es\/#website\"},\"datePublished\":\"2023-02-06T16:27:20+00:00\",\"dateModified\":\"2024-04-09T10:02:31+00:00\",\"description\":\"Realiza el c\u00e1lculo de la cantidad de placas solares que necesitas para tus instalaci\u00f3n fotovoltaica y el ahorro que obtendr\u00e1s.\",\"breadcrumb\":{\"@id\":\"https:\/\/www.factorenergia.com\/es\/placas-solares\/calcula\/#breadcrumb\"},\"inLanguage\":\"es\",\"potentialAction\":[{\"@type\":\"ReadAction\",\"target\":[\"https:\/\/www.factorenergia.com\/es\/placas-solares\/calcula\/\"]}]},{\"@type\":\"BreadcrumbList\",\"@id\":\"https:\/\/www.factorenergia.com\/es\/placas-solares\/calcula\/#breadcrumb\",\"itemListElement\":[{\"@type\":\"ListItem\",\"position\":1,\"name\":\"Portada\",\"item\":\"https:\/\/www.factorenergia.com\/es\/\"},{\"@type\":\"ListItem\",\"position\":2,\"name\":\"Distribuidora Placas Solares\",\"item\":\"https:\/\/www.factorenergia.com\/es\/placas-solares\/\"},{\"@type\":\"ListItem\",\"position\":3,\"name\":\"C\u00e1lculo de placas solares\"}]},{\"@type\":\"WebSite\",\"@id\":\"https:\/\/www.factorenergia.com\/es\/#website\",\"url\":\"https:\/\/www.factorenergia.com\/es\/\",\"name\":\"factorenergia\",\"description\":\"Factor Energ\u00eda\",\"potentialAction\":[{\"@type\":\"SearchAction\",\"target\":{\"@type\":\"EntryPoint\",\"urlTemplate\":\"https:\/\/www.factorenergia.com\/es\/?s={search_term_string}\"},\"query-input\":\"required name=search_term_string\"}],\"inLanguage\":\"es\"}]}<\/script>\n<!-- \/ Yoast SEO plugin. -->","yoast_head_json":{"title":"C\u00e1lculo de placas solares para casa | Factorenergia","description":"Realiza el c\u00e1lculo de la cantidad de placas solares que necesitas para tus instalaci\u00f3n fotovoltaica y el ahorro que obtendr\u00e1s.","robots":{"index":"index","follow":"follow","max-snippet":"max-snippet:-1","max-image-preview":"max-image-preview:large","max-video-preview":"max-video-preview:-1"},"canonical":"https:\/\/www.factorenergia.com\/es\/placas-solares\/calcula\/","twitter_card":"summary_large_image","twitter_title":"C\u00e1lculo de placas solares para casa | Factorenergia","twitter_description":"Realiza el c\u00e1lculo de la cantidad de placas solares que necesitas para tus instalaci\u00f3n fotovoltaica y el ahorro que obtendr\u00e1s.","twitter_site":"@factorenergia","schema":{"@context":"https:\/\/schema.org","@graph":[{"@type":"WebPage","@id":"https:\/\/www.factorenergia.com\/es\/placas-solares\/calcula\/","url":"https:\/\/www.factorenergia.com\/es\/placas-solares\/calcula\/","name":"C\u00e1lculo de placas solares para casa | Factorenergia","isPartOf":{"@id":"https:\/\/www.factorenergia.com\/es\/#website"},"datePublished":"2023-02-06T16:27:20+00:00","dateModified":"2024-04-09T10:02:31+00:00","description":"Realiza el c\u00e1lculo de la cantidad de placas solares que necesitas para tus instalaci\u00f3n fotovoltaica y el ahorro que obtendr\u00e1s.","breadcrumb":{"@id":"https:\/\/www.factorenergia.com\/es\/placas-solares\/calcula\/#breadcrumb"},"inLanguage":"es","potentialAction":[{"@type":"ReadAction","target":["https:\/\/www.factorenergia.com\/es\/placas-solares\/calcula\/"]}]},{"@type":"BreadcrumbList","@id":"https:\/\/www.factorenergia.com\/es\/placas-solares\/calcula\/#breadcrumb","itemListElement":[{"@type":"ListItem","position":1,"name":"Portada","item":"https:\/\/www.factorenergia.com\/es\/"},{"@type":"ListItem","position":2,"name":"Distribuidora Placas Solares","item":"https:\/\/www.factorenergia.com\/es\/placas-solares\/"},{"@type":"ListItem","position":3,"name":"C\u00e1lculo de placas solares"}]},{"@type":"WebSite","@id":"https:\/\/www.factorenergia.com\/es\/#website","url":"https:\/\/www.factorenergia.com\/es\/","name":"factorenergia","description":"Factor Energ\u00eda","potentialAction":[{"@type":"SearchAction","target":{"@type":"EntryPoint","urlTemplate":"https:\/\/www.factorenergia.com\/es\/?s={search_term_string}"},"query-input":"required name=search_term_string"}],"inLanguage":"es"}]}},"_links":{"self":[{"href":"https:\/\/www.factorenergia.com\/es\/wp-json\/wp\/v2\/pages\/17883"}],"collection":[{"href":"https:\/\/www.factorenergia.com\/es\/wp-json\/wp\/v2\/pages"}],"about":[{"href":"https:\/\/www.factorenergia.com\/es\/wp-json\/wp\/v2\/types\/page"}],"author":[{"embeddable":true,"href":"https:\/\/www.factorenergia.com\/es\/wp-json\/wp\/v2\/users\/5"}],"replies":[{"embeddable":true,"href":"https:\/\/www.factorenergia.com\/es\/wp-json\/wp\/v2\/comments?post=17883"}],"version-history":[{"count":16,"href":"https:\/\/www.factorenergia.com\/es\/wp-json\/wp\/v2\/pages\/17883\/revisions"}],"predecessor-version":[{"id":25247,"href":"https:\/\/www.factorenergia.com\/es\/wp-json\/wp\/v2\/pages\/17883\/revisions\/25247"}],"up":[{"embeddable":true,"href":"https:\/\/www.factorenergia.com\/es\/wp-json\/wp\/v2\/pages\/24396"}],"wp:attachment":[{"href":"https:\/\/www.factorenergia.com\/es\/wp-json\/wp\/v2\/media?parent=17883"}],"wp:term":[{"taxonomy":"category","embeddable":true,"href":"https:\/\/www.factorenergia.com\/es\/wp-json\/wp\/v2\/categories?post=17883"},{"taxonomy":"post_tag","embeddable":true,"href":"https:\/\/www.factorenergia.com\/es\/wp-json\/wp\/v2\/tags?post=17883"}],"curies":[{"name":"wp","href":"https:\/\/api.w.org\/{rel}","templated":true}]}}