{"id":17837,"date":"2023-02-06T16:12:36","date_gmt":"2023-02-06T14:12:36","guid":{"rendered":"https:\/\/www.factorenergia.com\/es\/?page_id=17837"},"modified":"2024-02-13T16:30:39","modified_gmt":"2024-02-13T14:30:39","slug":"prosumers","status":"publish","type":"page","link":"https:\/\/www.factorenergia.com\/es\/placas-solares\/prosumers\/","title":{"rendered":"Prosumer,  qui\u00e9n  genera  y vende  su propia  electricidad"},"content":{"rendered":"","protected":false},"excerpt":{"rendered":"","protected":false},"author":5,"featured_media":0,"parent":24396,"menu_order":0,"comment_status":"closed","ping_status":"closed","template":"templates\/prosumers-placas-solares.php","meta":{"inline_featured_image":false,"footnotes":""},"categories":[],"tags":[],"acf":[],"yoast_head":"<!-- This site is optimized with the Yoast SEO plugin v22.2 - https:\/\/yoast.com\/wordpress\/plugins\/seo\/ -->\n<title>Prosumer, qui\u00e9n genera y vende su propia electricidad | Factor Energ\u00eda<\/title>\n<meta name=\"description\" content=\"Siendo Prosumer puedes producir tu propia electricidad y lo que no consumes, lo subes a la red el\u00e9ctrica y recibes compensaci\u00f3n econ\u00f3mica. Todo son ventajas.\" \/>\n<meta name=\"robots\" content=\"index, follow, max-snippet:-1, max-image-preview:large, max-video-preview:-1\" \/>\n<link rel=\"canonical\" href=\"https:\/\/www.factorenergia.com\/es\/placas-solares\/prosumers\/\" \/>\n<meta name=\"twitter:card\" content=\"summary_large_image\" \/>\n<meta name=\"twitter:title\" content=\"Prosumer, qui\u00e9n genera y vende su propia electricidad | Factor Energ\u00eda\" \/>\n<meta name=\"twitter:description\" content=\"Siendo Prosumer puedes producir tu propia electricidad y lo que no consumes, lo subes a la red el\u00e9ctrica y recibes compensaci\u00f3n econ\u00f3mica. Todo son ventajas.\" \/>\n<meta name=\"twitter:site\" content=\"@factorenergia\" \/>\n<script type=\"application\/ld+json\" class=\"yoast-schema-graph\">{\"@context\":\"https:\/\/schema.org\",\"@graph\":[{\"@type\":\"WebPage\",\"@id\":\"https:\/\/www.factorenergia.com\/es\/placas-solares\/prosumers\/\",\"url\":\"https:\/\/www.factorenergia.com\/es\/placas-solares\/prosumers\/\",\"name\":\"Prosumer, qui\u00e9n genera y vende su propia electricidad | Factor Energ\u00eda\",\"isPartOf\":{\"@id\":\"https:\/\/www.factorenergia.com\/es\/#website\"},\"datePublished\":\"2023-02-06T14:12:36+00:00\",\"dateModified\":\"2024-02-13T14:30:39+00:00\",\"description\":\"Siendo Prosumer puedes producir tu propia electricidad y lo que no consumes, lo subes a la red el\u00e9ctrica y recibes compensaci\u00f3n econ\u00f3mica. Todo son ventajas.\",\"breadcrumb\":{\"@id\":\"https:\/\/www.factorenergia.com\/es\/placas-solares\/prosumers\/#breadcrumb\"},\"inLanguage\":\"es\",\"potentialAction\":[{\"@type\":\"ReadAction\",\"target\":[\"https:\/\/www.factorenergia.com\/es\/placas-solares\/prosumers\/\"]}]},{\"@type\":\"BreadcrumbList\",\"@id\":\"https:\/\/www.factorenergia.com\/es\/placas-solares\/prosumers\/#breadcrumb\",\"itemListElement\":[{\"@type\":\"ListItem\",\"position\":1,\"name\":\"Portada\",\"item\":\"https:\/\/www.factorenergia.com\/es\/\"},{\"@type\":\"ListItem\",\"position\":2,\"name\":\"Distribuidora Placas Solares\",\"item\":\"https:\/\/www.factorenergia.com\/es\/placas-solares\/\"},{\"@type\":\"ListItem\",\"position\":3,\"name\":\"Prosumer, qui\u00e9n genera y vende su propia electricidad\"}]},{\"@type\":\"WebSite\",\"@id\":\"https:\/\/www.factorenergia.com\/es\/#website\",\"url\":\"https:\/\/www.factorenergia.com\/es\/\",\"name\":\"factorenergia\",\"description\":\"Factor Energ\u00eda\",\"potentialAction\":[{\"@type\":\"SearchAction\",\"target\":{\"@type\":\"EntryPoint\",\"urlTemplate\":\"https:\/\/www.factorenergia.com\/es\/?s={search_term_string}\"},\"query-input\":\"required name=search_term_string\"}],\"inLanguage\":\"es\"}]}<\/script>\n<!-- \/ Yoast SEO plugin. -->","yoast_head_json":{"title":"Prosumer, qui\u00e9n genera y vende su propia electricidad | Factor Energ\u00eda","description":"Siendo Prosumer puedes producir tu propia electricidad y lo que no consumes, lo subes a la red el\u00e9ctrica y recibes compensaci\u00f3n econ\u00f3mica. Todo son ventajas.","robots":{"index":"index","follow":"follow","max-snippet":"max-snippet:-1","max-image-preview":"max-image-preview:large","max-video-preview":"max-video-preview:-1"},"canonical":"https:\/\/www.factorenergia.com\/es\/placas-solares\/prosumers\/","twitter_card":"summary_large_image","twitter_title":"Prosumer, qui\u00e9n genera y vende su propia electricidad | Factor Energ\u00eda","twitter_description":"Siendo Prosumer puedes producir tu propia electricidad y lo que no consumes, lo subes a la red el\u00e9ctrica y recibes compensaci\u00f3n econ\u00f3mica. Todo son ventajas.","twitter_site":"@factorenergia","schema":{"@context":"https:\/\/schema.org","@graph":[{"@type":"WebPage","@id":"https:\/\/www.factorenergia.com\/es\/placas-solares\/prosumers\/","url":"https:\/\/www.factorenergia.com\/es\/placas-solares\/prosumers\/","name":"Prosumer, qui\u00e9n genera y vende su propia electricidad | Factor Energ\u00eda","isPartOf":{"@id":"https:\/\/www.factorenergia.com\/es\/#website"},"datePublished":"2023-02-06T14:12:36+00:00","dateModified":"2024-02-13T14:30:39+00:00","description":"Siendo Prosumer puedes producir tu propia electricidad y lo que no consumes, lo subes a la red el\u00e9ctrica y recibes compensaci\u00f3n econ\u00f3mica. Todo son ventajas.","breadcrumb":{"@id":"https:\/\/www.factorenergia.com\/es\/placas-solares\/prosumers\/#breadcrumb"},"inLanguage":"es","potentialAction":[{"@type":"ReadAction","target":["https:\/\/www.factorenergia.com\/es\/placas-solares\/prosumers\/"]}]},{"@type":"BreadcrumbList","@id":"https:\/\/www.factorenergia.com\/es\/placas-solares\/prosumers\/#breadcrumb","itemListElement":[{"@type":"ListItem","position":1,"name":"Portada","item":"https:\/\/www.factorenergia.com\/es\/"},{"@type":"ListItem","position":2,"name":"Distribuidora Placas Solares","item":"https:\/\/www.factorenergia.com\/es\/placas-solares\/"},{"@type":"ListItem","position":3,"name":"Prosumer, qui\u00e9n genera y vende su propia electricidad"}]},{"@type":"WebSite","@id":"https:\/\/www.factorenergia.com\/es\/#website","url":"https:\/\/www.factorenergia.com\/es\/","name":"factorenergia","description":"Factor Energ\u00eda","potentialAction":[{"@type":"SearchAction","target":{"@type":"EntryPoint","urlTemplate":"https:\/\/www.factorenergia.com\/es\/?s={search_term_string}"},"query-input":"required name=search_term_string"}],"inLanguage":"es"}]}},"_links":{"self":[{"href":"https:\/\/www.factorenergia.com\/es\/wp-json\/wp\/v2\/pages\/17837"}],"collection":[{"href":"https:\/\/www.factorenergia.com\/es\/wp-json\/wp\/v2\/pages"}],"about":[{"href":"https:\/\/www.factorenergia.com\/es\/wp-json\/wp\/v2\/types\/page"}],"author":[{"embeddable":true,"href":"https:\/\/www.factorenergia.com\/es\/wp-json\/wp\/v2\/users\/5"}],"replies":[{"embeddable":true,"href":"https:\/\/www.factorenergia.com\/es\/wp-json\/wp\/v2\/comments?post=17837"}],"version-history":[{"count":8,"href":"https:\/\/www.factorenergia.com\/es\/wp-json\/wp\/v2\/pages\/17837\/revisions"}],"predecessor-version":[{"id":19276,"href":"https:\/\/www.factorenergia.com\/es\/wp-json\/wp\/v2\/pages\/17837\/revisions\/19276"}],"up":[{"embeddable":true,"href":"https:\/\/www.factorenergia.com\/es\/wp-json\/wp\/v2\/pages\/24396"}],"wp:attachment":[{"href":"https:\/\/www.factorenergia.com\/es\/wp-json\/wp\/v2\/media?parent=17837"}],"wp:term":[{"taxonomy":"category","embeddable":true,"href":"https:\/\/www.factorenergia.com\/es\/wp-json\/wp\/v2\/categories?post=17837"},{"taxonomy":"post_tag","embeddable":true,"href":"https:\/\/www.factorenergia.com\/es\/wp-json\/wp\/v2\/tags?post=17837"}],"curies":[{"name":"wp","href":"https:\/\/api.w.org\/{rel}","templated":true}]}}