{"id":17809,"date":"2023-02-06T13:25:47","date_gmt":"2023-02-06T11:25:47","guid":{"rendered":"https:\/\/www.factorenergia.com\/es\/?page_id=17809"},"modified":"2024-07-04T17:54:42","modified_gmt":"2024-07-04T15:54:42","slug":"subvenciones","status":"publish","type":"page","link":"https:\/\/www.factorenergia.com\/es\/placas-solares\/subvenciones\/","title":{"rendered":"Tramitamos las subvenciones para placas solares por ti"},"content":{"rendered":"","protected":false},"excerpt":{"rendered":"","protected":false},"author":5,"featured_media":0,"parent":24396,"menu_order":0,"comment_status":"closed","ping_status":"closed","template":"templates\/subvenciones-placas-solares.php","meta":{"inline_featured_image":false,"footnotes":""},"categories":[],"tags":[],"acf":[],"yoast_head":"<!-- This site is optimized with the Yoast SEO plugin v22.2 - https:\/\/yoast.com\/wordpress\/plugins\/seo\/ -->\n<title>Tramitamos las subvenciones para placas solares por ti | Factor Energ\u00eda<\/title>\n<meta name=\"description\" content=\"Te ayudamos en todos los tr\u00e1mites para las subvenciones de placas solares que hay en la actualidad. La mejor apuesta por el autoconsumo y la energ\u00eda verde.\" \/>\n<meta name=\"robots\" content=\"index, follow, max-snippet:-1, max-image-preview:large, max-video-preview:-1\" \/>\n<link rel=\"canonical\" href=\"https:\/\/www.factorenergia.com\/es\/placas-solares\/subvenciones\/\" \/>\n<meta name=\"twitter:card\" content=\"summary_large_image\" \/>\n<meta name=\"twitter:title\" content=\"Tramitamos las subvenciones para placas solares por ti | Factor Energ\u00eda\" \/>\n<meta name=\"twitter:description\" content=\"Te ayudamos en todos los tr\u00e1mites para las subvenciones de placas solares que hay en la actualidad. La mejor apuesta por el autoconsumo y la energ\u00eda verde.\" \/>\n<meta name=\"twitter:site\" content=\"@factorenergia\" \/>\n<script type=\"application\/ld+json\" class=\"yoast-schema-graph\">{\"@context\":\"https:\/\/schema.org\",\"@graph\":[{\"@type\":\"WebPage\",\"@id\":\"https:\/\/www.factorenergia.com\/es\/placas-solares\/subvenciones\/\",\"url\":\"https:\/\/www.factorenergia.com\/es\/placas-solares\/subvenciones\/\",\"name\":\"Tramitamos las subvenciones para placas solares por ti | Factor Energ\u00eda\",\"isPartOf\":{\"@id\":\"https:\/\/www.factorenergia.com\/es\/#website\"},\"datePublished\":\"2023-02-06T11:25:47+00:00\",\"dateModified\":\"2024-07-04T15:54:42+00:00\",\"description\":\"Te ayudamos en todos los tr\u00e1mites para las subvenciones de placas solares que hay en la actualidad. La mejor apuesta por el autoconsumo y la energ\u00eda verde.\",\"breadcrumb\":{\"@id\":\"https:\/\/www.factorenergia.com\/es\/placas-solares\/subvenciones\/#breadcrumb\"},\"inLanguage\":\"es\",\"potentialAction\":[{\"@type\":\"ReadAction\",\"target\":[\"https:\/\/www.factorenergia.com\/es\/placas-solares\/subvenciones\/\"]}]},{\"@type\":\"BreadcrumbList\",\"@id\":\"https:\/\/www.factorenergia.com\/es\/placas-solares\/subvenciones\/#breadcrumb\",\"itemListElement\":[{\"@type\":\"ListItem\",\"position\":1,\"name\":\"Portada\",\"item\":\"https:\/\/www.factorenergia.com\/es\/\"},{\"@type\":\"ListItem\",\"position\":2,\"name\":\"Distribuidora Placas Solares\",\"item\":\"https:\/\/www.factorenergia.com\/es\/placas-solares\/\"},{\"@type\":\"ListItem\",\"position\":3,\"name\":\"Tramitamos las subvenciones para placas solares por ti\"}]},{\"@type\":\"WebSite\",\"@id\":\"https:\/\/www.factorenergia.com\/es\/#website\",\"url\":\"https:\/\/www.factorenergia.com\/es\/\",\"name\":\"factorenergia\",\"description\":\"Factor Energ\u00eda\",\"potentialAction\":[{\"@type\":\"SearchAction\",\"target\":{\"@type\":\"EntryPoint\",\"urlTemplate\":\"https:\/\/www.factorenergia.com\/es\/?s={search_term_string}\"},\"query-input\":\"required name=search_term_string\"}],\"inLanguage\":\"es\"}]}<\/script>\n<!-- \/ Yoast SEO plugin. -->","yoast_head_json":{"title":"Tramitamos las subvenciones para placas solares por ti | Factor Energ\u00eda","description":"Te ayudamos en todos los tr\u00e1mites para las subvenciones de placas solares que hay en la actualidad. La mejor apuesta por el autoconsumo y la energ\u00eda verde.","robots":{"index":"index","follow":"follow","max-snippet":"max-snippet:-1","max-image-preview":"max-image-preview:large","max-video-preview":"max-video-preview:-1"},"canonical":"https:\/\/www.factorenergia.com\/es\/placas-solares\/subvenciones\/","twitter_card":"summary_large_image","twitter_title":"Tramitamos las subvenciones para placas solares por ti | Factor Energ\u00eda","twitter_description":"Te ayudamos en todos los tr\u00e1mites para las subvenciones de placas solares que hay en la actualidad. La mejor apuesta por el autoconsumo y la energ\u00eda verde.","twitter_site":"@factorenergia","schema":{"@context":"https:\/\/schema.org","@graph":[{"@type":"WebPage","@id":"https:\/\/www.factorenergia.com\/es\/placas-solares\/subvenciones\/","url":"https:\/\/www.factorenergia.com\/es\/placas-solares\/subvenciones\/","name":"Tramitamos las subvenciones para placas solares por ti | Factor Energ\u00eda","isPartOf":{"@id":"https:\/\/www.factorenergia.com\/es\/#website"},"datePublished":"2023-02-06T11:25:47+00:00","dateModified":"2024-07-04T15:54:42+00:00","description":"Te ayudamos en todos los tr\u00e1mites para las subvenciones de placas solares que hay en la actualidad. La mejor apuesta por el autoconsumo y la energ\u00eda verde.","breadcrumb":{"@id":"https:\/\/www.factorenergia.com\/es\/placas-solares\/subvenciones\/#breadcrumb"},"inLanguage":"es","potentialAction":[{"@type":"ReadAction","target":["https:\/\/www.factorenergia.com\/es\/placas-solares\/subvenciones\/"]}]},{"@type":"BreadcrumbList","@id":"https:\/\/www.factorenergia.com\/es\/placas-solares\/subvenciones\/#breadcrumb","itemListElement":[{"@type":"ListItem","position":1,"name":"Portada","item":"https:\/\/www.factorenergia.com\/es\/"},{"@type":"ListItem","position":2,"name":"Distribuidora Placas Solares","item":"https:\/\/www.factorenergia.com\/es\/placas-solares\/"},{"@type":"ListItem","position":3,"name":"Tramitamos las subvenciones para placas solares por ti"}]},{"@type":"WebSite","@id":"https:\/\/www.factorenergia.com\/es\/#website","url":"https:\/\/www.factorenergia.com\/es\/","name":"factorenergia","description":"Factor Energ\u00eda","potentialAction":[{"@type":"SearchAction","target":{"@type":"EntryPoint","urlTemplate":"https:\/\/www.factorenergia.com\/es\/?s={search_term_string}"},"query-input":"required name=search_term_string"}],"inLanguage":"es"}]}},"_links":{"self":[{"href":"https:\/\/www.factorenergia.com\/es\/wp-json\/wp\/v2\/pages\/17809"}],"collection":[{"href":"https:\/\/www.factorenergia.com\/es\/wp-json\/wp\/v2\/pages"}],"about":[{"href":"https:\/\/www.factorenergia.com\/es\/wp-json\/wp\/v2\/types\/page"}],"author":[{"embeddable":true,"href":"https:\/\/www.factorenergia.com\/es\/wp-json\/wp\/v2\/users\/5"}],"replies":[{"embeddable":true,"href":"https:\/\/www.factorenergia.com\/es\/wp-json\/wp\/v2\/comments?post=17809"}],"version-history":[{"count":17,"href":"https:\/\/www.factorenergia.com\/es\/wp-json\/wp\/v2\/pages\/17809\/revisions"}],"predecessor-version":[{"id":26037,"href":"https:\/\/www.factorenergia.com\/es\/wp-json\/wp\/v2\/pages\/17809\/revisions\/26037"}],"up":[{"embeddable":true,"href":"https:\/\/www.factorenergia.com\/es\/wp-json\/wp\/v2\/pages\/24396"}],"wp:attachment":[{"href":"https:\/\/www.factorenergia.com\/es\/wp-json\/wp\/v2\/media?parent=17809"}],"wp:term":[{"taxonomy":"category","embeddable":true,"href":"https:\/\/www.factorenergia.com\/es\/wp-json\/wp\/v2\/categories?post=17809"},{"taxonomy":"post_tag","embeddable":true,"href":"https:\/\/www.factorenergia.com\/es\/wp-json\/wp\/v2\/tags?post=17809"}],"curies":[{"name":"wp","href":"https:\/\/api.w.org\/{rel}","templated":true}]}}