{"id":17430,"date":"2023-02-03T10:22:30","date_gmt":"2023-02-03T08:22:30","guid":{"rendered":"https:\/\/www.factorenergia.com\/es\/?page_id=17430"},"modified":"2024-02-28T17:18:12","modified_gmt":"2024-02-28T15:18:12","slug":"excedentes-autoconsumo","status":"publish","type":"page","link":"https:\/\/www.factorenergia.com\/es\/placas-solares\/excedentes-autoconsumo\/","title":{"rendered":"Compensaci\u00f3n excedentes autoconsumo"},"content":{"rendered":"","protected":false},"excerpt":{"rendered":"","protected":false},"author":5,"featured_media":0,"parent":24396,"menu_order":0,"comment_status":"closed","ping_status":"closed","template":"templates\/excedentes-placas-solares-new.php","meta":{"inline_featured_image":false,"footnotes":""},"categories":[],"tags":[],"acf":[],"yoast_head":"<!-- This site is optimized with the Yoast SEO plugin v22.2 - https:\/\/yoast.com\/wordpress\/plugins\/seo\/ -->\n<title>Compensaci\u00f3n de Excedentes de Autoconsumo | Factorenergia<\/title>\n<meta name=\"description\" content=\"Somos la compa\u00f1\u00eda el\u00e9ctrica que m\u00e1s paga en compensaci\u00f3n de excedentes de autoconsumo de tu instalaci\u00f3n de placas solares.\" \/>\n<meta name=\"robots\" content=\"index, follow, max-snippet:-1, max-image-preview:large, max-video-preview:-1\" \/>\n<link rel=\"canonical\" href=\"https:\/\/www.factorenergia.com\/es\/placas-solares\/excedentes-autoconsumo\/\" \/>\n<meta name=\"twitter:card\" content=\"summary_large_image\" \/>\n<meta name=\"twitter:title\" content=\"Compensaci\u00f3n de Excedentes de Autoconsumo | Factorenergia\" \/>\n<meta name=\"twitter:description\" content=\"Somos la compa\u00f1\u00eda el\u00e9ctrica que m\u00e1s paga en compensaci\u00f3n de excedentes de autoconsumo de tu instalaci\u00f3n de placas solares.\" \/>\n<meta name=\"twitter:site\" content=\"@factorenergia\" \/>\n<script type=\"application\/ld+json\" class=\"yoast-schema-graph\">{\"@context\":\"https:\/\/schema.org\",\"@graph\":[{\"@type\":\"WebPage\",\"@id\":\"https:\/\/www.factorenergia.com\/es\/placas-solares\/excedentes-autoconsumo\/\",\"url\":\"https:\/\/www.factorenergia.com\/es\/placas-solares\/excedentes-autoconsumo\/\",\"name\":\"Compensaci\u00f3n de Excedentes de Autoconsumo | Factorenergia\",\"isPartOf\":{\"@id\":\"https:\/\/www.factorenergia.com\/es\/#website\"},\"datePublished\":\"2023-02-03T08:22:30+00:00\",\"dateModified\":\"2024-02-28T15:18:12+00:00\",\"description\":\"Somos la compa\u00f1\u00eda el\u00e9ctrica que m\u00e1s paga en compensaci\u00f3n de excedentes de autoconsumo de tu instalaci\u00f3n de placas solares.\",\"breadcrumb\":{\"@id\":\"https:\/\/www.factorenergia.com\/es\/placas-solares\/excedentes-autoconsumo\/#breadcrumb\"},\"inLanguage\":\"es\",\"potentialAction\":[{\"@type\":\"ReadAction\",\"target\":[\"https:\/\/www.factorenergia.com\/es\/placas-solares\/excedentes-autoconsumo\/\"]}]},{\"@type\":\"BreadcrumbList\",\"@id\":\"https:\/\/www.factorenergia.com\/es\/placas-solares\/excedentes-autoconsumo\/#breadcrumb\",\"itemListElement\":[{\"@type\":\"ListItem\",\"position\":1,\"name\":\"Portada\",\"item\":\"https:\/\/www.factorenergia.com\/es\/\"},{\"@type\":\"ListItem\",\"position\":2,\"name\":\"Distribuidora Placas Solares\",\"item\":\"https:\/\/www.factorenergia.com\/es\/placas-solares\/\"},{\"@type\":\"ListItem\",\"position\":3,\"name\":\"Compensaci\u00f3n excedentes autoconsumo\"}]},{\"@type\":\"WebSite\",\"@id\":\"https:\/\/www.factorenergia.com\/es\/#website\",\"url\":\"https:\/\/www.factorenergia.com\/es\/\",\"name\":\"factorenergia\",\"description\":\"Factor Energ\u00eda\",\"potentialAction\":[{\"@type\":\"SearchAction\",\"target\":{\"@type\":\"EntryPoint\",\"urlTemplate\":\"https:\/\/www.factorenergia.com\/es\/?s={search_term_string}\"},\"query-input\":\"required name=search_term_string\"}],\"inLanguage\":\"es\"}]}<\/script>\n<!-- \/ Yoast SEO plugin. -->","yoast_head_json":{"title":"Compensaci\u00f3n de Excedentes de Autoconsumo | Factorenergia","description":"Somos la compa\u00f1\u00eda el\u00e9ctrica que m\u00e1s paga en compensaci\u00f3n de excedentes de autoconsumo de tu instalaci\u00f3n de placas solares.","robots":{"index":"index","follow":"follow","max-snippet":"max-snippet:-1","max-image-preview":"max-image-preview:large","max-video-preview":"max-video-preview:-1"},"canonical":"https:\/\/www.factorenergia.com\/es\/placas-solares\/excedentes-autoconsumo\/","twitter_card":"summary_large_image","twitter_title":"Compensaci\u00f3n de Excedentes de Autoconsumo | Factorenergia","twitter_description":"Somos la compa\u00f1\u00eda el\u00e9ctrica que m\u00e1s paga en compensaci\u00f3n de excedentes de autoconsumo de tu instalaci\u00f3n de placas solares.","twitter_site":"@factorenergia","schema":{"@context":"https:\/\/schema.org","@graph":[{"@type":"WebPage","@id":"https:\/\/www.factorenergia.com\/es\/placas-solares\/excedentes-autoconsumo\/","url":"https:\/\/www.factorenergia.com\/es\/placas-solares\/excedentes-autoconsumo\/","name":"Compensaci\u00f3n de Excedentes de Autoconsumo | Factorenergia","isPartOf":{"@id":"https:\/\/www.factorenergia.com\/es\/#website"},"datePublished":"2023-02-03T08:22:30+00:00","dateModified":"2024-02-28T15:18:12+00:00","description":"Somos la compa\u00f1\u00eda el\u00e9ctrica que m\u00e1s paga en compensaci\u00f3n de excedentes de autoconsumo de tu instalaci\u00f3n de placas solares.","breadcrumb":{"@id":"https:\/\/www.factorenergia.com\/es\/placas-solares\/excedentes-autoconsumo\/#breadcrumb"},"inLanguage":"es","potentialAction":[{"@type":"ReadAction","target":["https:\/\/www.factorenergia.com\/es\/placas-solares\/excedentes-autoconsumo\/"]}]},{"@type":"BreadcrumbList","@id":"https:\/\/www.factorenergia.com\/es\/placas-solares\/excedentes-autoconsumo\/#breadcrumb","itemListElement":[{"@type":"ListItem","position":1,"name":"Portada","item":"https:\/\/www.factorenergia.com\/es\/"},{"@type":"ListItem","position":2,"name":"Distribuidora Placas Solares","item":"https:\/\/www.factorenergia.com\/es\/placas-solares\/"},{"@type":"ListItem","position":3,"name":"Compensaci\u00f3n excedentes autoconsumo"}]},{"@type":"WebSite","@id":"https:\/\/www.factorenergia.com\/es\/#website","url":"https:\/\/www.factorenergia.com\/es\/","name":"factorenergia","description":"Factor Energ\u00eda","potentialAction":[{"@type":"SearchAction","target":{"@type":"EntryPoint","urlTemplate":"https:\/\/www.factorenergia.com\/es\/?s={search_term_string}"},"query-input":"required name=search_term_string"}],"inLanguage":"es"}]}},"_links":{"self":[{"href":"https:\/\/www.factorenergia.com\/es\/wp-json\/wp\/v2\/pages\/17430"}],"collection":[{"href":"https:\/\/www.factorenergia.com\/es\/wp-json\/wp\/v2\/pages"}],"about":[{"href":"https:\/\/www.factorenergia.com\/es\/wp-json\/wp\/v2\/types\/page"}],"author":[{"embeddable":true,"href":"https:\/\/www.factorenergia.com\/es\/wp-json\/wp\/v2\/users\/5"}],"replies":[{"embeddable":true,"href":"https:\/\/www.factorenergia.com\/es\/wp-json\/wp\/v2\/comments?post=17430"}],"version-history":[{"count":19,"href":"https:\/\/www.factorenergia.com\/es\/wp-json\/wp\/v2\/pages\/17430\/revisions"}],"predecessor-version":[{"id":24835,"href":"https:\/\/www.factorenergia.com\/es\/wp-json\/wp\/v2\/pages\/17430\/revisions\/24835"}],"up":[{"embeddable":true,"href":"https:\/\/www.factorenergia.com\/es\/wp-json\/wp\/v2\/pages\/24396"}],"wp:attachment":[{"href":"https:\/\/www.factorenergia.com\/es\/wp-json\/wp\/v2\/media?parent=17430"}],"wp:term":[{"taxonomy":"category","embeddable":true,"href":"https:\/\/www.factorenergia.com\/es\/wp-json\/wp\/v2\/categories?post=17430"},{"taxonomy":"post_tag","embeddable":true,"href":"https:\/\/www.factorenergia.com\/es\/wp-json\/wp\/v2\/tags?post=17430"}],"curies":[{"name":"wp","href":"https:\/\/api.w.org\/{rel}","templated":true}]}}