{"id":1547,"date":"2016-06-15T14:59:38","date_gmt":"2016-06-15T12:59:38","guid":{"rendered":"https:\/\/www.factorenergia.com\/es\/?page_id=1547"},"modified":"2022-11-10T12:26:20","modified_gmt":"2022-11-10T10:26:20","slug":"emilio-rousaud","status":"publish","type":"page","link":"https:\/\/www.factorenergia.com\/es\/blog\/emilio-rousaud\/","title":{"rendered":"La opini\u00f3n de Emilio Rousaud"},"content":{"rendered":"","protected":false},"excerpt":{"rendered":"","protected":false},"author":17,"featured_media":0,"parent":1520,"menu_order":0,"comment_status":"closed","ping_status":"closed","template":"templates\/blog.php","meta":{"inline_featured_image":false,"footnotes":""},"categories":[6],"tags":[],"acf":[],"yoast_head":"<!-- This site is optimized with the Yoast SEO plugin v22.2 - https:\/\/yoast.com\/wordpress\/plugins\/seo\/ -->\n<title>Emilio Rousaud - Opiniones y Art\u00edculos en FactorEnerg\u00eda Blog<\/title>\n<meta name=\"description\" content=\"Conoce las opiniones de Emilio Rousaud leyendo sus art\u00edculos en el blog de FactoEnergia, comercializadora el\u00e9ctrica de la que es CEO y fundador.\" \/>\n<meta name=\"robots\" content=\"index, follow, max-snippet:-1, max-image-preview:large, max-video-preview:-1\" \/>\n<link rel=\"canonical\" href=\"https:\/\/www.factorenergia.com\/es\/blog\/emilio-rousaud\/\" \/>\n<meta name=\"twitter:card\" content=\"summary_large_image\" \/>\n<meta name=\"twitter:title\" content=\"Emilio Rousaud - Opiniones y Art\u00edculos en FactorEnerg\u00eda Blog\" \/>\n<meta name=\"twitter:description\" content=\"Conoce las opiniones de Emilio Rousaud leyendo sus art\u00edculos en el blog de FactoEnergia, comercializadora el\u00e9ctrica de la que es CEO y fundador.\" \/>\n<meta name=\"twitter:site\" content=\"@factorenergia\" \/>\n<script type=\"application\/ld+json\" class=\"yoast-schema-graph\">{\"@context\":\"https:\/\/schema.org\",\"@graph\":[{\"@type\":\"WebPage\",\"@id\":\"https:\/\/www.factorenergia.com\/es\/blog\/emilio-rousaud\/\",\"url\":\"https:\/\/www.factorenergia.com\/es\/blog\/emilio-rousaud\/\",\"name\":\"Emilio Rousaud - Opiniones y Art\u00edculos en FactorEnerg\u00eda Blog\",\"isPartOf\":{\"@id\":\"https:\/\/www.factorenergia.com\/es\/#website\"},\"datePublished\":\"2016-06-15T12:59:38+00:00\",\"dateModified\":\"2022-11-10T10:26:20+00:00\",\"description\":\"Conoce las opiniones de Emilio Rousaud leyendo sus art\u00edculos en el blog de FactoEnergia, comercializadora el\u00e9ctrica de la que es CEO y fundador.\",\"breadcrumb\":{\"@id\":\"https:\/\/www.factorenergia.com\/es\/blog\/emilio-rousaud\/#breadcrumb\"},\"inLanguage\":\"es\",\"potentialAction\":[{\"@type\":\"ReadAction\",\"target\":[\"https:\/\/www.factorenergia.com\/es\/blog\/emilio-rousaud\/\"]}]},{\"@type\":\"BreadcrumbList\",\"@id\":\"https:\/\/www.factorenergia.com\/es\/blog\/emilio-rousaud\/#breadcrumb\",\"itemListElement\":[{\"@type\":\"ListItem\",\"position\":1,\"name\":\"Portada\",\"item\":\"https:\/\/www.factorenergia.com\/es\/\"},{\"@type\":\"ListItem\",\"position\":2,\"name\":\"Blog\",\"item\":\"https:\/\/www.factorenergia.com\/es\/blog\/\"},{\"@type\":\"ListItem\",\"position\":3,\"name\":\"La opini\u00f3n de Emilio Rousaud\"}]},{\"@type\":\"WebSite\",\"@id\":\"https:\/\/www.factorenergia.com\/es\/#website\",\"url\":\"https:\/\/www.factorenergia.com\/es\/\",\"name\":\"factorenergia\",\"description\":\"Factor Energ\u00eda\",\"potentialAction\":[{\"@type\":\"SearchAction\",\"target\":{\"@type\":\"EntryPoint\",\"urlTemplate\":\"https:\/\/www.factorenergia.com\/es\/?s={search_term_string}\"},\"query-input\":\"required name=search_term_string\"}],\"inLanguage\":\"es\"}]}<\/script>\n<!-- \/ Yoast SEO plugin. -->","yoast_head_json":{"title":"Emilio Rousaud - Opiniones y Art\u00edculos en FactorEnerg\u00eda Blog","description":"Conoce las opiniones de Emilio Rousaud leyendo sus art\u00edculos en el blog de FactoEnergia, comercializadora el\u00e9ctrica de la que es CEO y fundador.","robots":{"index":"index","follow":"follow","max-snippet":"max-snippet:-1","max-image-preview":"max-image-preview:large","max-video-preview":"max-video-preview:-1"},"canonical":"https:\/\/www.factorenergia.com\/es\/blog\/emilio-rousaud\/","twitter_card":"summary_large_image","twitter_title":"Emilio Rousaud - Opiniones y Art\u00edculos en FactorEnerg\u00eda Blog","twitter_description":"Conoce las opiniones de Emilio Rousaud leyendo sus art\u00edculos en el blog de FactoEnergia, comercializadora el\u00e9ctrica de la que es CEO y fundador.","twitter_site":"@factorenergia","schema":{"@context":"https:\/\/schema.org","@graph":[{"@type":"WebPage","@id":"https:\/\/www.factorenergia.com\/es\/blog\/emilio-rousaud\/","url":"https:\/\/www.factorenergia.com\/es\/blog\/emilio-rousaud\/","name":"Emilio Rousaud - Opiniones y Art\u00edculos en FactorEnerg\u00eda Blog","isPartOf":{"@id":"https:\/\/www.factorenergia.com\/es\/#website"},"datePublished":"2016-06-15T12:59:38+00:00","dateModified":"2022-11-10T10:26:20+00:00","description":"Conoce las opiniones de Emilio Rousaud leyendo sus art\u00edculos en el blog de FactoEnergia, comercializadora el\u00e9ctrica de la que es CEO y fundador.","breadcrumb":{"@id":"https:\/\/www.factorenergia.com\/es\/blog\/emilio-rousaud\/#breadcrumb"},"inLanguage":"es","potentialAction":[{"@type":"ReadAction","target":["https:\/\/www.factorenergia.com\/es\/blog\/emilio-rousaud\/"]}]},{"@type":"BreadcrumbList","@id":"https:\/\/www.factorenergia.com\/es\/blog\/emilio-rousaud\/#breadcrumb","itemListElement":[{"@type":"ListItem","position":1,"name":"Portada","item":"https:\/\/www.factorenergia.com\/es\/"},{"@type":"ListItem","position":2,"name":"Blog","item":"https:\/\/www.factorenergia.com\/es\/blog\/"},{"@type":"ListItem","position":3,"name":"La opini\u00f3n de Emilio Rousaud"}]},{"@type":"WebSite","@id":"https:\/\/www.factorenergia.com\/es\/#website","url":"https:\/\/www.factorenergia.com\/es\/","name":"factorenergia","description":"Factor Energ\u00eda","potentialAction":[{"@type":"SearchAction","target":{"@type":"EntryPoint","urlTemplate":"https:\/\/www.factorenergia.com\/es\/?s={search_term_string}"},"query-input":"required name=search_term_string"}],"inLanguage":"es"}]}},"_links":{"self":[{"href":"https:\/\/www.factorenergia.com\/es\/wp-json\/wp\/v2\/pages\/1547"}],"collection":[{"href":"https:\/\/www.factorenergia.com\/es\/wp-json\/wp\/v2\/pages"}],"about":[{"href":"https:\/\/www.factorenergia.com\/es\/wp-json\/wp\/v2\/types\/page"}],"author":[{"embeddable":true,"href":"https:\/\/www.factorenergia.com\/es\/wp-json\/wp\/v2\/users\/17"}],"replies":[{"embeddable":true,"href":"https:\/\/www.factorenergia.com\/es\/wp-json\/wp\/v2\/comments?post=1547"}],"version-history":[{"count":3,"href":"https:\/\/www.factorenergia.com\/es\/wp-json\/wp\/v2\/pages\/1547\/revisions"}],"predecessor-version":[{"id":2277,"href":"https:\/\/www.factorenergia.com\/es\/wp-json\/wp\/v2\/pages\/1547\/revisions\/2277"}],"up":[{"embeddable":true,"href":"https:\/\/www.factorenergia.com\/es\/wp-json\/wp\/v2\/pages\/1520"}],"wp:attachment":[{"href":"https:\/\/www.factorenergia.com\/es\/wp-json\/wp\/v2\/media?parent=1547"}],"wp:term":[{"taxonomy":"category","embeddable":true,"href":"https:\/\/www.factorenergia.com\/es\/wp-json\/wp\/v2\/categories?post=1547"},{"taxonomy":"post_tag","embeddable":true,"href":"https:\/\/www.factorenergia.com\/es\/wp-json\/wp\/v2\/tags?post=1547"}],"curies":[{"name":"wp","href":"https:\/\/api.w.org\/{rel}","templated":true}]}}