{"id":10696,"date":"2021-05-31T17:31:14","date_gmt":"2021-05-31T15:31:14","guid":{"rendered":"https:\/\/www.factorenergia.com\/es\/?page_id=10696"},"modified":"2025-08-04T09:35:44","modified_gmt":"2025-08-04T07:35:44","slug":"descuento-hasta-15kw","status":"publish","type":"page","link":"https:\/\/www.factorenergia.com\/es\/negocios\/descuento-hasta-15kw\/","title":{"rendered":"Descuento fijo hasta 15kW"},"content":{"rendered":"<p>Esta tarifa de luz est\u00e1 pensada negocios con potencias inferiores o iguales a 15 kW y no desean sorpresas ni sobresaltos. Paga siempre el mismo precio del kWh todo el a\u00f1o.<\/p>\n","protected":false},"excerpt":{"rendered":"<p>Esta tarifa de luz est\u00e1 pensada negocios con potencias inferiores o iguales a 15 kW y no desean sorpresas ni sobresaltos. Paga siempre el mismo precio del kWh todo el a\u00f1o.<\/p>\n","protected":false},"author":12,"featured_media":0,"parent":10685,"menu_order":0,"comment_status":"closed","ping_status":"closed","template":"templates\/tarifas.php","meta":{"inline_featured_image":false,"footnotes":""},"categories":[7],"tags":[],"acf":[],"yoast_head":"<!-- This site is optimized with the Yoast SEO plugin v22.2 - https:\/\/yoast.com\/wordpress\/plugins\/seo\/ -->\n<title>Tarifa el\u00e9ctrica fija para negocios +15\u202fkW con 27% de descuento | Factorenergia<\/title>\n<meta name=\"description\" content=\"Descubre la tarifa de luz fija para empresas con potencia superior a 15\u202fkW. Ahorra un 27% en energ\u00eda durante todo el a\u00f1o con precio estable, energ\u00eda verde certificada y gesti\u00f3n online sencilla en Factorenergia.\" \/>\n<meta name=\"robots\" content=\"index, follow, max-snippet:-1, max-image-preview:large, max-video-preview:-1\" \/>\n<link rel=\"canonical\" href=\"https:\/\/www.factorenergia.com\/es\/negocios\/descuento-hasta-15kw\/\" \/>\n<meta name=\"twitter:card\" content=\"summary_large_image\" \/>\n<meta name=\"twitter:title\" content=\"Tarifa el\u00e9ctrica fija para negocios +15\u202fkW con 27% de descuento | Factorenergia\" \/>\n<meta name=\"twitter:description\" content=\"Descubre la tarifa de luz fija para empresas con potencia superior a 15\u202fkW. Ahorra un 27% en energ\u00eda durante todo el a\u00f1o con precio estable, energ\u00eda verde certificada y gesti\u00f3n online sencilla en Factorenergia.\" \/>\n<meta name=\"twitter:site\" content=\"@factorenergia\" \/>\n<meta name=\"twitter:label1\" content=\"Tiempo de lectura\" \/>\n\t<meta name=\"twitter:data1\" content=\"1 minuto\" \/>\n<script type=\"application\/ld+json\" class=\"yoast-schema-graph\">{\"@context\":\"https:\/\/schema.org\",\"@graph\":[{\"@type\":\"WebPage\",\"@id\":\"https:\/\/www.factorenergia.com\/es\/negocios\/descuento-hasta-15kw\/\",\"url\":\"https:\/\/www.factorenergia.com\/es\/negocios\/descuento-hasta-15kw\/\",\"name\":\"Tarifa el\u00e9ctrica fija para negocios +15\u202fkW con 27% de descuento | Factorenergia\",\"isPartOf\":{\"@id\":\"https:\/\/www.factorenergia.com\/es\/#website\"},\"datePublished\":\"2021-05-31T15:31:14+00:00\",\"dateModified\":\"2025-08-04T07:35:44+00:00\",\"description\":\"Descubre la tarifa de luz fija para empresas con potencia superior a 15\u202fkW. Ahorra un 27% en energ\u00eda durante todo el a\u00f1o con precio estable, energ\u00eda verde certificada y gesti\u00f3n online sencilla en Factorenergia.\",\"breadcrumb\":{\"@id\":\"https:\/\/www.factorenergia.com\/es\/negocios\/descuento-hasta-15kw\/#breadcrumb\"},\"inLanguage\":\"es\",\"potentialAction\":[{\"@type\":\"ReadAction\",\"target\":[\"https:\/\/www.factorenergia.com\/es\/negocios\/descuento-hasta-15kw\/\"]}]},{\"@type\":\"BreadcrumbList\",\"@id\":\"https:\/\/www.factorenergia.com\/es\/negocios\/descuento-hasta-15kw\/#breadcrumb\",\"itemListElement\":[{\"@type\":\"ListItem\",\"position\":1,\"name\":\"Portada\",\"item\":\"https:\/\/www.factorenergia.com\/es\/\"},{\"@type\":\"ListItem\",\"position\":2,\"name\":\"Negocios\",\"item\":\"https:\/\/www.factorenergia.com\/es\/negocios\/\"},{\"@type\":\"ListItem\",\"position\":3,\"name\":\"Descuento fijo hasta 15kW\"}]},{\"@type\":\"WebSite\",\"@id\":\"https:\/\/www.factorenergia.com\/es\/#website\",\"url\":\"https:\/\/www.factorenergia.com\/es\/\",\"name\":\"factorenergia\",\"description\":\"Factor Energ\u00eda\",\"potentialAction\":[{\"@type\":\"SearchAction\",\"target\":{\"@type\":\"EntryPoint\",\"urlTemplate\":\"https:\/\/www.factorenergia.com\/es\/?s={search_term_string}\"},\"query-input\":\"required name=search_term_string\"}],\"inLanguage\":\"es\"}]}<\/script>\n<!-- \/ Yoast SEO plugin. -->","yoast_head_json":{"title":"Tarifa el\u00e9ctrica fija para negocios +15\u202fkW con 27% de descuento | Factorenergia","description":"Descubre la tarifa de luz fija para empresas con potencia superior a 15\u202fkW. Ahorra un 27% en energ\u00eda durante todo el a\u00f1o con precio estable, energ\u00eda verde certificada y gesti\u00f3n online sencilla en Factorenergia.","robots":{"index":"index","follow":"follow","max-snippet":"max-snippet:-1","max-image-preview":"max-image-preview:large","max-video-preview":"max-video-preview:-1"},"canonical":"https:\/\/www.factorenergia.com\/es\/negocios\/descuento-hasta-15kw\/","twitter_card":"summary_large_image","twitter_title":"Tarifa el\u00e9ctrica fija para negocios +15\u202fkW con 27% de descuento | Factorenergia","twitter_description":"Descubre la tarifa de luz fija para empresas con potencia superior a 15\u202fkW. Ahorra un 27% en energ\u00eda durante todo el a\u00f1o con precio estable, energ\u00eda verde certificada y gesti\u00f3n online sencilla en Factorenergia.","twitter_site":"@factorenergia","twitter_misc":{"Tiempo de lectura":"1 minuto"},"schema":{"@context":"https:\/\/schema.org","@graph":[{"@type":"WebPage","@id":"https:\/\/www.factorenergia.com\/es\/negocios\/descuento-hasta-15kw\/","url":"https:\/\/www.factorenergia.com\/es\/negocios\/descuento-hasta-15kw\/","name":"Tarifa el\u00e9ctrica fija para negocios +15\u202fkW con 27% de descuento | Factorenergia","isPartOf":{"@id":"https:\/\/www.factorenergia.com\/es\/#website"},"datePublished":"2021-05-31T15:31:14+00:00","dateModified":"2025-08-04T07:35:44+00:00","description":"Descubre la tarifa de luz fija para empresas con potencia superior a 15\u202fkW. Ahorra un 27% en energ\u00eda durante todo el a\u00f1o con precio estable, energ\u00eda verde certificada y gesti\u00f3n online sencilla en Factorenergia.","breadcrumb":{"@id":"https:\/\/www.factorenergia.com\/es\/negocios\/descuento-hasta-15kw\/#breadcrumb"},"inLanguage":"es","potentialAction":[{"@type":"ReadAction","target":["https:\/\/www.factorenergia.com\/es\/negocios\/descuento-hasta-15kw\/"]}]},{"@type":"BreadcrumbList","@id":"https:\/\/www.factorenergia.com\/es\/negocios\/descuento-hasta-15kw\/#breadcrumb","itemListElement":[{"@type":"ListItem","position":1,"name":"Portada","item":"https:\/\/www.factorenergia.com\/es\/"},{"@type":"ListItem","position":2,"name":"Negocios","item":"https:\/\/www.factorenergia.com\/es\/negocios\/"},{"@type":"ListItem","position":3,"name":"Descuento fijo hasta 15kW"}]},{"@type":"WebSite","@id":"https:\/\/www.factorenergia.com\/es\/#website","url":"https:\/\/www.factorenergia.com\/es\/","name":"factorenergia","description":"Factor Energ\u00eda","potentialAction":[{"@type":"SearchAction","target":{"@type":"EntryPoint","urlTemplate":"https:\/\/www.factorenergia.com\/es\/?s={search_term_string}"},"query-input":"required name=search_term_string"}],"inLanguage":"es"}]}},"_links":{"self":[{"href":"https:\/\/www.factorenergia.com\/es\/wp-json\/wp\/v2\/pages\/10696"}],"collection":[{"href":"https:\/\/www.factorenergia.com\/es\/wp-json\/wp\/v2\/pages"}],"about":[{"href":"https:\/\/www.factorenergia.com\/es\/wp-json\/wp\/v2\/types\/page"}],"author":[{"embeddable":true,"href":"https:\/\/www.factorenergia.com\/es\/wp-json\/wp\/v2\/users\/12"}],"replies":[{"embeddable":true,"href":"https:\/\/www.factorenergia.com\/es\/wp-json\/wp\/v2\/comments?post=10696"}],"version-history":[{"count":37,"href":"https:\/\/www.factorenergia.com\/es\/wp-json\/wp\/v2\/pages\/10696\/revisions"}],"predecessor-version":[{"id":16648,"href":"https:\/\/www.factorenergia.com\/es\/wp-json\/wp\/v2\/pages\/10696\/revisions\/16648"}],"up":[{"embeddable":true,"href":"https:\/\/www.factorenergia.com\/es\/wp-json\/wp\/v2\/pages\/10685"}],"wp:attachment":[{"href":"https:\/\/www.factorenergia.com\/es\/wp-json\/wp\/v2\/media?parent=10696"}],"wp:term":[{"taxonomy":"category","embeddable":true,"href":"https:\/\/www.factorenergia.com\/es\/wp-json\/wp\/v2\/categories?post=10696"},{"taxonomy":"post_tag","embeddable":true,"href":"https:\/\/www.factorenergia.com\/es\/wp-json\/wp\/v2\/tags?post=10696"}],"curies":[{"name":"wp","href":"https:\/\/api.w.org\/{rel}","templated":true}]}}