{"id":10685,"date":"2021-05-31T10:27:27","date_gmt":"2021-05-31T08:27:27","guid":{"rendered":"https:\/\/www.factorenergia.com\/es\/?page_id=10685"},"modified":"2025-08-26T15:22:48","modified_gmt":"2025-08-26T13:22:48","slug":"negocios","status":"publish","type":"page","link":"https:\/\/www.factorenergia.com\/es\/negocios\/","title":{"rendered":"Negocios"},"content":{"rendered":"<p>Somos la primera energ\u00e9tica espa\u00f1ola que ha acreditado su compromiso con la sostenibilidad, el medioambiente y el ahorro energ\u00e9tico con el cumplimiento de los ODS.<\/p>\n","protected":false},"excerpt":{"rendered":"<p>Somos la primera energ\u00e9tica espa\u00f1ola que ha acreditado su compromiso con la sostenibilidad, el medioambiente y el ahorro energ\u00e9tico con el cumplimiento de los ODS.<\/p>\n","protected":false},"author":12,"featured_media":0,"parent":0,"menu_order":0,"comment_status":"closed","ping_status":"closed","template":"templates\/conocenos.php","meta":{"inline_featured_image":false,"footnotes":""},"categories":[7],"tags":[],"acf":[],"yoast_head":"<!-- This site is optimized with the Yoast SEO plugin v22.2 - https:\/\/yoast.com\/wordpress\/plugins\/seo\/ -->\n<title>Tarifas El\u00e9ctricas para tu Negocio | factorenerg\u00eda<\/title>\n<meta name=\"description\" content=\"Ahorra electricidad en tu negocio con las tarifas de factorenerg\u00eda. Somos productores de energ\u00edas renovables y ofrecemos servicio a cogeneradores.\" \/>\n<meta name=\"robots\" content=\"noindex, follow\" \/>\n<meta name=\"twitter:card\" content=\"summary_large_image\" \/>\n<meta name=\"twitter:title\" content=\"Tarifas El\u00e9ctricas para tu Negocio | factorenerg\u00eda\" \/>\n<meta name=\"twitter:description\" content=\"Ahorra electricidad en tu negocio con las tarifas de factorenerg\u00eda. Somos productores de energ\u00edas renovables y ofrecemos servicio a cogeneradores.\" \/>\n<meta name=\"twitter:site\" content=\"@factorenergia\" \/>\n<meta name=\"twitter:label1\" content=\"Tiempo de lectura\" \/>\n\t<meta name=\"twitter:data1\" content=\"1 minuto\" \/>\n<script type=\"application\/ld+json\" class=\"yoast-schema-graph\">{\"@context\":\"https:\/\/schema.org\",\"@graph\":[{\"@type\":\"WebPage\",\"@id\":\"https:\/\/www.factorenergia.com\/es\/negocios\/\",\"url\":\"https:\/\/www.factorenergia.com\/es\/negocios\/\",\"name\":\"Tarifas El\u00e9ctricas para tu Negocio | factorenerg\u00eda\",\"isPartOf\":{\"@id\":\"https:\/\/www.factorenergia.com\/es\/#website\"},\"datePublished\":\"2021-05-31T08:27:27+00:00\",\"dateModified\":\"2025-08-26T13:22:48+00:00\",\"description\":\"Ahorra electricidad en tu negocio con las tarifas de factorenerg\u00eda. Somos productores de energ\u00edas renovables y ofrecemos servicio a cogeneradores.\",\"breadcrumb\":{\"@id\":\"https:\/\/www.factorenergia.com\/es\/negocios\/#breadcrumb\"},\"inLanguage\":\"es\",\"potentialAction\":[{\"@type\":\"ReadAction\",\"target\":[\"https:\/\/www.factorenergia.com\/es\/negocios\/\"]}]},{\"@type\":\"BreadcrumbList\",\"@id\":\"https:\/\/www.factorenergia.com\/es\/negocios\/#breadcrumb\",\"itemListElement\":[{\"@type\":\"ListItem\",\"position\":1,\"name\":\"Portada\",\"item\":\"https:\/\/www.factorenergia.com\/es\/\"},{\"@type\":\"ListItem\",\"position\":2,\"name\":\"Negocios\"}]},{\"@type\":\"WebSite\",\"@id\":\"https:\/\/www.factorenergia.com\/es\/#website\",\"url\":\"https:\/\/www.factorenergia.com\/es\/\",\"name\":\"factorenergia\",\"description\":\"Factor Energ\u00eda\",\"potentialAction\":[{\"@type\":\"SearchAction\",\"target\":{\"@type\":\"EntryPoint\",\"urlTemplate\":\"https:\/\/www.factorenergia.com\/es\/?s={search_term_string}\"},\"query-input\":\"required name=search_term_string\"}],\"inLanguage\":\"es\"}]}<\/script>\n<!-- \/ Yoast SEO plugin. -->","yoast_head_json":{"title":"Tarifas El\u00e9ctricas para tu Negocio | factorenerg\u00eda","description":"Ahorra electricidad en tu negocio con las tarifas de factorenerg\u00eda. Somos productores de energ\u00edas renovables y ofrecemos servicio a cogeneradores.","robots":{"index":"noindex","follow":"follow"},"twitter_card":"summary_large_image","twitter_title":"Tarifas El\u00e9ctricas para tu Negocio | factorenerg\u00eda","twitter_description":"Ahorra electricidad en tu negocio con las tarifas de factorenerg\u00eda. Somos productores de energ\u00edas renovables y ofrecemos servicio a cogeneradores.","twitter_site":"@factorenergia","twitter_misc":{"Tiempo de lectura":"1 minuto"},"schema":{"@context":"https:\/\/schema.org","@graph":[{"@type":"WebPage","@id":"https:\/\/www.factorenergia.com\/es\/negocios\/","url":"https:\/\/www.factorenergia.com\/es\/negocios\/","name":"Tarifas El\u00e9ctricas para tu Negocio | factorenerg\u00eda","isPartOf":{"@id":"https:\/\/www.factorenergia.com\/es\/#website"},"datePublished":"2021-05-31T08:27:27+00:00","dateModified":"2025-08-26T13:22:48+00:00","description":"Ahorra electricidad en tu negocio con las tarifas de factorenerg\u00eda. Somos productores de energ\u00edas renovables y ofrecemos servicio a cogeneradores.","breadcrumb":{"@id":"https:\/\/www.factorenergia.com\/es\/negocios\/#breadcrumb"},"inLanguage":"es","potentialAction":[{"@type":"ReadAction","target":["https:\/\/www.factorenergia.com\/es\/negocios\/"]}]},{"@type":"BreadcrumbList","@id":"https:\/\/www.factorenergia.com\/es\/negocios\/#breadcrumb","itemListElement":[{"@type":"ListItem","position":1,"name":"Portada","item":"https:\/\/www.factorenergia.com\/es\/"},{"@type":"ListItem","position":2,"name":"Negocios"}]},{"@type":"WebSite","@id":"https:\/\/www.factorenergia.com\/es\/#website","url":"https:\/\/www.factorenergia.com\/es\/","name":"factorenergia","description":"Factor Energ\u00eda","potentialAction":[{"@type":"SearchAction","target":{"@type":"EntryPoint","urlTemplate":"https:\/\/www.factorenergia.com\/es\/?s={search_term_string}"},"query-input":"required name=search_term_string"}],"inLanguage":"es"}]}},"_links":{"self":[{"href":"https:\/\/www.factorenergia.com\/es\/wp-json\/wp\/v2\/pages\/10685"}],"collection":[{"href":"https:\/\/www.factorenergia.com\/es\/wp-json\/wp\/v2\/pages"}],"about":[{"href":"https:\/\/www.factorenergia.com\/es\/wp-json\/wp\/v2\/types\/page"}],"author":[{"embeddable":true,"href":"https:\/\/www.factorenergia.com\/es\/wp-json\/wp\/v2\/users\/12"}],"replies":[{"embeddable":true,"href":"https:\/\/www.factorenergia.com\/es\/wp-json\/wp\/v2\/comments?post=10685"}],"version-history":[{"count":12,"href":"https:\/\/www.factorenergia.com\/es\/wp-json\/wp\/v2\/pages\/10685\/revisions"}],"predecessor-version":[{"id":30044,"href":"https:\/\/www.factorenergia.com\/es\/wp-json\/wp\/v2\/pages\/10685\/revisions\/30044"}],"wp:attachment":[{"href":"https:\/\/www.factorenergia.com\/es\/wp-json\/wp\/v2\/media?parent=10685"}],"wp:term":[{"taxonomy":"category","embeddable":true,"href":"https:\/\/www.factorenergia.com\/es\/wp-json\/wp\/v2\/categories?post=10685"},{"taxonomy":"post_tag","embeddable":true,"href":"https:\/\/www.factorenergia.com\/es\/wp-json\/wp\/v2\/tags?post=10685"}],"curies":[{"name":"wp","href":"https:\/\/api.w.org\/{rel}","templated":true}]}}