{"id":8840,"date":"2020-03-18T12:47:24","date_gmt":"2020-03-18T10:47:24","guid":{"rendered":"https:\/\/www.factorenergia.com\/ca\/?page_id=8840"},"modified":"2026-04-07T09:49:36","modified_gmt":"2026-04-07T07:49:36","slug":"homepage2","status":"publish","type":"page","link":"https:\/\/www.factorenergia.com\/ca\/","title":{"rendered":"Homepage2"},"content":{"rendered":"<p>M\u00e9s que una empresa d&#8217;electricitat: Som la primera energ\u00e8tica espanyola que ha acreditat el seu comprom\u00eds amb la sostenibilitat, el medi ambient i l&#8217;estalvi energ\u00e8tic amb el <strong>compliment dels ODS.<\/strong><\/p>\n","protected":false},"excerpt":{"rendered":"<p>M\u00e9s que una empresa d&#8217;electricitat: Som la primera energ\u00e8tica espanyola que ha acreditat el seu comprom\u00eds amb la sostenibilitat, el medi ambient i l&#8217;estalvi energ\u00e8tic amb el compliment dels ODS.<\/p>\n","protected":false},"author":5,"featured_media":0,"parent":0,"menu_order":0,"comment_status":"closed","ping_status":"closed","template":"templates\/home.php","meta":{"inline_featured_image":false,"footnotes":""},"categories":[12],"tags":[],"acf":[],"yoast_head":"<!-- This site is optimized with the Yoast SEO plugin v22.2 - https:\/\/yoast.com\/wordpress\/plugins\/seo\/ -->\n<title>Factorenergia: La teva companyia de Llum, Gas i Energia solar<\/title>\n<meta name=\"description\" content=\"Som la comercialitzadora el\u00e8ctrica per estalviar en la factura de llum a casa, empresa o negoci. Contractar llum i gas \u00e9s f\u00e0cil!\" \/>\n<meta name=\"robots\" content=\"index, follow, max-snippet:-1, max-image-preview:large, max-video-preview:-1\" \/>\n<link rel=\"canonical\" href=\"https:\/\/www.factorenergia.com\/ca\/\" \/>\n<meta name=\"twitter:card\" content=\"summary_large_image\" \/>\n<meta name=\"twitter:title\" content=\"factorenergia\" \/>\n<meta name=\"twitter:description\" content=\"factorenergia\" \/>\n<meta name=\"twitter:image\" content=\"https:\/\/www.factorenergia.com\/wp-content\/uploads\/2017\/09\/FACTORENERGIA-logo-CAT_full.jpg\" \/>\n<meta name=\"twitter:site\" content=\"@factorenergia\" \/>\n<meta name=\"twitter:label1\" content=\"Est. reading time\" \/>\n\t<meta name=\"twitter:data1\" content=\"1 minute\" \/>\n<script type=\"application\/ld+json\" class=\"yoast-schema-graph\">{\"@context\":\"https:\/\/schema.org\",\"@graph\":[{\"@type\":\"WebPage\",\"@id\":\"https:\/\/www.factorenergia.com\/ca\/\",\"url\":\"https:\/\/www.factorenergia.com\/ca\/\",\"name\":\"Factorenergia: La teva companyia de Llum, Gas i Energia solar\",\"isPartOf\":{\"@id\":\"https:\/\/www.factorenergia.com\/es\/#website\"},\"datePublished\":\"2020-03-18T10:47:24+00:00\",\"dateModified\":\"2026-04-07T07:49:36+00:00\",\"description\":\"Som la comercialitzadora el\u00e8ctrica per estalviar en la factura de llum a casa, empresa o negoci. Contractar llum i gas \u00e9s f\u00e0cil!\",\"breadcrumb\":{\"@id\":\"https:\/\/www.factorenergia.com\/ca\/#breadcrumb\"},\"inLanguage\":\"ca\",\"potentialAction\":[{\"@type\":\"ReadAction\",\"target\":[\"https:\/\/www.factorenergia.com\/ca\/\"]}]},{\"@type\":\"BreadcrumbList\",\"@id\":\"https:\/\/www.factorenergia.com\/ca\/#breadcrumb\",\"itemListElement\":[{\"@type\":\"ListItem\",\"position\":1,\"name\":\"Portada\",\"item\":\"https:\/\/www.factorenergia.com\/ca\/\"},{\"@type\":\"ListItem\",\"position\":2,\"name\":\"Homepage2\"}]},{\"@type\":\"WebSite\",\"@id\":\"https:\/\/www.factorenergia.com\/es\/#website\",\"url\":\"https:\/\/www.factorenergia.com\/es\/\",\"name\":\"factorenergia\",\"description\":\"factorenergia\",\"potentialAction\":[{\"@type\":\"SearchAction\",\"target\":{\"@type\":\"EntryPoint\",\"urlTemplate\":\"https:\/\/www.factorenergia.com\/es\/?s={search_term_string}\"},\"query-input\":\"required name=search_term_string\"}],\"inLanguage\":\"ca\"}]}<\/script>\n<!-- \/ Yoast SEO plugin. -->","yoast_head_json":{"title":"Factorenergia: La teva companyia de Llum, Gas i Energia solar","description":"Som la comercialitzadora el\u00e8ctrica per estalviar en la factura de llum a casa, empresa o negoci. Contractar llum i gas \u00e9s f\u00e0cil!","robots":{"index":"index","follow":"follow","max-snippet":"max-snippet:-1","max-image-preview":"max-image-preview:large","max-video-preview":"max-video-preview:-1"},"canonical":"https:\/\/www.factorenergia.com\/ca\/","twitter_card":"summary_large_image","twitter_title":"factorenergia","twitter_description":"factorenergia","twitter_image":"https:\/\/www.factorenergia.com\/wp-content\/uploads\/2017\/09\/FACTORENERGIA-logo-CAT_full.jpg","twitter_site":"@factorenergia","twitter_misc":{"Est. reading time":"1 minute"},"schema":{"@context":"https:\/\/schema.org","@graph":[{"@type":"WebPage","@id":"https:\/\/www.factorenergia.com\/ca\/","url":"https:\/\/www.factorenergia.com\/ca\/","name":"Factorenergia: La teva companyia de Llum, Gas i Energia solar","isPartOf":{"@id":"https:\/\/www.factorenergia.com\/es\/#website"},"datePublished":"2020-03-18T10:47:24+00:00","dateModified":"2026-04-07T07:49:36+00:00","description":"Som la comercialitzadora el\u00e8ctrica per estalviar en la factura de llum a casa, empresa o negoci. Contractar llum i gas \u00e9s f\u00e0cil!","breadcrumb":{"@id":"https:\/\/www.factorenergia.com\/ca\/#breadcrumb"},"inLanguage":"ca","potentialAction":[{"@type":"ReadAction","target":["https:\/\/www.factorenergia.com\/ca\/"]}]},{"@type":"BreadcrumbList","@id":"https:\/\/www.factorenergia.com\/ca\/#breadcrumb","itemListElement":[{"@type":"ListItem","position":1,"name":"Portada","item":"https:\/\/www.factorenergia.com\/ca\/"},{"@type":"ListItem","position":2,"name":"Homepage2"}]},{"@type":"WebSite","@id":"https:\/\/www.factorenergia.com\/es\/#website","url":"https:\/\/www.factorenergia.com\/es\/","name":"factorenergia","description":"factorenergia","potentialAction":[{"@type":"SearchAction","target":{"@type":"EntryPoint","urlTemplate":"https:\/\/www.factorenergia.com\/es\/?s={search_term_string}"},"query-input":"required name=search_term_string"}],"inLanguage":"ca"}]}},"_links":{"self":[{"href":"https:\/\/www.factorenergia.com\/ca\/wp-json\/wp\/v2\/pages\/8840"}],"collection":[{"href":"https:\/\/www.factorenergia.com\/ca\/wp-json\/wp\/v2\/pages"}],"about":[{"href":"https:\/\/www.factorenergia.com\/ca\/wp-json\/wp\/v2\/types\/page"}],"author":[{"embeddable":true,"href":"https:\/\/www.factorenergia.com\/ca\/wp-json\/wp\/v2\/users\/5"}],"replies":[{"embeddable":true,"href":"https:\/\/www.factorenergia.com\/ca\/wp-json\/wp\/v2\/comments?post=8840"}],"version-history":[{"count":177,"href":"https:\/\/www.factorenergia.com\/ca\/wp-json\/wp\/v2\/pages\/8840\/revisions"}],"predecessor-version":[{"id":31453,"href":"https:\/\/www.factorenergia.com\/ca\/wp-json\/wp\/v2\/pages\/8840\/revisions\/31453"}],"wp:attachment":[{"href":"https:\/\/www.factorenergia.com\/ca\/wp-json\/wp\/v2\/media?parent=8840"}],"wp:term":[{"taxonomy":"category","embeddable":true,"href":"https:\/\/www.factorenergia.com\/ca\/wp-json\/wp\/v2\/categories?post=8840"},{"taxonomy":"post_tag","embeddable":true,"href":"https:\/\/www.factorenergia.com\/ca\/wp-json\/wp\/v2\/tags?post=8840"}],"curies":[{"name":"wp","href":"https:\/\/api.w.org\/{rel}","templated":true}]}}