{"id":808,"date":"2015-09-02T10:09:46","date_gmt":"2015-09-02T10:09:46","guid":{"rendered":"http:\/\/newfactorenergia.wearebab.com\/ca\/negocios\/contacto\/"},"modified":"2024-03-06T14:24:31","modified_gmt":"2024-03-06T12:24:31","slug":"contacte","status":"publish","type":"page","link":"https:\/\/www.factorenergia.com\/ca\/negocis\/contacte\/","title":{"rendered":"Contacte"},"content":{"rendered":"<div class=\"page-description\">\n<p><span>En Factorenergia volem donar el millor servei als nostres clients i, \u00e9s per aix\u00f2, que ens adaptem a la manera que et sigui m\u00e9s c\u00f2mode per a contactar amb nosaltres. Sigui com sigui, sempre rebr\u00e0s una resposta a tot all\u00f2 que necessitis.<\/span><\/p>\n<\/div>\n","protected":false},"excerpt":{"rendered":"<p>En Factorenergia volem donar el millor servei als nostres clients i, \u00e9s per aix\u00f2, que ens adaptem a la manera que et sigui m\u00e9s c\u00f2mode per a contactar amb nosaltres. Sigui com sigui, sempre rebr\u00e0s una resposta a tot all\u00f2 que necessitis.<\/p>\n","protected":false},"author":5,"featured_media":0,"parent":10687,"menu_order":0,"comment_status":"closed","ping_status":"closed","template":"templates\/contacto-atc.php","meta":{"inline_featured_image":false,"footnotes":""},"categories":[14],"tags":[],"acf":[],"yoast_head":"<!-- This site is optimized with the Yoast SEO plugin v22.2 - https:\/\/yoast.com\/wordpress\/plugins\/seo\/ -->\n<title>factorenergia | Negocis | Tel\u00e8fon gratu\u00eft, formulari i email<\/title>\n<meta name=\"description\" content=\"Contacta amb factorenergia a trav\u00e9s del 900 649 028 (gratu\u00eft), formulari online o per email. Electricitat per a negocis al millor preu.\" \/>\n<meta name=\"robots\" content=\"noindex, follow\" \/>\n<meta name=\"twitter:card\" content=\"summary_large_image\" \/>\n<meta name=\"twitter:title\" content=\"factorenergia | Negocis | Tel\u00e8fon gratu\u00eft, formulari i email\" \/>\n<meta name=\"twitter:description\" content=\"Contacta amb factorenergia a trav\u00e9s del 900 649 028 (gratu\u00eft), formulari online o per email. Electricitat per a negocis al millor preu.\" \/>\n<meta name=\"twitter:site\" content=\"@factorenergia\" \/>\n<meta name=\"twitter:label1\" content=\"Est. reading time\" \/>\n\t<meta name=\"twitter:data1\" content=\"1 minute\" \/>\n<script type=\"application\/ld+json\" class=\"yoast-schema-graph\">{\"@context\":\"https:\/\/schema.org\",\"@graph\":[{\"@type\":\"WebPage\",\"@id\":\"https:\/\/www.factorenergia.com\/ca\/negocis\/contacte\/\",\"url\":\"https:\/\/www.factorenergia.com\/ca\/negocis\/contacte\/\",\"name\":\"factorenergia | Negocis | Tel\u00e8fon gratu\u00eft, formulari i email\",\"isPartOf\":{\"@id\":\"https:\/\/www.factorenergia.com\/es\/#website\"},\"datePublished\":\"2015-09-02T10:09:46+00:00\",\"dateModified\":\"2024-03-06T12:24:31+00:00\",\"description\":\"Contacta amb factorenergia a trav\u00e9s del 900 649 028 (gratu\u00eft), formulari online o per email. Electricitat per a negocis al millor preu.\",\"breadcrumb\":{\"@id\":\"https:\/\/www.factorenergia.com\/ca\/negocis\/contacte\/#breadcrumb\"},\"inLanguage\":\"ca\",\"potentialAction\":[{\"@type\":\"ReadAction\",\"target\":[\"https:\/\/www.factorenergia.com\/ca\/negocis\/contacte\/\"]}]},{\"@type\":\"BreadcrumbList\",\"@id\":\"https:\/\/www.factorenergia.com\/ca\/negocis\/contacte\/#breadcrumb\",\"itemListElement\":[{\"@type\":\"ListItem\",\"position\":1,\"name\":\"Portada\",\"item\":\"https:\/\/www.factorenergia.com\/ca\/\"},{\"@type\":\"ListItem\",\"position\":2,\"name\":\"Negocis\",\"item\":\"https:\/\/www.factorenergia.com\/ca\/negocis\/\"},{\"@type\":\"ListItem\",\"position\":3,\"name\":\"Contacte\"}]},{\"@type\":\"WebSite\",\"@id\":\"https:\/\/www.factorenergia.com\/es\/#website\",\"url\":\"https:\/\/www.factorenergia.com\/es\/\",\"name\":\"factorenergia\",\"description\":\"factorenergia\",\"potentialAction\":[{\"@type\":\"SearchAction\",\"target\":{\"@type\":\"EntryPoint\",\"urlTemplate\":\"https:\/\/www.factorenergia.com\/es\/?s={search_term_string}\"},\"query-input\":\"required name=search_term_string\"}],\"inLanguage\":\"ca\"}]}<\/script>\n<!-- \/ Yoast SEO plugin. -->","yoast_head_json":{"title":"factorenergia | Negocis | Tel\u00e8fon gratu\u00eft, formulari i email","description":"Contacta amb factorenergia a trav\u00e9s del 900 649 028 (gratu\u00eft), formulari online o per email. Electricitat per a negocis al millor preu.","robots":{"index":"noindex","follow":"follow"},"twitter_card":"summary_large_image","twitter_title":"factorenergia | Negocis | Tel\u00e8fon gratu\u00eft, formulari i email","twitter_description":"Contacta amb factorenergia a trav\u00e9s del 900 649 028 (gratu\u00eft), formulari online o per email. Electricitat per a negocis al millor preu.","twitter_site":"@factorenergia","twitter_misc":{"Est. reading time":"1 minute"},"schema":{"@context":"https:\/\/schema.org","@graph":[{"@type":"WebPage","@id":"https:\/\/www.factorenergia.com\/ca\/negocis\/contacte\/","url":"https:\/\/www.factorenergia.com\/ca\/negocis\/contacte\/","name":"factorenergia | Negocis | Tel\u00e8fon gratu\u00eft, formulari i email","isPartOf":{"@id":"https:\/\/www.factorenergia.com\/es\/#website"},"datePublished":"2015-09-02T10:09:46+00:00","dateModified":"2024-03-06T12:24:31+00:00","description":"Contacta amb factorenergia a trav\u00e9s del 900 649 028 (gratu\u00eft), formulari online o per email. Electricitat per a negocis al millor preu.","breadcrumb":{"@id":"https:\/\/www.factorenergia.com\/ca\/negocis\/contacte\/#breadcrumb"},"inLanguage":"ca","potentialAction":[{"@type":"ReadAction","target":["https:\/\/www.factorenergia.com\/ca\/negocis\/contacte\/"]}]},{"@type":"BreadcrumbList","@id":"https:\/\/www.factorenergia.com\/ca\/negocis\/contacte\/#breadcrumb","itemListElement":[{"@type":"ListItem","position":1,"name":"Portada","item":"https:\/\/www.factorenergia.com\/ca\/"},{"@type":"ListItem","position":2,"name":"Negocis","item":"https:\/\/www.factorenergia.com\/ca\/negocis\/"},{"@type":"ListItem","position":3,"name":"Contacte"}]},{"@type":"WebSite","@id":"https:\/\/www.factorenergia.com\/es\/#website","url":"https:\/\/www.factorenergia.com\/es\/","name":"factorenergia","description":"factorenergia","potentialAction":[{"@type":"SearchAction","target":{"@type":"EntryPoint","urlTemplate":"https:\/\/www.factorenergia.com\/es\/?s={search_term_string}"},"query-input":"required name=search_term_string"}],"inLanguage":"ca"}]}},"_links":{"self":[{"href":"https:\/\/www.factorenergia.com\/ca\/wp-json\/wp\/v2\/pages\/808"}],"collection":[{"href":"https:\/\/www.factorenergia.com\/ca\/wp-json\/wp\/v2\/pages"}],"about":[{"href":"https:\/\/www.factorenergia.com\/ca\/wp-json\/wp\/v2\/types\/page"}],"author":[{"embeddable":true,"href":"https:\/\/www.factorenergia.com\/ca\/wp-json\/wp\/v2\/users\/5"}],"replies":[{"embeddable":true,"href":"https:\/\/www.factorenergia.com\/ca\/wp-json\/wp\/v2\/comments?post=808"}],"version-history":[{"count":16,"href":"https:\/\/www.factorenergia.com\/ca\/wp-json\/wp\/v2\/pages\/808\/revisions"}],"predecessor-version":[{"id":23912,"href":"https:\/\/www.factorenergia.com\/ca\/wp-json\/wp\/v2\/pages\/808\/revisions\/23912"}],"up":[{"embeddable":true,"href":"https:\/\/www.factorenergia.com\/ca\/wp-json\/wp\/v2\/pages\/10687"}],"wp:attachment":[{"href":"https:\/\/www.factorenergia.com\/ca\/wp-json\/wp\/v2\/media?parent=808"}],"wp:term":[{"taxonomy":"category","embeddable":true,"href":"https:\/\/www.factorenergia.com\/ca\/wp-json\/wp\/v2\/categories?post=808"},{"taxonomy":"post_tag","embeddable":true,"href":"https:\/\/www.factorenergia.com\/ca\/wp-json\/wp\/v2\/tags?post=808"}],"curies":[{"name":"wp","href":"https:\/\/api.w.org\/{rel}","templated":true}]}}