{"id":805,"date":"2015-09-02T17:15:52","date_gmt":"2015-09-02T17:15:52","guid":{"rendered":"http:\/\/newfactorenergia.wearebab.com\/ca\/empresas\/servicios-a-cogeneradores\/"},"modified":"2023-01-12T17:06:32","modified_gmt":"2023-01-12T15:06:32","slug":"serveis-a-cogeneradors","status":"publish","type":"page","link":"https:\/\/www.factorenergia.com\/ca\/empreses\/serveis-a-cogeneradors\/","title":{"rendered":"Serveis a cogeneradors"},"content":{"rendered":"<p><strong>Factorenergia<\/strong> tamb\u00e9 representa instal\u00b7lacions de cogeneraci\u00f3 a trav\u00e9s de la seva filial, <a>Agent del Mercat El\u00e8ctric, S.A.<\/a> (\u201c<strong>AME<\/strong>\u201d), una empresa comercialitzadora pr\u00f2pia amb m\u00e9s de 12 anys d&#8217;experi\u00e8ncia.<\/p>\n<p>Els nostres serveis a cogeneradors passen <strong>pel subministrament, la representaci\u00f3 i l&#8217;assessorament<\/strong> a instal\u00b7lacions industrials i grans consumidors, amb productes innovadors en la compra d&#8217;energia i la representaci\u00f3 al mercat.<\/p>\n<p>Per assolir les m\u00e0ximes prestacions econ\u00f2miques de la instal\u00b7laci\u00f3 \u00e9s imprescindible una gesti\u00f3 adequada de la venda de l&#8217;energia el\u00e8ctrica generada per la planta (minimitzant el cost del desviament, anticipant-se a les tend\u00e8ncies del mercat per adoptar la modalitat de venda adequada en cada moment, etc.) .) juntament amb l&#8217;operativa de la instal\u00b7laci\u00f3 que s&#8217;adeq\u00fci a les circumst\u00e0ncies presents a cada instant (processos, legislaci\u00f3 vigent, etc.).<\/p>\n<p>AME ofereix un <strong>servei de representaci\u00f3 i de consultoria<\/strong> per assessorar el cogenerador en termes generals, amb una visi\u00f3 global dels mercats energ\u00e8tics i de la legislaci\u00f3 aplicable.<\/p>\n","protected":false},"excerpt":{"rendered":"<p>Factorenergia tamb\u00e9 representa instal\u00b7lacions de cogeneraci\u00f3 a trav\u00e9s de la seva filial, Agent del Mercat El\u00e8ctric, S.A. (\u201cAME\u201d), una empresa comercialitzadora pr\u00f2pia amb m\u00e9s de 12 anys d&#8217;experi\u00e8ncia. Els nostres serveis a cogeneradors passen pel subministrament, la representaci\u00f3 i l&#8217;assessorament a instal\u00b7lacions industrials i grans consumidors, amb productes innovadors en la compra d&#8217;energia i la [&hellip;]<\/p>\n","protected":false},"author":5,"featured_media":0,"parent":772,"menu_order":8,"comment_status":"closed","ping_status":"closed","template":"templates\/simple-page-with-sidebar.php","meta":{"inline_featured_image":false,"footnotes":""},"categories":[13],"tags":[],"acf":[],"yoast_head":"<!-- This site is optimized with the Yoast SEO plugin v22.2 - https:\/\/yoast.com\/wordpress\/plugins\/seo\/ -->\n<title>Serveis a Cogeneradors d&#039;Energia | Empreses -Factor Energia<\/title>\n<meta name=\"description\" content=\"Factorenergia d\u00f3na suport a empreses que produeixen energia amb cogeneradors mitjan\u00e7ant una comercialitzadora pr\u00f2pia amb 12 anys d&#039;experi\u00e8ncia.\" \/>\n<meta name=\"robots\" content=\"index, follow, max-snippet:-1, max-image-preview:large, max-video-preview:-1\" \/>\n<link rel=\"canonical\" href=\"https:\/\/www.factorenergia.com\/ca\/empreses\/serveis-a-cogeneradors\/\" \/>\n<meta name=\"twitter:card\" content=\"summary_large_image\" \/>\n<meta name=\"twitter:title\" content=\"Serveis a Cogeneradors d&#039;Energia | Empreses -Factor Energia\" \/>\n<meta name=\"twitter:description\" content=\"Factorenergia d\u00f3na suport a empreses que produeixen energia amb cogeneradors mitjan\u00e7ant una comercialitzadora pr\u00f2pia amb 12 anys d&#039;experi\u00e8ncia.\" \/>\n<meta name=\"twitter:site\" content=\"@factorenergia\" \/>\n<meta name=\"twitter:label1\" content=\"Est. reading time\" \/>\n\t<meta name=\"twitter:data1\" content=\"1 minute\" \/>\n<script type=\"application\/ld+json\" class=\"yoast-schema-graph\">{\"@context\":\"https:\/\/schema.org\",\"@graph\":[{\"@type\":\"WebPage\",\"@id\":\"https:\/\/www.factorenergia.com\/ca\/empreses\/serveis-a-cogeneradors\/\",\"url\":\"https:\/\/www.factorenergia.com\/ca\/empreses\/serveis-a-cogeneradors\/\",\"name\":\"Serveis a Cogeneradors d'Energia | Empreses -Factor Energia\",\"isPartOf\":{\"@id\":\"https:\/\/www.factorenergia.com\/es\/#website\"},\"datePublished\":\"2015-09-02T17:15:52+00:00\",\"dateModified\":\"2023-01-12T15:06:32+00:00\",\"description\":\"Factorenergia d\u00f3na suport a empreses que produeixen energia amb cogeneradors mitjan\u00e7ant una comercialitzadora pr\u00f2pia amb 12 anys d'experi\u00e8ncia.\",\"breadcrumb\":{\"@id\":\"https:\/\/www.factorenergia.com\/ca\/empreses\/serveis-a-cogeneradors\/#breadcrumb\"},\"inLanguage\":\"ca\",\"potentialAction\":[{\"@type\":\"ReadAction\",\"target\":[\"https:\/\/www.factorenergia.com\/ca\/empreses\/serveis-a-cogeneradors\/\"]}]},{\"@type\":\"BreadcrumbList\",\"@id\":\"https:\/\/www.factorenergia.com\/ca\/empreses\/serveis-a-cogeneradors\/#breadcrumb\",\"itemListElement\":[{\"@type\":\"ListItem\",\"position\":1,\"name\":\"Portada\",\"item\":\"https:\/\/www.factorenergia.com\/ca\/\"},{\"@type\":\"ListItem\",\"position\":2,\"name\":\"Empreses\",\"item\":\"https:\/\/www.factorenergia.com\/ca\/empreses\/\"},{\"@type\":\"ListItem\",\"position\":3,\"name\":\"Serveis a cogeneradors\"}]},{\"@type\":\"WebSite\",\"@id\":\"https:\/\/www.factorenergia.com\/es\/#website\",\"url\":\"https:\/\/www.factorenergia.com\/es\/\",\"name\":\"factorenergia\",\"description\":\"factorenergia\",\"potentialAction\":[{\"@type\":\"SearchAction\",\"target\":{\"@type\":\"EntryPoint\",\"urlTemplate\":\"https:\/\/www.factorenergia.com\/es\/?s={search_term_string}\"},\"query-input\":\"required name=search_term_string\"}],\"inLanguage\":\"ca\"}]}<\/script>\n<!-- \/ Yoast SEO plugin. -->","yoast_head_json":{"title":"Serveis a Cogeneradors d'Energia | Empreses -Factor Energia","description":"Factorenergia d\u00f3na suport a empreses que produeixen energia amb cogeneradors mitjan\u00e7ant una comercialitzadora pr\u00f2pia amb 12 anys d'experi\u00e8ncia.","robots":{"index":"index","follow":"follow","max-snippet":"max-snippet:-1","max-image-preview":"max-image-preview:large","max-video-preview":"max-video-preview:-1"},"canonical":"https:\/\/www.factorenergia.com\/ca\/empreses\/serveis-a-cogeneradors\/","twitter_card":"summary_large_image","twitter_title":"Serveis a Cogeneradors d'Energia | Empreses -Factor Energia","twitter_description":"Factorenergia d\u00f3na suport a empreses que produeixen energia amb cogeneradors mitjan\u00e7ant una comercialitzadora pr\u00f2pia amb 12 anys d'experi\u00e8ncia.","twitter_site":"@factorenergia","twitter_misc":{"Est. reading time":"1 minute"},"schema":{"@context":"https:\/\/schema.org","@graph":[{"@type":"WebPage","@id":"https:\/\/www.factorenergia.com\/ca\/empreses\/serveis-a-cogeneradors\/","url":"https:\/\/www.factorenergia.com\/ca\/empreses\/serveis-a-cogeneradors\/","name":"Serveis a Cogeneradors d'Energia | Empreses -Factor Energia","isPartOf":{"@id":"https:\/\/www.factorenergia.com\/es\/#website"},"datePublished":"2015-09-02T17:15:52+00:00","dateModified":"2023-01-12T15:06:32+00:00","description":"Factorenergia d\u00f3na suport a empreses que produeixen energia amb cogeneradors mitjan\u00e7ant una comercialitzadora pr\u00f2pia amb 12 anys d'experi\u00e8ncia.","breadcrumb":{"@id":"https:\/\/www.factorenergia.com\/ca\/empreses\/serveis-a-cogeneradors\/#breadcrumb"},"inLanguage":"ca","potentialAction":[{"@type":"ReadAction","target":["https:\/\/www.factorenergia.com\/ca\/empreses\/serveis-a-cogeneradors\/"]}]},{"@type":"BreadcrumbList","@id":"https:\/\/www.factorenergia.com\/ca\/empreses\/serveis-a-cogeneradors\/#breadcrumb","itemListElement":[{"@type":"ListItem","position":1,"name":"Portada","item":"https:\/\/www.factorenergia.com\/ca\/"},{"@type":"ListItem","position":2,"name":"Empreses","item":"https:\/\/www.factorenergia.com\/ca\/empreses\/"},{"@type":"ListItem","position":3,"name":"Serveis a cogeneradors"}]},{"@type":"WebSite","@id":"https:\/\/www.factorenergia.com\/es\/#website","url":"https:\/\/www.factorenergia.com\/es\/","name":"factorenergia","description":"factorenergia","potentialAction":[{"@type":"SearchAction","target":{"@type":"EntryPoint","urlTemplate":"https:\/\/www.factorenergia.com\/es\/?s={search_term_string}"},"query-input":"required name=search_term_string"}],"inLanguage":"ca"}]}},"_links":{"self":[{"href":"https:\/\/www.factorenergia.com\/ca\/wp-json\/wp\/v2\/pages\/805"}],"collection":[{"href":"https:\/\/www.factorenergia.com\/ca\/wp-json\/wp\/v2\/pages"}],"about":[{"href":"https:\/\/www.factorenergia.com\/ca\/wp-json\/wp\/v2\/types\/page"}],"author":[{"embeddable":true,"href":"https:\/\/www.factorenergia.com\/ca\/wp-json\/wp\/v2\/users\/5"}],"replies":[{"embeddable":true,"href":"https:\/\/www.factorenergia.com\/ca\/wp-json\/wp\/v2\/comments?post=805"}],"version-history":[{"count":19,"href":"https:\/\/www.factorenergia.com\/ca\/wp-json\/wp\/v2\/pages\/805\/revisions"}],"predecessor-version":[{"id":16948,"href":"https:\/\/www.factorenergia.com\/ca\/wp-json\/wp\/v2\/pages\/805\/revisions\/16948"}],"up":[{"embeddable":true,"href":"https:\/\/www.factorenergia.com\/ca\/wp-json\/wp\/v2\/pages\/772"}],"wp:attachment":[{"href":"https:\/\/www.factorenergia.com\/ca\/wp-json\/wp\/v2\/media?parent=805"}],"wp:term":[{"taxonomy":"category","embeddable":true,"href":"https:\/\/www.factorenergia.com\/ca\/wp-json\/wp\/v2\/categories?post=805"},{"taxonomy":"post_tag","embeddable":true,"href":"https:\/\/www.factorenergia.com\/ca\/wp-json\/wp\/v2\/tags?post=805"}],"curies":[{"name":"wp","href":"https:\/\/api.w.org\/{rel}","templated":true}]}}