{"id":802,"date":"2015-09-02T17:12:45","date_gmt":"2015-09-02T17:12:45","guid":{"rendered":"http:\/\/newfactorenergia.wearebab.com\/ca\/empresas\/productores-de-renovables\/"},"modified":"2023-01-09T18:45:54","modified_gmt":"2023-01-09T16:45:54","slug":"productors-de-renovables","status":"publish","type":"page","link":"https:\/\/www.factorenergia.com\/ca\/empreses\/productors-de-renovables\/","title":{"rendered":"Productors de renovables"},"content":{"rendered":"<p>Perqu\u00e8 <strong>creiem en una energia sostenible,<\/strong> a factorenergia portem m\u00e9s de 10 anys al costat dels productors renovables. Des d&#8217;instal\u00b7lacions minihidr\u00e0uliques, a parcs e\u00f2lics, centrals de biomassa, instal\u00b7lacions fotovoltaiques i solars termoel\u00e8ctriques.<\/p>\n<p>Per aix\u00f2 <strong>t&#8217;ajudem a vendre l&#8217;energia produ\u00efda<\/strong> al mercat el\u00e8ctric, segons el marc legal actual: Llei 24\/2013, Reial Decret 413\/2014 i autoconsum.<\/p>\n","protected":false},"excerpt":{"rendered":"<p>Perqu\u00e8 creiem en una energia sostenible, a factorenergia portem m\u00e9s de 10 anys al costat dels productors renovables. Des d&#8217;instal\u00b7lacions minihidr\u00e0uliques, a parcs e\u00f2lics, centrals de biomassa, instal\u00b7lacions fotovoltaiques i solars termoel\u00e8ctriques. Per aix\u00f2 t&#8217;ajudem a vendre l&#8217;energia produ\u00efda al mercat el\u00e8ctric, segons el marc legal actual: Llei 24\/2013, Reial Decret 413\/2014 i autoconsum.<\/p>\n","protected":false},"author":5,"featured_media":0,"parent":772,"menu_order":0,"comment_status":"closed","ping_status":"closed","template":"templates\/simple-page-with-sidebar.php","meta":{"inline_featured_image":false,"footnotes":""},"categories":[13],"tags":[],"acf":[],"yoast_head":"<!-- This site is optimized with the Yoast SEO plugin v22.2 - https:\/\/yoast.com\/wordpress\/plugins\/seo\/ -->\n<title>Productors d&#039;energies renovables | Empreses - factorenergia<\/title>\n<meta name=\"description\" content=\"Defensem la sostenibilitat energ\u00e8tica i estem al costat dels productors d&#039;energies renovables com a representants en la venda d&#039;electricitat.\" \/>\n<meta name=\"robots\" content=\"index, follow, max-snippet:-1, max-image-preview:large, max-video-preview:-1\" \/>\n<link rel=\"canonical\" href=\"https:\/\/www.factorenergia.com\/ca\/empreses\/productors-de-renovables\/\" \/>\n<meta name=\"twitter:card\" content=\"summary_large_image\" \/>\n<meta name=\"twitter:title\" content=\"Productors d&#039;energies renovables | Empreses - factorenergia\" \/>\n<meta name=\"twitter:description\" content=\"Defensem la sostenibilitat energ\u00e8tica i estem al costat dels productors d&#039;energies renovables com a representants en la venda d&#039;electricitat.\" \/>\n<meta name=\"twitter:site\" content=\"@factorenergia\" \/>\n<meta name=\"twitter:label1\" content=\"Est. reading time\" \/>\n\t<meta name=\"twitter:data1\" content=\"1 minute\" \/>\n<script type=\"application\/ld+json\" class=\"yoast-schema-graph\">{\"@context\":\"https:\/\/schema.org\",\"@graph\":[{\"@type\":\"WebPage\",\"@id\":\"https:\/\/www.factorenergia.com\/ca\/empreses\/productors-de-renovables\/\",\"url\":\"https:\/\/www.factorenergia.com\/ca\/empreses\/productors-de-renovables\/\",\"name\":\"Productors d'energies renovables | Empreses - factorenergia\",\"isPartOf\":{\"@id\":\"https:\/\/www.factorenergia.com\/es\/#website\"},\"datePublished\":\"2015-09-02T17:12:45+00:00\",\"dateModified\":\"2023-01-09T16:45:54+00:00\",\"description\":\"Defensem la sostenibilitat energ\u00e8tica i estem al costat dels productors d'energies renovables com a representants en la venda d'electricitat.\",\"breadcrumb\":{\"@id\":\"https:\/\/www.factorenergia.com\/ca\/empreses\/productors-de-renovables\/#breadcrumb\"},\"inLanguage\":\"ca\",\"potentialAction\":[{\"@type\":\"ReadAction\",\"target\":[\"https:\/\/www.factorenergia.com\/ca\/empreses\/productors-de-renovables\/\"]}]},{\"@type\":\"BreadcrumbList\",\"@id\":\"https:\/\/www.factorenergia.com\/ca\/empreses\/productors-de-renovables\/#breadcrumb\",\"itemListElement\":[{\"@type\":\"ListItem\",\"position\":1,\"name\":\"Portada\",\"item\":\"https:\/\/www.factorenergia.com\/ca\/\"},{\"@type\":\"ListItem\",\"position\":2,\"name\":\"Empreses\",\"item\":\"https:\/\/www.factorenergia.com\/ca\/empreses\/\"},{\"@type\":\"ListItem\",\"position\":3,\"name\":\"Productors de renovables\"}]},{\"@type\":\"WebSite\",\"@id\":\"https:\/\/www.factorenergia.com\/es\/#website\",\"url\":\"https:\/\/www.factorenergia.com\/es\/\",\"name\":\"factorenergia\",\"description\":\"factorenergia\",\"potentialAction\":[{\"@type\":\"SearchAction\",\"target\":{\"@type\":\"EntryPoint\",\"urlTemplate\":\"https:\/\/www.factorenergia.com\/es\/?s={search_term_string}\"},\"query-input\":\"required name=search_term_string\"}],\"inLanguage\":\"ca\"}]}<\/script>\n<!-- \/ Yoast SEO plugin. -->","yoast_head_json":{"title":"Productors d'energies renovables | Empreses - factorenergia","description":"Defensem la sostenibilitat energ\u00e8tica i estem al costat dels productors d'energies renovables com a representants en la venda d'electricitat.","robots":{"index":"index","follow":"follow","max-snippet":"max-snippet:-1","max-image-preview":"max-image-preview:large","max-video-preview":"max-video-preview:-1"},"canonical":"https:\/\/www.factorenergia.com\/ca\/empreses\/productors-de-renovables\/","twitter_card":"summary_large_image","twitter_title":"Productors d'energies renovables | Empreses - factorenergia","twitter_description":"Defensem la sostenibilitat energ\u00e8tica i estem al costat dels productors d'energies renovables com a representants en la venda d'electricitat.","twitter_site":"@factorenergia","twitter_misc":{"Est. reading time":"1 minute"},"schema":{"@context":"https:\/\/schema.org","@graph":[{"@type":"WebPage","@id":"https:\/\/www.factorenergia.com\/ca\/empreses\/productors-de-renovables\/","url":"https:\/\/www.factorenergia.com\/ca\/empreses\/productors-de-renovables\/","name":"Productors d'energies renovables | Empreses - factorenergia","isPartOf":{"@id":"https:\/\/www.factorenergia.com\/es\/#website"},"datePublished":"2015-09-02T17:12:45+00:00","dateModified":"2023-01-09T16:45:54+00:00","description":"Defensem la sostenibilitat energ\u00e8tica i estem al costat dels productors d'energies renovables com a representants en la venda d'electricitat.","breadcrumb":{"@id":"https:\/\/www.factorenergia.com\/ca\/empreses\/productors-de-renovables\/#breadcrumb"},"inLanguage":"ca","potentialAction":[{"@type":"ReadAction","target":["https:\/\/www.factorenergia.com\/ca\/empreses\/productors-de-renovables\/"]}]},{"@type":"BreadcrumbList","@id":"https:\/\/www.factorenergia.com\/ca\/empreses\/productors-de-renovables\/#breadcrumb","itemListElement":[{"@type":"ListItem","position":1,"name":"Portada","item":"https:\/\/www.factorenergia.com\/ca\/"},{"@type":"ListItem","position":2,"name":"Empreses","item":"https:\/\/www.factorenergia.com\/ca\/empreses\/"},{"@type":"ListItem","position":3,"name":"Productors de renovables"}]},{"@type":"WebSite","@id":"https:\/\/www.factorenergia.com\/es\/#website","url":"https:\/\/www.factorenergia.com\/es\/","name":"factorenergia","description":"factorenergia","potentialAction":[{"@type":"SearchAction","target":{"@type":"EntryPoint","urlTemplate":"https:\/\/www.factorenergia.com\/es\/?s={search_term_string}"},"query-input":"required name=search_term_string"}],"inLanguage":"ca"}]}},"_links":{"self":[{"href":"https:\/\/www.factorenergia.com\/ca\/wp-json\/wp\/v2\/pages\/802"}],"collection":[{"href":"https:\/\/www.factorenergia.com\/ca\/wp-json\/wp\/v2\/pages"}],"about":[{"href":"https:\/\/www.factorenergia.com\/ca\/wp-json\/wp\/v2\/types\/page"}],"author":[{"embeddable":true,"href":"https:\/\/www.factorenergia.com\/ca\/wp-json\/wp\/v2\/users\/5"}],"replies":[{"embeddable":true,"href":"https:\/\/www.factorenergia.com\/ca\/wp-json\/wp\/v2\/comments?post=802"}],"version-history":[{"count":16,"href":"https:\/\/www.factorenergia.com\/ca\/wp-json\/wp\/v2\/pages\/802\/revisions"}],"predecessor-version":[{"id":16913,"href":"https:\/\/www.factorenergia.com\/ca\/wp-json\/wp\/v2\/pages\/802\/revisions\/16913"}],"up":[{"embeddable":true,"href":"https:\/\/www.factorenergia.com\/ca\/wp-json\/wp\/v2\/pages\/772"}],"wp:attachment":[{"href":"https:\/\/www.factorenergia.com\/ca\/wp-json\/wp\/v2\/media?parent=802"}],"wp:term":[{"taxonomy":"category","embeddable":true,"href":"https:\/\/www.factorenergia.com\/ca\/wp-json\/wp\/v2\/categories?post=802"},{"taxonomy":"post_tag","embeddable":true,"href":"https:\/\/www.factorenergia.com\/ca\/wp-json\/wp\/v2\/tags?post=802"}],"curies":[{"name":"wp","href":"https:\/\/api.w.org\/{rel}","templated":true}]}}