{"id":787,"date":"2015-09-02T09:52:55","date_gmt":"2015-09-02T09:52:55","guid":{"rendered":"http:\/\/newfactorenergia.wearebab.com\/hogares\/conocenos\/?lang=ca"},"modified":"2025-08-26T15:21:51","modified_gmt":"2025-08-26T13:21:51","slug":"coneix-nos","status":"publish","type":"page","link":"https:\/\/www.factorenergia.com\/ca\/coneix-nos\/","title":{"rendered":"Coneix-nos"},"content":{"rendered":"<p>Som la primera energ\u00e8tica espanyola que ha acreditat el seu comprom\u00eds amb la sostenibilitat, el medi ambient i l&#8217;estalvi energ\u00e8tic amb el compliment dels ODS.<\/p>\n","protected":false},"excerpt":{"rendered":"<p>Som la primera energ\u00e8tica espanyola que ha acreditat el seu comprom\u00eds amb la sostenibilitat, el medi ambient i l&#8217;estalvi energ\u00e8tic amb el compliment dels ODS.<\/p>\n","protected":false},"author":5,"featured_media":0,"parent":0,"menu_order":0,"comment_status":"closed","ping_status":"closed","template":"templates\/conocenos.php","meta":{"inline_featured_image":false,"footnotes":""},"categories":[12],"tags":[],"acf":[],"yoast_head":"<!-- This site is optimized with the Yoast SEO plugin v22.2 - https:\/\/yoast.com\/wordpress\/plugins\/seo\/ -->\n<title>Canviar a una empresa de llum catalana | factorenergia<\/title>\n<meta name=\"description\" content=\"Avantatges de canviar d\u2019empresa el\u00e8ctrica i pasar a contractar factorenergia. Descobreix el manifest de factorenergia.\" \/>\n<meta name=\"robots\" content=\"noindex, follow\" \/>\n<meta name=\"twitter:card\" content=\"summary_large_image\" \/>\n<meta name=\"twitter:title\" content=\"Canviar a una empresa de llum catalana | factorenergia\" \/>\n<meta name=\"twitter:description\" content=\"Avantatges de canviar d\u2019empresa el\u00e8ctrica i pasar a contractar factorenergia. Descobreix el manifest de factorenergia.\" \/>\n<meta name=\"twitter:site\" content=\"@factorenergia\" \/>\n<meta name=\"twitter:label1\" content=\"Est. reading time\" \/>\n\t<meta name=\"twitter:data1\" content=\"1 minute\" \/>\n<script type=\"application\/ld+json\" class=\"yoast-schema-graph\">{\"@context\":\"https:\/\/schema.org\",\"@graph\":[{\"@type\":\"WebPage\",\"@id\":\"https:\/\/www.factorenergia.com\/ca\/coneix-nos\/\",\"url\":\"https:\/\/www.factorenergia.com\/ca\/coneix-nos\/\",\"name\":\"Canviar a una empresa de llum catalana | factorenergia\",\"isPartOf\":{\"@id\":\"https:\/\/www.factorenergia.com\/es\/#website\"},\"datePublished\":\"2015-09-02T09:52:55+00:00\",\"dateModified\":\"2025-08-26T13:21:51+00:00\",\"description\":\"Avantatges de canviar d\u2019empresa el\u00e8ctrica i pasar a contractar factorenergia. Descobreix el manifest de factorenergia.\",\"breadcrumb\":{\"@id\":\"https:\/\/www.factorenergia.com\/ca\/coneix-nos\/#breadcrumb\"},\"inLanguage\":\"ca\",\"potentialAction\":[{\"@type\":\"ReadAction\",\"target\":[\"https:\/\/www.factorenergia.com\/ca\/coneix-nos\/\"]}]},{\"@type\":\"BreadcrumbList\",\"@id\":\"https:\/\/www.factorenergia.com\/ca\/coneix-nos\/#breadcrumb\",\"itemListElement\":[{\"@type\":\"ListItem\",\"position\":1,\"name\":\"Portada\",\"item\":\"https:\/\/www.factorenergia.com\/ca\/\"},{\"@type\":\"ListItem\",\"position\":2,\"name\":\"Coneix-nos\"}]},{\"@type\":\"WebSite\",\"@id\":\"https:\/\/www.factorenergia.com\/es\/#website\",\"url\":\"https:\/\/www.factorenergia.com\/es\/\",\"name\":\"factorenergia\",\"description\":\"factorenergia\",\"potentialAction\":[{\"@type\":\"SearchAction\",\"target\":{\"@type\":\"EntryPoint\",\"urlTemplate\":\"https:\/\/www.factorenergia.com\/es\/?s={search_term_string}\"},\"query-input\":\"required name=search_term_string\"}],\"inLanguage\":\"ca\"}]}<\/script>\n<!-- \/ Yoast SEO plugin. -->","yoast_head_json":{"title":"Canviar a una empresa de llum catalana | factorenergia","description":"Avantatges de canviar d\u2019empresa el\u00e8ctrica i pasar a contractar factorenergia. Descobreix el manifest de factorenergia.","robots":{"index":"noindex","follow":"follow"},"twitter_card":"summary_large_image","twitter_title":"Canviar a una empresa de llum catalana | factorenergia","twitter_description":"Avantatges de canviar d\u2019empresa el\u00e8ctrica i pasar a contractar factorenergia. Descobreix el manifest de factorenergia.","twitter_site":"@factorenergia","twitter_misc":{"Est. reading time":"1 minute"},"schema":{"@context":"https:\/\/schema.org","@graph":[{"@type":"WebPage","@id":"https:\/\/www.factorenergia.com\/ca\/coneix-nos\/","url":"https:\/\/www.factorenergia.com\/ca\/coneix-nos\/","name":"Canviar a una empresa de llum catalana | factorenergia","isPartOf":{"@id":"https:\/\/www.factorenergia.com\/es\/#website"},"datePublished":"2015-09-02T09:52:55+00:00","dateModified":"2025-08-26T13:21:51+00:00","description":"Avantatges de canviar d\u2019empresa el\u00e8ctrica i pasar a contractar factorenergia. Descobreix el manifest de factorenergia.","breadcrumb":{"@id":"https:\/\/www.factorenergia.com\/ca\/coneix-nos\/#breadcrumb"},"inLanguage":"ca","potentialAction":[{"@type":"ReadAction","target":["https:\/\/www.factorenergia.com\/ca\/coneix-nos\/"]}]},{"@type":"BreadcrumbList","@id":"https:\/\/www.factorenergia.com\/ca\/coneix-nos\/#breadcrumb","itemListElement":[{"@type":"ListItem","position":1,"name":"Portada","item":"https:\/\/www.factorenergia.com\/ca\/"},{"@type":"ListItem","position":2,"name":"Coneix-nos"}]},{"@type":"WebSite","@id":"https:\/\/www.factorenergia.com\/es\/#website","url":"https:\/\/www.factorenergia.com\/es\/","name":"factorenergia","description":"factorenergia","potentialAction":[{"@type":"SearchAction","target":{"@type":"EntryPoint","urlTemplate":"https:\/\/www.factorenergia.com\/es\/?s={search_term_string}"},"query-input":"required name=search_term_string"}],"inLanguage":"ca"}]}},"_links":{"self":[{"href":"https:\/\/www.factorenergia.com\/ca\/wp-json\/wp\/v2\/pages\/787"}],"collection":[{"href":"https:\/\/www.factorenergia.com\/ca\/wp-json\/wp\/v2\/pages"}],"about":[{"href":"https:\/\/www.factorenergia.com\/ca\/wp-json\/wp\/v2\/types\/page"}],"author":[{"embeddable":true,"href":"https:\/\/www.factorenergia.com\/ca\/wp-json\/wp\/v2\/users\/5"}],"replies":[{"embeddable":true,"href":"https:\/\/www.factorenergia.com\/ca\/wp-json\/wp\/v2\/comments?post=787"}],"version-history":[{"count":11,"href":"https:\/\/www.factorenergia.com\/ca\/wp-json\/wp\/v2\/pages\/787\/revisions"}],"predecessor-version":[{"id":30017,"href":"https:\/\/www.factorenergia.com\/ca\/wp-json\/wp\/v2\/pages\/787\/revisions\/30017"}],"wp:attachment":[{"href":"https:\/\/www.factorenergia.com\/ca\/wp-json\/wp\/v2\/media?parent=787"}],"wp:term":[{"taxonomy":"category","embeddable":true,"href":"https:\/\/www.factorenergia.com\/ca\/wp-json\/wp\/v2\/categories?post=787"},{"taxonomy":"post_tag","embeddable":true,"href":"https:\/\/www.factorenergia.com\/ca\/wp-json\/wp\/v2\/tags?post=787"}],"curies":[{"name":"wp","href":"https:\/\/api.w.org\/{rel}","templated":true}]}}