{"id":778,"date":"2015-09-02T18:19:18","date_gmt":"2015-09-02T18:19:18","guid":{"rendered":"http:\/\/newfactorenergia.wearebab.com\/ca\/politica-de-cookies\/"},"modified":"2025-10-07T13:57:11","modified_gmt":"2025-10-07T11:57:11","slug":"politica-de-cookies","status":"publish","type":"page","link":"https:\/\/www.factorenergia.com\/ca\/politica-de-cookies\/","title":{"rendered":"Pol\u00edtica de cookies"},"content":{"rendered":"<p>Una <i>cookie<\/i> \u00e9s un petit arxiu de text que s&#8217;emmagatzema en el seu navegador quan visita gaireb\u00e9 qualsevol p\u00e0gina web. La seva utilitat \u00e9s que la web sigui capa\u00e7 de recordar la seva visita quan torni a navegar per aquesta p\u00e0gina. Les <i>cookies<\/i> emmagatzemen i recuperen informaci\u00f3 sobre la navegaci\u00f3 de car\u00e0cter t\u00e8cnic, prefer\u00e8ncies personals, estad\u00edstiques d&#8217;\u00fas, enlla\u00e7os a xarxes socials, acc\u00e9s a comptes d&#8217;usuari, etc.<\/p>\n<p>L&#8217;objectiu de la <i>cookie<\/i> \u00e9s adaptar el contingut de la web al seu perfil y necessitats, per millorar i optimizar la seva experi\u00e8ncia. Les <i>cookies<\/i> no s\u00f3n elements nocius, s&#8217;associen \u00fanicament a un usuari an\u00f2nim i el seu ordinador\/dispositiu i no proporcionen refer\u00e8ncies que permitin con\u00e8ixer dades personals.<\/p>\n<p>En tot moment podr\u00e0 accedir a la configuraci\u00f3 del seu navegador per modificar i\/o bloquejar la instal\u00b7laci\u00f3 de les <i>cookies<\/i> enviades per la web. No obstant aix\u00f2, la qualitat del funcionament dels serveis pot veure&#8217;s afectada.<\/p>\n<p>&nbsp;<\/p>\n<h2><strong>Tipus de cookies i la seva utilitat<\/strong><\/h2>\n<p>Des d&#8217;un punt de vista t\u00e8cnic, les <i>cookies<\/i> permeten que els llocs web funcionin de forma m\u00e9s \u00e0gil i adaptada a les prefer\u00e8ncies dels usuaris, per exemple emmagatzemant l&#8217;idioma, la moneda del pa\u00eds o detectant el dispositiu d&#8217;acc\u00e9s. Tamb\u00e9 estableixen nivells de protecci\u00f3 i seguretat que impedeixen o dificulten ciberatacs contra el lloc web o els seus usuaris.<\/p>\n<p>Les <em>cookies d&#8217;an\u00e0lisis<\/em> permeten realitzar el mesurament i l&#8217;an\u00e0lisi estad\u00edstica de la utilitzaci\u00f3 que fan els usuaris del servei ofert. Per a aix\u00f2 s&#8217;analitza la seva navegaci\u00f3 a la p\u00e0gina web amb la finalitat de millorar la qualitat i experi\u00e8ncia de la visita.<\/p>\n<p>Les <em>cookies publicit\u00e0ries<\/em> permeten la gesti\u00f3 dels espais publicitaris de la p\u00e0gina web, amb la finalitat d&#8217;optimitzar la publicitat mostrada als usuaris.<\/p>\n<p>Les <i>cookies<\/i> poden ser de sessi\u00f3 (dissenyades per recaptar i emmagatzemar dades mentre l&#8217;usuari accedeix a una p\u00e0gina web) o persistents (les dades segueixen emmagatzemats en el terminal i poden ser accedits i tractats durant un per\u00edode definit <i>cookie<\/i>).<\/p>\n<h2><strong>Cookies utilitzades en aquest lloc web<\/strong><\/h2>\n<p>Seguint les directrius de l&#8217;Ag\u00e8ncia Espanyola de Protecci\u00f3 de Dades a continuaci\u00f3 es detalla l&#8217;\u00fas de <i>cookies<\/i> que fa aquesta web amb la finalitat d&#8217;informar-lo amb la m\u00e0xima exactitud possible.<\/p>\n<p><em>Cookies pr\u00f2pies:<\/em> aquelles que s&#8217;envien a l&#8217;equip terminal de l&#8217;usuari des d&#8217;un equip o domini gestionat pel propi editor.<\/p>\n<div style=\"display: none !Important;\">\n<table class=\"cookies_table\" border=\"0\" cellpadding=\"0\" cellspacing=\"0\" width=\"800\">\n<tbody>\n<tr>\n<td valign=\"top\" width=\"149\"><strong>Tipus de cookie<\/strong><\/td>\n<td valign=\"top\" width=\"152\"><strong>Finalitat de la Cookie<\/strong><\/td>\n<td valign=\"top\" width=\"192\"><strong>Descripci\u00f3<\/strong><\/td>\n<\/tr>\n<tr>\n<td valign=\"top\" width=\"149\">Prefer\u00e8ncies<\/td>\n<td valign=\"top\" width=\"152\">Acceptaci\u00f3 de la pol\u00edtica de <i>cookies<\/i> en el lloc<strong><br \/>\n<\/strong><\/td>\n<td valign=\"top\" width=\"192\">Permet recon\u00e8ixer a l&#8217;usuari per emmagatzemar i recordar les seves prefer\u00e8ncies sobre <i>cookies<\/i><strong><br \/>\n<\/strong><\/td>\n<\/tr>\n<\/tbody>\n<\/table>\n<p>&nbsp;<\/p>\n<p><em>Cookies de tercers:<\/em> aquelles que s&#8217;envien a l&#8217;equip terminal de l&#8217;usuari des d&#8217;un equip o domini que no \u00e9s gestionat per l&#8217;editor, sin\u00f3 per una altra entitat que tracta les dades obtingudes a trav\u00e9s de les <i>cookies<\/i>.<\/p>\n<table class=\"cookies_table\" border=\"0\" cellpadding=\"0\" cellspacing=\"0\" width=\"800\">\n<tbody>\n<tr>\n<td valign=\"top\" width=\"140\"><strong>Nom de la galeta<\/strong><\/td>\n<td valign=\"top\" width=\"140\"><strong>Nom del prove\u00efdor<\/strong><\/td>\n<td valign=\"top\" width=\"142\"><strong>Finalitat de la Cookie<\/strong><\/td>\n<td valign=\"top\" width=\"180\"><strong>Descripci\u00f3<\/strong><\/td>\n<\/tr>\n<tr>\n<td valign=\"top\" width=\"140\">__atuvs<\/td>\n<td valign=\"top\" width=\"140\">AddThis<\/td>\n<td valign=\"top\" width=\"142\">Funcional<\/td>\n<td valign=\"top\" width=\"180\">Emmagatzemar les accions realitzades al lloc web.<\/td>\n<\/tr>\n<tr>\n<td valign=\"top\" width=\"140\">_ga<\/td>\n<td valign=\"top\" width=\"140\">Google Analytics<\/td>\n<td valign=\"top\" width=\"142\">Estadistica<\/td>\n<td valign=\"top\" width=\"180\">Per emmagatzemar i comptar p\u00e0gines vistes.<\/td>\n<\/tr>\n<tr>\n<td valign=\"top\" width=\"140\">_gid<\/td>\n<td valign=\"top\" width=\"140\">Google Analytics<\/td>\n<td valign=\"top\" width=\"142\">Estadistica<\/td>\n<td valign=\"top\" width=\"180\">Per emmagatzemar i comptar p\u00e0gines vistes.<\/td>\n<\/tr>\n<tr>\n<td valign=\"top\" width=\"140\">_hjSessionUser_*<\/td>\n<td valign=\"top\" width=\"140\">Hotjar<\/td>\n<td valign=\"top\" width=\"142\">Estadistica<\/td>\n<td valign=\"top\" width=\"180\">Per emmagatzemar una identificaci\u00f3 dusuari \u00fanica.<\/td>\n<\/tr>\n<tr>\n<td valign=\"top\" width=\"140\">cookielawinfo-checkbox-*<\/td>\n<td valign=\"top\" width=\"140\"><\/td>\n<td valign=\"top\" width=\"142\">Desconeguda<\/td>\n<td valign=\"top\" width=\"180\">Desconeguda<\/td>\n<\/tr>\n<tr>\n<td valign=\"top\" width=\"140\">__atuvc<\/td>\n<td valign=\"top\" width=\"140\">AddThis<\/td>\n<td valign=\"top\" width=\"142\">Funcional<\/td>\n<td valign=\"top\" width=\"180\">Per emmagatzemar les accions realitzades al lloc web.<\/td>\n<\/tr>\n<tr>\n<td valign=\"top\" width=\"140\">_fbp<\/td>\n<td valign=\"top\" width=\"140\">Facebook<\/td>\n<td valign=\"top\" width=\"142\">Marketing\/Rastreig<\/td>\n<td valign=\"top\" width=\"180\">Per emmagatzemar i rastrejar visites a trav\u00e9s de llocs web.<\/td>\n<\/tr>\n<tr>\n<td valign=\"top\" width=\"140\">_ga_*<\/td>\n<td valign=\"top\" width=\"140\">Google Analytics<\/td>\n<td valign=\"top\" width=\"142\">Estadistica<\/td>\n<td valign=\"top\" width=\"180\">Per emmagatzemar i comptar p\u00e0gines vistes.<\/td>\n<\/tr>\n<tr>\n<td valign=\"top\" width=\"140\">_gcl_au<\/td>\n<td valign=\"top\" width=\"140\">Google Adsense<\/td>\n<td valign=\"top\" width=\"142\">Marketing\/Rastreig<\/td>\n<td valign=\"top\" width=\"180\">Per emmagatzemar i fer un seguiment de les conversions.<\/td>\n<\/tr>\n<tr>\n<td valign=\"top\" width=\"140\">_hjAbsoluteSessionInProgress<\/td>\n<td valign=\"top\" width=\"140\">Hotjar<\/td>\n<td valign=\"top\" width=\"142\">Estadistica<\/td>\n<td valign=\"top\" width=\"180\">Per emmagatzemar visites \u00faniques.<\/td>\n<\/tr>\n<tr>\n<td valign=\"top\" width=\"140\">_hjFirstSeen<\/td>\n<td valign=\"top\" width=\"140\">Hotjar<\/td>\n<td valign=\"top\" width=\"142\">Estadistica<\/td>\n<td valign=\"top\" width=\"180\">Per emmagatzemar la primera visita al lloc.<\/td>\n<\/tr>\n<tr>\n<td valign=\"top\" width=\"140\">_hjIncludedInSessionSample<\/td>\n<td valign=\"top\" width=\"140\">Hotjar<\/td>\n<td valign=\"top\" width=\"142\">Estadistica<\/td>\n<td valign=\"top\" width=\"180\">Funcionalitat desconeguda<\/td>\n<\/tr>\n<tr>\n<td valign=\"top\" width=\"140\">_hjSession_*<\/td>\n<td valign=\"top\" width=\"140\">Hotjar<\/td>\n<td valign=\"top\" width=\"142\">Funcional<\/td>\n<td valign=\"top\" width=\"180\">Per proporcionar funcions a trav\u00e9s de les p\u00e0gines.<\/td>\n<\/tr>\n<tr>\n<td valign=\"top\" width=\"140\">_icl_current_language<\/td>\n<td valign=\"top\" width=\"140\">WPML<\/td>\n<td valign=\"top\" width=\"142\">Funcional<\/td>\n<td valign=\"top\" width=\"180\">Per emmagatzemar la configuraci\u00f3 d&#8217;idioma.<\/td>\n<\/tr>\n<tr>\n<td valign=\"top\" width=\"140\">intercom-id-tmnif2gr<\/td>\n<td valign=\"top\" width=\"140\">Intercom Messenger<\/td>\n<td valign=\"top\" width=\"142\">Funcional<\/td>\n<td valign=\"top\" width=\"180\">Funcionalitat desconeguda<\/td>\n<\/tr>\n<tr>\n<td valign=\"top\" width=\"140\">intercom-session-tmnif2gr<\/td>\n<td valign=\"top\" width=\"140\">Intercom Messenger<\/td>\n<td valign=\"top\" width=\"142\">Funcional<\/td>\n<td valign=\"top\" width=\"180\">Funcionalitat desconeguda<\/td>\n<\/tr>\n<\/tbody>\n<\/table>\n<\/div>\n<div class=\"cky-audit-table-element\"><\/div>\n<p>&nbsp;<\/p>\n<h2><strong>Configurar les prefer\u00e8ncies de cookies<\/strong><\/h2>\n<p>Pots consultar i configurar les cookies des del Panell <a class=\"cky-banner-element\"> de configuraci\u00f3<\/a><\/p>\n<h2><strong>Desactivaci\u00f3 o eliminaci\u00f3 de cookies<\/strong><\/h2>\n<p>En qualsevol moment podr\u00e0 exercitar el seu dret a la desactivaci\u00f3 o eliminaci\u00f3 de cookies d\u2019aquest Lloc Web. Aquestes accions es realitzen de forma diferent en funci\u00f3 del navegador que faci servir.<\/p>\n<p>Chrome:\u00a0<a href=\"http:\/\/support.google.com\/chrome\/bin\/answer.py?hl=es&amp;answer=95647\" target=\"_blank\" rel=\"noopener\"><b>http:\/\/support.google.com\/chrome\/bin\/answer.py?hl=es&amp;answer=95647<\/b><\/a><br \/>\nExplorer: <a href=\"http:\/\/windows.microsoft.com\/es-es\/windows7\/how-to-manage-cookies-in-internet-explorer-9\" target=\"_blank\" rel=\"noopener\"><b>http:\/\/windows.microsoft.com\/es-es\/windows7\/how-to-manage-cookies-in-internet-explorer-9<\/b><\/a><br \/>\nFirefox:\u00a0<a href=\"http:\/\/support.mozilla.org\/es\/kb\/habilitar-y-deshabilitar-cookies-que-los-sitios-we\" target=\"_blank\" rel=\"noopener\"><b>http:\/\/support.mozilla.org\/es\/kb\/habilitar-y-deshabilitar-cookies-que-los-sitios-we<\/b><\/a><br \/>\nSafari: <a href=\"http:\/\/support.apple.com\/kb\/ph5042\" target=\"_blank\" rel=\"noopener\"><b>http:\/\/support.apple.com\/kb\/ph5042<\/b><\/a><\/p>\n<h2><strong>Notes addicionals<\/strong><\/h2>\n<ul>\n<li>Ni aquesta web ni els seus representants legals es fan responsables del contingut ni la veracitat de les pol\u00edtiques de privacitat que puguin tenir els tercers mencionats en aquesta pol\u00edtica de <i>cookies<\/i>.<\/li>\n<li>Els navegadors web s\u00f3n les eines encarregades d&#8217;emmagatzemar les <i>cookies<\/i> i des d&#8217;aquest Lloc Web s&#8217;ha d&#8217;efectuar el seu dret a l&#8217;eliminaci\u00f3 o desactivaci\u00f3 de les mateixes. Ni aquest Lloc Web ni els seus representats legals poden garantir la correcta o incorrecta manipulaci\u00f3 de les <i>cookies<\/i> per part dels navegadors mencionats.<\/li>\n<li>En alguns casos, \u00e9s necessari instal\u00b7lar <i>cookies<\/i> perqu\u00e8 el navegador no oblidi la seva decisi\u00f3 d&#8217;acceptaci\u00f3 de les mateixes.<\/li>\n<\/ul>\n<p data-start=\"0\" data-end=\"279\">L\u2019usuari pot consultar les pol\u00edtiques de protecci\u00f3 de dades i de galetes d\u2019aquests tercers, aix\u00ed com, si escau, la informaci\u00f3 sobre les transfer\u00e8ncies a tercers pa\u00efsos que puguin dur a terme els tercers, mitjan\u00e7ant els enlla\u00e7os a les seves p\u00e0gines web detallades a continuaci\u00f3.<\/p>\n<p data-start=\"281\" data-end=\"327\" data-is-last-node=\"\" data-is-only-node=\"\">Google<br data-start=\"287\" data-end=\"290\" \/><a href=\"https:\/\/business.safety.google\/privacy\/\">Responsabilitat de dades empresarials<\/a><\/p>\n","protected":false},"excerpt":{"rendered":"<p>Una cookie \u00e9s un petit arxiu de text que s&#8217;emmagatzema en el seu navegador quan visita gaireb\u00e9 qualsevol p\u00e0gina web. La seva utilitat \u00e9s que la web sigui capa\u00e7 de recordar la seva visita quan torni a navegar per aquesta p\u00e0gina. Les cookies emmagatzemen i recuperen informaci\u00f3 sobre la navegaci\u00f3 de car\u00e0cter t\u00e8cnic, prefer\u00e8ncies personals, [&hellip;]<\/p>\n","protected":false},"author":5,"featured_media":0,"parent":0,"menu_order":0,"comment_status":"closed","ping_status":"closed","template":"templates\/simple-page.php","meta":{"inline_featured_image":false,"footnotes":""},"categories":[12],"tags":[],"acf":[],"yoast_head":"<!-- This site is optimized with the Yoast SEO plugin v22.2 - https:\/\/yoast.com\/wordpress\/plugins\/seo\/ -->\n<title>Pol\u00edtica de cookies | factorenergia<\/title>\n<meta name=\"robots\" content=\"noindex, follow\" \/>\n<meta name=\"twitter:card\" content=\"summary_large_image\" \/>\n<meta name=\"twitter:title\" content=\"Pol\u00edtica de cookies | factorenergia\" \/>\n<meta name=\"twitter:site\" content=\"@factorenergia\" \/>\n<meta name=\"twitter:label1\" content=\"Est. reading time\" \/>\n\t<meta name=\"twitter:data1\" content=\"4 minutes\" \/>\n<script type=\"application\/ld+json\" class=\"yoast-schema-graph\">{\"@context\":\"https:\/\/schema.org\",\"@graph\":[{\"@type\":\"WebPage\",\"@id\":\"https:\/\/www.factorenergia.com\/ca\/politica-de-cookies\/\",\"url\":\"https:\/\/www.factorenergia.com\/ca\/politica-de-cookies\/\",\"name\":\"Pol\u00edtica de cookies | factorenergia\",\"isPartOf\":{\"@id\":\"https:\/\/www.factorenergia.com\/es\/#website\"},\"datePublished\":\"2015-09-02T18:19:18+00:00\",\"dateModified\":\"2025-10-07T11:57:11+00:00\",\"breadcrumb\":{\"@id\":\"https:\/\/www.factorenergia.com\/ca\/politica-de-cookies\/#breadcrumb\"},\"inLanguage\":\"ca\",\"potentialAction\":[{\"@type\":\"ReadAction\",\"target\":[\"https:\/\/www.factorenergia.com\/ca\/politica-de-cookies\/\"]}]},{\"@type\":\"BreadcrumbList\",\"@id\":\"https:\/\/www.factorenergia.com\/ca\/politica-de-cookies\/#breadcrumb\",\"itemListElement\":[{\"@type\":\"ListItem\",\"position\":1,\"name\":\"Portada\",\"item\":\"https:\/\/www.factorenergia.com\/ca\/\"},{\"@type\":\"ListItem\",\"position\":2,\"name\":\"Pol\u00edtica de cookies\"}]},{\"@type\":\"WebSite\",\"@id\":\"https:\/\/www.factorenergia.com\/es\/#website\",\"url\":\"https:\/\/www.factorenergia.com\/es\/\",\"name\":\"factorenergia\",\"description\":\"factorenergia\",\"potentialAction\":[{\"@type\":\"SearchAction\",\"target\":{\"@type\":\"EntryPoint\",\"urlTemplate\":\"https:\/\/www.factorenergia.com\/es\/?s={search_term_string}\"},\"query-input\":\"required name=search_term_string\"}],\"inLanguage\":\"ca\"}]}<\/script>\n<!-- \/ Yoast SEO plugin. -->","yoast_head_json":{"title":"Pol\u00edtica de cookies | factorenergia","robots":{"index":"noindex","follow":"follow"},"twitter_card":"summary_large_image","twitter_title":"Pol\u00edtica de cookies | factorenergia","twitter_site":"@factorenergia","twitter_misc":{"Est. reading time":"4 minutes"},"schema":{"@context":"https:\/\/schema.org","@graph":[{"@type":"WebPage","@id":"https:\/\/www.factorenergia.com\/ca\/politica-de-cookies\/","url":"https:\/\/www.factorenergia.com\/ca\/politica-de-cookies\/","name":"Pol\u00edtica de cookies | factorenergia","isPartOf":{"@id":"https:\/\/www.factorenergia.com\/es\/#website"},"datePublished":"2015-09-02T18:19:18+00:00","dateModified":"2025-10-07T11:57:11+00:00","breadcrumb":{"@id":"https:\/\/www.factorenergia.com\/ca\/politica-de-cookies\/#breadcrumb"},"inLanguage":"ca","potentialAction":[{"@type":"ReadAction","target":["https:\/\/www.factorenergia.com\/ca\/politica-de-cookies\/"]}]},{"@type":"BreadcrumbList","@id":"https:\/\/www.factorenergia.com\/ca\/politica-de-cookies\/#breadcrumb","itemListElement":[{"@type":"ListItem","position":1,"name":"Portada","item":"https:\/\/www.factorenergia.com\/ca\/"},{"@type":"ListItem","position":2,"name":"Pol\u00edtica de cookies"}]},{"@type":"WebSite","@id":"https:\/\/www.factorenergia.com\/es\/#website","url":"https:\/\/www.factorenergia.com\/es\/","name":"factorenergia","description":"factorenergia","potentialAction":[{"@type":"SearchAction","target":{"@type":"EntryPoint","urlTemplate":"https:\/\/www.factorenergia.com\/es\/?s={search_term_string}"},"query-input":"required name=search_term_string"}],"inLanguage":"ca"}]}},"_links":{"self":[{"href":"https:\/\/www.factorenergia.com\/ca\/wp-json\/wp\/v2\/pages\/778"}],"collection":[{"href":"https:\/\/www.factorenergia.com\/ca\/wp-json\/wp\/v2\/pages"}],"about":[{"href":"https:\/\/www.factorenergia.com\/ca\/wp-json\/wp\/v2\/types\/page"}],"author":[{"embeddable":true,"href":"https:\/\/www.factorenergia.com\/ca\/wp-json\/wp\/v2\/users\/5"}],"replies":[{"embeddable":true,"href":"https:\/\/www.factorenergia.com\/ca\/wp-json\/wp\/v2\/comments?post=778"}],"version-history":[{"count":7,"href":"https:\/\/www.factorenergia.com\/ca\/wp-json\/wp\/v2\/pages\/778\/revisions"}],"predecessor-version":[{"id":30221,"href":"https:\/\/www.factorenergia.com\/ca\/wp-json\/wp\/v2\/pages\/778\/revisions\/30221"}],"wp:attachment":[{"href":"https:\/\/www.factorenergia.com\/ca\/wp-json\/wp\/v2\/media?parent=778"}],"wp:term":[{"taxonomy":"category","embeddable":true,"href":"https:\/\/www.factorenergia.com\/ca\/wp-json\/wp\/v2\/categories?post=778"},{"taxonomy":"post_tag","embeddable":true,"href":"https:\/\/www.factorenergia.com\/ca\/wp-json\/wp\/v2\/tags?post=778"}],"curies":[{"name":"wp","href":"https:\/\/api.w.org\/{rel}","templated":true}]}}