{"id":777,"date":"2015-09-07T14:45:19","date_gmt":"2015-09-07T14:45:19","guid":{"rendered":"http:\/\/newfactorenergia.wearebab.com\/ca\/noticias\/"},"modified":"2025-08-01T12:34:27","modified_gmt":"2025-08-01T10:34:27","slug":"noticias-prensa","status":"publish","type":"page","link":"https:\/\/www.factorenergia.com\/ca\/noticias-prensa\/","title":{"rendered":"Not\u00edcies i premsa"},"content":{"rendered":"","protected":false},"excerpt":{"rendered":"","protected":false},"author":5,"featured_media":0,"parent":0,"menu_order":0,"comment_status":"closed","ping_status":"closed","template":"templates\/noticias-prensa.php","meta":{"inline_featured_image":false,"footnotes":""},"categories":[12],"tags":[],"acf":[],"yoast_head":"<!-- This site is optimized with the Yoast SEO plugin v22.2 - https:\/\/yoast.com\/wordpress\/plugins\/seo\/ -->\n<title>Not\u00edcies i premsa | factorenergia |<\/title>\n<meta name=\"description\" content=\"En esta p\u00e1gina puedes encontrar noticias de prensa relacionadas con factorenergia, las energ\u00edas renovables y la sostenibilidad energ\u00e9tica.\" \/>\n<meta name=\"robots\" content=\"index, follow, max-snippet:-1, max-image-preview:large, max-video-preview:-1\" \/>\n<link rel=\"canonical\" href=\"https:\/\/www.factorenergia.com\/ca\/noticias-prensa\/\" \/>\n<meta name=\"twitter:card\" content=\"summary_large_image\" \/>\n<meta name=\"twitter:title\" content=\"Not\u00edcies i premsa | factorenergia |\" \/>\n<meta name=\"twitter:description\" content=\"En esta p\u00e1gina puedes encontrar noticias de prensa relacionadas con factorenergia, las energ\u00edas renovables y la sostenibilidad energ\u00e9tica.\" \/>\n<meta name=\"twitter:site\" content=\"@factorenergia\" \/>\n<script type=\"application\/ld+json\" class=\"yoast-schema-graph\">{\"@context\":\"https:\/\/schema.org\",\"@graph\":[{\"@type\":\"WebPage\",\"@id\":\"https:\/\/www.factorenergia.com\/ca\/noticias-prensa\/\",\"url\":\"https:\/\/www.factorenergia.com\/ca\/noticias-prensa\/\",\"name\":\"Not\u00edcies i premsa | factorenergia |\",\"isPartOf\":{\"@id\":\"https:\/\/www.factorenergia.com\/es\/#website\"},\"datePublished\":\"2015-09-07T14:45:19+00:00\",\"dateModified\":\"2025-08-01T10:34:27+00:00\",\"description\":\"En esta p\u00e1gina puedes encontrar noticias de prensa relacionadas con factorenergia, las energ\u00edas renovables y la sostenibilidad energ\u00e9tica.\",\"breadcrumb\":{\"@id\":\"https:\/\/www.factorenergia.com\/ca\/noticias-prensa\/#breadcrumb\"},\"inLanguage\":\"ca\",\"potentialAction\":[{\"@type\":\"ReadAction\",\"target\":[\"https:\/\/www.factorenergia.com\/ca\/noticias-prensa\/\"]}]},{\"@type\":\"BreadcrumbList\",\"@id\":\"https:\/\/www.factorenergia.com\/ca\/noticias-prensa\/#breadcrumb\",\"itemListElement\":[{\"@type\":\"ListItem\",\"position\":1,\"name\":\"Portada\",\"item\":\"https:\/\/www.factorenergia.com\/ca\/\"},{\"@type\":\"ListItem\",\"position\":2,\"name\":\"Not\u00edcies i premsa\"}]},{\"@type\":\"WebSite\",\"@id\":\"https:\/\/www.factorenergia.com\/es\/#website\",\"url\":\"https:\/\/www.factorenergia.com\/es\/\",\"name\":\"factorenergia\",\"description\":\"factorenergia\",\"potentialAction\":[{\"@type\":\"SearchAction\",\"target\":{\"@type\":\"EntryPoint\",\"urlTemplate\":\"https:\/\/www.factorenergia.com\/es\/?s={search_term_string}\"},\"query-input\":\"required name=search_term_string\"}],\"inLanguage\":\"ca\"}]}<\/script>\n<!-- \/ Yoast SEO plugin. -->","yoast_head_json":{"title":"Not\u00edcies i premsa | factorenergia |","description":"En esta p\u00e1gina puedes encontrar noticias de prensa relacionadas con factorenergia, las energ\u00edas renovables y la sostenibilidad energ\u00e9tica.","robots":{"index":"index","follow":"follow","max-snippet":"max-snippet:-1","max-image-preview":"max-image-preview:large","max-video-preview":"max-video-preview:-1"},"canonical":"https:\/\/www.factorenergia.com\/ca\/noticias-prensa\/","twitter_card":"summary_large_image","twitter_title":"Not\u00edcies i premsa | factorenergia |","twitter_description":"En esta p\u00e1gina puedes encontrar noticias de prensa relacionadas con factorenergia, las energ\u00edas renovables y la sostenibilidad energ\u00e9tica.","twitter_site":"@factorenergia","schema":{"@context":"https:\/\/schema.org","@graph":[{"@type":"WebPage","@id":"https:\/\/www.factorenergia.com\/ca\/noticias-prensa\/","url":"https:\/\/www.factorenergia.com\/ca\/noticias-prensa\/","name":"Not\u00edcies i premsa | factorenergia |","isPartOf":{"@id":"https:\/\/www.factorenergia.com\/es\/#website"},"datePublished":"2015-09-07T14:45:19+00:00","dateModified":"2025-08-01T10:34:27+00:00","description":"En esta p\u00e1gina puedes encontrar noticias de prensa relacionadas con factorenergia, las energ\u00edas renovables y la sostenibilidad energ\u00e9tica.","breadcrumb":{"@id":"https:\/\/www.factorenergia.com\/ca\/noticias-prensa\/#breadcrumb"},"inLanguage":"ca","potentialAction":[{"@type":"ReadAction","target":["https:\/\/www.factorenergia.com\/ca\/noticias-prensa\/"]}]},{"@type":"BreadcrumbList","@id":"https:\/\/www.factorenergia.com\/ca\/noticias-prensa\/#breadcrumb","itemListElement":[{"@type":"ListItem","position":1,"name":"Portada","item":"https:\/\/www.factorenergia.com\/ca\/"},{"@type":"ListItem","position":2,"name":"Not\u00edcies i premsa"}]},{"@type":"WebSite","@id":"https:\/\/www.factorenergia.com\/es\/#website","url":"https:\/\/www.factorenergia.com\/es\/","name":"factorenergia","description":"factorenergia","potentialAction":[{"@type":"SearchAction","target":{"@type":"EntryPoint","urlTemplate":"https:\/\/www.factorenergia.com\/es\/?s={search_term_string}"},"query-input":"required name=search_term_string"}],"inLanguage":"ca"}]}},"_links":{"self":[{"href":"https:\/\/www.factorenergia.com\/ca\/wp-json\/wp\/v2\/pages\/777"}],"collection":[{"href":"https:\/\/www.factorenergia.com\/ca\/wp-json\/wp\/v2\/pages"}],"about":[{"href":"https:\/\/www.factorenergia.com\/ca\/wp-json\/wp\/v2\/types\/page"}],"author":[{"embeddable":true,"href":"https:\/\/www.factorenergia.com\/ca\/wp-json\/wp\/v2\/users\/5"}],"replies":[{"embeddable":true,"href":"https:\/\/www.factorenergia.com\/ca\/wp-json\/wp\/v2\/comments?post=777"}],"version-history":[{"count":13,"href":"https:\/\/www.factorenergia.com\/ca\/wp-json\/wp\/v2\/pages\/777\/revisions"}],"predecessor-version":[{"id":16630,"href":"https:\/\/www.factorenergia.com\/ca\/wp-json\/wp\/v2\/pages\/777\/revisions\/16630"}],"wp:attachment":[{"href":"https:\/\/www.factorenergia.com\/ca\/wp-json\/wp\/v2\/media?parent=777"}],"wp:term":[{"taxonomy":"category","embeddable":true,"href":"https:\/\/www.factorenergia.com\/ca\/wp-json\/wp\/v2\/categories?post=777"},{"taxonomy":"post_tag","embeddable":true,"href":"https:\/\/www.factorenergia.com\/ca\/wp-json\/wp\/v2\/tags?post=777"}],"curies":[{"name":"wp","href":"https:\/\/api.w.org\/{rel}","templated":true}]}}