{"id":772,"date":"2015-09-02T09:01:17","date_gmt":"2015-09-02T09:01:17","guid":{"rendered":"http:\/\/newfactorenergia.wearebab.com\/ca\/empresas\/"},"modified":"2025-08-26T15:25:36","modified_gmt":"2025-08-26T13:25:36","slug":"empreses","status":"publish","type":"page","link":"https:\/\/www.factorenergia.com\/ca\/empreses\/","title":{"rendered":"Empreses"},"content":{"rendered":"<p>Som la primera energ\u00e8tica espanyola que ha acreditat el seu comprom\u00eds amb la sostenibilitat, el medi ambient i l&#8217;estalvi energ\u00e8tic amb el compliment dels ODS.<\/p>\n","protected":false},"excerpt":{"rendered":"<p>Som la primera energ\u00e8tica espanyola que ha acreditat el seu comprom\u00eds amb la sostenibilitat, el medi ambient i l&#8217;estalvi energ\u00e8tic amb el compliment dels ODS.<\/p>\n","protected":false},"author":5,"featured_media":0,"parent":0,"menu_order":0,"comment_status":"closed","ping_status":"closed","template":"templates\/conocenos.php","meta":{"inline_featured_image":false,"footnotes":""},"categories":[13],"tags":[],"acf":[],"yoast_head":"<!-- This site is optimized with the Yoast SEO plugin v22.2 - https:\/\/yoast.com\/wordpress\/plugins\/seo\/ -->\n<title>Estalvi energ\u00e8tic i pot\u00e8ncia per empreses - Factor Energia<\/title>\n<meta name=\"description\" content=\"Factor Energia ajuda les empreses a estalviar amb ofertes d&#039;electricitat a mida. Coneix la nostra oferta en pot\u00e8ncia i estalvi energ\u00e8tic per empreses.\" \/>\n<meta name=\"robots\" content=\"index, follow, max-snippet:-1, max-image-preview:large, max-video-preview:-1\" \/>\n<link rel=\"canonical\" href=\"https:\/\/www.factorenergia.com\/ca\/empreses\/\" \/>\n<meta name=\"twitter:card\" content=\"summary_large_image\" \/>\n<meta name=\"twitter:title\" content=\"Estalvi energ\u00e8tic i pot\u00e8ncia per empreses - Factor Energia\" \/>\n<meta name=\"twitter:description\" content=\"Factor Energia ajuda les empreses a estalviar amb ofertes d&#039;electricitat a mida. Coneix la nostra oferta en pot\u00e8ncia i estalvi energ\u00e8tic per empreses.\" \/>\n<meta name=\"twitter:site\" content=\"@factorenergia\" \/>\n<meta name=\"twitter:label1\" content=\"Est. reading time\" \/>\n\t<meta name=\"twitter:data1\" content=\"1 minute\" \/>\n<script type=\"application\/ld+json\" class=\"yoast-schema-graph\">{\"@context\":\"https:\/\/schema.org\",\"@graph\":[{\"@type\":\"WebPage\",\"@id\":\"https:\/\/www.factorenergia.com\/ca\/empreses\/\",\"url\":\"https:\/\/www.factorenergia.com\/ca\/empreses\/\",\"name\":\"Estalvi energ\u00e8tic i pot\u00e8ncia per empreses - Factor Energia\",\"isPartOf\":{\"@id\":\"https:\/\/www.factorenergia.com\/es\/#website\"},\"datePublished\":\"2015-09-02T09:01:17+00:00\",\"dateModified\":\"2025-08-26T13:25:36+00:00\",\"description\":\"Factor Energia ajuda les empreses a estalviar amb ofertes d'electricitat a mida. Coneix la nostra oferta en pot\u00e8ncia i estalvi energ\u00e8tic per empreses.\",\"breadcrumb\":{\"@id\":\"https:\/\/www.factorenergia.com\/ca\/empreses\/#breadcrumb\"},\"inLanguage\":\"ca\",\"potentialAction\":[{\"@type\":\"ReadAction\",\"target\":[\"https:\/\/www.factorenergia.com\/ca\/empreses\/\"]}]},{\"@type\":\"BreadcrumbList\",\"@id\":\"https:\/\/www.factorenergia.com\/ca\/empreses\/#breadcrumb\",\"itemListElement\":[{\"@type\":\"ListItem\",\"position\":1,\"name\":\"Portada\",\"item\":\"https:\/\/www.factorenergia.com\/ca\/\"},{\"@type\":\"ListItem\",\"position\":2,\"name\":\"Empreses\"}]},{\"@type\":\"WebSite\",\"@id\":\"https:\/\/www.factorenergia.com\/es\/#website\",\"url\":\"https:\/\/www.factorenergia.com\/es\/\",\"name\":\"factorenergia\",\"description\":\"factorenergia\",\"potentialAction\":[{\"@type\":\"SearchAction\",\"target\":{\"@type\":\"EntryPoint\",\"urlTemplate\":\"https:\/\/www.factorenergia.com\/es\/?s={search_term_string}\"},\"query-input\":\"required name=search_term_string\"}],\"inLanguage\":\"ca\"}]}<\/script>\n<!-- \/ Yoast SEO plugin. -->","yoast_head_json":{"title":"Estalvi energ\u00e8tic i pot\u00e8ncia per empreses - Factor Energia","description":"Factor Energia ajuda les empreses a estalviar amb ofertes d'electricitat a mida. Coneix la nostra oferta en pot\u00e8ncia i estalvi energ\u00e8tic per empreses.","robots":{"index":"index","follow":"follow","max-snippet":"max-snippet:-1","max-image-preview":"max-image-preview:large","max-video-preview":"max-video-preview:-1"},"canonical":"https:\/\/www.factorenergia.com\/ca\/empreses\/","twitter_card":"summary_large_image","twitter_title":"Estalvi energ\u00e8tic i pot\u00e8ncia per empreses - Factor Energia","twitter_description":"Factor Energia ajuda les empreses a estalviar amb ofertes d'electricitat a mida. Coneix la nostra oferta en pot\u00e8ncia i estalvi energ\u00e8tic per empreses.","twitter_site":"@factorenergia","twitter_misc":{"Est. reading time":"1 minute"},"schema":{"@context":"https:\/\/schema.org","@graph":[{"@type":"WebPage","@id":"https:\/\/www.factorenergia.com\/ca\/empreses\/","url":"https:\/\/www.factorenergia.com\/ca\/empreses\/","name":"Estalvi energ\u00e8tic i pot\u00e8ncia per empreses - Factor Energia","isPartOf":{"@id":"https:\/\/www.factorenergia.com\/es\/#website"},"datePublished":"2015-09-02T09:01:17+00:00","dateModified":"2025-08-26T13:25:36+00:00","description":"Factor Energia ajuda les empreses a estalviar amb ofertes d'electricitat a mida. Coneix la nostra oferta en pot\u00e8ncia i estalvi energ\u00e8tic per empreses.","breadcrumb":{"@id":"https:\/\/www.factorenergia.com\/ca\/empreses\/#breadcrumb"},"inLanguage":"ca","potentialAction":[{"@type":"ReadAction","target":["https:\/\/www.factorenergia.com\/ca\/empreses\/"]}]},{"@type":"BreadcrumbList","@id":"https:\/\/www.factorenergia.com\/ca\/empreses\/#breadcrumb","itemListElement":[{"@type":"ListItem","position":1,"name":"Portada","item":"https:\/\/www.factorenergia.com\/ca\/"},{"@type":"ListItem","position":2,"name":"Empreses"}]},{"@type":"WebSite","@id":"https:\/\/www.factorenergia.com\/es\/#website","url":"https:\/\/www.factorenergia.com\/es\/","name":"factorenergia","description":"factorenergia","potentialAction":[{"@type":"SearchAction","target":{"@type":"EntryPoint","urlTemplate":"https:\/\/www.factorenergia.com\/es\/?s={search_term_string}"},"query-input":"required name=search_term_string"}],"inLanguage":"ca"}]}},"_links":{"self":[{"href":"https:\/\/www.factorenergia.com\/ca\/wp-json\/wp\/v2\/pages\/772"}],"collection":[{"href":"https:\/\/www.factorenergia.com\/ca\/wp-json\/wp\/v2\/pages"}],"about":[{"href":"https:\/\/www.factorenergia.com\/ca\/wp-json\/wp\/v2\/types\/page"}],"author":[{"embeddable":true,"href":"https:\/\/www.factorenergia.com\/ca\/wp-json\/wp\/v2\/users\/5"}],"replies":[{"embeddable":true,"href":"https:\/\/www.factorenergia.com\/ca\/wp-json\/wp\/v2\/comments?post=772"}],"version-history":[{"count":14,"href":"https:\/\/www.factorenergia.com\/ca\/wp-json\/wp\/v2\/pages\/772\/revisions"}],"predecessor-version":[{"id":30021,"href":"https:\/\/www.factorenergia.com\/ca\/wp-json\/wp\/v2\/pages\/772\/revisions\/30021"}],"wp:attachment":[{"href":"https:\/\/www.factorenergia.com\/ca\/wp-json\/wp\/v2\/media?parent=772"}],"wp:term":[{"taxonomy":"category","embeddable":true,"href":"https:\/\/www.factorenergia.com\/ca\/wp-json\/wp\/v2\/categories?post=772"},{"taxonomy":"post_tag","embeddable":true,"href":"https:\/\/www.factorenergia.com\/ca\/wp-json\/wp\/v2\/tags?post=772"}],"curies":[{"name":"wp","href":"https:\/\/api.w.org\/{rel}","templated":true}]}}