{"id":771,"date":"2015-09-02T18:17:21","date_gmt":"2015-09-02T18:17:21","guid":{"rendered":"http:\/\/newfactorenergia.wearebab.com\/ca\/aviso-legal\/"},"modified":"2024-07-24T17:03:37","modified_gmt":"2024-07-24T15:03:37","slug":"avis-legal","status":"publish","type":"page","link":"https:\/\/www.factorenergia.com\/ca\/avis-legal\/","title":{"rendered":"Av\u00eds legal"},"content":{"rendered":"<h2>1. Informaci\u00f3 General<\/h2>\n<p>En virtut del present Av\u00eds, FACTOR ENERGIA, SA (en endavant &#8220;Factorenergia&#8221;), informa als Usuaris del lloc web www.factorenergia.com, (en endavant, el &#8220;Lloc Web&#8221;) accessible a trav\u00e9s de les adreces URL www.factorenergia.es, www.factorenergia.com, www.factorenergia.cat, de les condicions generals d&#8217;acc\u00e9s i \u00fas d&#8217;aquest Lloc Web (en endavant, &#8220;Condicions Generals&#8221;). Aquest lloc web \u00e9s titularitat de Factorenergia, amb domicili social a Av. Diagonal 575 (Edifici l\u00b4Illa) M\u00f2dul II Planta 2, Barcelona (08029), amb CIF: A-61.893.871, i inscrita en el Registre Mercantil de Barcelona, Full B194687, Foli 183, Tom 51580 a la secci\u00f3 2a del Registre Administratiu de Distribu\u00efdors, Comercialitzadores i Consumidors Qualificats amb el n\u00famero d&#8217;identificaci\u00f3 R2-109. Vost\u00e8 pot contactar amb Factorenergia als tel\u00e8fons gratu\u00efts d\u2019atenci\u00f3 al client 900 649 028 \/ contractaci\u00f3 900 850 000 o b\u00e9 a l\u2019adre\u00e7a de correu electr\u00f2nic factor@factorenergia.com. La informaci\u00f3 oferta en el Lloc Web no constitueix un assessorament i no ha de ser presa com a base per a cap decisi\u00f3 d&#8217;inversi\u00f3. Llevat que s&#8217;indiqui el contrari, aquest Lloc Web est\u00e0 dirigit \u00fanicament als qui accedeixin a ell des d&#8217;Espanya. Factorenergia no garanteix que els productes i serveis als quals es fa refer\u00e8ncia en aquest Lloc web estiguin disponibles o siguin adequats per al seu \u00fas en altres llocs. Els que desitgen accedir a aquest Lloc Web des d&#8217;altres llocs s\u00f3n responsables del compliment de la normativa local, sempre en la mesura que aquesta sigui aplicable. Factorenergia es reserva el dret de modificar, en qualsevol moment i sense necessitat de previ av\u00eds, la presentaci\u00f3 i configuraci\u00f3 d&#8217;aquest Lloc Web, els seus serveis, aix\u00ed com les presents Condicions Generals. En conseq\u00fc\u00e8ncia, recomanem a l&#8217;Usuari que llegeixi amb atenci\u00f3 les Condicions Generals cada vegada que es proposi accedir a aquest Lloc Web. La utilitzaci\u00f3 d&#8217;aquest Lloc Web implica la plena acceptaci\u00f3 de les disposicions incloses en aquest Av\u00eds en la versi\u00f3 publicada per Factorenergia en el moment en qu\u00e8 l&#8217;Usuari accedeixi al Lloc Web.<\/p>\n<h2>2. Condicions d&#8217;acc\u00e9s i utilitzaci\u00f3 del Lloc web<\/h2>\n<p>L&#8217;acc\u00e9s al Lloc Web no exigeix el previ registre de l&#8217;Usuari; no obstant el registre ser\u00e0 necessari per poder accedir a l&#8217;\u00c0rea de clients i procedir a la consulta de consums i desc\u00e0rrega de factures. L&#8217;\u00fas de la clau d&#8217;acc\u00e9s \u00e9s personal i intransferible, no estant permesa, en cap cas, la cessi\u00f3 a tercers; per tant, l&#8217;Usuari \u00e9s l&#8217;\u00fanic responsable de l&#8217;\u00fas i cust\u00f2dia de la seva clau d&#8217;acc\u00e9s, i deixa indemne a Factorenergia per qualsevol \u00fas indegut que tercers puguin realitzar d&#8217;ella. En cas de robatori o p\u00e8rdua de la clau d&#8217;acc\u00e9s, l&#8217;Usuari informar\u00e0 de forma immediata a Factorenergia a fi que procedeixi a la seva cancel\u00b7laci\u00f3 i a l&#8217;assignaci\u00f3 d&#8217;una de nova.<br \/>\nEn el cas d&#8217;Usuaris que accedeixin a l&#8217;\u00c0rea de clients en nom de societats garanteixen que intervenen en nom i representaci\u00f3 de la societat per compte de la qual accedeixen, per a la qual cosa Factorenergia ent\u00e9n que estan plenament facultats per fer aquest acc\u00e9s i sense assumir cap responsabilitat per accessos indeguts d&#8217;Usuaris no autoritzats.<br \/>\nL&#8217;Usuari garanteix la veracitat de la informaci\u00f3 facilitada i tamb\u00e9 l&#8217;autenticitat de totes les dades que comuniqui com a conseq\u00fc\u00e8ncia del registre en el Lloc web o l&#8217;emplenament de formularis interactius que apareguin en aquest.<br \/>\nL&#8217;Usuari ser\u00e0 responsable de mantenir tota la informaci\u00f3 plenament actualitzada, de manera que respongui en cada moment a la seva situaci\u00f3 real.<br \/>\nL&#8217;Usuari ser\u00e0 l&#8217;\u00fanic responsable de les manifestacions falses o inexactes que realitzi i dels perjudicis causats a Factorenergia o a tercers per la informaci\u00f3 que faciliti a trav\u00e9s del Lloc Web. L&#8217;Usuari es compromet a fer un \u00fas diligent del Lloc Web i dels serveis accessibles des del mateix, amb total subjecci\u00f3 a la Llei, als bons costums, a les presents Condicions Generals i, si s&#8217;escau, a les condicions d&#8217;\u00fas particulars a qu\u00e8 puguin subjectar determinats serveis, aix\u00ed com mantenir el respecte degut als altres usuaris.<br \/>\nL&#8217;Usuari renuncia a utilitzar qualsevol dels materials i informacions que cont\u00e9 aquest Lloc Web amb finalitats il\u00b7l\u00edcites o diferents de les establertes en les presents Condicions Generals, o en les condicions pr\u00f2pies dels serveis que, si s&#8217;escau s&#8217;habilitin, resultin contraris als drets i interessos de Factorenergia i\/o tercers, i haur\u00e0 de respondre enfront dels mateixos en cas de contravenir o incomplir aquestes obligacions i\/o actuar de qualsevol manera (inclosa la introducci\u00f3 o difusi\u00f3 de &#8220;virus inform\u00e0tics&#8221;), que danyi, inutilitzi, sobrecarregui, deteriori o impedeixi la normal utilitzaci\u00f3 dels materials i informacions continguts en el Lloc Web, els sistemes d&#8217;informaci\u00f3 o els documents, arxius i tota classe de continguts emmagatzemats en qualsevol equip inform\u00e0tic de Factorenergia o de qualsevol Usuari del Lloc Web.<\/p>\n<h2>3. Propietat intel\u00b7lectual i industrial<\/h2>\n<p>Queden reservats tots els drets d&#8217;explotaci\u00f3 relatius al Lloc Web. Aquest lloc web es troba protegit per la legislaci\u00f3 sobre propietat intel\u00b7lectual i industrial. Tots els continguts que es mostren al Lloc Web i, especialment, articles, dissenys, textos, gr\u00e0fics, fotografies, logotips, icones, codi en llenguatge [PHP, PERL, HTML, JAVA, JAVA Script o Active X], noms comercials, marques, dibuixos industrials o qualsevol altre signe susceptible d&#8217;utilitzaci\u00f3 industrial i comercial estan subjectes a drets de propietat intel\u00b7lectual i industrial de Factorenergia i\/o de tercers titulars dels mateixos que han autoritzat degudament la seva inclusi\u00f3 al Lloc Web.<br \/>\nEls Usuaris que accedeixen al Lloc web poden visualitzar la informaci\u00f3 continguda en el mateix i efectuar desc\u00e0rregues o reproduccions privades al seu sistema inform\u00e0tic, sempre que els elements reprodu\u00efts no siguin cedits posteriorment a tercers o s&#8217;instal\u00b7lin en un servidor connectat a Internet o a una xarxa local.<br \/>\nQueda prohibida la distribuci\u00f3, modificaci\u00f3, transformaci\u00f3, cessi\u00f3, posada a disposici\u00f3 del p\u00fablic, i qualsevol altra activitat que no hagi estat expressament autoritzada pel titular dels drets d&#8217;explotaci\u00f3. L&#8217;\u00fas no autoritzat dels materials i informaci\u00f3 continguts en el Lloc Web pot suposar la violaci\u00f3 de la legislaci\u00f3 sobre propietat intel\u00b7lectual o industrial i d&#8217;altres normatives aplicables. L&#8217;usuari del Lloc web s&#8217;abstindr\u00e0, en tot cas, de suprimir, alterar, eludir o manipular qualsevol dispositiu de protecci\u00f3 o sistemes de seguretat que puguin estar instal\u00b7lats en el mateix.<\/p>\n<h2>4. Exclusi\u00f3 de garanties i responsabilitat<\/h2>\n<p>Factorenergia no es responsabilitza pels danys i perjudicis de tota naturalesa que puguin deure a la falta d&#8217;exactitud, exhaustivitat, actualitat, aix\u00ed com a errors o omissions dels quals poguessin emmalaltir les informacions i serveis continguts en el Lloc Web o altres continguts als quals es pugui accedir a trav\u00e9s del mateix, ni assumeix cap deure o comprom\u00eds de verificar ni de vigilar els seus continguts i informacions.<br \/>\nAix\u00ed mateix, Factorenergia no garanteix la disponibilitat, continu\u00eftat ni la infal\u00b7libilitat del funcionament del Lloc Web i, en conseq\u00fc\u00e8ncia, exclou, en la m\u00e0xima mesura permesa per la legislaci\u00f3 vigent, qualsevol responsabilitat pels danys i perjudicis de tota naturalesa que puguin deure a la falta de disponibilitat o de continu\u00eftat del funcionament del Lloc Web i dels serveis habilitats en el mateix.<br \/>\nFactorenergia declina tota responsabilitat pels danys inform\u00e0tics o d&#8217;altre tipus que pogu\u00e9s ocasionar a l&#8217;Usuari visitant en l&#8217;acc\u00e9s als continguts d&#8217;aquest Lloc Web. Per aix\u00f2, Factorenergia no garanteix l&#8217;abs\u00e8ncia de virus o altres elements lesius que poguessin causar danys o alteracions en el sistema inform\u00e0tic, en els documents electr\u00f2nics o en els fitxers de l&#8217;Usuari o de tercers.<br \/>\nFactorenergia exclou qualsevol responsabilitat pels danys i perjudicis de tota naturalesa que puguin deure a la utilitzaci\u00f3 il\u00b7l\u00edcita dels serveis i dels continguts per part dels Usuaris o que puguin deure a la falta de veracitat, vig\u00e8ncia, exhaustivitat i\/o autenticitat de la informaci\u00f3 proporcionada pels usuaris i, en particular, encara que no de manera exclusiva, pels danys i perjudicis de tota naturalesa que puguin deure a la suplantaci\u00f3 de la personalitat d&#8217;un tercer efectuada per un usuari en qualsevol classe de comunicaci\u00f3 realitzada a trav\u00e9s del Lloc web.<\/p>\n<h2>5. Enlla\u00e7os<\/h2>\n<p>Aquelles persones que es proposin establir un enlla\u00e7 entre la seva p\u00e0gina web i aquest lloc web hauran de complir les condicions seg\u00fcents:<br \/>\n\u2022 L\u2019enlla\u00e7 \u00fanicament permetr\u00e0 l&#8217;acc\u00e9s a la home-page (p\u00e0gina d&#8217;inici) d&#8217;aquest Lloc Web, per\u00f2 no podr\u00e0 reproduir-la en cap mode.<br \/>\n\u2022 No es crear\u00e0 un navegador ni un marc de navegaci\u00f3 sobre les p\u00e0gines web d&#8217;aquest Lloc web.<br \/>\n\u2022 No es realitzaran manifestacions o indicacions falses, inexactes o incorrectes sobre aquest Lloc web, i, en particular, no es declarar\u00e0 ni es donar\u00e0 a entendre que Factorenergia ha autoritzat l&#8217;enlla\u00e7 o que ha supervisat, validat o assumit de qualsevol forma els continguts o serveis oferts o posats a disposici\u00f3 en la p\u00e0gina web en la qual s&#8217;estableix l\u2019enlla\u00e7.<br \/>\n\u2022 Excepci\u00f3 feta d&#8217;aquells signes que formin part del mateix l\u2019enlla\u00e7, la p\u00e0gina web en la qual s&#8217;estableixi l\u2019enlla\u00e7 no contindr\u00e0 cap marca, nom comercial, r\u00e8tol d&#8217;establiment, denominaci\u00f3, logotip, esl\u00f2gan o altres signes distintius pertanyents a Factorenergia.<br \/>\n\u2022 La p\u00e0gina web en la qual s&#8217;estableixi l\u2019enlla\u00e7 no contindr\u00e0 informacions o continguts il\u00b7l\u00edcits, contraris a la moral i bons costums generalment acceptats i a l&#8217;ordre p\u00fablic, aix\u00ed com tampoc continguts contraris a qualsevols drets de tercers.<br \/>\n\u2022 L&#8217;establiment de l\u2019enlla\u00e7 no implica en cap cas l&#8217;exist\u00e8ncia de relacions entre Factorenergia i el propietari de la p\u00e0gina web en la qual s&#8217;estableixi, ni l&#8217;acceptaci\u00f3 i l\u2019aprovaci\u00f3 per part de Factorenergia.<br \/>\nFactorenergia posa, al seu torn, a disposici\u00f3 dels Usuaris enlla\u00e7os per tal de facilitar l&#8217;acc\u00e9s a la informaci\u00f3, serveis i altres continguts disponibles a Internet. Els enlla\u00e7os habilitats en aquest Lloc Web poden conduir a l&#8217;Usuari a altres p\u00e0gines web gestionades per tercers, sobre els quals Factorenergia no exerceix cap tipus de control. Factorenergia no assumeix cap deure de vigilar ni de verificar les informacions o continguts d&#8217;altres p\u00e0gines web a les quals sigui possible accedir mitjan\u00e7ant els enlla\u00e7os existents en el Lloc Web. Assumeix exclusivament el deure de suprimir del Lloc web, amb la brevetat m\u00e9s gran possible, les informacions, continguts o serveis que no es corresponguin amb la realitat, atemptin contra qualsevol normativa aplicable o puguin induir a error o causar dany a l&#8217;Usuari.<\/p>\n<h2>6. Legislaci\u00f3 aplicable<\/h2>\n<p>Aquest Lloc web es regeix per la Llei espanyola.<\/p>\n","protected":false},"excerpt":{"rendered":"<p>1. Informaci\u00f3 General En virtut del present Av\u00eds, FACTOR ENERGIA, SA (en endavant &#8220;Factorenergia&#8221;), informa als Usuaris del lloc web www.factorenergia.com, (en endavant, el &#8220;Lloc Web&#8221;) accessible a trav\u00e9s de les adreces URL www.factorenergia.es, www.factorenergia.com, www.factorenergia.cat, de les condicions generals d&#8217;acc\u00e9s i \u00fas d&#8217;aquest Lloc Web (en endavant, &#8220;Condicions Generals&#8221;). Aquest lloc web \u00e9s titularitat [&hellip;]<\/p>\n","protected":false},"author":5,"featured_media":0,"parent":0,"menu_order":0,"comment_status":"closed","ping_status":"closed","template":"templates\/simple-page.php","meta":{"inline_featured_image":false,"footnotes":""},"categories":[12],"tags":[],"acf":[],"yoast_head":"<!-- This site is optimized with the Yoast SEO plugin v22.2 - https:\/\/yoast.com\/wordpress\/plugins\/seo\/ -->\n<title>Av\u00eds legal | factorenergia<\/title>\n<meta name=\"description\" content=\"Aqu\u00ed pots trobar la informaci\u00f3 legal sobre la p\u00e0gina web de factorenergia, companyia catalana d&#039;electricitat i gas.\" \/>\n<meta name=\"robots\" content=\"noindex, follow\" \/>\n<meta name=\"twitter:card\" content=\"summary_large_image\" \/>\n<meta name=\"twitter:title\" content=\"Av\u00eds legal | factorenergia\" \/>\n<meta name=\"twitter:description\" content=\"Aqu\u00ed pots trobar la informaci\u00f3 legal sobre la p\u00e0gina web de factorenergia, companyia catalana d&#039;electricitat i gas.\" \/>\n<meta name=\"twitter:site\" content=\"@factorenergia\" \/>\n<meta name=\"twitter:label1\" content=\"Est. reading time\" \/>\n\t<meta name=\"twitter:data1\" content=\"8 minutes\" \/>\n<script type=\"application\/ld+json\" class=\"yoast-schema-graph\">{\"@context\":\"https:\/\/schema.org\",\"@graph\":[{\"@type\":\"WebPage\",\"@id\":\"https:\/\/www.factorenergia.com\/ca\/avis-legal\/\",\"url\":\"https:\/\/www.factorenergia.com\/ca\/avis-legal\/\",\"name\":\"Av\u00eds legal | factorenergia\",\"isPartOf\":{\"@id\":\"https:\/\/www.factorenergia.com\/es\/#website\"},\"datePublished\":\"2015-09-02T18:17:21+00:00\",\"dateModified\":\"2024-07-24T15:03:37+00:00\",\"description\":\"Aqu\u00ed pots trobar la informaci\u00f3 legal sobre la p\u00e0gina web de factorenergia, companyia catalana d'electricitat i gas.\",\"breadcrumb\":{\"@id\":\"https:\/\/www.factorenergia.com\/ca\/avis-legal\/#breadcrumb\"},\"inLanguage\":\"ca\",\"potentialAction\":[{\"@type\":\"ReadAction\",\"target\":[\"https:\/\/www.factorenergia.com\/ca\/avis-legal\/\"]}]},{\"@type\":\"BreadcrumbList\",\"@id\":\"https:\/\/www.factorenergia.com\/ca\/avis-legal\/#breadcrumb\",\"itemListElement\":[{\"@type\":\"ListItem\",\"position\":1,\"name\":\"Portada\",\"item\":\"https:\/\/www.factorenergia.com\/ca\/\"},{\"@type\":\"ListItem\",\"position\":2,\"name\":\"Av\u00eds legal\"}]},{\"@type\":\"WebSite\",\"@id\":\"https:\/\/www.factorenergia.com\/es\/#website\",\"url\":\"https:\/\/www.factorenergia.com\/es\/\",\"name\":\"factorenergia\",\"description\":\"factorenergia\",\"potentialAction\":[{\"@type\":\"SearchAction\",\"target\":{\"@type\":\"EntryPoint\",\"urlTemplate\":\"https:\/\/www.factorenergia.com\/es\/?s={search_term_string}\"},\"query-input\":\"required name=search_term_string\"}],\"inLanguage\":\"ca\"}]}<\/script>\n<!-- \/ Yoast SEO plugin. -->","yoast_head_json":{"title":"Av\u00eds legal | factorenergia","description":"Aqu\u00ed pots trobar la informaci\u00f3 legal sobre la p\u00e0gina web de factorenergia, companyia catalana d'electricitat i gas.","robots":{"index":"noindex","follow":"follow"},"twitter_card":"summary_large_image","twitter_title":"Av\u00eds legal | factorenergia","twitter_description":"Aqu\u00ed pots trobar la informaci\u00f3 legal sobre la p\u00e0gina web de factorenergia, companyia catalana d'electricitat i gas.","twitter_site":"@factorenergia","twitter_misc":{"Est. reading time":"8 minutes"},"schema":{"@context":"https:\/\/schema.org","@graph":[{"@type":"WebPage","@id":"https:\/\/www.factorenergia.com\/ca\/avis-legal\/","url":"https:\/\/www.factorenergia.com\/ca\/avis-legal\/","name":"Av\u00eds legal | factorenergia","isPartOf":{"@id":"https:\/\/www.factorenergia.com\/es\/#website"},"datePublished":"2015-09-02T18:17:21+00:00","dateModified":"2024-07-24T15:03:37+00:00","description":"Aqu\u00ed pots trobar la informaci\u00f3 legal sobre la p\u00e0gina web de factorenergia, companyia catalana d'electricitat i gas.","breadcrumb":{"@id":"https:\/\/www.factorenergia.com\/ca\/avis-legal\/#breadcrumb"},"inLanguage":"ca","potentialAction":[{"@type":"ReadAction","target":["https:\/\/www.factorenergia.com\/ca\/avis-legal\/"]}]},{"@type":"BreadcrumbList","@id":"https:\/\/www.factorenergia.com\/ca\/avis-legal\/#breadcrumb","itemListElement":[{"@type":"ListItem","position":1,"name":"Portada","item":"https:\/\/www.factorenergia.com\/ca\/"},{"@type":"ListItem","position":2,"name":"Av\u00eds legal"}]},{"@type":"WebSite","@id":"https:\/\/www.factorenergia.com\/es\/#website","url":"https:\/\/www.factorenergia.com\/es\/","name":"factorenergia","description":"factorenergia","potentialAction":[{"@type":"SearchAction","target":{"@type":"EntryPoint","urlTemplate":"https:\/\/www.factorenergia.com\/es\/?s={search_term_string}"},"query-input":"required name=search_term_string"}],"inLanguage":"ca"}]}},"_links":{"self":[{"href":"https:\/\/www.factorenergia.com\/ca\/wp-json\/wp\/v2\/pages\/771"}],"collection":[{"href":"https:\/\/www.factorenergia.com\/ca\/wp-json\/wp\/v2\/pages"}],"about":[{"href":"https:\/\/www.factorenergia.com\/ca\/wp-json\/wp\/v2\/types\/page"}],"author":[{"embeddable":true,"href":"https:\/\/www.factorenergia.com\/ca\/wp-json\/wp\/v2\/users\/5"}],"replies":[{"embeddable":true,"href":"https:\/\/www.factorenergia.com\/ca\/wp-json\/wp\/v2\/comments?post=771"}],"version-history":[{"count":11,"href":"https:\/\/www.factorenergia.com\/ca\/wp-json\/wp\/v2\/pages\/771\/revisions"}],"predecessor-version":[{"id":25199,"href":"https:\/\/www.factorenergia.com\/ca\/wp-json\/wp\/v2\/pages\/771\/revisions\/25199"}],"wp:attachment":[{"href":"https:\/\/www.factorenergia.com\/ca\/wp-json\/wp\/v2\/media?parent=771"}],"wp:term":[{"taxonomy":"category","embeddable":true,"href":"https:\/\/www.factorenergia.com\/ca\/wp-json\/wp\/v2\/categories?post=771"},{"taxonomy":"post_tag","embeddable":true,"href":"https:\/\/www.factorenergia.com\/ca\/wp-json\/wp\/v2\/tags?post=771"}],"curies":[{"name":"wp","href":"https:\/\/api.w.org\/{rel}","templated":true}]}}