{"id":4292,"date":"2017-11-29T18:10:54","date_gmt":"2017-11-29T16:10:54","guid":{"rendered":"https:\/\/www.factorenergia.com\/ca\/?page_id=4292"},"modified":"2026-02-09T18:42:55","modified_gmt":"2026-02-09T16:42:55","slug":"tarifa-variable","status":"publish","type":"page","link":"https:\/\/www.factorenergia.com\/ca\/gas\/tarifa-variable\/","title":{"rendered":"Tarifa de Gas Variable"},"content":{"rendered":"<p>Tria aquesta tarifa si prefereixes <strong>pagar el gas a preu de mercat.<\/strong> Et cobrarem una quota transparent de 0,85\u20ac\/mes i, com no podem anticipar-nos al preu del mercat (terme variable), tindr\u00e0s sempre disponible l&#8217;hist\u00f2ric de preus en la web i en la teva \u00e0rea clients perqu\u00e8 vegis la seva evoluci\u00f3 anual.<\/p>\n","protected":false},"excerpt":{"rendered":"<p>Tria aquesta tarifa si prefereixes pagar el gas a preu de mercat. Et cobrarem una quota transparent de 0,85\u20ac\/mes i, com no podem anticipar-nos al preu del mercat (terme variable), tindr\u00e0s sempre disponible l&#8217;hist\u00f2ric de preus en la web i en la teva \u00e0rea clients perqu\u00e8 vegis la seva evoluci\u00f3 anual.<\/p>\n","protected":false},"author":12,"featured_media":0,"parent":4792,"menu_order":0,"comment_status":"closed","ping_status":"closed","template":"templates\/tarifas.php","meta":{"inline_featured_image":false,"footnotes":""},"categories":[12],"tags":[],"acf":[],"yoast_head":"<!-- This site is optimized with the Yoast SEO plugin v22.2 - https:\/\/yoast.com\/wordpress\/plugins\/seo\/ -->\n<title>Tarifa de Gas Variable | Paga el gas a preu de mercat<\/title>\n<meta name=\"description\" content=\"Paga exactament el que val. Et cobrarem una comisi\u00f3 transparent de 0,50\u20ac\/mes y tindr\u00e0s sempre disponible el hist\u00f3ric de preus disponible.\" \/>\n<meta name=\"robots\" content=\"index, follow, max-snippet:-1, max-image-preview:large, max-video-preview:-1\" \/>\n<link rel=\"canonical\" href=\"https:\/\/www.factorenergia.com\/ca\/gas\/tarifa-variable\/\" \/>\n<meta name=\"twitter:card\" content=\"summary_large_image\" \/>\n<meta name=\"twitter:title\" content=\"Tarifa de Gas Variable | Paga el gas a preu de mercat\" \/>\n<meta name=\"twitter:description\" content=\"Paga exactament el que val. Et cobrarem una comisi\u00f3 transparent de 0,50\u20ac\/mes y tindr\u00e0s sempre disponible el hist\u00f3ric de preus disponible.\" \/>\n<meta name=\"twitter:site\" content=\"@factorenergia\" \/>\n<meta name=\"twitter:label1\" content=\"Est. reading time\" \/>\n\t<meta name=\"twitter:data1\" content=\"1 minute\" \/>\n<script type=\"application\/ld+json\" class=\"yoast-schema-graph\">{\"@context\":\"https:\/\/schema.org\",\"@graph\":[{\"@type\":\"WebPage\",\"@id\":\"https:\/\/www.factorenergia.com\/ca\/gas\/tarifa-variable\/\",\"url\":\"https:\/\/www.factorenergia.com\/ca\/gas\/tarifa-variable\/\",\"name\":\"Tarifa de Gas Variable | Paga el gas a preu de mercat\",\"isPartOf\":{\"@id\":\"https:\/\/www.factorenergia.com\/es\/#website\"},\"datePublished\":\"2017-11-29T16:10:54+00:00\",\"dateModified\":\"2026-02-09T16:42:55+00:00\",\"description\":\"Paga exactament el que val. Et cobrarem una comisi\u00f3 transparent de 0,50\u20ac\/mes y tindr\u00e0s sempre disponible el hist\u00f3ric de preus disponible.\",\"breadcrumb\":{\"@id\":\"https:\/\/www.factorenergia.com\/ca\/gas\/tarifa-variable\/#breadcrumb\"},\"inLanguage\":\"ca\",\"potentialAction\":[{\"@type\":\"ReadAction\",\"target\":[\"https:\/\/www.factorenergia.com\/ca\/gas\/tarifa-variable\/\"]}]},{\"@type\":\"BreadcrumbList\",\"@id\":\"https:\/\/www.factorenergia.com\/ca\/gas\/tarifa-variable\/#breadcrumb\",\"itemListElement\":[{\"@type\":\"ListItem\",\"position\":1,\"name\":\"Portada\",\"item\":\"https:\/\/www.factorenergia.com\/ca\/\"},{\"@type\":\"ListItem\",\"position\":2,\"name\":\"Tarifes Gas\",\"item\":\"https:\/\/www.factorenergia.com\/ca\/gas\/\"},{\"@type\":\"ListItem\",\"position\":3,\"name\":\"Tarifa de Gas Variable\"}]},{\"@type\":\"WebSite\",\"@id\":\"https:\/\/www.factorenergia.com\/es\/#website\",\"url\":\"https:\/\/www.factorenergia.com\/es\/\",\"name\":\"factorenergia\",\"description\":\"factorenergia\",\"potentialAction\":[{\"@type\":\"SearchAction\",\"target\":{\"@type\":\"EntryPoint\",\"urlTemplate\":\"https:\/\/www.factorenergia.com\/es\/?s={search_term_string}\"},\"query-input\":\"required name=search_term_string\"}],\"inLanguage\":\"ca\"}]}<\/script>\n<!-- \/ Yoast SEO plugin. -->","yoast_head_json":{"title":"Tarifa de Gas Variable | Paga el gas a preu de mercat","description":"Paga exactament el que val. Et cobrarem una comisi\u00f3 transparent de 0,50\u20ac\/mes y tindr\u00e0s sempre disponible el hist\u00f3ric de preus disponible.","robots":{"index":"index","follow":"follow","max-snippet":"max-snippet:-1","max-image-preview":"max-image-preview:large","max-video-preview":"max-video-preview:-1"},"canonical":"https:\/\/www.factorenergia.com\/ca\/gas\/tarifa-variable\/","twitter_card":"summary_large_image","twitter_title":"Tarifa de Gas Variable | Paga el gas a preu de mercat","twitter_description":"Paga exactament el que val. Et cobrarem una comisi\u00f3 transparent de 0,50\u20ac\/mes y tindr\u00e0s sempre disponible el hist\u00f3ric de preus disponible.","twitter_site":"@factorenergia","twitter_misc":{"Est. reading time":"1 minute"},"schema":{"@context":"https:\/\/schema.org","@graph":[{"@type":"WebPage","@id":"https:\/\/www.factorenergia.com\/ca\/gas\/tarifa-variable\/","url":"https:\/\/www.factorenergia.com\/ca\/gas\/tarifa-variable\/","name":"Tarifa de Gas Variable | Paga el gas a preu de mercat","isPartOf":{"@id":"https:\/\/www.factorenergia.com\/es\/#website"},"datePublished":"2017-11-29T16:10:54+00:00","dateModified":"2026-02-09T16:42:55+00:00","description":"Paga exactament el que val. Et cobrarem una comisi\u00f3 transparent de 0,50\u20ac\/mes y tindr\u00e0s sempre disponible el hist\u00f3ric de preus disponible.","breadcrumb":{"@id":"https:\/\/www.factorenergia.com\/ca\/gas\/tarifa-variable\/#breadcrumb"},"inLanguage":"ca","potentialAction":[{"@type":"ReadAction","target":["https:\/\/www.factorenergia.com\/ca\/gas\/tarifa-variable\/"]}]},{"@type":"BreadcrumbList","@id":"https:\/\/www.factorenergia.com\/ca\/gas\/tarifa-variable\/#breadcrumb","itemListElement":[{"@type":"ListItem","position":1,"name":"Portada","item":"https:\/\/www.factorenergia.com\/ca\/"},{"@type":"ListItem","position":2,"name":"Tarifes Gas","item":"https:\/\/www.factorenergia.com\/ca\/gas\/"},{"@type":"ListItem","position":3,"name":"Tarifa de Gas Variable"}]},{"@type":"WebSite","@id":"https:\/\/www.factorenergia.com\/es\/#website","url":"https:\/\/www.factorenergia.com\/es\/","name":"factorenergia","description":"factorenergia","potentialAction":[{"@type":"SearchAction","target":{"@type":"EntryPoint","urlTemplate":"https:\/\/www.factorenergia.com\/es\/?s={search_term_string}"},"query-input":"required name=search_term_string"}],"inLanguage":"ca"}]}},"_links":{"self":[{"href":"https:\/\/www.factorenergia.com\/ca\/wp-json\/wp\/v2\/pages\/4292"}],"collection":[{"href":"https:\/\/www.factorenergia.com\/ca\/wp-json\/wp\/v2\/pages"}],"about":[{"href":"https:\/\/www.factorenergia.com\/ca\/wp-json\/wp\/v2\/types\/page"}],"author":[{"embeddable":true,"href":"https:\/\/www.factorenergia.com\/ca\/wp-json\/wp\/v2\/users\/12"}],"replies":[{"embeddable":true,"href":"https:\/\/www.factorenergia.com\/ca\/wp-json\/wp\/v2\/comments?post=4292"}],"version-history":[{"count":180,"href":"https:\/\/www.factorenergia.com\/ca\/wp-json\/wp\/v2\/pages\/4292\/revisions"}],"predecessor-version":[{"id":31020,"href":"https:\/\/www.factorenergia.com\/ca\/wp-json\/wp\/v2\/pages\/4292\/revisions\/31020"}],"up":[{"embeddable":true,"href":"https:\/\/www.factorenergia.com\/ca\/wp-json\/wp\/v2\/pages\/4792"}],"wp:attachment":[{"href":"https:\/\/www.factorenergia.com\/ca\/wp-json\/wp\/v2\/media?parent=4292"}],"wp:term":[{"taxonomy":"category","embeddable":true,"href":"https:\/\/www.factorenergia.com\/ca\/wp-json\/wp\/v2\/categories?post=4292"},{"taxonomy":"post_tag","embeddable":true,"href":"https:\/\/www.factorenergia.com\/ca\/wp-json\/wp\/v2\/tags?post=4292"}],"curies":[{"name":"wp","href":"https:\/\/api.w.org\/{rel}","templated":true}]}}