{"id":3363,"date":"2017-06-12T17:54:17","date_gmt":"2017-06-12T15:54:17","guid":{"rendered":"https:\/\/www.factorenergia.com\/ca\/?page_id=3363"},"modified":"2024-09-20T13:18:46","modified_gmt":"2024-09-20T11:18:46","slug":"instalar-punts-recarrega","status":"publish","type":"page","link":"https:\/\/www.factorenergia.com\/ca\/instalar-punts-recarrega\/","title":{"rendered":"Vehicle el\u00e8ctric"},"content":{"rendered":"<p>Volem que la teva \u00fanica tasca amb el cotxe el\u00e8ctric sigui conduir-lo, i per aix\u00f2, t&#8217;oferim una soluci\u00f3 integral que va des de l&#8217;assessorament fins a la instal\u00b7laci\u00f3 del punt de rec\u00e0rrega, passant per la gesti\u00f3, optimitzaci\u00f3 de pot\u00e8ncia i subministrament amb la tarifa que m\u00e9s et convingui.<\/p>\n<p>&nbsp;<\/p>\n<p>A m\u00e9s, si necessiteu una instal\u00b7laci\u00f3 compartida, repartirem els costos i controlarem l&#8217;acc\u00e9s i el consum.<\/p>\n<p>&nbsp;<\/p>\n<p><strong style=\"color: #2c67f3;\">Nosaltres ho gestionem tot perqu\u00e8 tu nom\u00e9s hagis de gaudir-ne.<\/strong><\/p>\n","protected":false},"excerpt":{"rendered":"<p>Volem que la teva \u00fanica tasca amb el cotxe el\u00e8ctric sigui conduir-lo, i per aix\u00f2, t&#8217;oferim una soluci\u00f3 integral que va des de l&#8217;assessorament fins a la instal\u00b7laci\u00f3 del punt de rec\u00e0rrega, passant per la gesti\u00f3, optimitzaci\u00f3 de pot\u00e8ncia i subministrament amb la tarifa que m\u00e9s et convingui. &nbsp; A m\u00e9s, si necessiteu una instal\u00b7laci\u00f3 [&hellip;]<\/p>\n","protected":false},"author":12,"featured_media":0,"parent":0,"menu_order":5,"comment_status":"closed","ping_status":"closed","template":"templates\/coche-electrico.php","meta":{"inline_featured_image":false,"footnotes":""},"categories":[12],"tags":[],"acf":[],"yoast_head":"<!-- This site is optimized with the Yoast SEO plugin v22.2 - https:\/\/yoast.com\/wordpress\/plugins\/seo\/ -->\n<title>Cotxe El\u00e8ctric, mobilitat sostenible | factorenergia<\/title>\n<meta name=\"description\" content=\"Gestionem tot perqu\u00e8 et sumis a la mobilitat sostenible amb el cotxe el\u00e8ctric: punt de recarrega, optimitzaci\u00f3 de pot\u00e8ncia i tarifa de llum adaptada.\" \/>\n<meta name=\"robots\" content=\"index, follow, max-snippet:-1, max-image-preview:large, max-video-preview:-1\" \/>\n<link rel=\"canonical\" href=\"https:\/\/www.factorenergia.com\/ca\/instalar-punts-recarrega\/\" \/>\n<meta name=\"twitter:card\" content=\"summary_large_image\" \/>\n<meta name=\"twitter:title\" content=\"Cotxe El\u00e8ctric, mobilitat sostenible | factorenergia\" \/>\n<meta name=\"twitter:description\" content=\"Gestionem tot perqu\u00e8 et sumis a la mobilitat sostenible amb el cotxe el\u00e8ctric: punt de recarrega, optimitzaci\u00f3 de pot\u00e8ncia i tarifa de llum adaptada.\" \/>\n<meta name=\"twitter:site\" content=\"@factorenergia\" \/>\n<meta name=\"twitter:label1\" content=\"Est. reading time\" \/>\n\t<meta name=\"twitter:data1\" content=\"1 minute\" \/>\n<script type=\"application\/ld+json\" class=\"yoast-schema-graph\">{\"@context\":\"https:\/\/schema.org\",\"@graph\":[{\"@type\":\"WebPage\",\"@id\":\"https:\/\/www.factorenergia.com\/ca\/instalar-punts-recarrega\/\",\"url\":\"https:\/\/www.factorenergia.com\/ca\/instalar-punts-recarrega\/\",\"name\":\"Cotxe El\u00e8ctric, mobilitat sostenible | factorenergia\",\"isPartOf\":{\"@id\":\"https:\/\/www.factorenergia.com\/es\/#website\"},\"datePublished\":\"2017-06-12T15:54:17+00:00\",\"dateModified\":\"2024-09-20T11:18:46+00:00\",\"description\":\"Gestionem tot perqu\u00e8 et sumis a la mobilitat sostenible amb el cotxe el\u00e8ctric: punt de recarrega, optimitzaci\u00f3 de pot\u00e8ncia i tarifa de llum adaptada.\",\"breadcrumb\":{\"@id\":\"https:\/\/www.factorenergia.com\/ca\/instalar-punts-recarrega\/#breadcrumb\"},\"inLanguage\":\"ca\",\"potentialAction\":[{\"@type\":\"ReadAction\",\"target\":[\"https:\/\/www.factorenergia.com\/ca\/instalar-punts-recarrega\/\"]}]},{\"@type\":\"BreadcrumbList\",\"@id\":\"https:\/\/www.factorenergia.com\/ca\/instalar-punts-recarrega\/#breadcrumb\",\"itemListElement\":[{\"@type\":\"ListItem\",\"position\":1,\"name\":\"Portada\",\"item\":\"https:\/\/www.factorenergia.com\/ca\/\"},{\"@type\":\"ListItem\",\"position\":2,\"name\":\"Vehicle el\u00e8ctric\"}]},{\"@type\":\"WebSite\",\"@id\":\"https:\/\/www.factorenergia.com\/es\/#website\",\"url\":\"https:\/\/www.factorenergia.com\/es\/\",\"name\":\"factorenergia\",\"description\":\"factorenergia\",\"potentialAction\":[{\"@type\":\"SearchAction\",\"target\":{\"@type\":\"EntryPoint\",\"urlTemplate\":\"https:\/\/www.factorenergia.com\/es\/?s={search_term_string}\"},\"query-input\":\"required name=search_term_string\"}],\"inLanguage\":\"ca\"}]}<\/script>\n<!-- \/ Yoast SEO plugin. -->","yoast_head_json":{"title":"Cotxe El\u00e8ctric, mobilitat sostenible | factorenergia","description":"Gestionem tot perqu\u00e8 et sumis a la mobilitat sostenible amb el cotxe el\u00e8ctric: punt de recarrega, optimitzaci\u00f3 de pot\u00e8ncia i tarifa de llum adaptada.","robots":{"index":"index","follow":"follow","max-snippet":"max-snippet:-1","max-image-preview":"max-image-preview:large","max-video-preview":"max-video-preview:-1"},"canonical":"https:\/\/www.factorenergia.com\/ca\/instalar-punts-recarrega\/","twitter_card":"summary_large_image","twitter_title":"Cotxe El\u00e8ctric, mobilitat sostenible | factorenergia","twitter_description":"Gestionem tot perqu\u00e8 et sumis a la mobilitat sostenible amb el cotxe el\u00e8ctric: punt de recarrega, optimitzaci\u00f3 de pot\u00e8ncia i tarifa de llum adaptada.","twitter_site":"@factorenergia","twitter_misc":{"Est. reading time":"1 minute"},"schema":{"@context":"https:\/\/schema.org","@graph":[{"@type":"WebPage","@id":"https:\/\/www.factorenergia.com\/ca\/instalar-punts-recarrega\/","url":"https:\/\/www.factorenergia.com\/ca\/instalar-punts-recarrega\/","name":"Cotxe El\u00e8ctric, mobilitat sostenible | factorenergia","isPartOf":{"@id":"https:\/\/www.factorenergia.com\/es\/#website"},"datePublished":"2017-06-12T15:54:17+00:00","dateModified":"2024-09-20T11:18:46+00:00","description":"Gestionem tot perqu\u00e8 et sumis a la mobilitat sostenible amb el cotxe el\u00e8ctric: punt de recarrega, optimitzaci\u00f3 de pot\u00e8ncia i tarifa de llum adaptada.","breadcrumb":{"@id":"https:\/\/www.factorenergia.com\/ca\/instalar-punts-recarrega\/#breadcrumb"},"inLanguage":"ca","potentialAction":[{"@type":"ReadAction","target":["https:\/\/www.factorenergia.com\/ca\/instalar-punts-recarrega\/"]}]},{"@type":"BreadcrumbList","@id":"https:\/\/www.factorenergia.com\/ca\/instalar-punts-recarrega\/#breadcrumb","itemListElement":[{"@type":"ListItem","position":1,"name":"Portada","item":"https:\/\/www.factorenergia.com\/ca\/"},{"@type":"ListItem","position":2,"name":"Vehicle el\u00e8ctric"}]},{"@type":"WebSite","@id":"https:\/\/www.factorenergia.com\/es\/#website","url":"https:\/\/www.factorenergia.com\/es\/","name":"factorenergia","description":"factorenergia","potentialAction":[{"@type":"SearchAction","target":{"@type":"EntryPoint","urlTemplate":"https:\/\/www.factorenergia.com\/es\/?s={search_term_string}"},"query-input":"required name=search_term_string"}],"inLanguage":"ca"}]}},"_links":{"self":[{"href":"https:\/\/www.factorenergia.com\/ca\/wp-json\/wp\/v2\/pages\/3363"}],"collection":[{"href":"https:\/\/www.factorenergia.com\/ca\/wp-json\/wp\/v2\/pages"}],"about":[{"href":"https:\/\/www.factorenergia.com\/ca\/wp-json\/wp\/v2\/types\/page"}],"author":[{"embeddable":true,"href":"https:\/\/www.factorenergia.com\/ca\/wp-json\/wp\/v2\/users\/12"}],"replies":[{"embeddable":true,"href":"https:\/\/www.factorenergia.com\/ca\/wp-json\/wp\/v2\/comments?post=3363"}],"version-history":[{"count":23,"href":"https:\/\/www.factorenergia.com\/ca\/wp-json\/wp\/v2\/pages\/3363\/revisions"}],"predecessor-version":[{"id":26249,"href":"https:\/\/www.factorenergia.com\/ca\/wp-json\/wp\/v2\/pages\/3363\/revisions\/26249"}],"wp:attachment":[{"href":"https:\/\/www.factorenergia.com\/ca\/wp-json\/wp\/v2\/media?parent=3363"}],"wp:term":[{"taxonomy":"category","embeddable":true,"href":"https:\/\/www.factorenergia.com\/ca\/wp-json\/wp\/v2\/categories?post=3363"},{"taxonomy":"post_tag","embeddable":true,"href":"https:\/\/www.factorenergia.com\/ca\/wp-json\/wp\/v2\/tags?post=3363"}],"curies":[{"name":"wp","href":"https:\/\/api.w.org\/{rel}","templated":true}]}}