{"id":28618,"date":"2025-07-18T13:47:41","date_gmt":"2025-07-18T11:47:41","guid":{"rendered":"https:\/\/www.factorenergia.com\/ca\/?page_id=28618"},"modified":"2025-07-18T14:21:58","modified_gmt":"2025-07-18T12:21:58","slug":"preu-llum-hora","status":"publish","type":"page","link":"https:\/\/www.factorenergia.com\/ca\/preu-llum-hora\/","title":{"rendered":"Preu LLum Hora"},"content":{"rendered":"","protected":false},"excerpt":{"rendered":"","protected":false},"author":29,"featured_media":0,"parent":0,"menu_order":0,"comment_status":"closed","ping_status":"closed","template":"templates\/precio-luz-hora.php","meta":{"inline_featured_image":false,"footnotes":""},"categories":[],"tags":[],"acf":[],"yoast_head":"<!-- This site is optimized with the Yoast SEO plugin v22.2 - https:\/\/yoast.com\/wordpress\/plugins\/seo\/ -->\n<title>Quan \u00e9s m\u00e9s barata la llum avui? Preu hora a hora actualitzat<\/title>\n<meta name=\"description\" content=\"Descobreix quan \u00e9s m\u00e9s barata la llum i com estalviar en la teva factura. Consulta el preu de la llum per hores i el cost del kWh avui. Actualitzat di\u00e0riament!\" \/>\n<meta name=\"robots\" content=\"index, follow, max-snippet:-1, max-image-preview:large, max-video-preview:-1\" \/>\n<link rel=\"canonical\" href=\"https:\/\/www.factorenergia.com\/ca\/preu-llum-hora\/\" \/>\n<meta name=\"twitter:card\" content=\"summary_large_image\" \/>\n<meta name=\"twitter:title\" content=\"Quan \u00e9s m\u00e9s barata la llum avui? Preu hora a hora actualitzat\" \/>\n<meta name=\"twitter:description\" content=\"Descobreix quan \u00e9s m\u00e9s barata la llum i com estalviar en la teva factura. Consulta el preu de la llum per hores i el cost del kWh avui. Actualitzat di\u00e0riament!\" \/>\n<meta name=\"twitter:site\" content=\"@factorenergia\" \/>\n<script type=\"application\/ld+json\" class=\"yoast-schema-graph\">{\"@context\":\"https:\/\/schema.org\",\"@graph\":[{\"@type\":\"WebPage\",\"@id\":\"https:\/\/www.factorenergia.com\/ca\/preu-llum-hora\/\",\"url\":\"https:\/\/www.factorenergia.com\/ca\/preu-llum-hora\/\",\"name\":\"Quan \u00e9s m\u00e9s barata la llum avui? Preu hora a hora actualitzat\",\"isPartOf\":{\"@id\":\"https:\/\/www.factorenergia.com\/es\/#website\"},\"datePublished\":\"2025-07-18T11:47:41+00:00\",\"dateModified\":\"2025-07-18T12:21:58+00:00\",\"description\":\"Descobreix quan \u00e9s m\u00e9s barata la llum i com estalviar en la teva factura. Consulta el preu de la llum per hores i el cost del kWh avui. Actualitzat di\u00e0riament!\",\"breadcrumb\":{\"@id\":\"https:\/\/www.factorenergia.com\/ca\/preu-llum-hora\/#breadcrumb\"},\"inLanguage\":\"ca\",\"potentialAction\":[{\"@type\":\"ReadAction\",\"target\":[\"https:\/\/www.factorenergia.com\/ca\/preu-llum-hora\/\"]}]},{\"@type\":\"BreadcrumbList\",\"@id\":\"https:\/\/www.factorenergia.com\/ca\/preu-llum-hora\/#breadcrumb\",\"itemListElement\":[{\"@type\":\"ListItem\",\"position\":1,\"name\":\"Portada\",\"item\":\"https:\/\/www.factorenergia.com\/ca\/\"},{\"@type\":\"ListItem\",\"position\":2,\"name\":\"Preu LLum Hora\"}]},{\"@type\":\"WebSite\",\"@id\":\"https:\/\/www.factorenergia.com\/es\/#website\",\"url\":\"https:\/\/www.factorenergia.com\/es\/\",\"name\":\"factorenergia\",\"description\":\"factorenergia\",\"potentialAction\":[{\"@type\":\"SearchAction\",\"target\":{\"@type\":\"EntryPoint\",\"urlTemplate\":\"https:\/\/www.factorenergia.com\/es\/?s={search_term_string}\"},\"query-input\":\"required name=search_term_string\"}],\"inLanguage\":\"ca\"}]}<\/script>\n<!-- \/ Yoast SEO plugin. -->","yoast_head_json":{"title":"Quan \u00e9s m\u00e9s barata la llum avui? Preu hora a hora actualitzat","description":"Descobreix quan \u00e9s m\u00e9s barata la llum i com estalviar en la teva factura. Consulta el preu de la llum per hores i el cost del kWh avui. Actualitzat di\u00e0riament!","robots":{"index":"index","follow":"follow","max-snippet":"max-snippet:-1","max-image-preview":"max-image-preview:large","max-video-preview":"max-video-preview:-1"},"canonical":"https:\/\/www.factorenergia.com\/ca\/preu-llum-hora\/","twitter_card":"summary_large_image","twitter_title":"Quan \u00e9s m\u00e9s barata la llum avui? Preu hora a hora actualitzat","twitter_description":"Descobreix quan \u00e9s m\u00e9s barata la llum i com estalviar en la teva factura. Consulta el preu de la llum per hores i el cost del kWh avui. Actualitzat di\u00e0riament!","twitter_site":"@factorenergia","schema":{"@context":"https:\/\/schema.org","@graph":[{"@type":"WebPage","@id":"https:\/\/www.factorenergia.com\/ca\/preu-llum-hora\/","url":"https:\/\/www.factorenergia.com\/ca\/preu-llum-hora\/","name":"Quan \u00e9s m\u00e9s barata la llum avui? Preu hora a hora actualitzat","isPartOf":{"@id":"https:\/\/www.factorenergia.com\/es\/#website"},"datePublished":"2025-07-18T11:47:41+00:00","dateModified":"2025-07-18T12:21:58+00:00","description":"Descobreix quan \u00e9s m\u00e9s barata la llum i com estalviar en la teva factura. Consulta el preu de la llum per hores i el cost del kWh avui. Actualitzat di\u00e0riament!","breadcrumb":{"@id":"https:\/\/www.factorenergia.com\/ca\/preu-llum-hora\/#breadcrumb"},"inLanguage":"ca","potentialAction":[{"@type":"ReadAction","target":["https:\/\/www.factorenergia.com\/ca\/preu-llum-hora\/"]}]},{"@type":"BreadcrumbList","@id":"https:\/\/www.factorenergia.com\/ca\/preu-llum-hora\/#breadcrumb","itemListElement":[{"@type":"ListItem","position":1,"name":"Portada","item":"https:\/\/www.factorenergia.com\/ca\/"},{"@type":"ListItem","position":2,"name":"Preu LLum Hora"}]},{"@type":"WebSite","@id":"https:\/\/www.factorenergia.com\/es\/#website","url":"https:\/\/www.factorenergia.com\/es\/","name":"factorenergia","description":"factorenergia","potentialAction":[{"@type":"SearchAction","target":{"@type":"EntryPoint","urlTemplate":"https:\/\/www.factorenergia.com\/es\/?s={search_term_string}"},"query-input":"required name=search_term_string"}],"inLanguage":"ca"}]}},"_links":{"self":[{"href":"https:\/\/www.factorenergia.com\/ca\/wp-json\/wp\/v2\/pages\/28618"}],"collection":[{"href":"https:\/\/www.factorenergia.com\/ca\/wp-json\/wp\/v2\/pages"}],"about":[{"href":"https:\/\/www.factorenergia.com\/ca\/wp-json\/wp\/v2\/types\/page"}],"author":[{"embeddable":true,"href":"https:\/\/www.factorenergia.com\/ca\/wp-json\/wp\/v2\/users\/29"}],"replies":[{"embeddable":true,"href":"https:\/\/www.factorenergia.com\/ca\/wp-json\/wp\/v2\/comments?post=28618"}],"version-history":[{"count":1,"href":"https:\/\/www.factorenergia.com\/ca\/wp-json\/wp\/v2\/pages\/28618\/revisions"}],"predecessor-version":[{"id":28619,"href":"https:\/\/www.factorenergia.com\/ca\/wp-json\/wp\/v2\/pages\/28618\/revisions\/28619"}],"wp:attachment":[{"href":"https:\/\/www.factorenergia.com\/ca\/wp-json\/wp\/v2\/media?parent=28618"}],"wp:term":[{"taxonomy":"category","embeddable":true,"href":"https:\/\/www.factorenergia.com\/ca\/wp-json\/wp\/v2\/categories?post=28618"},{"taxonomy":"post_tag","embeddable":true,"href":"https:\/\/www.factorenergia.com\/ca\/wp-json\/wp\/v2\/tags?post=28618"}],"curies":[{"name":"wp","href":"https:\/\/api.w.org\/{rel}","templated":true}]}}