{"id":27667,"date":"2025-03-18T19:00:58","date_gmt":"2025-03-18T17:00:58","guid":{"rendered":"https:\/\/www.factorenergia.com\/ca\/?page_id=27667"},"modified":"2025-03-20T13:00:33","modified_gmt":"2025-03-20T11:00:33","slug":"tarifa-fixa-llum-preu-unic-superior-15kw","status":"publish","type":"page","link":"https:\/\/www.factorenergia.com\/ca\/negocis\/tarifa-fixa-llum-preu-unic-superior-15kw\/","title":{"rendered":"Tarifa fixa de llum preu \u00fanic superior a 15Kw"},"content":{"rendered":"<p>Aquesta tarifa de llum est\u00e0 pensada negocis amb pot\u00e8ncies superiors a 15 kW i no desitgen sorpreses ni sobresalts. Paga sempre el mateix preu del kWh tot l&#8217;any i a qualsevol hora.<\/p>\n","protected":false},"excerpt":{"rendered":"<p>Aquesta tarifa de llum est\u00e0 pensada negocis amb pot\u00e8ncies superiors a 15 kW i no desitgen sorpreses ni sobresalts. Paga sempre el mateix preu del kWh tot l&#8217;any i a qualsevol hora.<\/p>\n","protected":false},"author":5,"featured_media":0,"parent":10687,"menu_order":0,"comment_status":"closed","ping_status":"closed","template":"templates\/tarifas.php","meta":{"inline_featured_image":false,"footnotes":""},"categories":[],"tags":[],"acf":[],"yoast_head":"<!-- This site is optimized with the Yoast SEO plugin v22.2 - https:\/\/yoast.com\/wordpress\/plugins\/seo\/ -->\n<title>Tarifa fixa de llum preu \u00fanic superior a 15Kw | factorenergia<\/title>\n<meta name=\"robots\" content=\"index, follow, max-snippet:-1, max-image-preview:large, max-video-preview:-1\" \/>\n<link rel=\"canonical\" href=\"https:\/\/www.factorenergia.com\/ca\/negocis\/tarifa-fixa-llum-preu-unic-superior-15kw\/\" \/>\n<meta name=\"twitter:card\" content=\"summary_large_image\" \/>\n<meta name=\"twitter:title\" content=\"Tarifa fixa de llum preu \u00fanic superior a 15Kw | factorenergia\" \/>\n<meta name=\"twitter:site\" content=\"@factorenergia\" \/>\n<meta name=\"twitter:label1\" content=\"Est. reading time\" \/>\n\t<meta name=\"twitter:data1\" content=\"1 minute\" \/>\n<script type=\"application\/ld+json\" class=\"yoast-schema-graph\">{\"@context\":\"https:\/\/schema.org\",\"@graph\":[{\"@type\":\"WebPage\",\"@id\":\"https:\/\/www.factorenergia.com\/ca\/negocis\/tarifa-fixa-llum-preu-unic-superior-15kw\/\",\"url\":\"https:\/\/www.factorenergia.com\/ca\/negocis\/tarifa-fixa-llum-preu-unic-superior-15kw\/\",\"name\":\"Tarifa fixa de llum preu \u00fanic superior a 15Kw | factorenergia\",\"isPartOf\":{\"@id\":\"https:\/\/www.factorenergia.com\/es\/#website\"},\"datePublished\":\"2025-03-18T17:00:58+00:00\",\"dateModified\":\"2025-03-20T11:00:33+00:00\",\"breadcrumb\":{\"@id\":\"https:\/\/www.factorenergia.com\/ca\/negocis\/tarifa-fixa-llum-preu-unic-superior-15kw\/#breadcrumb\"},\"inLanguage\":\"ca\",\"potentialAction\":[{\"@type\":\"ReadAction\",\"target\":[\"https:\/\/www.factorenergia.com\/ca\/negocis\/tarifa-fixa-llum-preu-unic-superior-15kw\/\"]}]},{\"@type\":\"BreadcrumbList\",\"@id\":\"https:\/\/www.factorenergia.com\/ca\/negocis\/tarifa-fixa-llum-preu-unic-superior-15kw\/#breadcrumb\",\"itemListElement\":[{\"@type\":\"ListItem\",\"position\":1,\"name\":\"Portada\",\"item\":\"https:\/\/www.factorenergia.com\/ca\/\"},{\"@type\":\"ListItem\",\"position\":2,\"name\":\"Negocis\",\"item\":\"https:\/\/www.factorenergia.com\/ca\/negocis\/\"},{\"@type\":\"ListItem\",\"position\":3,\"name\":\"Tarifa fixa de llum preu \u00fanic superior a 15Kw\"}]},{\"@type\":\"WebSite\",\"@id\":\"https:\/\/www.factorenergia.com\/es\/#website\",\"url\":\"https:\/\/www.factorenergia.com\/es\/\",\"name\":\"factorenergia\",\"description\":\"factorenergia\",\"potentialAction\":[{\"@type\":\"SearchAction\",\"target\":{\"@type\":\"EntryPoint\",\"urlTemplate\":\"https:\/\/www.factorenergia.com\/es\/?s={search_term_string}\"},\"query-input\":\"required name=search_term_string\"}],\"inLanguage\":\"ca\"}]}<\/script>\n<!-- \/ Yoast SEO plugin. -->","yoast_head_json":{"title":"Tarifa fixa de llum preu \u00fanic superior a 15Kw | factorenergia","robots":{"index":"index","follow":"follow","max-snippet":"max-snippet:-1","max-image-preview":"max-image-preview:large","max-video-preview":"max-video-preview:-1"},"canonical":"https:\/\/www.factorenergia.com\/ca\/negocis\/tarifa-fixa-llum-preu-unic-superior-15kw\/","twitter_card":"summary_large_image","twitter_title":"Tarifa fixa de llum preu \u00fanic superior a 15Kw | factorenergia","twitter_site":"@factorenergia","twitter_misc":{"Est. reading time":"1 minute"},"schema":{"@context":"https:\/\/schema.org","@graph":[{"@type":"WebPage","@id":"https:\/\/www.factorenergia.com\/ca\/negocis\/tarifa-fixa-llum-preu-unic-superior-15kw\/","url":"https:\/\/www.factorenergia.com\/ca\/negocis\/tarifa-fixa-llum-preu-unic-superior-15kw\/","name":"Tarifa fixa de llum preu \u00fanic superior a 15Kw | factorenergia","isPartOf":{"@id":"https:\/\/www.factorenergia.com\/es\/#website"},"datePublished":"2025-03-18T17:00:58+00:00","dateModified":"2025-03-20T11:00:33+00:00","breadcrumb":{"@id":"https:\/\/www.factorenergia.com\/ca\/negocis\/tarifa-fixa-llum-preu-unic-superior-15kw\/#breadcrumb"},"inLanguage":"ca","potentialAction":[{"@type":"ReadAction","target":["https:\/\/www.factorenergia.com\/ca\/negocis\/tarifa-fixa-llum-preu-unic-superior-15kw\/"]}]},{"@type":"BreadcrumbList","@id":"https:\/\/www.factorenergia.com\/ca\/negocis\/tarifa-fixa-llum-preu-unic-superior-15kw\/#breadcrumb","itemListElement":[{"@type":"ListItem","position":1,"name":"Portada","item":"https:\/\/www.factorenergia.com\/ca\/"},{"@type":"ListItem","position":2,"name":"Negocis","item":"https:\/\/www.factorenergia.com\/ca\/negocis\/"},{"@type":"ListItem","position":3,"name":"Tarifa fixa de llum preu \u00fanic superior a 15Kw"}]},{"@type":"WebSite","@id":"https:\/\/www.factorenergia.com\/es\/#website","url":"https:\/\/www.factorenergia.com\/es\/","name":"factorenergia","description":"factorenergia","potentialAction":[{"@type":"SearchAction","target":{"@type":"EntryPoint","urlTemplate":"https:\/\/www.factorenergia.com\/es\/?s={search_term_string}"},"query-input":"required name=search_term_string"}],"inLanguage":"ca"}]}},"_links":{"self":[{"href":"https:\/\/www.factorenergia.com\/ca\/wp-json\/wp\/v2\/pages\/27667"}],"collection":[{"href":"https:\/\/www.factorenergia.com\/ca\/wp-json\/wp\/v2\/pages"}],"about":[{"href":"https:\/\/www.factorenergia.com\/ca\/wp-json\/wp\/v2\/types\/page"}],"author":[{"embeddable":true,"href":"https:\/\/www.factorenergia.com\/ca\/wp-json\/wp\/v2\/users\/5"}],"replies":[{"embeddable":true,"href":"https:\/\/www.factorenergia.com\/ca\/wp-json\/wp\/v2\/comments?post=27667"}],"version-history":[{"count":5,"href":"https:\/\/www.factorenergia.com\/ca\/wp-json\/wp\/v2\/pages\/27667\/revisions"}],"predecessor-version":[{"id":27685,"href":"https:\/\/www.factorenergia.com\/ca\/wp-json\/wp\/v2\/pages\/27667\/revisions\/27685"}],"up":[{"embeddable":true,"href":"https:\/\/www.factorenergia.com\/ca\/wp-json\/wp\/v2\/pages\/10687"}],"wp:attachment":[{"href":"https:\/\/www.factorenergia.com\/ca\/wp-json\/wp\/v2\/media?parent=27667"}],"wp:term":[{"taxonomy":"category","embeddable":true,"href":"https:\/\/www.factorenergia.com\/ca\/wp-json\/wp\/v2\/categories?post=27667"},{"taxonomy":"post_tag","embeddable":true,"href":"https:\/\/www.factorenergia.com\/ca\/wp-json\/wp\/v2\/tags?post=27667"}],"curies":[{"name":"wp","href":"https:\/\/api.w.org\/{rel}","templated":true}]}}