{"id":27652,"date":"2025-03-18T17:53:45","date_gmt":"2025-03-18T15:53:45","guid":{"rendered":"https:\/\/www.factorenergia.com\/ca\/?page_id=27652"},"modified":"2025-08-04T09:42:40","modified_gmt":"2025-08-04T07:42:40","slug":"tarifa-fixa-llum-preu-unic-fins-15kw","status":"publish","type":"page","link":"https:\/\/www.factorenergia.com\/ca\/negocis\/tarifa-fixa-llum-preu-unic-fins-15kw\/","title":{"rendered":"Tarifa fixa de llum a preu \u00fanic fins 15Kw"},"content":{"rendered":"<p>Aquesta tarifa de llum est\u00e0 pensada negocis amb pot\u00e8ncies inferiors o iguals a 15 kW i no desitgen sorpreses ni sobresalts. Paga sempre el mateix preu del kWh tot l&#8217;any i a qualsevol hora.<\/p>\n","protected":false},"excerpt":{"rendered":"<p>Aquesta tarifa de llum est\u00e0 pensada negocis amb pot\u00e8ncies inferiors o iguals a 15 kW i no desitgen sorpreses ni sobresalts. Paga sempre el mateix preu del kWh tot l&#8217;any i a qualsevol hora.<\/p>\n","protected":false},"author":5,"featured_media":0,"parent":10687,"menu_order":0,"comment_status":"closed","ping_status":"closed","template":"templates\/tarifas.php","meta":{"inline_featured_image":false,"footnotes":""},"categories":[],"tags":[],"acf":[],"yoast_head":"<!-- This site is optimized with the Yoast SEO plugin v22.2 - https:\/\/yoast.com\/wordpress\/plugins\/seo\/ -->\n<title>Tarifa fixa de llum per a negocis +15kW \u2013 Preu \u00fanic i estable tot l\u2019any | Factorenergia<\/title>\n<meta name=\"description\" content=\"Contracta la tarifa fixa de llum per a empreses amb pot\u00e8ncia superior a 15kW i paga sempre el mateix preu del kWh tot l\u2019any, sense sorpreses. Estabilitat de preus, gesti\u00f3 online i energia verda amb Factorenergia.\" \/>\n<meta name=\"robots\" content=\"index, follow, max-snippet:-1, max-image-preview:large, max-video-preview:-1\" \/>\n<link rel=\"canonical\" href=\"https:\/\/www.factorenergia.com\/ca\/negocis\/tarifa-fixa-llum-preu-unic-fins-15kw\/\" \/>\n<meta name=\"twitter:card\" content=\"summary_large_image\" \/>\n<meta name=\"twitter:title\" content=\"Tarifa fixa de llum per a negocis +15kW \u2013 Preu \u00fanic i estable tot l\u2019any | Factorenergia\" \/>\n<meta name=\"twitter:description\" content=\"Contracta la tarifa fixa de llum per a empreses amb pot\u00e8ncia superior a 15kW i paga sempre el mateix preu del kWh tot l\u2019any, sense sorpreses. Estabilitat de preus, gesti\u00f3 online i energia verda amb Factorenergia.\" \/>\n<meta name=\"twitter:site\" content=\"@factorenergia\" \/>\n<meta name=\"twitter:label1\" content=\"Est. reading time\" \/>\n\t<meta name=\"twitter:data1\" content=\"1 minute\" \/>\n<script type=\"application\/ld+json\" class=\"yoast-schema-graph\">{\"@context\":\"https:\/\/schema.org\",\"@graph\":[{\"@type\":\"WebPage\",\"@id\":\"https:\/\/www.factorenergia.com\/ca\/negocis\/tarifa-fixa-llum-preu-unic-fins-15kw\/\",\"url\":\"https:\/\/www.factorenergia.com\/ca\/negocis\/tarifa-fixa-llum-preu-unic-fins-15kw\/\",\"name\":\"Tarifa fixa de llum per a negocis +15kW \u2013 Preu \u00fanic i estable tot l\u2019any | Factorenergia\",\"isPartOf\":{\"@id\":\"https:\/\/www.factorenergia.com\/es\/#website\"},\"datePublished\":\"2025-03-18T15:53:45+00:00\",\"dateModified\":\"2025-08-04T07:42:40+00:00\",\"description\":\"Contracta la tarifa fixa de llum per a empreses amb pot\u00e8ncia superior a 15kW i paga sempre el mateix preu del kWh tot l\u2019any, sense sorpreses. Estabilitat de preus, gesti\u00f3 online i energia verda amb Factorenergia.\",\"breadcrumb\":{\"@id\":\"https:\/\/www.factorenergia.com\/ca\/negocis\/tarifa-fixa-llum-preu-unic-fins-15kw\/#breadcrumb\"},\"inLanguage\":\"ca\",\"potentialAction\":[{\"@type\":\"ReadAction\",\"target\":[\"https:\/\/www.factorenergia.com\/ca\/negocis\/tarifa-fixa-llum-preu-unic-fins-15kw\/\"]}]},{\"@type\":\"BreadcrumbList\",\"@id\":\"https:\/\/www.factorenergia.com\/ca\/negocis\/tarifa-fixa-llum-preu-unic-fins-15kw\/#breadcrumb\",\"itemListElement\":[{\"@type\":\"ListItem\",\"position\":1,\"name\":\"Portada\",\"item\":\"https:\/\/www.factorenergia.com\/ca\/\"},{\"@type\":\"ListItem\",\"position\":2,\"name\":\"Negocis\",\"item\":\"https:\/\/www.factorenergia.com\/ca\/negocis\/\"},{\"@type\":\"ListItem\",\"position\":3,\"name\":\"Tarifa fixa de llum a preu \u00fanic fins 15Kw\"}]},{\"@type\":\"WebSite\",\"@id\":\"https:\/\/www.factorenergia.com\/es\/#website\",\"url\":\"https:\/\/www.factorenergia.com\/es\/\",\"name\":\"factorenergia\",\"description\":\"factorenergia\",\"potentialAction\":[{\"@type\":\"SearchAction\",\"target\":{\"@type\":\"EntryPoint\",\"urlTemplate\":\"https:\/\/www.factorenergia.com\/es\/?s={search_term_string}\"},\"query-input\":\"required name=search_term_string\"}],\"inLanguage\":\"ca\"}]}<\/script>\n<!-- \/ Yoast SEO plugin. -->","yoast_head_json":{"title":"Tarifa fixa de llum per a negocis +15kW \u2013 Preu \u00fanic i estable tot l\u2019any | Factorenergia","description":"Contracta la tarifa fixa de llum per a empreses amb pot\u00e8ncia superior a 15kW i paga sempre el mateix preu del kWh tot l\u2019any, sense sorpreses. Estabilitat de preus, gesti\u00f3 online i energia verda amb Factorenergia.","robots":{"index":"index","follow":"follow","max-snippet":"max-snippet:-1","max-image-preview":"max-image-preview:large","max-video-preview":"max-video-preview:-1"},"canonical":"https:\/\/www.factorenergia.com\/ca\/negocis\/tarifa-fixa-llum-preu-unic-fins-15kw\/","twitter_card":"summary_large_image","twitter_title":"Tarifa fixa de llum per a negocis +15kW \u2013 Preu \u00fanic i estable tot l\u2019any | Factorenergia","twitter_description":"Contracta la tarifa fixa de llum per a empreses amb pot\u00e8ncia superior a 15kW i paga sempre el mateix preu del kWh tot l\u2019any, sense sorpreses. Estabilitat de preus, gesti\u00f3 online i energia verda amb Factorenergia.","twitter_site":"@factorenergia","twitter_misc":{"Est. reading time":"1 minute"},"schema":{"@context":"https:\/\/schema.org","@graph":[{"@type":"WebPage","@id":"https:\/\/www.factorenergia.com\/ca\/negocis\/tarifa-fixa-llum-preu-unic-fins-15kw\/","url":"https:\/\/www.factorenergia.com\/ca\/negocis\/tarifa-fixa-llum-preu-unic-fins-15kw\/","name":"Tarifa fixa de llum per a negocis +15kW \u2013 Preu \u00fanic i estable tot l\u2019any | Factorenergia","isPartOf":{"@id":"https:\/\/www.factorenergia.com\/es\/#website"},"datePublished":"2025-03-18T15:53:45+00:00","dateModified":"2025-08-04T07:42:40+00:00","description":"Contracta la tarifa fixa de llum per a empreses amb pot\u00e8ncia superior a 15kW i paga sempre el mateix preu del kWh tot l\u2019any, sense sorpreses. Estabilitat de preus, gesti\u00f3 online i energia verda amb Factorenergia.","breadcrumb":{"@id":"https:\/\/www.factorenergia.com\/ca\/negocis\/tarifa-fixa-llum-preu-unic-fins-15kw\/#breadcrumb"},"inLanguage":"ca","potentialAction":[{"@type":"ReadAction","target":["https:\/\/www.factorenergia.com\/ca\/negocis\/tarifa-fixa-llum-preu-unic-fins-15kw\/"]}]},{"@type":"BreadcrumbList","@id":"https:\/\/www.factorenergia.com\/ca\/negocis\/tarifa-fixa-llum-preu-unic-fins-15kw\/#breadcrumb","itemListElement":[{"@type":"ListItem","position":1,"name":"Portada","item":"https:\/\/www.factorenergia.com\/ca\/"},{"@type":"ListItem","position":2,"name":"Negocis","item":"https:\/\/www.factorenergia.com\/ca\/negocis\/"},{"@type":"ListItem","position":3,"name":"Tarifa fixa de llum a preu \u00fanic fins 15Kw"}]},{"@type":"WebSite","@id":"https:\/\/www.factorenergia.com\/es\/#website","url":"https:\/\/www.factorenergia.com\/es\/","name":"factorenergia","description":"factorenergia","potentialAction":[{"@type":"SearchAction","target":{"@type":"EntryPoint","urlTemplate":"https:\/\/www.factorenergia.com\/es\/?s={search_term_string}"},"query-input":"required name=search_term_string"}],"inLanguage":"ca"}]}},"_links":{"self":[{"href":"https:\/\/www.factorenergia.com\/ca\/wp-json\/wp\/v2\/pages\/27652"}],"collection":[{"href":"https:\/\/www.factorenergia.com\/ca\/wp-json\/wp\/v2\/pages"}],"about":[{"href":"https:\/\/www.factorenergia.com\/ca\/wp-json\/wp\/v2\/types\/page"}],"author":[{"embeddable":true,"href":"https:\/\/www.factorenergia.com\/ca\/wp-json\/wp\/v2\/users\/5"}],"replies":[{"embeddable":true,"href":"https:\/\/www.factorenergia.com\/ca\/wp-json\/wp\/v2\/comments?post=27652"}],"version-history":[{"count":7,"href":"https:\/\/www.factorenergia.com\/ca\/wp-json\/wp\/v2\/pages\/27652\/revisions"}],"predecessor-version":[{"id":27682,"href":"https:\/\/www.factorenergia.com\/ca\/wp-json\/wp\/v2\/pages\/27652\/revisions\/27682"}],"up":[{"embeddable":true,"href":"https:\/\/www.factorenergia.com\/ca\/wp-json\/wp\/v2\/pages\/10687"}],"wp:attachment":[{"href":"https:\/\/www.factorenergia.com\/ca\/wp-json\/wp\/v2\/media?parent=27652"}],"wp:term":[{"taxonomy":"category","embeddable":true,"href":"https:\/\/www.factorenergia.com\/ca\/wp-json\/wp\/v2\/categories?post=27652"},{"taxonomy":"post_tag","embeddable":true,"href":"https:\/\/www.factorenergia.com\/ca\/wp-json\/wp\/v2\/tags?post=27652"}],"curies":[{"name":"wp","href":"https:\/\/api.w.org\/{rel}","templated":true}]}}