{"id":27555,"date":"2025-03-10T14:28:35","date_gmt":"2025-03-10T12:28:35","guid":{"rendered":"https:\/\/www.factorenergia.com\/ca\/?page_id=27555"},"modified":"2025-08-04T09:59:45","modified_gmt":"2025-08-04T07:59:45","slug":"variable-fins-15kw","status":"publish","type":"page","link":"https:\/\/www.factorenergia.com\/ca\/negocis\/variable-fins-15kw\/","title":{"rendered":"Variable fins15kW"},"content":{"rendered":"<p>Aquesta tarifa de llum est\u00e0 pensada negocis amb pot\u00e8ncies inferiors o iguals a 15 kW i volen tenir flexibilitat per a adaptar el seu consum a les hores m\u00e9s barates.<\/p>\n","protected":false},"excerpt":{"rendered":"<p>Aquesta tarifa de llum est\u00e0 pensada negocis amb pot\u00e8ncies inferiors o iguals a 15 kW i volen tenir flexibilitat per a adaptar el seu consum a les hores m\u00e9s barates.<\/p>\n","protected":false},"author":5,"featured_media":0,"parent":10687,"menu_order":0,"comment_status":"closed","ping_status":"closed","template":"templates\/tarifas-negioco-variable.php","meta":{"inline_featured_image":false,"footnotes":""},"categories":[],"tags":[],"acf":[],"yoast_head":"<!-- This site is optimized with the Yoast SEO plugin v22.2 - https:\/\/yoast.com\/wordpress\/plugins\/seo\/ -->\n<title>Tarifa variable de llum per a negocis fins a 15 kW \u2013 Flexibilitat i estalvi al mercat | Factorenergia<\/title>\n<meta name=\"description\" content=\"Aconsegueix flexibilitat i ajusta el teu consum a les hores m\u00e9s econ\u00f2miques amb la tarifa variable per a negocis fins a 15 kW. Paga el preu real del mercat i optimitza la teva factura amb Factorenergia.\" \/>\n<meta name=\"robots\" content=\"index, nofollow, max-snippet:-1, max-image-preview:large, max-video-preview:-1\" \/>\n<link rel=\"canonical\" href=\"https:\/\/www.factorenergia.com\/ca\/negocis\/variable-fins-15kw\/\" \/>\n<meta name=\"twitter:card\" content=\"summary_large_image\" \/>\n<meta name=\"twitter:title\" content=\"Tarifa variable de llum per a negocis fins a 15 kW \u2013 Flexibilitat i estalvi al mercat | Factorenergia\" \/>\n<meta name=\"twitter:description\" content=\"Aconsegueix flexibilitat i ajusta el teu consum a les hores m\u00e9s econ\u00f2miques amb la tarifa variable per a negocis fins a 15 kW. Paga el preu real del mercat i optimitza la teva factura amb Factorenergia.\" \/>\n<meta name=\"twitter:site\" content=\"@factorenergia\" \/>\n<meta name=\"twitter:label1\" content=\"Est. reading time\" \/>\n\t<meta name=\"twitter:data1\" content=\"1 minute\" \/>\n<script type=\"application\/ld+json\" class=\"yoast-schema-graph\">{\"@context\":\"https:\/\/schema.org\",\"@graph\":[{\"@type\":\"WebPage\",\"@id\":\"https:\/\/www.factorenergia.com\/ca\/negocis\/variable-fins-15kw\/\",\"url\":\"https:\/\/www.factorenergia.com\/ca\/negocis\/variable-fins-15kw\/\",\"name\":\"Tarifa variable de llum per a negocis fins a 15 kW \u2013 Flexibilitat i estalvi al mercat | Factorenergia\",\"isPartOf\":{\"@id\":\"https:\/\/www.factorenergia.com\/es\/#website\"},\"datePublished\":\"2025-03-10T12:28:35+00:00\",\"dateModified\":\"2025-08-04T07:59:45+00:00\",\"description\":\"Aconsegueix flexibilitat i ajusta el teu consum a les hores m\u00e9s econ\u00f2miques amb la tarifa variable per a negocis fins a 15 kW. Paga el preu real del mercat i optimitza la teva factura amb Factorenergia.\",\"breadcrumb\":{\"@id\":\"https:\/\/www.factorenergia.com\/ca\/negocis\/variable-fins-15kw\/#breadcrumb\"},\"inLanguage\":\"ca\",\"potentialAction\":[{\"@type\":\"ReadAction\",\"target\":[\"https:\/\/www.factorenergia.com\/ca\/negocis\/variable-fins-15kw\/\"]}]},{\"@type\":\"BreadcrumbList\",\"@id\":\"https:\/\/www.factorenergia.com\/ca\/negocis\/variable-fins-15kw\/#breadcrumb\",\"itemListElement\":[{\"@type\":\"ListItem\",\"position\":1,\"name\":\"Portada\",\"item\":\"https:\/\/www.factorenergia.com\/ca\/\"},{\"@type\":\"ListItem\",\"position\":2,\"name\":\"Negocis\",\"item\":\"https:\/\/www.factorenergia.com\/ca\/negocis\/\"},{\"@type\":\"ListItem\",\"position\":3,\"name\":\"Variable fins15kW\"}]},{\"@type\":\"WebSite\",\"@id\":\"https:\/\/www.factorenergia.com\/es\/#website\",\"url\":\"https:\/\/www.factorenergia.com\/es\/\",\"name\":\"factorenergia\",\"description\":\"factorenergia\",\"potentialAction\":[{\"@type\":\"SearchAction\",\"target\":{\"@type\":\"EntryPoint\",\"urlTemplate\":\"https:\/\/www.factorenergia.com\/es\/?s={search_term_string}\"},\"query-input\":\"required name=search_term_string\"}],\"inLanguage\":\"ca\"}]}<\/script>\n<!-- \/ Yoast SEO plugin. -->","yoast_head_json":{"title":"Tarifa variable de llum per a negocis fins a 15 kW \u2013 Flexibilitat i estalvi al mercat | Factorenergia","description":"Aconsegueix flexibilitat i ajusta el teu consum a les hores m\u00e9s econ\u00f2miques amb la tarifa variable per a negocis fins a 15 kW. Paga el preu real del mercat i optimitza la teva factura amb Factorenergia.","robots":{"index":"index","follow":"nofollow","max-snippet":"max-snippet:-1","max-image-preview":"max-image-preview:large","max-video-preview":"max-video-preview:-1"},"canonical":"https:\/\/www.factorenergia.com\/ca\/negocis\/variable-fins-15kw\/","twitter_card":"summary_large_image","twitter_title":"Tarifa variable de llum per a negocis fins a 15 kW \u2013 Flexibilitat i estalvi al mercat | Factorenergia","twitter_description":"Aconsegueix flexibilitat i ajusta el teu consum a les hores m\u00e9s econ\u00f2miques amb la tarifa variable per a negocis fins a 15 kW. Paga el preu real del mercat i optimitza la teva factura amb Factorenergia.","twitter_site":"@factorenergia","twitter_misc":{"Est. reading time":"1 minute"},"schema":{"@context":"https:\/\/schema.org","@graph":[{"@type":"WebPage","@id":"https:\/\/www.factorenergia.com\/ca\/negocis\/variable-fins-15kw\/","url":"https:\/\/www.factorenergia.com\/ca\/negocis\/variable-fins-15kw\/","name":"Tarifa variable de llum per a negocis fins a 15 kW \u2013 Flexibilitat i estalvi al mercat | Factorenergia","isPartOf":{"@id":"https:\/\/www.factorenergia.com\/es\/#website"},"datePublished":"2025-03-10T12:28:35+00:00","dateModified":"2025-08-04T07:59:45+00:00","description":"Aconsegueix flexibilitat i ajusta el teu consum a les hores m\u00e9s econ\u00f2miques amb la tarifa variable per a negocis fins a 15 kW. Paga el preu real del mercat i optimitza la teva factura amb Factorenergia.","breadcrumb":{"@id":"https:\/\/www.factorenergia.com\/ca\/negocis\/variable-fins-15kw\/#breadcrumb"},"inLanguage":"ca","potentialAction":[{"@type":"ReadAction","target":["https:\/\/www.factorenergia.com\/ca\/negocis\/variable-fins-15kw\/"]}]},{"@type":"BreadcrumbList","@id":"https:\/\/www.factorenergia.com\/ca\/negocis\/variable-fins-15kw\/#breadcrumb","itemListElement":[{"@type":"ListItem","position":1,"name":"Portada","item":"https:\/\/www.factorenergia.com\/ca\/"},{"@type":"ListItem","position":2,"name":"Negocis","item":"https:\/\/www.factorenergia.com\/ca\/negocis\/"},{"@type":"ListItem","position":3,"name":"Variable fins15kW"}]},{"@type":"WebSite","@id":"https:\/\/www.factorenergia.com\/es\/#website","url":"https:\/\/www.factorenergia.com\/es\/","name":"factorenergia","description":"factorenergia","potentialAction":[{"@type":"SearchAction","target":{"@type":"EntryPoint","urlTemplate":"https:\/\/www.factorenergia.com\/es\/?s={search_term_string}"},"query-input":"required name=search_term_string"}],"inLanguage":"ca"}]}},"_links":{"self":[{"href":"https:\/\/www.factorenergia.com\/ca\/wp-json\/wp\/v2\/pages\/27555"}],"collection":[{"href":"https:\/\/www.factorenergia.com\/ca\/wp-json\/wp\/v2\/pages"}],"about":[{"href":"https:\/\/www.factorenergia.com\/ca\/wp-json\/wp\/v2\/types\/page"}],"author":[{"embeddable":true,"href":"https:\/\/www.factorenergia.com\/ca\/wp-json\/wp\/v2\/users\/5"}],"replies":[{"embeddable":true,"href":"https:\/\/www.factorenergia.com\/ca\/wp-json\/wp\/v2\/comments?post=27555"}],"version-history":[{"count":8,"href":"https:\/\/www.factorenergia.com\/ca\/wp-json\/wp\/v2\/pages\/27555\/revisions"}],"predecessor-version":[{"id":27591,"href":"https:\/\/www.factorenergia.com\/ca\/wp-json\/wp\/v2\/pages\/27555\/revisions\/27591"}],"up":[{"embeddable":true,"href":"https:\/\/www.factorenergia.com\/ca\/wp-json\/wp\/v2\/pages\/10687"}],"wp:attachment":[{"href":"https:\/\/www.factorenergia.com\/ca\/wp-json\/wp\/v2\/media?parent=27555"}],"wp:term":[{"taxonomy":"category","embeddable":true,"href":"https:\/\/www.factorenergia.com\/ca\/wp-json\/wp\/v2\/categories?post=27555"},{"taxonomy":"post_tag","embeddable":true,"href":"https:\/\/www.factorenergia.com\/ca\/wp-json\/wp\/v2\/tags?post=27555"}],"curies":[{"name":"wp","href":"https:\/\/api.w.org\/{rel}","templated":true}]}}