{"id":26998,"date":"2024-11-25T18:52:17","date_gmt":"2024-11-25T16:52:17","guid":{"rendered":"https:\/\/www.factorenergia.com\/ca\/?page_id=26998"},"modified":"2024-11-27T13:32:04","modified_gmt":"2024-11-27T11:32:04","slug":"caes","status":"publish","type":"page","link":"https:\/\/www.factorenergia.com\/ca\/plaques-solars\/caes\/","title":{"rendered":"Certificats d&#8217;Estalvi Energ\u00e8tic (CAEs)"},"content":{"rendered":"<p>Els Certificats d&#8217;Estalvi Energ\u00e8tic (CAEs) acrediten l&#8217;estalvi aconseguit a trav\u00e9s de les mesures d&#8217;efici\u00e8ncia energ\u00e8tica que implementes en el teu negoci. Tamb\u00e9 s\u00f3n un incentiu per a la transici\u00f3 cap a un model energ\u00e8tic m\u00e9s eficient i responsable.<\/p>\n","protected":false},"excerpt":{"rendered":"<p>Els Certificats d&#8217;Estalvi Energ\u00e8tic (CAEs) acrediten l&#8217;estalvi aconseguit a trav\u00e9s de les mesures d&#8217;efici\u00e8ncia energ\u00e8tica que implementes en el teu negoci. Tamb\u00e9 s\u00f3n un incentiu per a la transici\u00f3 cap a un model energ\u00e8tic m\u00e9s eficient i responsable.<\/p>\n","protected":false},"author":5,"featured_media":0,"parent":24400,"menu_order":0,"comment_status":"closed","ping_status":"closed","template":"templates\/caes.php","meta":{"inline_featured_image":false,"footnotes":""},"categories":[],"tags":[],"acf":[],"yoast_head":"<!-- This site is optimized with the Yoast SEO plugin v22.2 - https:\/\/yoast.com\/wordpress\/plugins\/seo\/ -->\n<title>Certificats d&#039;Estalvi Energ\u00e8tic (CAEs)<\/title>\n<meta name=\"description\" content=\"Els Certificats d&#039;Estalvi Energ\u00e8tic (CAEs) acrediten l&#039;estalvi aconseguit a trav\u00e9s de les mesures d&#039;efici\u00e8ncia energ\u00e8tica que implementes en el teu negoci.\" \/>\n<meta name=\"robots\" content=\"index, follow, max-snippet:-1, max-image-preview:large, max-video-preview:-1\" \/>\n<link rel=\"canonical\" href=\"https:\/\/www.factorenergia.com\/ca\/plaques-solars\/caes\/\" \/>\n<meta name=\"twitter:card\" content=\"summary_large_image\" \/>\n<meta name=\"twitter:title\" content=\"Certificats d&#039;Estalvi Energ\u00e8tic (CAEs)\" \/>\n<meta name=\"twitter:description\" content=\"Els Certificats d&#039;Estalvi Energ\u00e8tic (CAEs) acrediten l&#039;estalvi aconseguit a trav\u00e9s de les mesures d&#039;efici\u00e8ncia energ\u00e8tica que implementes en el teu negoci.\" \/>\n<meta name=\"twitter:site\" content=\"@factorenergia\" \/>\n<meta name=\"twitter:label1\" content=\"Est. reading time\" \/>\n\t<meta name=\"twitter:data1\" content=\"1 minute\" \/>\n<script type=\"application\/ld+json\" class=\"yoast-schema-graph\">{\"@context\":\"https:\/\/schema.org\",\"@graph\":[{\"@type\":\"WebPage\",\"@id\":\"https:\/\/www.factorenergia.com\/ca\/plaques-solars\/caes\/\",\"url\":\"https:\/\/www.factorenergia.com\/ca\/plaques-solars\/caes\/\",\"name\":\"Certificats d'Estalvi Energ\u00e8tic (CAEs)\",\"isPartOf\":{\"@id\":\"https:\/\/www.factorenergia.com\/es\/#website\"},\"datePublished\":\"2024-11-25T16:52:17+00:00\",\"dateModified\":\"2024-11-27T11:32:04+00:00\",\"description\":\"Els Certificats d'Estalvi Energ\u00e8tic (CAEs) acrediten l'estalvi aconseguit a trav\u00e9s de les mesures d'efici\u00e8ncia energ\u00e8tica que implementes en el teu negoci.\",\"breadcrumb\":{\"@id\":\"https:\/\/www.factorenergia.com\/ca\/plaques-solars\/caes\/#breadcrumb\"},\"inLanguage\":\"ca\",\"potentialAction\":[{\"@type\":\"ReadAction\",\"target\":[\"https:\/\/www.factorenergia.com\/ca\/plaques-solars\/caes\/\"]}]},{\"@type\":\"BreadcrumbList\",\"@id\":\"https:\/\/www.factorenergia.com\/ca\/plaques-solars\/caes\/#breadcrumb\",\"itemListElement\":[{\"@type\":\"ListItem\",\"position\":1,\"name\":\"Portada\",\"item\":\"https:\/\/www.factorenergia.com\/ca\/\"},{\"@type\":\"ListItem\",\"position\":2,\"name\":\"Distribuidora placas solares\",\"item\":\"https:\/\/www.factorenergia.com\/ca\/plaques-solars\/\"},{\"@type\":\"ListItem\",\"position\":3,\"name\":\"Certificats d&#8217;Estalvi Energ\u00e8tic (CAEs)\"}]},{\"@type\":\"WebSite\",\"@id\":\"https:\/\/www.factorenergia.com\/es\/#website\",\"url\":\"https:\/\/www.factorenergia.com\/es\/\",\"name\":\"factorenergia\",\"description\":\"factorenergia\",\"potentialAction\":[{\"@type\":\"SearchAction\",\"target\":{\"@type\":\"EntryPoint\",\"urlTemplate\":\"https:\/\/www.factorenergia.com\/es\/?s={search_term_string}\"},\"query-input\":\"required name=search_term_string\"}],\"inLanguage\":\"ca\"}]}<\/script>\n<!-- \/ Yoast SEO plugin. -->","yoast_head_json":{"title":"Certificats d'Estalvi Energ\u00e8tic (CAEs)","description":"Els Certificats d'Estalvi Energ\u00e8tic (CAEs) acrediten l'estalvi aconseguit a trav\u00e9s de les mesures d'efici\u00e8ncia energ\u00e8tica que implementes en el teu negoci.","robots":{"index":"index","follow":"follow","max-snippet":"max-snippet:-1","max-image-preview":"max-image-preview:large","max-video-preview":"max-video-preview:-1"},"canonical":"https:\/\/www.factorenergia.com\/ca\/plaques-solars\/caes\/","twitter_card":"summary_large_image","twitter_title":"Certificats d'Estalvi Energ\u00e8tic (CAEs)","twitter_description":"Els Certificats d'Estalvi Energ\u00e8tic (CAEs) acrediten l'estalvi aconseguit a trav\u00e9s de les mesures d'efici\u00e8ncia energ\u00e8tica que implementes en el teu negoci.","twitter_site":"@factorenergia","twitter_misc":{"Est. reading time":"1 minute"},"schema":{"@context":"https:\/\/schema.org","@graph":[{"@type":"WebPage","@id":"https:\/\/www.factorenergia.com\/ca\/plaques-solars\/caes\/","url":"https:\/\/www.factorenergia.com\/ca\/plaques-solars\/caes\/","name":"Certificats d'Estalvi Energ\u00e8tic (CAEs)","isPartOf":{"@id":"https:\/\/www.factorenergia.com\/es\/#website"},"datePublished":"2024-11-25T16:52:17+00:00","dateModified":"2024-11-27T11:32:04+00:00","description":"Els Certificats d'Estalvi Energ\u00e8tic (CAEs) acrediten l'estalvi aconseguit a trav\u00e9s de les mesures d'efici\u00e8ncia energ\u00e8tica que implementes en el teu negoci.","breadcrumb":{"@id":"https:\/\/www.factorenergia.com\/ca\/plaques-solars\/caes\/#breadcrumb"},"inLanguage":"ca","potentialAction":[{"@type":"ReadAction","target":["https:\/\/www.factorenergia.com\/ca\/plaques-solars\/caes\/"]}]},{"@type":"BreadcrumbList","@id":"https:\/\/www.factorenergia.com\/ca\/plaques-solars\/caes\/#breadcrumb","itemListElement":[{"@type":"ListItem","position":1,"name":"Portada","item":"https:\/\/www.factorenergia.com\/ca\/"},{"@type":"ListItem","position":2,"name":"Distribuidora placas solares","item":"https:\/\/www.factorenergia.com\/ca\/plaques-solars\/"},{"@type":"ListItem","position":3,"name":"Certificats d&#8217;Estalvi Energ\u00e8tic (CAEs)"}]},{"@type":"WebSite","@id":"https:\/\/www.factorenergia.com\/es\/#website","url":"https:\/\/www.factorenergia.com\/es\/","name":"factorenergia","description":"factorenergia","potentialAction":[{"@type":"SearchAction","target":{"@type":"EntryPoint","urlTemplate":"https:\/\/www.factorenergia.com\/es\/?s={search_term_string}"},"query-input":"required name=search_term_string"}],"inLanguage":"ca"}]}},"_links":{"self":[{"href":"https:\/\/www.factorenergia.com\/ca\/wp-json\/wp\/v2\/pages\/26998"}],"collection":[{"href":"https:\/\/www.factorenergia.com\/ca\/wp-json\/wp\/v2\/pages"}],"about":[{"href":"https:\/\/www.factorenergia.com\/ca\/wp-json\/wp\/v2\/types\/page"}],"author":[{"embeddable":true,"href":"https:\/\/www.factorenergia.com\/ca\/wp-json\/wp\/v2\/users\/5"}],"replies":[{"embeddable":true,"href":"https:\/\/www.factorenergia.com\/ca\/wp-json\/wp\/v2\/comments?post=26998"}],"version-history":[{"count":10,"href":"https:\/\/www.factorenergia.com\/ca\/wp-json\/wp\/v2\/pages\/26998\/revisions"}],"predecessor-version":[{"id":27135,"href":"https:\/\/www.factorenergia.com\/ca\/wp-json\/wp\/v2\/pages\/26998\/revisions\/27135"}],"up":[{"embeddable":true,"href":"https:\/\/www.factorenergia.com\/ca\/wp-json\/wp\/v2\/pages\/24400"}],"wp:attachment":[{"href":"https:\/\/www.factorenergia.com\/ca\/wp-json\/wp\/v2\/media?parent=26998"}],"wp:term":[{"taxonomy":"category","embeddable":true,"href":"https:\/\/www.factorenergia.com\/ca\/wp-json\/wp\/v2\/categories?post=26998"},{"taxonomy":"post_tag","embeddable":true,"href":"https:\/\/www.factorenergia.com\/ca\/wp-json\/wp\/v2\/tags?post=26998"}],"curies":[{"name":"wp","href":"https:\/\/api.w.org\/{rel}","templated":true}]}}