{"id":26601,"date":"2024-10-21T17:38:47","date_gmt":"2024-10-21T15:38:47","guid":{"rendered":"https:\/\/www.factorenergia.com\/ca\/?page_id=26601"},"modified":"2024-10-22T11:25:23","modified_gmt":"2024-10-22T09:25:23","slug":"contractar-llum","status":"publish","type":"page","link":"https:\/\/www.factorenergia.com\/ca\/llum\/contractar-llum\/","title":{"rendered":"Contractar llum"},"content":{"rendered":"<p style=\"text-align: center;\">Contracta llum de manera r\u00e0pida i senzilla.<\/p>\n<p>&nbsp;<\/p>\n<p style=\"text-align: center;\"><strong>Estalvia en la teva factura el\u00e8ctrica contractant llum en l\u00ednia amb nosaltres. Sense paperassa ni complicacions.<\/strong><\/p>\n","protected":false},"excerpt":{"rendered":"<p>Contracta llum de manera r\u00e0pida i senzilla. &nbsp; Estalvia en la teva factura el\u00e8ctrica contractant llum en l\u00ednia amb nosaltres. Sense paperassa ni complicacions.<\/p>\n","protected":false},"author":22,"featured_media":0,"parent":26586,"menu_order":0,"comment_status":"closed","ping_status":"closed","template":"templates\/contenido-vario.php","meta":{"inline_featured_image":false,"footnotes":""},"categories":[12],"tags":[],"acf":[],"yoast_head":"<!-- This site is optimized with the Yoast SEO plugin v22.2 - https:\/\/yoast.com\/wordpress\/plugins\/seo\/ -->\n<title>Contractar Llum per estalviar | FactorEnergia<\/title>\n<meta name=\"description\" content=\"Contracta llum de manera r\u00e0pida i senzilla.Estalvia en la teva factura el\u00e8ctrica contractant llum en l\u00ednia amb nosaltres. Sense paperassa ni complicacions.\" \/>\n<meta name=\"robots\" content=\"index, follow, max-snippet:-1, max-image-preview:large, max-video-preview:-1\" \/>\n<link rel=\"canonical\" href=\"https:\/\/www.factorenergia.com\/ca\/llum\/contractar-llum\/\" \/>\n<meta name=\"twitter:card\" content=\"summary_large_image\" \/>\n<meta name=\"twitter:title\" content=\"Contractar Llum per estalviar | FactorEnergia\" \/>\n<meta name=\"twitter:description\" content=\"Contracta llum de manera r\u00e0pida i senzilla.Estalvia en la teva factura el\u00e8ctrica contractant llum en l\u00ednia amb nosaltres. Sense paperassa ni complicacions.\" \/>\n<meta name=\"twitter:site\" content=\"@factorenergia\" \/>\n<meta name=\"twitter:label1\" content=\"Est. reading time\" \/>\n\t<meta name=\"twitter:data1\" content=\"1 minute\" \/>\n<script type=\"application\/ld+json\" class=\"yoast-schema-graph\">{\"@context\":\"https:\/\/schema.org\",\"@graph\":[{\"@type\":\"WebPage\",\"@id\":\"https:\/\/www.factorenergia.com\/ca\/llum\/contractar-llum\/\",\"url\":\"https:\/\/www.factorenergia.com\/ca\/llum\/contractar-llum\/\",\"name\":\"Contractar Llum per estalviar | FactorEnergia\",\"isPartOf\":{\"@id\":\"https:\/\/www.factorenergia.com\/es\/#website\"},\"datePublished\":\"2024-10-21T15:38:47+00:00\",\"dateModified\":\"2024-10-22T09:25:23+00:00\",\"description\":\"Contracta llum de manera r\u00e0pida i senzilla.Estalvia en la teva factura el\u00e8ctrica contractant llum en l\u00ednia amb nosaltres. Sense paperassa ni complicacions.\",\"breadcrumb\":{\"@id\":\"https:\/\/www.factorenergia.com\/ca\/llum\/contractar-llum\/#breadcrumb\"},\"inLanguage\":\"ca\",\"potentialAction\":[{\"@type\":\"ReadAction\",\"target\":[\"https:\/\/www.factorenergia.com\/ca\/llum\/contractar-llum\/\"]}]},{\"@type\":\"BreadcrumbList\",\"@id\":\"https:\/\/www.factorenergia.com\/ca\/llum\/contractar-llum\/#breadcrumb\",\"itemListElement\":[{\"@type\":\"ListItem\",\"position\":1,\"name\":\"Portada\",\"item\":\"https:\/\/www.factorenergia.com\/ca\/\"},{\"@type\":\"ListItem\",\"position\":2,\"name\":\"Tarifes Llum\",\"item\":\"https:\/\/www.factorenergia.com\/ca\/llum\/\"},{\"@type\":\"ListItem\",\"position\":3,\"name\":\"Contractar llum\"}]},{\"@type\":\"WebSite\",\"@id\":\"https:\/\/www.factorenergia.com\/es\/#website\",\"url\":\"https:\/\/www.factorenergia.com\/es\/\",\"name\":\"factorenergia\",\"description\":\"factorenergia\",\"potentialAction\":[{\"@type\":\"SearchAction\",\"target\":{\"@type\":\"EntryPoint\",\"urlTemplate\":\"https:\/\/www.factorenergia.com\/es\/?s={search_term_string}\"},\"query-input\":\"required name=search_term_string\"}],\"inLanguage\":\"ca\"}]}<\/script>\n<!-- \/ Yoast SEO plugin. -->","yoast_head_json":{"title":"Contractar Llum per estalviar | FactorEnergia","description":"Contracta llum de manera r\u00e0pida i senzilla.Estalvia en la teva factura el\u00e8ctrica contractant llum en l\u00ednia amb nosaltres. Sense paperassa ni complicacions.","robots":{"index":"index","follow":"follow","max-snippet":"max-snippet:-1","max-image-preview":"max-image-preview:large","max-video-preview":"max-video-preview:-1"},"canonical":"https:\/\/www.factorenergia.com\/ca\/llum\/contractar-llum\/","twitter_card":"summary_large_image","twitter_title":"Contractar Llum per estalviar | FactorEnergia","twitter_description":"Contracta llum de manera r\u00e0pida i senzilla.Estalvia en la teva factura el\u00e8ctrica contractant llum en l\u00ednia amb nosaltres. Sense paperassa ni complicacions.","twitter_site":"@factorenergia","twitter_misc":{"Est. reading time":"1 minute"},"schema":{"@context":"https:\/\/schema.org","@graph":[{"@type":"WebPage","@id":"https:\/\/www.factorenergia.com\/ca\/llum\/contractar-llum\/","url":"https:\/\/www.factorenergia.com\/ca\/llum\/contractar-llum\/","name":"Contractar Llum per estalviar | FactorEnergia","isPartOf":{"@id":"https:\/\/www.factorenergia.com\/es\/#website"},"datePublished":"2024-10-21T15:38:47+00:00","dateModified":"2024-10-22T09:25:23+00:00","description":"Contracta llum de manera r\u00e0pida i senzilla.Estalvia en la teva factura el\u00e8ctrica contractant llum en l\u00ednia amb nosaltres. Sense paperassa ni complicacions.","breadcrumb":{"@id":"https:\/\/www.factorenergia.com\/ca\/llum\/contractar-llum\/#breadcrumb"},"inLanguage":"ca","potentialAction":[{"@type":"ReadAction","target":["https:\/\/www.factorenergia.com\/ca\/llum\/contractar-llum\/"]}]},{"@type":"BreadcrumbList","@id":"https:\/\/www.factorenergia.com\/ca\/llum\/contractar-llum\/#breadcrumb","itemListElement":[{"@type":"ListItem","position":1,"name":"Portada","item":"https:\/\/www.factorenergia.com\/ca\/"},{"@type":"ListItem","position":2,"name":"Tarifes Llum","item":"https:\/\/www.factorenergia.com\/ca\/llum\/"},{"@type":"ListItem","position":3,"name":"Contractar llum"}]},{"@type":"WebSite","@id":"https:\/\/www.factorenergia.com\/es\/#website","url":"https:\/\/www.factorenergia.com\/es\/","name":"factorenergia","description":"factorenergia","potentialAction":[{"@type":"SearchAction","target":{"@type":"EntryPoint","urlTemplate":"https:\/\/www.factorenergia.com\/es\/?s={search_term_string}"},"query-input":"required name=search_term_string"}],"inLanguage":"ca"}]}},"_links":{"self":[{"href":"https:\/\/www.factorenergia.com\/ca\/wp-json\/wp\/v2\/pages\/26601"}],"collection":[{"href":"https:\/\/www.factorenergia.com\/ca\/wp-json\/wp\/v2\/pages"}],"about":[{"href":"https:\/\/www.factorenergia.com\/ca\/wp-json\/wp\/v2\/types\/page"}],"author":[{"embeddable":true,"href":"https:\/\/www.factorenergia.com\/ca\/wp-json\/wp\/v2\/users\/22"}],"replies":[{"embeddable":true,"href":"https:\/\/www.factorenergia.com\/ca\/wp-json\/wp\/v2\/comments?post=26601"}],"version-history":[{"count":6,"href":"https:\/\/www.factorenergia.com\/ca\/wp-json\/wp\/v2\/pages\/26601\/revisions"}],"predecessor-version":[{"id":29685,"href":"https:\/\/www.factorenergia.com\/ca\/wp-json\/wp\/v2\/pages\/26601\/revisions\/29685"}],"up":[{"embeddable":true,"href":"https:\/\/www.factorenergia.com\/ca\/wp-json\/wp\/v2\/pages\/26586"}],"wp:attachment":[{"href":"https:\/\/www.factorenergia.com\/ca\/wp-json\/wp\/v2\/media?parent=26601"}],"wp:term":[{"taxonomy":"category","embeddable":true,"href":"https:\/\/www.factorenergia.com\/ca\/wp-json\/wp\/v2\/categories?post=26601"},{"taxonomy":"post_tag","embeddable":true,"href":"https:\/\/www.factorenergia.com\/ca\/wp-json\/wp\/v2\/tags?post=26601"}],"curies":[{"name":"wp","href":"https:\/\/api.w.org\/{rel}","templated":true}]}}